{"id":10746,"date":"2025-01-17T16:11:02","date_gmt":"2025-01-17T15:11:02","guid":{"rendered":"https:\/\/aerovision.com.pl\/?post_type=product&#038;p=10746"},"modified":"2025-03-07T15:29:05","modified_gmt":"2025-03-07T14:29:05","slug":"dron-fpv-7-cali-bind-fly","status":"publish","type":"product","link":"https:\/\/aerovision.com.pl\/en\/produkt\/dron-fpv-7-cali-bind-fly\/","title":{"rendered":"Dron FPV, 7 cali, Bind &amp; Fly"},"content":{"rendered":"\n<h2 class=\"wp-block-heading\">Bind &amp; Fly<\/h2>\n\n\n\n<p>W danej ofercie kupuj\u0105 Pa\u0144stwo samego drona, wszystkie elementy elektroniczne s\u0105 ju\u017c zlutowane i zainstalowane. Aby m\u00f3c dronem wzbi\u0107 si\u0119 w powietrze nale\u017cy:<\/p>\n\n\n\n<ol class=\"wp-block-list\">\n<li>z\u0142o\u017cy\u0107 ramiona drona<\/li>\n\n\n\n<li>zainstalowa\u0107 \u015bmig\u0142a<\/li>\n\n\n\n<li>przed uruchomieniem pod\u0142\u0105czy\u0107 wszelkie anteny<\/li>\n\n\n\n<li>pod\u0142\u0105czy\u0107 bateri\u0119 (brak w zestawie)<\/li>\n\n\n\n<li>pod\u0142\u0105czy\u0107 \/ sparowa\u0107 aparatur\u0119 (brak w zestawie)<\/li>\n\n\n\n<li>pod\u0142\u0105czy\u0107 gogle lub ekran (brak w zestawie)<\/li>\n<\/ol>\n\n\n\n<h2 class=\"wp-block-heading\">Dron FPV 7 cali &#8211; ma\u0142e rozmiary, du\u017ce mo\u017cliwo\u015bci<\/h2>\n\n\n\n<p>Podstawowy dron FPV w naszej ofercie. Posiada zwyk\u0142a kamer\u0119 RGB o rozdzielczo\u015bci 1200TVL. Dzi\u0119ki zastosowaniu 3W nadajnika VTX obraz mo\u017cemy odbiera\u0107 nawet na odleg\u0142o\u015b\u0107 ponad 10 km (w idealnych warunkach). 7 calowa rama wykonana jest z w\u0142\u00f3kna w\u0119glowego dzi\u0119ki czemu dron jest stabilny, wszystkie elementy s\u0105 pewnie zamocowane, a jednocze\u015bnie ca\u0142a konstrukcja jest bardzo wytrzyma\u0142a.<\/p>\n\n\n\n<figure class=\"wp-block-image\"><img decoding=\"async\" src=\"http:\/\/aerovision.com.pl\/img\/cms\/FPV\/AeroVision%20-%20FPV%20SpecsSheet%20v4.png\" alt=\"\"\/><\/figure>\n\n\n\n<h2 class=\"wp-block-heading\">Wyposa\u017cenie<\/h2>\n\n\n\n<p>Nasz dron FPV do lotu potrzebuje aparatury &#8211; zalecamy transmiter Radiomaster TX12 Mark II, akumulatora, google lub monitor oraz opcjonalny modu\u0142 ELRS. Wszystko dost\u0119pne na naszej stronie.<\/p>\n\n\n\n<figure class=\"wp-block-table\"><table class=\"has-fixed-layout\"><tbody><tr><td>Nazwa<\/td><td>Model<\/td><\/tr><tr><td>Rama<\/td><td>7 cali<\/td><\/tr><tr><td>Kontroler Lotu \/ ESC<\/td><td>Geeta F405 FC + 55A ESC<\/td><\/tr><tr><td>Kamera<\/td><td>Caddyx Ratel 2<\/td><\/tr><tr><td>Transmiter wideo (VTX)<\/td><td>5.8 GHz AKK 3W Ultra Long Range VTX<\/td><\/tr><tr><td>Silniki<\/td><td>2807 1300 kV<\/td><\/tr><tr><td>\u015amig\u0142a<\/td><td>HQProp 10&#215;3.5x3cm<\/td><\/tr><tr><td>Odbiornik<\/td><td>ELRS 915<\/td><\/tr><\/tbody><\/table><\/figure>\n\n\n\n<h2 class=\"wp-block-heading\">Specyfikacja drona<\/h2>\n\n\n\n<p><strong>Rozmiar (roz\u0142o\u017cony): 350X330x36mm<\/strong><\/p>\n\n\n\n<p><strong>Rozstaw: 420mm<\/strong><\/p>\n\n\n\n<p><strong>Zasi\u0119g transmisji wideo: 10km<\/strong><\/p>\n\n\n\n<p><strong>Wysoko\u015b\u0107 lotu: 2km<\/strong><\/p>\n\n\n\n<p><strong>Zasi\u0119g lotu: 20km<\/strong><\/p>\n\n\n\n<p><strong>Pr\u0119dko\u015b\u0107 lotu: 140km\/h<\/strong><\/p>\n\n\n\n<p><strong>Czas lotu bez obci\u0105\u017cenia: 28 min<\/strong><\/p>\n\n\n\n<p><strong>Ud\u017awig: 2.5kg<\/strong><\/p>\n\n\n\n<p><strong>Maksymalny ud\u017awig: 3kg<\/strong><\/p>\n\n\n\n<p><strong>Czas lotu z ud\u017awigiem: 10 min(z akumulatorem 6s 8000mah, 2.9kg)<\/strong><\/p>\n\n\n\n<h2 class=\"wp-block-heading\">AKK 3W Ultra Long Range&nbsp;<\/h2>\n\n\n\n<p><strong>Nowa wersja jednego z najsilniejszych transmiter\u00f3w VTX w dronach FPV. Umo\u017cliwia transmisj\u0119 obrazu na ponad 10 km (w idealnych warunkach).<\/strong><\/p>\n\n\n\n<figure class=\"wp-block-image\"><img decoding=\"async\" src=\"http:\/\/aerovision.com.pl\/img\/cms\/FPV\/Podzespo%C5%82y\/AKK_3W_Ultra_Long_Range.jpg\" alt=\"\"\/><\/figure>\n\n\n\n<p><strong>Ulepszona wersja wspiera do 80 kana\u0142\u00f3w transmisji w cz\u0119stotliwo\u015bciach od 4990 MHz do 5945 MHz. Nie ma anteny na rynku kt\u00f3ra wsp\u00f3\u0142pracowa\u0142aby w tak szerokim pa\u015bmie dlatego AKK stosuje dwie anteny pracuj\u0105ce w pasmach 4990-5500 MHz oraz 5500-6000 MHz.<\/strong><\/p>\n\n\n\n<figure class=\"wp-block-image\"><img decoding=\"async\" src=\"http:\/\/aerovision.com.pl\/img\/cms\/FPV\/Podzespo%C5%82y\/AKK_3W_ULR_Aerovision.jpg\" alt=\"\"\/><\/figure>\n\n\n\n<figure class=\"wp-block-image\"><img decoding=\"async\" src=\"http:\/\/aerovision.com.pl\/img\/cms\/FPV\/Podzespo%C5%82y\/AKK_ULR_SPEC_Aerovision.jpg\" alt=\"\"\/><\/figure>\n\n\n\n<h2 class=\"wp-block-heading\">Kontroler lotu F405 30.5&#215;30.5<\/h2>\n\n\n\n<p><strong>Specyfikacja:<\/strong><\/p>\n\n\n\n<ol class=\"wp-block-list\">\n<li><strong>MCU: STM32F405<\/strong><\/li>\n\n\n\n<li><strong>IMU(Gyro): ICM42688p (default) \/ MPU6000 (selectable)<\/strong><\/li>\n\n\n\n<li><strong>Black box: 16M Black Box<\/strong><\/li>\n\n\n\n<li><strong>Barometer: selectable<\/strong><\/li>\n\n\n\n<li><strong>USB Port: Type-C<\/strong><\/li>\n\n\n\n<li><strong>DJI Air Unit connector: Yes<\/strong><\/li>\n\n\n\n<li><strong>Power input: 3S-6S Lipo<\/strong><\/li>\n\n\n\n<li><strong>BEC Output: 5V output, the total current load is 3A, 12V output, the total current load is 2.5A<\/strong><\/li>\n\n\n\n<li><strong>UART: 5 sets<\/strong>\n<ol class=\"wp-block-list\">\n<li><strong>UART1 for VTX data setting<\/strong><\/li>\n\n\n\n<li><strong>UART2 for RC link (R2l for SBUS receiver)<\/strong><\/li>\n\n\n\n<li><strong>UART3 Vacancy<\/strong><\/li>\n\n\n\n<li><strong>UART4 for GPS<\/strong><\/li>\n\n\n\n<li><strong>UART5 dedicated for ESC telemetry<\/strong><\/li>\n<\/ol>\n<\/li>\n\n\n\n<li><strong>ESC Signal: M1-M4<\/strong><\/li>\n\n\n\n<li><strong>I2C: Yes (SDA&amp;SCL pads can be used for magnetometer)<\/strong><\/li>\n\n\n\n<li><strong>LED Pad: YES (Used for WS2812 LED control)<\/strong><\/li>\n\n\n\n<li><strong>Buzzer PAD: YES<\/strong><\/li>\n\n\n\n<li><strong>BOOT Button: YES<\/strong><\/li>\n\n\n\n<li><strong>Firmware Target Name: STM32F405<\/strong><\/li>\n\n\n\n<li><strong>Weight: 7g<\/strong><\/li>\n<\/ol>\n\n\n\n<figure class=\"wp-block-image\"><img decoding=\"async\" src=\"http:\/\/aerovision.com.pl\/img\/cms\/FPV\/Podzespo%C5%82y\/F405_Flight_Controller_Aerovision.png\" alt=\"\"\/><\/figure>\n\n\n\n<p><strong>Specyfikacja BLS 55A ESC<\/strong><\/p>\n\n\n\n<ol class=\"wp-block-list\">\n<li><strong>MCU: EFM8BB21F16G<\/strong><\/li>\n\n\n\n<li><strong>MOSFET: High performance MOSFET<\/strong><\/li>\n\n\n\n<li><strong>Power Input: 3S-6S LiPo<\/strong><\/li>\n\n\n\n<li><strong>Continous Current: 55A*4<\/strong><\/li>\n\n\n\n<li><strong>Burst Current: 65A (10 seconds)<\/strong><\/li>\n\n\n\n<li><strong>ESC Telemetry: NO<\/strong><\/li>\n\n\n\n<li><strong>Current Sensor Scale: 200<\/strong><\/li>\n\n\n\n<li><strong>ESC Protocol: DSHOT300\/600<\/strong><\/li>\n\n\n\n<li><strong>Firmware: Q_H_30 24k<\/strong><\/li>\n<\/ol>\n\n\n\n<figure class=\"wp-block-image\"><img decoding=\"async\" src=\"http:\/\/aerovision.com.pl\/img\/cms\/FPV\/Podzespo%C5%82y\/BLS%2055A%20ESC%20Aerovision.png\" alt=\"\"\/><\/figure>\n","protected":false},"excerpt":{"rendered":"<p>Bind &amp; Fly W danej ofercie kupuj\u0105 Pa\u0144stwo samego drona, wszystkie elementy elektroniczne s\u0105 ju\u017c zlutowane i zainstalowane. Aby m\u00f3c dronem wzbi\u0107 si\u0119 w powietrze nale\u017cy: Dron FPV 7 cali &#8211; ma\u0142e rozmiary, du\u017ce mo\u017cliwo\u015bci Podstawowy dron FPV w naszej ofercie. Posiada zwyk\u0142a kamer\u0119 RGB o rozdzielczo\u015bci 1200TVL. Dzi\u0119ki zastosowaniu 3W nadajnika VTX obraz mo\u017cemy [&hellip;]<\/p>\n","protected":false},"featured_media":10747,"template":"","meta":{"_acf_changed":true,"inline_featured_image":false},"product_brand":[],"product_cat":[439,335,308],"product_tag":[],"class_list":{"0":"post-10746","1":"product","2":"type-product","3":"status-publish","4":"has-post-thumbnail","6":"product_cat-drony-en","7":"product_cat-drony-fpv","8":"product_cat-katalog","10":"first","11":"instock","12":"taxable","13":"shipping-taxable","14":"purchasable","15":"product-type-simple"},"acf":[],"yoast_head":"<!-- This site is optimized with the Yoast SEO plugin v27.4 - https:\/\/yoast.com\/product\/yoast-seo-wordpress\/ -->\n<title>Dron FPV, 7 cali, Bind &amp; Fly - aerovision<\/title>\n<meta name=\"description\" content=\"odstawowy dron FPV w naszej ofercie. Posiada zwyk\u0142a kamer\u0119 RGB o rozdzielczo\u015bci 1200TVL.\" \/>\n<meta name=\"robots\" content=\"noindex, follow, max-snippet:-1, max-image-preview:large, max-video-preview:-1\" \/>\n<meta property=\"og:locale\" content=\"en_US\" \/>\n<meta property=\"og:type\" content=\"article\" \/>\n<meta property=\"og:title\" content=\"Dron FPV, 7 cali, Bind &amp; Fly - aerovision\" \/>\n<meta property=\"og:description\" content=\"odstawowy dron FPV w naszej ofercie. Posiada zwyk\u0142a kamer\u0119 RGB o rozdzielczo\u015bci 1200TVL.\" \/>\n<meta property=\"og:url\" content=\"https:\/\/aerovision.com.pl\/en\/produkt\/dron-fpv-7-cali-bind-fly\/\" \/>\n<meta property=\"og:site_name\" content=\"aerovision\" \/>\n<meta property=\"article:modified_time\" content=\"2025-03-07T14:29:05+00:00\" \/>\n<meta property=\"og:image\" content=\"https:\/\/aerovision.com.pl\/wp-content\/uploads\/2025\/01\/dron-fpv-7-cali-bind-fly.jpg\" \/>\n\t<meta property=\"og:image:width\" content=\"400\" \/>\n\t<meta property=\"og:image:height\" content=\"400\" \/>\n\t<meta property=\"og:image:type\" content=\"image\/jpeg\" \/>\n<meta name=\"twitter:card\" content=\"summary_large_image\" \/>\n<meta name=\"twitter:label1\" content=\"Est. reading time\" \/>\n\t<meta name=\"twitter:data1\" content=\"4 minutes\" \/>\n<script type=\"application\/ld+json\" class=\"yoast-schema-graph\">{\"@context\":\"https:\\\/\\\/schema.org\",\"@graph\":[{\"@type\":\"WebPage\",\"@id\":\"https:\\\/\\\/aerovision.com.pl\\\/en\\\/produkt\\\/dron-fpv-7-cali-bind-fly\\\/\",\"url\":\"https:\\\/\\\/aerovision.com.pl\\\/en\\\/produkt\\\/dron-fpv-7-cali-bind-fly\\\/\",\"name\":\"Dron FPV, 7 cali, Bind &amp; Fly - aerovision\",\"isPartOf\":{\"@id\":\"https:\\\/\\\/aerovision.com.pl\\\/en\\\/#website\"},\"primaryImageOfPage\":{\"@id\":\"https:\\\/\\\/aerovision.com.pl\\\/en\\\/produkt\\\/dron-fpv-7-cali-bind-fly\\\/#primaryimage\"},\"image\":{\"@id\":\"https:\\\/\\\/aerovision.com.pl\\\/en\\\/produkt\\\/dron-fpv-7-cali-bind-fly\\\/#primaryimage\"},\"thumbnailUrl\":\"https:\\\/\\\/aerovision.com.pl\\\/wp-content\\\/uploads\\\/2025\\\/01\\\/dron-fpv-7-cali-bind-fly.jpg\",\"datePublished\":\"2025-01-17T15:11:02+00:00\",\"dateModified\":\"2025-03-07T14:29:05+00:00\",\"description\":\"odstawowy dron FPV w naszej ofercie. Posiada zwyk\u0142a kamer\u0119 RGB o rozdzielczo\u015bci 1200TVL.\",\"breadcrumb\":{\"@id\":\"https:\\\/\\\/aerovision.com.pl\\\/en\\\/produkt\\\/dron-fpv-7-cali-bind-fly\\\/#breadcrumb\"},\"inLanguage\":\"en-US\",\"potentialAction\":[{\"@type\":\"ReadAction\",\"target\":[\"https:\\\/\\\/aerovision.com.pl\\\/en\\\/produkt\\\/dron-fpv-7-cali-bind-fly\\\/\"]}]},{\"@type\":\"ImageObject\",\"inLanguage\":\"en-US\",\"@id\":\"https:\\\/\\\/aerovision.com.pl\\\/en\\\/produkt\\\/dron-fpv-7-cali-bind-fly\\\/#primaryimage\",\"url\":\"https:\\\/\\\/aerovision.com.pl\\\/wp-content\\\/uploads\\\/2025\\\/01\\\/dron-fpv-7-cali-bind-fly.jpg\",\"contentUrl\":\"https:\\\/\\\/aerovision.com.pl\\\/wp-content\\\/uploads\\\/2025\\\/01\\\/dron-fpv-7-cali-bind-fly.jpg\",\"width\":400,\"height\":400},{\"@type\":\"BreadcrumbList\",\"@id\":\"https:\\\/\\\/aerovision.com.pl\\\/en\\\/produkt\\\/dron-fpv-7-cali-bind-fly\\\/#breadcrumb\",\"itemListElement\":[{\"@type\":\"ListItem\",\"position\":1,\"name\":\"Strona g\u0142\u00f3wna\",\"item\":\"https:\\\/\\\/aerovision.com.pl\\\/en\\\/home\\\/\"},{\"@type\":\"ListItem\",\"position\":2,\"name\":\"Sklep\",\"item\":\"https:\\\/\\\/aerovision.com.pl\\\/sklep\\\/\"},{\"@type\":\"ListItem\",\"position\":3,\"name\":\"Dron FPV, 7 cali, Bind &amp; Fly\"}]},{\"@type\":\"WebSite\",\"@id\":\"https:\\\/\\\/aerovision.com.pl\\\/en\\\/#website\",\"url\":\"https:\\\/\\\/aerovision.com.pl\\\/en\\\/\",\"name\":\"aerovision\",\"description\":\"\",\"publisher\":{\"@id\":\"https:\\\/\\\/aerovision.com.pl\\\/en\\\/#organization\"},\"potentialAction\":[{\"@type\":\"SearchAction\",\"target\":{\"@type\":\"EntryPoint\",\"urlTemplate\":\"https:\\\/\\\/aerovision.com.pl\\\/en\\\/?s={search_term_string}\"},\"query-input\":{\"@type\":\"PropertyValueSpecification\",\"valueRequired\":true,\"valueName\":\"search_term_string\"}}],\"inLanguage\":\"en-US\"},{\"@type\":\"Organization\",\"@id\":\"https:\\\/\\\/aerovision.com.pl\\\/en\\\/#organization\",\"name\":\"aerovision\",\"url\":\"https:\\\/\\\/aerovision.com.pl\\\/en\\\/\",\"logo\":{\"@type\":\"ImageObject\",\"inLanguage\":\"en-US\",\"@id\":\"https:\\\/\\\/aerovision.com.pl\\\/en\\\/#\\\/schema\\\/logo\\\/image\\\/\",\"url\":\"https:\\\/\\\/aerovision.com.pl\\\/wp-content\\\/uploads\\\/2025\\\/03\\\/cropped-Logo-Aerovision.png\",\"contentUrl\":\"https:\\\/\\\/aerovision.com.pl\\\/wp-content\\\/uploads\\\/2025\\\/03\\\/cropped-Logo-Aerovision.png\",\"width\":298,\"height\":242,\"caption\":\"aerovision\"},\"image\":{\"@id\":\"https:\\\/\\\/aerovision.com.pl\\\/en\\\/#\\\/schema\\\/logo\\\/image\\\/\"}}]}<\/script>\n<!-- \/ Yoast SEO plugin. -->","yoast_head_json":{"title":"Dron FPV, 7 cali, Bind &amp; Fly - aerovision","description":"odstawowy dron FPV w naszej ofercie. Posiada zwyk\u0142a kamer\u0119 RGB o rozdzielczo\u015bci 1200TVL.","robots":{"index":"noindex","follow":"follow","max-snippet":"max-snippet:-1","max-image-preview":"max-image-preview:large","max-video-preview":"max-video-preview:-1"},"og_locale":"en_US","og_type":"article","og_title":"Dron FPV, 7 cali, Bind &amp; Fly - aerovision","og_description":"odstawowy dron FPV w naszej ofercie. Posiada zwyk\u0142a kamer\u0119 RGB o rozdzielczo\u015bci 1200TVL.","og_url":"https:\/\/aerovision.com.pl\/en\/produkt\/dron-fpv-7-cali-bind-fly\/","og_site_name":"aerovision","article_modified_time":"2025-03-07T14:29:05+00:00","og_image":[{"width":400,"height":400,"url":"https:\/\/aerovision.com.pl\/wp-content\/uploads\/2025\/01\/dron-fpv-7-cali-bind-fly.jpg","type":"image\/jpeg"}],"twitter_card":"summary_large_image","twitter_misc":{"Est. reading time":"4 minutes"},"schema":{"@context":"https:\/\/schema.org","@graph":[{"@type":"WebPage","@id":"https:\/\/aerovision.com.pl\/en\/produkt\/dron-fpv-7-cali-bind-fly\/","url":"https:\/\/aerovision.com.pl\/en\/produkt\/dron-fpv-7-cali-bind-fly\/","name":"Dron FPV, 7 cali, Bind &amp; Fly - aerovision","isPartOf":{"@id":"https:\/\/aerovision.com.pl\/en\/#website"},"primaryImageOfPage":{"@id":"https:\/\/aerovision.com.pl\/en\/produkt\/dron-fpv-7-cali-bind-fly\/#primaryimage"},"image":{"@id":"https:\/\/aerovision.com.pl\/en\/produkt\/dron-fpv-7-cali-bind-fly\/#primaryimage"},"thumbnailUrl":"https:\/\/aerovision.com.pl\/wp-content\/uploads\/2025\/01\/dron-fpv-7-cali-bind-fly.jpg","datePublished":"2025-01-17T15:11:02+00:00","dateModified":"2025-03-07T14:29:05+00:00","description":"odstawowy dron FPV w naszej ofercie. Posiada zwyk\u0142a kamer\u0119 RGB o rozdzielczo\u015bci 1200TVL.","breadcrumb":{"@id":"https:\/\/aerovision.com.pl\/en\/produkt\/dron-fpv-7-cali-bind-fly\/#breadcrumb"},"inLanguage":"en-US","potentialAction":[{"@type":"ReadAction","target":["https:\/\/aerovision.com.pl\/en\/produkt\/dron-fpv-7-cali-bind-fly\/"]}]},{"@type":"ImageObject","inLanguage":"en-US","@id":"https:\/\/aerovision.com.pl\/en\/produkt\/dron-fpv-7-cali-bind-fly\/#primaryimage","url":"https:\/\/aerovision.com.pl\/wp-content\/uploads\/2025\/01\/dron-fpv-7-cali-bind-fly.jpg","contentUrl":"https:\/\/aerovision.com.pl\/wp-content\/uploads\/2025\/01\/dron-fpv-7-cali-bind-fly.jpg","width":400,"height":400},{"@type":"BreadcrumbList","@id":"https:\/\/aerovision.com.pl\/en\/produkt\/dron-fpv-7-cali-bind-fly\/#breadcrumb","itemListElement":[{"@type":"ListItem","position":1,"name":"Strona g\u0142\u00f3wna","item":"https:\/\/aerovision.com.pl\/en\/home\/"},{"@type":"ListItem","position":2,"name":"Sklep","item":"https:\/\/aerovision.com.pl\/sklep\/"},{"@type":"ListItem","position":3,"name":"Dron FPV, 7 cali, Bind &amp; Fly"}]},{"@type":"WebSite","@id":"https:\/\/aerovision.com.pl\/en\/#website","url":"https:\/\/aerovision.com.pl\/en\/","name":"aerovision","description":"","publisher":{"@id":"https:\/\/aerovision.com.pl\/en\/#organization"},"potentialAction":[{"@type":"SearchAction","target":{"@type":"EntryPoint","urlTemplate":"https:\/\/aerovision.com.pl\/en\/?s={search_term_string}"},"query-input":{"@type":"PropertyValueSpecification","valueRequired":true,"valueName":"search_term_string"}}],"inLanguage":"en-US"},{"@type":"Organization","@id":"https:\/\/aerovision.com.pl\/en\/#organization","name":"aerovision","url":"https:\/\/aerovision.com.pl\/en\/","logo":{"@type":"ImageObject","inLanguage":"en-US","@id":"https:\/\/aerovision.com.pl\/en\/#\/schema\/logo\/image\/","url":"https:\/\/aerovision.com.pl\/wp-content\/uploads\/2025\/03\/cropped-Logo-Aerovision.png","contentUrl":"https:\/\/aerovision.com.pl\/wp-content\/uploads\/2025\/03\/cropped-Logo-Aerovision.png","width":298,"height":242,"caption":"aerovision"},"image":{"@id":"https:\/\/aerovision.com.pl\/en\/#\/schema\/logo\/image\/"}}]}},"_links":{"self":[{"href":"https:\/\/aerovision.com.pl\/en\/wp-json\/wp\/v2\/product\/10746","targetHints":{"allow":["GET"]}}],"collection":[{"href":"https:\/\/aerovision.com.pl\/en\/wp-json\/wp\/v2\/product"}],"about":[{"href":"https:\/\/aerovision.com.pl\/en\/wp-json\/wp\/v2\/types\/product"}],"wp:featuredmedia":[{"embeddable":true,"href":"https:\/\/aerovision.com.pl\/en\/wp-json\/wp\/v2\/media\/10747"}],"wp:attachment":[{"href":"https:\/\/aerovision.com.pl\/en\/wp-json\/wp\/v2\/media?parent=10746"}],"wp:term":[{"taxonomy":"product_brand","embeddable":true,"href":"https:\/\/aerovision.com.pl\/en\/wp-json\/wp\/v2\/product_brand?post=10746"},{"taxonomy":"product_cat","embeddable":true,"href":"https:\/\/aerovision.com.pl\/en\/wp-json\/wp\/v2\/product_cat?post=10746"},{"taxonomy":"product_tag","embeddable":true,"href":"https:\/\/aerovision.com.pl\/en\/wp-json\/wp\/v2\/product_tag?post=10746"}],"curies":[{"name":"wp","href":"https:\/\/api.w.org\/{rel}","templated":true}]}}