{"id":7840,"date":"2024-12-11T10:26:30","date_gmt":"2024-12-11T09:26:30","guid":{"rendered":"https:\/\/aerovision.com.pl\/?post_type=product&#038;p=7840"},"modified":"2025-03-18T12:45:44","modified_gmt":"2025-03-18T11:45:44","slug":"stacja-zasilania-dji-power-1000","status":"publish","type":"product","link":"https:\/\/aerovision.com.pl\/en\/produkt\/stacja-zasilania-dji-power-1000\/","title":{"rendered":"Stacja Zasilania DJI Power 1000"},"content":{"rendered":"\n<h2 class=\"wp-block-heading\"><strong>DJI Power 1000&nbsp;<em>Twoje \u017ar\u00f3d\u0142o energii<\/em><\/strong><strong><\/strong><\/h2>\n\n\n\n<p><strong>DJI Power 1000<\/strong>&nbsp;to rewolucja w \u015bwiecie przeno\u015bnego zasilania, \u0142\u0105cz\u0105ca w sobie zaawansowan\u0105 technologi\u0119, wyj\u0105tkow\u0105 moc oraz niezawodno\u015b\u0107, jakiej oczekujesz od lidera rynku dron\u00f3w. Z moc\u0105 wyj\u015bciow\u0105 AC do 2200 W, DJI Power 1000 obs\u0142u\u017cy ponad 99% powszechnie u\u017cywanych urz\u0105dze\u0144 domowych, a tak\u017ce szybko na\u0142aduje akumulatory do dron\u00f3w DJI, gwarantuj\u0105c Ci nieprzerwane tworzenie tre\u015bci. Imponuj\u0105ca pojemno\u015b\u0107 1024Wh oraz mo\u017cliwo\u015b\u0107 \u0142adowania solarnego czyni\u0105 j\u0105 idealnym rozwi\u0105zaniem dla ka\u017cdego, kto szuka niezawodnego \u017ar\u00f3d\u0142a energii w domu, podczas podr\u00f3\u017cy czy w terenie.<\/p>\n\n\n\n<figure class=\"wp-block-image\"><img decoding=\"async\" src=\"https:\/\/aerovision.com.pl\/img\/cms\/DJI\/DJI%20Power\/1.png\" alt=\"1.png\"\/><\/figure>\n\n\n\n<h2 class=\"wp-block-heading\"><strong>Nieograniczona energia, gdziekolwiek jeste\u015b<\/strong><\/h2>\n\n\n\n<p><strong><br><\/strong>Dzi\u0119ki pojemno\u015bci 1024 Wh DJI Power 1000 zapewnia energi\u0119 na d\u0142ugo. Wykorzystuj\u0105c 2 porty USB-C, mo\u017cesz na\u0142adowa\u0107 telefon kom\u00f3rkowy a\u017c do 57 razy, drona do 12 razy czy nawet utrzyma\u0107 dzia\u0142anie lod\u00f3wki przez prawie 2 dni. To sprawia, \u017ce jest niezast\u0105piona w ka\u017cdej sytuacji \u2014 niespodziewane awarie czy kilkudniowe wyprawy \u2014 z DJI Power 1000 nie musisz obawia\u0107 si\u0119, \u017ce zabraknie Ci energii!&nbsp;<strong><\/strong><\/p>\n\n\n\n<figure class=\"wp-block-image\"><img decoding=\"async\" src=\"https:\/\/aerovision.com.pl\/img\/cms\/DJI\/DJI%20Power\/3.png\" alt=\"\"\/><\/figure>\n\n\n\n<h2 class=\"wp-block-heading\"><strong>Szybkie \u0142adowanie z podw\u00f3jn\u0105 moc\u0105 USB-C<\/strong><\/h2>\n\n\n\n<p><strong><br><br><\/strong>DJI Power 1000 ustanawia nowe standardy szybkiego \u0142adowania z podw\u00f3jnym portem USB-C \u2014 ka\u017cdym o mocy do 140W, oferuj\u0105c \u0142\u0105czn\u0105 moc wyj\u015bciow\u0105 do 280W Ta cecha sprawia, \u017ce DJI Power 1000 \u0142atwo sprosta wymaganiom wi\u0119kszo\u015bci urz\u0105dze\u0144 z portem USB-C, wspieraj\u0105c \u0142adowanie zgodne z protoko\u0142em PD 3.1 do 140 W. Dzi\u0119ki temu szybko na\u0142adujesz swojego 16-calowego MacBooka Pro, a tak\u017ce inne urz\u0105dzenia wymagaj\u0105ce du\u017cej mocy \u0142adowania. Dodatkowo DJI Power 1000 zapewnia szybkie i efektywne \u0142adowanie akumulator\u00f3w do dron\u00f3w DJI, umo\u017cliwiaj\u0105c ich na\u0142adowanie od 10% do 95% w zaledwie 32 minuty, co pozwala na szybki powr\u00f3t do pracy z dronami serii Mavic 3, DJI Air 3, oraz Inspire 3, nieprzerwanie kontynuuj\u0105c tworzenie tre\u015bci.&nbsp;<strong><\/strong><\/p>\n\n\n\n<figure class=\"wp-block-image\"><img decoding=\"async\" src=\"https:\/\/aerovision.com.pl\/img\/cms\/DJI\/DJI%20Power\/DJI_Power_1000_Aerovision.png\" alt=\"\"\/><\/figure>\n\n\n\n<h3 class=\"wp-block-heading\">Og\u00f3lne<\/h3>\n\n\n\n<figure class=\"wp-block-table\"><table class=\"has-fixed-layout\"><tbody><tr><th>Model<\/th><td>DYM1000H<\/td><\/tr><tr><th>Pojemno\u015b\u0107<\/th><td>1024 Wh<\/td><\/tr><tr><th>Waga netto<\/th><td>Oko\u0142o 13 kg<\/td><\/tr><tr><th>Wymiary<\/th><td>448\u00d7225\u00d7230 mm (d\u0142.\u00d7szer.\u00d7wys.)<\/td><\/tr><tr><th>Liczba port\u00f3w<\/th><td>Wyj\u015bcie AC \u00d7 2 USB-C \u00d7 2 USB-A \u00d7 2 SDC \u00d7 1 SDC Lite \u00d7 1 AC Input \u00d7 1<\/td><\/tr><tr><th>Maksymalna wysoko\u015b\u0107 robocza<\/th><td>3000 m<\/td><\/tr><tr><th>&nbsp;<\/th><td>&nbsp;<\/td><\/tr><\/tbody><\/table><\/figure>\n\n\n\n<h3 class=\"wp-block-heading\">Wyj\u015bcie<\/h3>\n\n\n\n<figure class=\"wp-block-table\"><table class=\"has-fixed-layout\"><tbody><tr><th>Wyj\u015bcie AC<\/th><td>AC 220-240 V, 50\/60 Hz, maks. moc ci\u0105g\u0142a: 2200 W Maksymalna ci\u0105g\u0142a moc wyj\u015bciowa jest dost\u0119pna, gdy poziom na\u0142adowania akumulatora produktu przekracza 20%. Dane wyj\u015bciowe AC r\u00f3\u017cni\u0105 si\u0119 w zale\u017cno\u015bci od kraju i regionu. Bior\u0105c pod uwag\u0119, \u017ce napi\u0119cie w Japonii wynosi 100 V, maksymalna ci\u0105g\u0142a moc wyj\u015bciowa japo\u0144skiej wersji wynosi 2000 W.<\/td><\/tr><tr><th>Wyj\u015bcie AC (tryb obej\u015bcia)<\/th><td>AC 220-240 V, 10 A, 2200 W<\/td><\/tr><tr><th>Wyj\u015bcie USB-A<\/th><td>5 V, 3 A 9 V, 2 A 12 V, 2 A Maksymalna moc wyj\u015bciowa na kana\u0142: 24 W<\/td><\/tr><tr><th>Wyj\u015bcie USB-C<\/th><td>5 V, 5 A 9 V, 5 A 12 V, 5 A 15 V, 5 A 20 V, 5 A 28 V, 5 A (EPR) Maksymalna moc wyj\u015bciowa na kana\u0142: 140 W* * Port USB-C obs\u0142uguje maksymaln\u0105 moc wyj\u015bciow\u0105 140 W. \u0141adowane urz\u0105dzenie musi obs\u0142ugiwa\u0107 protok\u00f3\u0142 PD 3.1 i korzysta\u0107 z kabla USB spe\u0142niaj\u0105cego specyfikacje EPR.<\/td><\/tr><tr><th>Wyj\u015bcie SDC i SDC Lite<\/th><td>SDC: 9-27 V, maks. pr\u0105d: 10 A, maks. moc wyj\u015bciowa: 240 W SDC Lite: 9-27 V, maks. pr\u0105d: 10 A, maks. moc wyj\u015bciowa: 240 W Oba porty SDC i SDC Lite obs\u0142uguj\u0105 rozbudowane akcesoria;<\/td><\/tr><\/tbody><\/table><\/figure>\n\n\n\n<h3 class=\"wp-block-heading\">Wej\u015bcie<\/h3>\n\n\n\n<figure class=\"wp-block-table\"><table class=\"has-fixed-layout\"><tbody><tr><th>Wej\u015bcie AC<\/th><td>AC 220-240 V, 1200 W (\u0142adowanie), 2200 W (tryb Bypass)<\/td><\/tr><tr><th>Wej\u015bcie SDC i SDC Lite<\/th><td>SDC: DC 32-58,4 V, maks. 400 W, 8 A SDC Lite: 32-58,4 V DC, maks. 400 W, 8 A Oba porty SDC i SDC Lite obs\u0142uguj\u0105 rozbudowane akcesoria;<\/td><\/tr><\/tbody><\/table><\/figure>\n\n\n\n<h3 class=\"wp-block-heading\">Akumulator<\/h3>\n\n\n\n<figure class=\"wp-block-table\"><table class=\"has-fixed-layout\"><tbody><tr><th>Rodzaj<\/th><td>LFP (\u017celazofosforan litu)<\/td><\/tr><tr><th>Cykl \u017cycia<\/th><td>Utrzymuje ponad 80% pojemno\u015bci po 3000 cykli. Zmierzone w temperaturze pokojowej 25\u2103\/77\u00b0F, podczas \u0142adowania w standardowym trybie \u0142adowania 600 W i przy mocy wyj\u015bciowej 1000 W.<\/td><\/tr><\/tbody><\/table><\/figure>\n\n\n\n<h3 class=\"wp-block-heading\">Temperatura pracy<\/h3>\n\n\n\n<figure class=\"wp-block-table\"><table class=\"has-fixed-layout\"><tbody><tr><th>Temperatura zasilania<\/th><td>-10\u00b0 do 45\u00b0 C (14\u00b0 do 113\u00b0 F)<\/td><\/tr><tr><th>Temperatura \u0142adowania<\/th><td>0\u00b0 do 45\u00b0 C (32\u00b0 do 113\u00b0 F)<\/td><\/tr><tr><th>Temperatura przechowywania<\/th><td>-10\u00b0 do 45\u00b0 C (14\u00b0 do 113\u00b0 F)<\/td><\/tr><\/tbody><\/table><\/figure>\n","protected":false},"excerpt":{"rendered":"<p>DJI Power 1000&nbsp;Twoje \u017ar\u00f3d\u0142o energii DJI Power 1000&nbsp;to rewolucja w \u015bwiecie przeno\u015bnego zasilania, \u0142\u0105cz\u0105ca w sobie zaawansowan\u0105 technologi\u0119, wyj\u0105tkow\u0105 moc oraz niezawodno\u015b\u0107, jakiej oczekujesz od lidera rynku dron\u00f3w. Z moc\u0105 wyj\u015bciow\u0105 AC do 2200 W, DJI Power 1000 obs\u0142u\u017cy ponad 99% powszechnie u\u017cywanych urz\u0105dze\u0144 domowych, a tak\u017ce szybko na\u0142aduje akumulatory do dron\u00f3w DJI, gwarantuj\u0105c Ci [&hellip;]<\/p>\n","protected":false},"featured_media":7845,"template":"","meta":{"_acf_changed":false,"inline_featured_image":false},"product_brand":[],"product_cat":[93],"product_tag":[],"class_list":{"0":"post-7840","1":"product","2":"type-product","3":"status-publish","4":"has-post-thumbnail","6":"product_cat-stacje-zasilania","8":"first","9":"instock","10":"taxable","11":"shipping-taxable","12":"purchasable","13":"product-type-simple"},"acf":[],"yoast_head":"<!-- This site is optimized with the Yoast SEO plugin v27.4 - https:\/\/yoast.com\/product\/yoast-seo-wordpress\/ -->\n<title>Stacja Zasilania DJI Power 1000 - aerovision<\/title>\n<meta name=\"robots\" content=\"noindex, follow, max-snippet:-1, max-image-preview:large, max-video-preview:-1\" \/>\n<meta property=\"og:locale\" content=\"en_US\" \/>\n<meta property=\"og:type\" content=\"article\" \/>\n<meta property=\"og:title\" content=\"Stacja Zasilania DJI Power 1000 - aerovision\" \/>\n<meta property=\"og:description\" content=\"DJI Power 1000&nbsp;Twoje \u017ar\u00f3d\u0142o energii DJI Power 1000&nbsp;to rewolucja w \u015bwiecie przeno\u015bnego zasilania, \u0142\u0105cz\u0105ca w sobie zaawansowan\u0105 technologi\u0119, wyj\u0105tkow\u0105 moc oraz niezawodno\u015b\u0107, jakiej oczekujesz od lidera rynku dron\u00f3w. Z moc\u0105 wyj\u015bciow\u0105 AC do 2200 W, DJI Power 1000 obs\u0142u\u017cy ponad 99% powszechnie u\u017cywanych urz\u0105dze\u0144 domowych, a tak\u017ce szybko na\u0142aduje akumulatory do dron\u00f3w DJI, gwarantuj\u0105c Ci [&hellip;]\" \/>\n<meta property=\"og:url\" content=\"https:\/\/aerovision.com.pl\/en\/produkt\/stacja-zasilania-dji-power-1000\/\" \/>\n<meta property=\"og:site_name\" content=\"aerovision\" \/>\n<meta property=\"article:modified_time\" content=\"2025-03-18T11:45:44+00:00\" \/>\n<meta property=\"og:image\" content=\"https:\/\/aerovision.com.pl\/wp-content\/uploads\/2024\/12\/stacja-zasilania-dji-power-1000-4.png\" \/>\n\t<meta property=\"og:image:width\" content=\"800\" \/>\n\t<meta property=\"og:image:height\" content=\"800\" \/>\n\t<meta property=\"og:image:type\" content=\"image\/png\" \/>\n<meta name=\"twitter:card\" content=\"summary_large_image\" \/>\n<meta name=\"twitter:label1\" content=\"Est. reading time\" \/>\n\t<meta name=\"twitter:data1\" content=\"5 minutes\" \/>\n<script type=\"application\/ld+json\" class=\"yoast-schema-graph\">{\"@context\":\"https:\\\/\\\/schema.org\",\"@graph\":[{\"@type\":\"WebPage\",\"@id\":\"https:\\\/\\\/aerovision.com.pl\\\/en\\\/produkt\\\/stacja-zasilania-dji-power-1000\\\/\",\"url\":\"https:\\\/\\\/aerovision.com.pl\\\/en\\\/produkt\\\/stacja-zasilania-dji-power-1000\\\/\",\"name\":\"Stacja Zasilania DJI Power 1000 - aerovision\",\"isPartOf\":{\"@id\":\"https:\\\/\\\/aerovision.com.pl\\\/en\\\/#website\"},\"primaryImageOfPage\":{\"@id\":\"https:\\\/\\\/aerovision.com.pl\\\/en\\\/produkt\\\/stacja-zasilania-dji-power-1000\\\/#primaryimage\"},\"image\":{\"@id\":\"https:\\\/\\\/aerovision.com.pl\\\/en\\\/produkt\\\/stacja-zasilania-dji-power-1000\\\/#primaryimage\"},\"thumbnailUrl\":\"https:\\\/\\\/aerovision.com.pl\\\/wp-content\\\/uploads\\\/2024\\\/12\\\/stacja-zasilania-dji-power-1000-4.png\",\"datePublished\":\"2024-12-11T09:26:30+00:00\",\"dateModified\":\"2025-03-18T11:45:44+00:00\",\"breadcrumb\":{\"@id\":\"https:\\\/\\\/aerovision.com.pl\\\/en\\\/produkt\\\/stacja-zasilania-dji-power-1000\\\/#breadcrumb\"},\"inLanguage\":\"en-US\",\"potentialAction\":[{\"@type\":\"ReadAction\",\"target\":[\"https:\\\/\\\/aerovision.com.pl\\\/en\\\/produkt\\\/stacja-zasilania-dji-power-1000\\\/\"]}]},{\"@type\":\"ImageObject\",\"inLanguage\":\"en-US\",\"@id\":\"https:\\\/\\\/aerovision.com.pl\\\/en\\\/produkt\\\/stacja-zasilania-dji-power-1000\\\/#primaryimage\",\"url\":\"https:\\\/\\\/aerovision.com.pl\\\/wp-content\\\/uploads\\\/2024\\\/12\\\/stacja-zasilania-dji-power-1000-4.png\",\"contentUrl\":\"https:\\\/\\\/aerovision.com.pl\\\/wp-content\\\/uploads\\\/2024\\\/12\\\/stacja-zasilania-dji-power-1000-4.png\",\"width\":800,\"height\":800},{\"@type\":\"BreadcrumbList\",\"@id\":\"https:\\\/\\\/aerovision.com.pl\\\/en\\\/produkt\\\/stacja-zasilania-dji-power-1000\\\/#breadcrumb\",\"itemListElement\":[{\"@type\":\"ListItem\",\"position\":1,\"name\":\"Strona g\u0142\u00f3wna\",\"item\":\"https:\\\/\\\/aerovision.com.pl\\\/en\\\/home\\\/\"},{\"@type\":\"ListItem\",\"position\":2,\"name\":\"Sklep\",\"item\":\"https:\\\/\\\/aerovision.com.pl\\\/sklep\\\/\"},{\"@type\":\"ListItem\",\"position\":3,\"name\":\"Stacja Zasilania DJI Power 1000\"}]},{\"@type\":\"WebSite\",\"@id\":\"https:\\\/\\\/aerovision.com.pl\\\/en\\\/#website\",\"url\":\"https:\\\/\\\/aerovision.com.pl\\\/en\\\/\",\"name\":\"aerovision\",\"description\":\"\",\"publisher\":{\"@id\":\"https:\\\/\\\/aerovision.com.pl\\\/en\\\/#organization\"},\"potentialAction\":[{\"@type\":\"SearchAction\",\"target\":{\"@type\":\"EntryPoint\",\"urlTemplate\":\"https:\\\/\\\/aerovision.com.pl\\\/en\\\/?s={search_term_string}\"},\"query-input\":{\"@type\":\"PropertyValueSpecification\",\"valueRequired\":true,\"valueName\":\"search_term_string\"}}],\"inLanguage\":\"en-US\"},{\"@type\":\"Organization\",\"@id\":\"https:\\\/\\\/aerovision.com.pl\\\/en\\\/#organization\",\"name\":\"aerovision\",\"url\":\"https:\\\/\\\/aerovision.com.pl\\\/en\\\/\",\"logo\":{\"@type\":\"ImageObject\",\"inLanguage\":\"en-US\",\"@id\":\"https:\\\/\\\/aerovision.com.pl\\\/en\\\/#\\\/schema\\\/logo\\\/image\\\/\",\"url\":\"https:\\\/\\\/aerovision.com.pl\\\/wp-content\\\/uploads\\\/2025\\\/03\\\/cropped-Logo-Aerovision.png\",\"contentUrl\":\"https:\\\/\\\/aerovision.com.pl\\\/wp-content\\\/uploads\\\/2025\\\/03\\\/cropped-Logo-Aerovision.png\",\"width\":298,\"height\":242,\"caption\":\"aerovision\"},\"image\":{\"@id\":\"https:\\\/\\\/aerovision.com.pl\\\/en\\\/#\\\/schema\\\/logo\\\/image\\\/\"}}]}<\/script>\n<!-- \/ Yoast SEO plugin. -->","yoast_head_json":{"title":"Stacja Zasilania DJI Power 1000 - aerovision","robots":{"index":"noindex","follow":"follow","max-snippet":"max-snippet:-1","max-image-preview":"max-image-preview:large","max-video-preview":"max-video-preview:-1"},"og_locale":"en_US","og_type":"article","og_title":"Stacja Zasilania DJI Power 1000 - aerovision","og_description":"DJI Power 1000&nbsp;Twoje \u017ar\u00f3d\u0142o energii DJI Power 1000&nbsp;to rewolucja w \u015bwiecie przeno\u015bnego zasilania, \u0142\u0105cz\u0105ca w sobie zaawansowan\u0105 technologi\u0119, wyj\u0105tkow\u0105 moc oraz niezawodno\u015b\u0107, jakiej oczekujesz od lidera rynku dron\u00f3w. Z moc\u0105 wyj\u015bciow\u0105 AC do 2200 W, DJI Power 1000 obs\u0142u\u017cy ponad 99% powszechnie u\u017cywanych urz\u0105dze\u0144 domowych, a tak\u017ce szybko na\u0142aduje akumulatory do dron\u00f3w DJI, gwarantuj\u0105c Ci [&hellip;]","og_url":"https:\/\/aerovision.com.pl\/en\/produkt\/stacja-zasilania-dji-power-1000\/","og_site_name":"aerovision","article_modified_time":"2025-03-18T11:45:44+00:00","og_image":[{"width":800,"height":800,"url":"https:\/\/aerovision.com.pl\/wp-content\/uploads\/2024\/12\/stacja-zasilania-dji-power-1000-4.png","type":"image\/png"}],"twitter_card":"summary_large_image","twitter_misc":{"Est. reading time":"5 minutes"},"schema":{"@context":"https:\/\/schema.org","@graph":[{"@type":"WebPage","@id":"https:\/\/aerovision.com.pl\/en\/produkt\/stacja-zasilania-dji-power-1000\/","url":"https:\/\/aerovision.com.pl\/en\/produkt\/stacja-zasilania-dji-power-1000\/","name":"Stacja Zasilania DJI Power 1000 - aerovision","isPartOf":{"@id":"https:\/\/aerovision.com.pl\/en\/#website"},"primaryImageOfPage":{"@id":"https:\/\/aerovision.com.pl\/en\/produkt\/stacja-zasilania-dji-power-1000\/#primaryimage"},"image":{"@id":"https:\/\/aerovision.com.pl\/en\/produkt\/stacja-zasilania-dji-power-1000\/#primaryimage"},"thumbnailUrl":"https:\/\/aerovision.com.pl\/wp-content\/uploads\/2024\/12\/stacja-zasilania-dji-power-1000-4.png","datePublished":"2024-12-11T09:26:30+00:00","dateModified":"2025-03-18T11:45:44+00:00","breadcrumb":{"@id":"https:\/\/aerovision.com.pl\/en\/produkt\/stacja-zasilania-dji-power-1000\/#breadcrumb"},"inLanguage":"en-US","potentialAction":[{"@type":"ReadAction","target":["https:\/\/aerovision.com.pl\/en\/produkt\/stacja-zasilania-dji-power-1000\/"]}]},{"@type":"ImageObject","inLanguage":"en-US","@id":"https:\/\/aerovision.com.pl\/en\/produkt\/stacja-zasilania-dji-power-1000\/#primaryimage","url":"https:\/\/aerovision.com.pl\/wp-content\/uploads\/2024\/12\/stacja-zasilania-dji-power-1000-4.png","contentUrl":"https:\/\/aerovision.com.pl\/wp-content\/uploads\/2024\/12\/stacja-zasilania-dji-power-1000-4.png","width":800,"height":800},{"@type":"BreadcrumbList","@id":"https:\/\/aerovision.com.pl\/en\/produkt\/stacja-zasilania-dji-power-1000\/#breadcrumb","itemListElement":[{"@type":"ListItem","position":1,"name":"Strona g\u0142\u00f3wna","item":"https:\/\/aerovision.com.pl\/en\/home\/"},{"@type":"ListItem","position":2,"name":"Sklep","item":"https:\/\/aerovision.com.pl\/sklep\/"},{"@type":"ListItem","position":3,"name":"Stacja Zasilania DJI Power 1000"}]},{"@type":"WebSite","@id":"https:\/\/aerovision.com.pl\/en\/#website","url":"https:\/\/aerovision.com.pl\/en\/","name":"aerovision","description":"","publisher":{"@id":"https:\/\/aerovision.com.pl\/en\/#organization"},"potentialAction":[{"@type":"SearchAction","target":{"@type":"EntryPoint","urlTemplate":"https:\/\/aerovision.com.pl\/en\/?s={search_term_string}"},"query-input":{"@type":"PropertyValueSpecification","valueRequired":true,"valueName":"search_term_string"}}],"inLanguage":"en-US"},{"@type":"Organization","@id":"https:\/\/aerovision.com.pl\/en\/#organization","name":"aerovision","url":"https:\/\/aerovision.com.pl\/en\/","logo":{"@type":"ImageObject","inLanguage":"en-US","@id":"https:\/\/aerovision.com.pl\/en\/#\/schema\/logo\/image\/","url":"https:\/\/aerovision.com.pl\/wp-content\/uploads\/2025\/03\/cropped-Logo-Aerovision.png","contentUrl":"https:\/\/aerovision.com.pl\/wp-content\/uploads\/2025\/03\/cropped-Logo-Aerovision.png","width":298,"height":242,"caption":"aerovision"},"image":{"@id":"https:\/\/aerovision.com.pl\/en\/#\/schema\/logo\/image\/"}}]}},"_links":{"self":[{"href":"https:\/\/aerovision.com.pl\/en\/wp-json\/wp\/v2\/product\/7840","targetHints":{"allow":["GET"]}}],"collection":[{"href":"https:\/\/aerovision.com.pl\/en\/wp-json\/wp\/v2\/product"}],"about":[{"href":"https:\/\/aerovision.com.pl\/en\/wp-json\/wp\/v2\/types\/product"}],"wp:featuredmedia":[{"embeddable":true,"href":"https:\/\/aerovision.com.pl\/en\/wp-json\/wp\/v2\/media\/7845"}],"wp:attachment":[{"href":"https:\/\/aerovision.com.pl\/en\/wp-json\/wp\/v2\/media?parent=7840"}],"wp:term":[{"taxonomy":"product_brand","embeddable":true,"href":"https:\/\/aerovision.com.pl\/en\/wp-json\/wp\/v2\/product_brand?post=7840"},{"taxonomy":"product_cat","embeddable":true,"href":"https:\/\/aerovision.com.pl\/en\/wp-json\/wp\/v2\/product_cat?post=7840"},{"taxonomy":"product_tag","embeddable":true,"href":"https:\/\/aerovision.com.pl\/en\/wp-json\/wp\/v2\/product_tag?post=7840"}],"curies":[{"name":"wp","href":"https:\/\/api.w.org\/{rel}","templated":true}]}}