{"id":7980,"date":"2025-01-14T17:33:35","date_gmt":"2025-01-14T16:33:35","guid":{"rendered":"https:\/\/aerovision.com.pl\/?post_type=product&#038;p=7980"},"modified":"2025-01-14T17:36:32","modified_gmt":"2025-01-14T16:36:32","slug":"dron-mavic-3-pro-dji-rc","status":"publish","type":"product","link":"https:\/\/aerovision.com.pl\/en\/produkt\/dron-mavic-3-pro-dji-rc\/","title":{"rendered":"Dron Mavic 3 PRO (DJI RC)"},"content":{"rendered":"\n<figure class=\"wp-block-image\"><img decoding=\"async\" src=\"https:\/\/cdn.dji-ars.pl\/img\/products\/dji\/mavic3pro\/opis\/1-mobile.jpg\" alt=\"1-mobile.jpg\"\/><\/figure>\n\n\n\n<h2 class=\"wp-block-heading\">Lataj d\u0142u\u017cej, odkryj wi\u0119cej<\/h2>\n\n\n\n<p>Mavic 3 Pro mo\u017ce unosi\u0107 si\u0119 w powietrzu nawet przez&nbsp;<strong>43 minuty<\/strong>[2], daj\u0105c Ci pewno\u015b\u0107 siebie, aby lata\u0107 dalej i nie obawia\u0107 si\u0119 o zbyt niski poziom na\u0142adowania akumulatora. Wykonaj ka\u017cdy krok, od planowania trasy lotu po kompozycj\u0119, a wszystko to podczas jednego lotu! Ponadto system&nbsp;<strong>DJI O3+<\/strong>&nbsp;zapewnia stabilny sygna\u0142 i zasi\u0119g transmisji&nbsp;<strong>do 8 km<\/strong>&nbsp;[3], co przek\u0142ada si\u0119 na bardziej sp\u00f3jny rozpoznawanie i \u015bledzenie obiekt\u00f3w takich jak ludzie, pojazdy czy \u0142odzie z wi\u0119ksz\u0105 dok\u0142adno\u015bci\u0105 ni\u017c jego poprzednik. Teraz z \u0142atwo\u015bci\u0105 wykonasz nawet najbardziej z\u0142o\u017cone uj\u0119cia! Co wi\u0119cej, dost\u0119pne s\u0105 2 tryby&nbsp;<strong>Spotlight Pro \u2013 Follow i Free<\/strong>.<\/p>\n\n\n\n<figure class=\"wp-block-image\"><img decoding=\"async\" src=\"https:\/\/cdn.dji-ars.pl\/img\/products\/dji\/mavic3pro\/opis\/8.jpg\" alt=\"8.jpg\"\/><\/figure>\n\n\n\n<h2 class=\"wp-block-heading\">Po\u017cegnaj obawy<\/h2>\n\n\n\n<p>Mavic 3 Pro zapewnia bezpiecze\u0144stwo lotu i jest bardzo wygodny w obs\u0142udze. Zosta\u0142 wyposa\u017cony w&nbsp;<strong>osiem szerokok\u0105tnych czujnik\u00f3w wizyjnych<\/strong>, kt\u00f3re umo\u017cliwiaj\u0105 mu precyzyjne wykrywanie przeszk\u00f3d we wszystkich kierunkach oraz ich omijanie.&nbsp;[6]&nbsp;Co wi\u0119cej,&nbsp;<strong>RTH<\/strong>&nbsp;sprawia, \u017ce dron jest w stanie automatycznie zaplanowa\u0107 optymaln\u0105 tras\u0119 powrotu do punktu startu. Dost\u0119pny jest r\u00f3wnie\u017c tempomat, kt\u00f3ry u\u0142atwi Ci pokonywanie d\u0142ugich dystans\u00f3w. Ju\u017c nie musisz przez ca\u0142y czas naciska\u0107 dr\u0105\u017ck\u00f3w aparatury! Ponadto dzi\u0119ki funkcji&nbsp;<strong>Waypoint Flight<\/strong>&nbsp;Mavic 3 Pro mo\u017ce automatycznie planowa\u0107 trasy na podstawie ustawionych przez u\u017cytkownika punkt\u00f3w waypoints.<\/p>\n\n\n\n<h2 class=\"wp-block-heading\">Inteligentne funkcje, niesko\u0144czona inspiracja<\/h2>\n\n\n\n<p>Korzystaj z inteligentnych funkcji i tw\u00f3rz jeszcze ciekawsze uj\u0119cia. Dost\u0119pne s\u0105 na przyk\u0142ad tryby \u015bledzenia&nbsp;<strong>Focus Track<\/strong>&nbsp;[7], w tym&nbsp;<strong>ActiveTrack 5.0, Spotlight i Point of Interest<\/strong>, a tak\u017ce&nbsp;<strong>MasterShots<\/strong>&nbsp;[8]&nbsp;i&nbsp;<strong>QuickShots<\/strong>&nbsp;[8], kt\u00f3re umo\u017cliwiaj\u0105 automatyczne nagrywanie z\u0142o\u017conych film\u00f3w.&nbsp;<strong>Panorama<\/strong>&nbsp;[8]&nbsp;pozwoli Ci uchwyci\u0107 wspania\u0142y krajobraz na zdj\u0119ciu&nbsp;<strong>100 MP<\/strong>, a&nbsp;<strong>High-Speed QuickTransfer<\/strong>&nbsp;przyspieszy przesy\u0142anie materia\u0142\u00f3w do smartfona. Do dyspozycji masz r\u00f3wnie\u017c&nbsp;<strong>aplikacj\u0119 LightCut<\/strong>. Mo\u017cesz po\u0142\u0105czy\u0107 j\u0105 z dronem bezprzewodowo, aby uzyska\u0107 szybki podgl\u0105d swoich klip\u00f3w i opart\u0105 na sztucznej inteligencji edycj\u0119&nbsp;<strong>One-Tap Edit<\/strong>&nbsp;bez pobierania materia\u0142\u00f3w wideo. Wypr\u00f3buj dost\u0119pne szablony i stw\u00f3rz kolejne arcydzie\u0142o!<\/p>\n\n\n\n<figure class=\"wp-block-image\"><img decoding=\"async\" src=\"https:\/\/cdn.dji-ars.pl\/img\/products\/dji\/mavic3pro\/opis\/9.jpg\" alt=\"9.jpg\"\/><\/figure>\n\n\n\n<h2 class=\"wp-block-heading\">R\u00f3\u017cnorodne akcesoria &#8211; jeszcze lepsze do\u015bwiadczenie lotu<\/h2>\n\n\n\n<p>Korzystaj z dodatkowych akcesori\u00f3w i ciesz si\u0119 jeszcze lepszym do\u015bwiadczeniem lotu.&nbsp;<strong>Zestaw filtr\u00f3w ND<\/strong>&nbsp;pozwoli Ci tworzy\u0107 zdj\u0119cia i filmy przy kr\u00f3tszych czasach otwarcia migawki,&nbsp;<strong>obiektyw szerokok\u0105tny<\/strong>&nbsp;[9]&nbsp;zapewni pole widzenia&nbsp;<strong>108\u00b0<\/strong>, a&nbsp;<strong>dedykowany hub<\/strong>&nbsp;umo\u017cliwi sekwencyjne \u0142adowanie trzech akumulator\u00f3w. Dost\u0119pny jest r\u00f3wnie\u017c specjalny&nbsp;<strong>adapter USB-C 100 W<\/strong>&nbsp;oraz&nbsp;<strong>\u0142adowarka samochodowa 65 W<\/strong>.&nbsp;[9]&nbsp;Mo\u017cesz te\u017c skorzysta\u0107 z&nbsp;<strong>aparatury steruj\u0105cej DJI RC Pro<\/strong>, kt\u00f3ra zosta\u0142a wyposa\u017cona w wy\u015bwietlacz o jasno\u015bci&nbsp;<strong>1000 nit\u00f3w<\/strong>&nbsp;i obs\u0142uguje transmisj\u0119 wideo na du\u017ce odleg\u0142o\u015bci.<\/p>\n","protected":false},"excerpt":{"rendered":"<p>Lataj d\u0142u\u017cej, odkryj wi\u0119cej Mavic 3 Pro mo\u017ce unosi\u0107 si\u0119 w powietrzu nawet przez&nbsp;43 minuty[2], daj\u0105c Ci pewno\u015b\u0107 siebie, aby lata\u0107 dalej i nie obawia\u0107 si\u0119 o zbyt niski poziom na\u0142adowania akumulatora. Wykonaj ka\u017cdy krok, od planowania trasy lotu po kompozycj\u0119, a wszystko to podczas jednego lotu! Ponadto system&nbsp;DJI O3+&nbsp;zapewnia stabilny sygna\u0142 i zasi\u0119g transmisji&nbsp;do [&hellip;]<\/p>\n","protected":false},"featured_media":7981,"template":"","meta":{"_acf_changed":false,"inline_featured_image":false},"product_brand":[],"product_cat":[136,130,89],"product_tag":[],"class_list":{"0":"post-7980","1":"product","2":"type-product","3":"status-publish","4":"has-post-thumbnail","6":"product_cat-dji","7":"product_cat-marki","8":"product_cat-mavic-3-pro","10":"first","11":"instock","12":"taxable","13":"shipping-taxable","14":"purchasable","15":"product-type-simple"},"acf":[],"yoast_head":"<!-- This site is optimized with the Yoast SEO plugin v27.4 - https:\/\/yoast.com\/product\/yoast-seo-wordpress\/ -->\n<title>Dron Mavic 3 PRO (DJI RC) - aerovision<\/title>\n<meta name=\"robots\" content=\"noindex, follow, max-snippet:-1, max-image-preview:large, max-video-preview:-1\" \/>\n<meta property=\"og:locale\" content=\"en_US\" \/>\n<meta property=\"og:type\" content=\"article\" \/>\n<meta property=\"og:title\" content=\"Dron Mavic 3 PRO (DJI RC) - aerovision\" \/>\n<meta property=\"og:description\" content=\"Lataj d\u0142u\u017cej, odkryj wi\u0119cej Mavic 3 Pro mo\u017ce unosi\u0107 si\u0119 w powietrzu nawet przez&nbsp;43 minuty[2], daj\u0105c Ci pewno\u015b\u0107 siebie, aby lata\u0107 dalej i nie obawia\u0107 si\u0119 o zbyt niski poziom na\u0142adowania akumulatora. Wykonaj ka\u017cdy krok, od planowania trasy lotu po kompozycj\u0119, a wszystko to podczas jednego lotu! Ponadto system&nbsp;DJI O3+&nbsp;zapewnia stabilny sygna\u0142 i zasi\u0119g transmisji&nbsp;do [&hellip;]\" \/>\n<meta property=\"og:url\" content=\"https:\/\/aerovision.com.pl\/en\/produkt\/dron-mavic-3-pro-dji-rc\/\" \/>\n<meta property=\"og:site_name\" content=\"aerovision\" \/>\n<meta property=\"article:modified_time\" content=\"2025-01-14T16:36:32+00:00\" \/>\n<meta property=\"og:image\" content=\"https:\/\/aerovision.com.pl\/wp-content\/uploads\/2025\/01\/dron-mavic-3-pro-dji-rc-2.jpg\" \/>\n\t<meta property=\"og:image:width\" content=\"400\" \/>\n\t<meta property=\"og:image:height\" content=\"400\" \/>\n\t<meta property=\"og:image:type\" content=\"image\/jpeg\" \/>\n<meta name=\"twitter:card\" content=\"summary_large_image\" \/>\n<meta name=\"twitter:label1\" content=\"Est. reading time\" \/>\n\t<meta name=\"twitter:data1\" content=\"4 minutes\" \/>\n<script type=\"application\/ld+json\" class=\"yoast-schema-graph\">{\"@context\":\"https:\\\/\\\/schema.org\",\"@graph\":[{\"@type\":\"WebPage\",\"@id\":\"https:\\\/\\\/aerovision.com.pl\\\/en\\\/produkt\\\/dron-mavic-3-pro-dji-rc\\\/\",\"url\":\"https:\\\/\\\/aerovision.com.pl\\\/en\\\/produkt\\\/dron-mavic-3-pro-dji-rc\\\/\",\"name\":\"Dron Mavic 3 PRO (DJI RC) - aerovision\",\"isPartOf\":{\"@id\":\"https:\\\/\\\/aerovision.com.pl\\\/en\\\/#website\"},\"primaryImageOfPage\":{\"@id\":\"https:\\\/\\\/aerovision.com.pl\\\/en\\\/produkt\\\/dron-mavic-3-pro-dji-rc\\\/#primaryimage\"},\"image\":{\"@id\":\"https:\\\/\\\/aerovision.com.pl\\\/en\\\/produkt\\\/dron-mavic-3-pro-dji-rc\\\/#primaryimage\"},\"thumbnailUrl\":\"https:\\\/\\\/aerovision.com.pl\\\/wp-content\\\/uploads\\\/2025\\\/01\\\/dron-mavic-3-pro-dji-rc-2.jpg\",\"datePublished\":\"2025-01-14T16:33:35+00:00\",\"dateModified\":\"2025-01-14T16:36:32+00:00\",\"breadcrumb\":{\"@id\":\"https:\\\/\\\/aerovision.com.pl\\\/en\\\/produkt\\\/dron-mavic-3-pro-dji-rc\\\/#breadcrumb\"},\"inLanguage\":\"en-US\",\"potentialAction\":[{\"@type\":\"ReadAction\",\"target\":[\"https:\\\/\\\/aerovision.com.pl\\\/en\\\/produkt\\\/dron-mavic-3-pro-dji-rc\\\/\"]}]},{\"@type\":\"ImageObject\",\"inLanguage\":\"en-US\",\"@id\":\"https:\\\/\\\/aerovision.com.pl\\\/en\\\/produkt\\\/dron-mavic-3-pro-dji-rc\\\/#primaryimage\",\"url\":\"https:\\\/\\\/aerovision.com.pl\\\/wp-content\\\/uploads\\\/2025\\\/01\\\/dron-mavic-3-pro-dji-rc-2.jpg\",\"contentUrl\":\"https:\\\/\\\/aerovision.com.pl\\\/wp-content\\\/uploads\\\/2025\\\/01\\\/dron-mavic-3-pro-dji-rc-2.jpg\",\"width\":400,\"height\":400},{\"@type\":\"BreadcrumbList\",\"@id\":\"https:\\\/\\\/aerovision.com.pl\\\/en\\\/produkt\\\/dron-mavic-3-pro-dji-rc\\\/#breadcrumb\",\"itemListElement\":[{\"@type\":\"ListItem\",\"position\":1,\"name\":\"Strona g\u0142\u00f3wna\",\"item\":\"https:\\\/\\\/aerovision.com.pl\\\/en\\\/home\\\/\"},{\"@type\":\"ListItem\",\"position\":2,\"name\":\"Sklep\",\"item\":\"https:\\\/\\\/aerovision.com.pl\\\/sklep\\\/\"},{\"@type\":\"ListItem\",\"position\":3,\"name\":\"Dron Mavic 3 PRO (DJI RC)\"}]},{\"@type\":\"WebSite\",\"@id\":\"https:\\\/\\\/aerovision.com.pl\\\/en\\\/#website\",\"url\":\"https:\\\/\\\/aerovision.com.pl\\\/en\\\/\",\"name\":\"aerovision\",\"description\":\"\",\"publisher\":{\"@id\":\"https:\\\/\\\/aerovision.com.pl\\\/en\\\/#organization\"},\"potentialAction\":[{\"@type\":\"SearchAction\",\"target\":{\"@type\":\"EntryPoint\",\"urlTemplate\":\"https:\\\/\\\/aerovision.com.pl\\\/en\\\/?s={search_term_string}\"},\"query-input\":{\"@type\":\"PropertyValueSpecification\",\"valueRequired\":true,\"valueName\":\"search_term_string\"}}],\"inLanguage\":\"en-US\"},{\"@type\":\"Organization\",\"@id\":\"https:\\\/\\\/aerovision.com.pl\\\/en\\\/#organization\",\"name\":\"aerovision\",\"url\":\"https:\\\/\\\/aerovision.com.pl\\\/en\\\/\",\"logo\":{\"@type\":\"ImageObject\",\"inLanguage\":\"en-US\",\"@id\":\"https:\\\/\\\/aerovision.com.pl\\\/en\\\/#\\\/schema\\\/logo\\\/image\\\/\",\"url\":\"https:\\\/\\\/aerovision.com.pl\\\/wp-content\\\/uploads\\\/2025\\\/03\\\/cropped-Logo-Aerovision.png\",\"contentUrl\":\"https:\\\/\\\/aerovision.com.pl\\\/wp-content\\\/uploads\\\/2025\\\/03\\\/cropped-Logo-Aerovision.png\",\"width\":298,\"height\":242,\"caption\":\"aerovision\"},\"image\":{\"@id\":\"https:\\\/\\\/aerovision.com.pl\\\/en\\\/#\\\/schema\\\/logo\\\/image\\\/\"}}]}<\/script>\n<!-- \/ Yoast SEO plugin. -->","yoast_head_json":{"title":"Dron Mavic 3 PRO (DJI RC) - aerovision","robots":{"index":"noindex","follow":"follow","max-snippet":"max-snippet:-1","max-image-preview":"max-image-preview:large","max-video-preview":"max-video-preview:-1"},"og_locale":"en_US","og_type":"article","og_title":"Dron Mavic 3 PRO (DJI RC) - aerovision","og_description":"Lataj d\u0142u\u017cej, odkryj wi\u0119cej Mavic 3 Pro mo\u017ce unosi\u0107 si\u0119 w powietrzu nawet przez&nbsp;43 minuty[2], daj\u0105c Ci pewno\u015b\u0107 siebie, aby lata\u0107 dalej i nie obawia\u0107 si\u0119 o zbyt niski poziom na\u0142adowania akumulatora. Wykonaj ka\u017cdy krok, od planowania trasy lotu po kompozycj\u0119, a wszystko to podczas jednego lotu! Ponadto system&nbsp;DJI O3+&nbsp;zapewnia stabilny sygna\u0142 i zasi\u0119g transmisji&nbsp;do [&hellip;]","og_url":"https:\/\/aerovision.com.pl\/en\/produkt\/dron-mavic-3-pro-dji-rc\/","og_site_name":"aerovision","article_modified_time":"2025-01-14T16:36:32+00:00","og_image":[{"width":400,"height":400,"url":"https:\/\/aerovision.com.pl\/wp-content\/uploads\/2025\/01\/dron-mavic-3-pro-dji-rc-2.jpg","type":"image\/jpeg"}],"twitter_card":"summary_large_image","twitter_misc":{"Est. reading time":"4 minutes"},"schema":{"@context":"https:\/\/schema.org","@graph":[{"@type":"WebPage","@id":"https:\/\/aerovision.com.pl\/en\/produkt\/dron-mavic-3-pro-dji-rc\/","url":"https:\/\/aerovision.com.pl\/en\/produkt\/dron-mavic-3-pro-dji-rc\/","name":"Dron Mavic 3 PRO (DJI RC) - aerovision","isPartOf":{"@id":"https:\/\/aerovision.com.pl\/en\/#website"},"primaryImageOfPage":{"@id":"https:\/\/aerovision.com.pl\/en\/produkt\/dron-mavic-3-pro-dji-rc\/#primaryimage"},"image":{"@id":"https:\/\/aerovision.com.pl\/en\/produkt\/dron-mavic-3-pro-dji-rc\/#primaryimage"},"thumbnailUrl":"https:\/\/aerovision.com.pl\/wp-content\/uploads\/2025\/01\/dron-mavic-3-pro-dji-rc-2.jpg","datePublished":"2025-01-14T16:33:35+00:00","dateModified":"2025-01-14T16:36:32+00:00","breadcrumb":{"@id":"https:\/\/aerovision.com.pl\/en\/produkt\/dron-mavic-3-pro-dji-rc\/#breadcrumb"},"inLanguage":"en-US","potentialAction":[{"@type":"ReadAction","target":["https:\/\/aerovision.com.pl\/en\/produkt\/dron-mavic-3-pro-dji-rc\/"]}]},{"@type":"ImageObject","inLanguage":"en-US","@id":"https:\/\/aerovision.com.pl\/en\/produkt\/dron-mavic-3-pro-dji-rc\/#primaryimage","url":"https:\/\/aerovision.com.pl\/wp-content\/uploads\/2025\/01\/dron-mavic-3-pro-dji-rc-2.jpg","contentUrl":"https:\/\/aerovision.com.pl\/wp-content\/uploads\/2025\/01\/dron-mavic-3-pro-dji-rc-2.jpg","width":400,"height":400},{"@type":"BreadcrumbList","@id":"https:\/\/aerovision.com.pl\/en\/produkt\/dron-mavic-3-pro-dji-rc\/#breadcrumb","itemListElement":[{"@type":"ListItem","position":1,"name":"Strona g\u0142\u00f3wna","item":"https:\/\/aerovision.com.pl\/en\/home\/"},{"@type":"ListItem","position":2,"name":"Sklep","item":"https:\/\/aerovision.com.pl\/sklep\/"},{"@type":"ListItem","position":3,"name":"Dron Mavic 3 PRO (DJI RC)"}]},{"@type":"WebSite","@id":"https:\/\/aerovision.com.pl\/en\/#website","url":"https:\/\/aerovision.com.pl\/en\/","name":"aerovision","description":"","publisher":{"@id":"https:\/\/aerovision.com.pl\/en\/#organization"},"potentialAction":[{"@type":"SearchAction","target":{"@type":"EntryPoint","urlTemplate":"https:\/\/aerovision.com.pl\/en\/?s={search_term_string}"},"query-input":{"@type":"PropertyValueSpecification","valueRequired":true,"valueName":"search_term_string"}}],"inLanguage":"en-US"},{"@type":"Organization","@id":"https:\/\/aerovision.com.pl\/en\/#organization","name":"aerovision","url":"https:\/\/aerovision.com.pl\/en\/","logo":{"@type":"ImageObject","inLanguage":"en-US","@id":"https:\/\/aerovision.com.pl\/en\/#\/schema\/logo\/image\/","url":"https:\/\/aerovision.com.pl\/wp-content\/uploads\/2025\/03\/cropped-Logo-Aerovision.png","contentUrl":"https:\/\/aerovision.com.pl\/wp-content\/uploads\/2025\/03\/cropped-Logo-Aerovision.png","width":298,"height":242,"caption":"aerovision"},"image":{"@id":"https:\/\/aerovision.com.pl\/en\/#\/schema\/logo\/image\/"}}]}},"_links":{"self":[{"href":"https:\/\/aerovision.com.pl\/en\/wp-json\/wp\/v2\/product\/7980","targetHints":{"allow":["GET"]}}],"collection":[{"href":"https:\/\/aerovision.com.pl\/en\/wp-json\/wp\/v2\/product"}],"about":[{"href":"https:\/\/aerovision.com.pl\/en\/wp-json\/wp\/v2\/types\/product"}],"wp:featuredmedia":[{"embeddable":true,"href":"https:\/\/aerovision.com.pl\/en\/wp-json\/wp\/v2\/media\/7981"}],"wp:attachment":[{"href":"https:\/\/aerovision.com.pl\/en\/wp-json\/wp\/v2\/media?parent=7980"}],"wp:term":[{"taxonomy":"product_brand","embeddable":true,"href":"https:\/\/aerovision.com.pl\/en\/wp-json\/wp\/v2\/product_brand?post=7980"},{"taxonomy":"product_cat","embeddable":true,"href":"https:\/\/aerovision.com.pl\/en\/wp-json\/wp\/v2\/product_cat?post=7980"},{"taxonomy":"product_tag","embeddable":true,"href":"https:\/\/aerovision.com.pl\/en\/wp-json\/wp\/v2\/product_tag?post=7980"}],"curies":[{"name":"wp","href":"https:\/\/api.w.org\/{rel}","templated":true}]}}