{"id":8374,"date":"2020-09-10T23:46:42","date_gmt":"2020-09-10T21:46:42","guid":{"rendered":"https:\/\/aerovision.com.pl\/produkt\/aparatura-yuneec-st16\/"},"modified":"2025-03-07T13:35:54","modified_gmt":"2025-03-07T12:35:54","slug":"aparatura-yuneec-st16","status":"publish","type":"product","link":"https:\/\/aerovision.com.pl\/en\/produkt\/aparatura-yuneec-st16\/","title":{"rendered":"Aparatura Yuneec ST16"},"content":{"rendered":"<p>Aparatura ST16 stworzona specjalnie dla operatora Yuneec Typhoon H Steruj swoim Typhoon-em H oraz zmieniaj ustawienia kamery za pomoc\u0105 aparatury ST16, stworzonej specjalnie dla tego drona. Nadajnik, wyposa\u017cony w 16 kana\u0142\u00f3w oraz system Android, cechuje si\u0119 odbiorem wideo HD na du\u017cym ekranie o przek\u0105tnej 7 cali. Co wa\u017cne, zasi\u0119g ST16 to nawet 600 metr\u00f3w! Specyfikacja: Liczba kana\u0142\u00f3w: 16 Wymiary: 115 x 74 x 135 mm Zasi\u0119g: do 600 metr\u00f3w Cz\u0119stotliwo\u015b\u0107 wideo: 5,8 GHz Telemetria: tak Wy\u015bwietlacz: 7 cali Bateria: 3.6V \/ 8700 mAh ST16<\/p>\n","protected":false},"excerpt":{"rendered":"<p>Aparatura ST16 stworzona specjalnie dla operatora Yuneec Typhoon H Steruj swoim Typhoon-em H oraz zmieniaj ustawienia kamery za pomoc\u0105 aparatury ST16, stworzonej specjalnie dla tego drona. Nadajnik, wyposa\u017cony w 16 kana\u0142\u00f3w oraz system Android, cechuje si\u0119 odbiorem wideo HD na du\u017cym ekranie o przek\u0105tnej 7 cali. Co wa\u017cne, zasi\u0119g ST16 to nawet 600 metr\u00f3w! Specyfikacja: [&hellip;]<\/p>\n","protected":false},"featured_media":10827,"template":"","meta":{"_acf_changed":false,"inline_featured_image":false},"product_brand":[],"product_cat":[342],"product_tag":[],"class_list":{"0":"post-8374","1":"product","2":"type-product","3":"status-publish","4":"has-post-thumbnail","6":"product_cat-aparatury-rc","8":"first","9":"outofstock","10":"taxable","11":"shipping-taxable","12":"purchasable","13":"product-type-simple"},"acf":[],"yoast_head":"<!-- This site is optimized with the Yoast SEO plugin v27.4 - https:\/\/yoast.com\/product\/yoast-seo-wordpress\/ -->\n<title>Aparatura Yuneec ST16 - aerovision<\/title>\n<meta name=\"robots\" content=\"noindex, follow, max-snippet:-1, max-image-preview:large, max-video-preview:-1\" \/>\n<meta property=\"og:locale\" content=\"en_US\" \/>\n<meta property=\"og:type\" content=\"article\" \/>\n<meta property=\"og:title\" content=\"Aparatura Yuneec ST16 - aerovision\" \/>\n<meta property=\"og:description\" content=\"Aparatura ST16 stworzona specjalnie dla operatora Yuneec Typhoon H Steruj swoim Typhoon-em H oraz zmieniaj ustawienia kamery za pomoc\u0105 aparatury ST16, stworzonej specjalnie dla tego drona. Nadajnik, wyposa\u017cony w 16 kana\u0142\u00f3w oraz system Android, cechuje si\u0119 odbiorem wideo HD na du\u017cym ekranie o przek\u0105tnej 7 cali. Co wa\u017cne, zasi\u0119g ST16 to nawet 600 metr\u00f3w! Specyfikacja: [&hellip;]\" \/>\n<meta property=\"og:url\" content=\"https:\/\/aerovision.com.pl\/en\/produkt\/aparatura-yuneec-st16\/\" \/>\n<meta property=\"og:site_name\" content=\"aerovision\" \/>\n<meta property=\"article:modified_time\" content=\"2025-03-07T12:35:54+00:00\" \/>\n<meta property=\"og:image\" content=\"https:\/\/aerovision.com.pl\/wp-content\/uploads\/2020\/09\/image-14.png\" \/>\n\t<meta property=\"og:image:width\" content=\"570\" \/>\n\t<meta property=\"og:image:height\" content=\"570\" \/>\n\t<meta property=\"og:image:type\" content=\"image\/png\" \/>\n<meta name=\"twitter:card\" content=\"summary_large_image\" \/>\n<meta name=\"twitter:label1\" content=\"Est. reading time\" \/>\n\t<meta name=\"twitter:data1\" content=\"1 minute\" \/>\n<script type=\"application\/ld+json\" class=\"yoast-schema-graph\">{\"@context\":\"https:\\\/\\\/schema.org\",\"@graph\":[{\"@type\":\"WebPage\",\"@id\":\"https:\\\/\\\/aerovision.com.pl\\\/en\\\/produkt\\\/aparatura-yuneec-st16\\\/\",\"url\":\"https:\\\/\\\/aerovision.com.pl\\\/en\\\/produkt\\\/aparatura-yuneec-st16\\\/\",\"name\":\"Aparatura Yuneec ST16 - aerovision\",\"isPartOf\":{\"@id\":\"https:\\\/\\\/aerovision.com.pl\\\/en\\\/#website\"},\"primaryImageOfPage\":{\"@id\":\"https:\\\/\\\/aerovision.com.pl\\\/en\\\/produkt\\\/aparatura-yuneec-st16\\\/#primaryimage\"},\"image\":{\"@id\":\"https:\\\/\\\/aerovision.com.pl\\\/en\\\/produkt\\\/aparatura-yuneec-st16\\\/#primaryimage\"},\"thumbnailUrl\":\"https:\\\/\\\/aerovision.com.pl\\\/wp-content\\\/uploads\\\/2020\\\/09\\\/image-14.png\",\"datePublished\":\"2020-09-10T21:46:42+00:00\",\"dateModified\":\"2025-03-07T12:35:54+00:00\",\"breadcrumb\":{\"@id\":\"https:\\\/\\\/aerovision.com.pl\\\/en\\\/produkt\\\/aparatura-yuneec-st16\\\/#breadcrumb\"},\"inLanguage\":\"en-US\",\"potentialAction\":[{\"@type\":\"ReadAction\",\"target\":[\"https:\\\/\\\/aerovision.com.pl\\\/en\\\/produkt\\\/aparatura-yuneec-st16\\\/\"]}]},{\"@type\":\"ImageObject\",\"inLanguage\":\"en-US\",\"@id\":\"https:\\\/\\\/aerovision.com.pl\\\/en\\\/produkt\\\/aparatura-yuneec-st16\\\/#primaryimage\",\"url\":\"https:\\\/\\\/aerovision.com.pl\\\/wp-content\\\/uploads\\\/2020\\\/09\\\/image-14.png\",\"contentUrl\":\"https:\\\/\\\/aerovision.com.pl\\\/wp-content\\\/uploads\\\/2020\\\/09\\\/image-14.png\",\"width\":570,\"height\":570},{\"@type\":\"BreadcrumbList\",\"@id\":\"https:\\\/\\\/aerovision.com.pl\\\/en\\\/produkt\\\/aparatura-yuneec-st16\\\/#breadcrumb\",\"itemListElement\":[{\"@type\":\"ListItem\",\"position\":1,\"name\":\"Strona g\u0142\u00f3wna\",\"item\":\"https:\\\/\\\/aerovision.com.pl\\\/en\\\/home\\\/\"},{\"@type\":\"ListItem\",\"position\":2,\"name\":\"Sklep\",\"item\":\"https:\\\/\\\/aerovision.com.pl\\\/sklep\\\/\"},{\"@type\":\"ListItem\",\"position\":3,\"name\":\"Aparatura Yuneec ST16\"}]},{\"@type\":\"WebSite\",\"@id\":\"https:\\\/\\\/aerovision.com.pl\\\/en\\\/#website\",\"url\":\"https:\\\/\\\/aerovision.com.pl\\\/en\\\/\",\"name\":\"aerovision\",\"description\":\"\",\"publisher\":{\"@id\":\"https:\\\/\\\/aerovision.com.pl\\\/en\\\/#organization\"},\"potentialAction\":[{\"@type\":\"SearchAction\",\"target\":{\"@type\":\"EntryPoint\",\"urlTemplate\":\"https:\\\/\\\/aerovision.com.pl\\\/en\\\/?s={search_term_string}\"},\"query-input\":{\"@type\":\"PropertyValueSpecification\",\"valueRequired\":true,\"valueName\":\"search_term_string\"}}],\"inLanguage\":\"en-US\"},{\"@type\":\"Organization\",\"@id\":\"https:\\\/\\\/aerovision.com.pl\\\/en\\\/#organization\",\"name\":\"aerovision\",\"url\":\"https:\\\/\\\/aerovision.com.pl\\\/en\\\/\",\"logo\":{\"@type\":\"ImageObject\",\"inLanguage\":\"en-US\",\"@id\":\"https:\\\/\\\/aerovision.com.pl\\\/en\\\/#\\\/schema\\\/logo\\\/image\\\/\",\"url\":\"https:\\\/\\\/aerovision.com.pl\\\/wp-content\\\/uploads\\\/2025\\\/03\\\/cropped-Logo-Aerovision.png\",\"contentUrl\":\"https:\\\/\\\/aerovision.com.pl\\\/wp-content\\\/uploads\\\/2025\\\/03\\\/cropped-Logo-Aerovision.png\",\"width\":298,\"height\":242,\"caption\":\"aerovision\"},\"image\":{\"@id\":\"https:\\\/\\\/aerovision.com.pl\\\/en\\\/#\\\/schema\\\/logo\\\/image\\\/\"}}]}<\/script>\n<!-- \/ Yoast SEO plugin. -->","yoast_head_json":{"title":"Aparatura Yuneec ST16 - aerovision","robots":{"index":"noindex","follow":"follow","max-snippet":"max-snippet:-1","max-image-preview":"max-image-preview:large","max-video-preview":"max-video-preview:-1"},"og_locale":"en_US","og_type":"article","og_title":"Aparatura Yuneec ST16 - aerovision","og_description":"Aparatura ST16 stworzona specjalnie dla operatora Yuneec Typhoon H Steruj swoim Typhoon-em H oraz zmieniaj ustawienia kamery za pomoc\u0105 aparatury ST16, stworzonej specjalnie dla tego drona. Nadajnik, wyposa\u017cony w 16 kana\u0142\u00f3w oraz system Android, cechuje si\u0119 odbiorem wideo HD na du\u017cym ekranie o przek\u0105tnej 7 cali. Co wa\u017cne, zasi\u0119g ST16 to nawet 600 metr\u00f3w! Specyfikacja: [&hellip;]","og_url":"https:\/\/aerovision.com.pl\/en\/produkt\/aparatura-yuneec-st16\/","og_site_name":"aerovision","article_modified_time":"2025-03-07T12:35:54+00:00","og_image":[{"width":570,"height":570,"url":"https:\/\/aerovision.com.pl\/wp-content\/uploads\/2020\/09\/image-14.png","type":"image\/png"}],"twitter_card":"summary_large_image","twitter_misc":{"Est. reading time":"1 minute"},"schema":{"@context":"https:\/\/schema.org","@graph":[{"@type":"WebPage","@id":"https:\/\/aerovision.com.pl\/en\/produkt\/aparatura-yuneec-st16\/","url":"https:\/\/aerovision.com.pl\/en\/produkt\/aparatura-yuneec-st16\/","name":"Aparatura Yuneec ST16 - aerovision","isPartOf":{"@id":"https:\/\/aerovision.com.pl\/en\/#website"},"primaryImageOfPage":{"@id":"https:\/\/aerovision.com.pl\/en\/produkt\/aparatura-yuneec-st16\/#primaryimage"},"image":{"@id":"https:\/\/aerovision.com.pl\/en\/produkt\/aparatura-yuneec-st16\/#primaryimage"},"thumbnailUrl":"https:\/\/aerovision.com.pl\/wp-content\/uploads\/2020\/09\/image-14.png","datePublished":"2020-09-10T21:46:42+00:00","dateModified":"2025-03-07T12:35:54+00:00","breadcrumb":{"@id":"https:\/\/aerovision.com.pl\/en\/produkt\/aparatura-yuneec-st16\/#breadcrumb"},"inLanguage":"en-US","potentialAction":[{"@type":"ReadAction","target":["https:\/\/aerovision.com.pl\/en\/produkt\/aparatura-yuneec-st16\/"]}]},{"@type":"ImageObject","inLanguage":"en-US","@id":"https:\/\/aerovision.com.pl\/en\/produkt\/aparatura-yuneec-st16\/#primaryimage","url":"https:\/\/aerovision.com.pl\/wp-content\/uploads\/2020\/09\/image-14.png","contentUrl":"https:\/\/aerovision.com.pl\/wp-content\/uploads\/2020\/09\/image-14.png","width":570,"height":570},{"@type":"BreadcrumbList","@id":"https:\/\/aerovision.com.pl\/en\/produkt\/aparatura-yuneec-st16\/#breadcrumb","itemListElement":[{"@type":"ListItem","position":1,"name":"Strona g\u0142\u00f3wna","item":"https:\/\/aerovision.com.pl\/en\/home\/"},{"@type":"ListItem","position":2,"name":"Sklep","item":"https:\/\/aerovision.com.pl\/sklep\/"},{"@type":"ListItem","position":3,"name":"Aparatura Yuneec ST16"}]},{"@type":"WebSite","@id":"https:\/\/aerovision.com.pl\/en\/#website","url":"https:\/\/aerovision.com.pl\/en\/","name":"aerovision","description":"","publisher":{"@id":"https:\/\/aerovision.com.pl\/en\/#organization"},"potentialAction":[{"@type":"SearchAction","target":{"@type":"EntryPoint","urlTemplate":"https:\/\/aerovision.com.pl\/en\/?s={search_term_string}"},"query-input":{"@type":"PropertyValueSpecification","valueRequired":true,"valueName":"search_term_string"}}],"inLanguage":"en-US"},{"@type":"Organization","@id":"https:\/\/aerovision.com.pl\/en\/#organization","name":"aerovision","url":"https:\/\/aerovision.com.pl\/en\/","logo":{"@type":"ImageObject","inLanguage":"en-US","@id":"https:\/\/aerovision.com.pl\/en\/#\/schema\/logo\/image\/","url":"https:\/\/aerovision.com.pl\/wp-content\/uploads\/2025\/03\/cropped-Logo-Aerovision.png","contentUrl":"https:\/\/aerovision.com.pl\/wp-content\/uploads\/2025\/03\/cropped-Logo-Aerovision.png","width":298,"height":242,"caption":"aerovision"},"image":{"@id":"https:\/\/aerovision.com.pl\/en\/#\/schema\/logo\/image\/"}}]}},"_links":{"self":[{"href":"https:\/\/aerovision.com.pl\/en\/wp-json\/wp\/v2\/product\/8374","targetHints":{"allow":["GET"]}}],"collection":[{"href":"https:\/\/aerovision.com.pl\/en\/wp-json\/wp\/v2\/product"}],"about":[{"href":"https:\/\/aerovision.com.pl\/en\/wp-json\/wp\/v2\/types\/product"}],"wp:featuredmedia":[{"embeddable":true,"href":"https:\/\/aerovision.com.pl\/en\/wp-json\/wp\/v2\/media\/10827"}],"wp:attachment":[{"href":"https:\/\/aerovision.com.pl\/en\/wp-json\/wp\/v2\/media?parent=8374"}],"wp:term":[{"taxonomy":"product_brand","embeddable":true,"href":"https:\/\/aerovision.com.pl\/en\/wp-json\/wp\/v2\/product_brand?post=8374"},{"taxonomy":"product_cat","embeddable":true,"href":"https:\/\/aerovision.com.pl\/en\/wp-json\/wp\/v2\/product_cat?post=8374"},{"taxonomy":"product_tag","embeddable":true,"href":"https:\/\/aerovision.com.pl\/en\/wp-json\/wp\/v2\/product_tag?post=8374"}],"curies":[{"name":"wp","href":"https:\/\/api.w.org\/{rel}","templated":true}]}}