{"id":8865,"date":"2020-09-10T23:50:12","date_gmt":"2020-09-10T21:50:12","guid":{"rendered":"https:\/\/aerovision.com.pl\/produkt\/dron-zastepczy-h520cgoet-roczny-abonament\/"},"modified":"2020-09-10T23:50:12","modified_gmt":"2020-09-10T21:50:12","slug":"dron-zastepczy-h520cgoet-roczny-abonament","status":"publish","type":"product","link":"https:\/\/aerovision.com.pl\/en\/produkt\/dron-zastepczy-h520cgoet-roczny-abonament\/","title":{"rendered":"DRON ZAST\u0118PCZY H520+CGOET &#8211; ROCZNY ABONAMENT"},"content":{"rendered":"<h1 style=\"margin:15px 0px;padding:0px;color:rgb(51,51,51);line-height:normal;font-family:Arial;background-color:rgb(255,255,255);text-align:center;\"><img decoding=\"async\" src=\"https:\/\/b2b.aeromind.pl\/data\/include\/cms\/dron-zastepczy\/Dron_zastepczy.png\" border=\"0\" alt=\"Dron zast\u0119pczy H520 aeromind wypozyczalnia dron\u00f3w\" width=\"100%\" style=\"margin:0px;padding:0px;border:none;height:auto;\" \/><\/h1>\n<table style=\"margin:0px auto;padding:0px;border-collapse:collapse;border-spacing:0px;color:rgb(51,51,51);font-family:Arial;font-size:13px;background-color:rgb(255,255,255);width:969.6px;\">\n<tbody style=\"margin:0px;padding:0px;\">\n<tr style=\"margin:0px;padding:0px;\">\n<td style=\"margin:0px;padding:0px;vertical-align:middle;font-size:1em;width:500px;text-align:center;\"><img fetchpriority=\"high\" decoding=\"async\" src=\"https:\/\/b2b.aeromind.pl\/data\/include\/cms\/dron-zastepczy\/Haso2_-_spokj_i_cakowita_ochrona_Twojego_zlecenia.png\" border=\"0\" alt=\"wypo\u017cyczalnia dron\u00f3w rent drone\" width=\"400\" height=\"333\" style=\"margin:0px;padding:0px;border:none;height:auto;\" \/><\/td>\n<td style=\"margin:0px;padding:0px;vertical-align:middle;font-size:1em;width:500px;text-align:center;\">\n<p style=\"margin:15px 0px;padding:0px;color:inherit;line-height:normal;\"><span style=\"margin:0px;padding:0px;font-size:12pt;\">W bran\u017cy profesjonalnych us\u0142ug dronem, niezawodno\u015b\u0107 i ci\u0105g\u0142a dost\u0119pno\u015b\u0107 narz\u0119dzi jest istotnym atutem. Wiemy jakim problemem jest usterka drona gdy w\u0142a\u015bnie trzeba doko\u0144czy\u0107 zlecenie. Aerovision, oficjalny partner marki Yuneec, wychodzi naprzeciw zapotrzebowaniom i daje mo\u017cliwo\u015b\u0107 zabezpieczenia ci\u0105g\u0142o\u015bci Waszej pracy. Posiadacze <a href=\"http:\/\/aerovision.com.pl\/drony\/433-heksakopter-yuneec-h520e-1142347122.html\" target=\"_blank\" style=\"margin:0px;padding:0px;color:rgb(0,144,246);\" rel=\"noreferrer noopener\">H520<\/a> mog\u0105 skorzysta\u0107 z pakietu \u201eDron zast\u0119pczy\u201d na czas ewentualnej naprawy. <\/span><\/p>\n<p style=\"margin:15px 0px;padding:0px;color:inherit;line-height:normal;\"><span style=\"margin:0px;padding:0px;font-size:12pt;\">Oferowana us\u0142uga dedykowana jest dla operator\u00f3w dron\u00f3w Yuneec H520 i wyst\u0119puje w dw\u00f3ch wariantach: abonamentu i wypo\u017cyczenia. Abonament polega na tym, \u017ce u\u017cytkownik op\u0142aca roczn\u0105 sk\u0142adk\u0119, dzi\u0119ki czemu jest on uprawniony do drona zast\u0119pczego na czas naprawy w serwisie producenta (Yuneec Europe) lub autoryzowanych serwisach krajowych. Z wypo\u017cyczenia natomiast mo\u017cna skorzysta\u0107 na bie\u017c\u0105co w zale\u017cno\u015bci od potrzeb, p\u0142ac\u0105c za ka\u017cdy dzie\u0144 u\u017cytkowania drona.<\/span><\/p>\n<\/td>\n<\/tr>\n<\/tbody>\n<\/table>\n<p style=\"margin:15px 0px;padding:0px;color:rgb(51,51,51);line-height:normal;font-family:Arial;font-size:13px;background-color:rgb(255,255,255);\">\n<table style=\"margin:0px auto;padding:0px;border-collapse:collapse;border-spacing:0px;color:rgb(51,51,51);font-family:Arial;font-size:13px;background-color:rgb(255,255,255);width:969.6px;\">\n<tbody style=\"margin:0px;padding:0px;\">\n<tr style=\"margin:0px;padding:0px;\">\n<td style=\"margin:0px;padding:0px;vertical-align:middle;font-size:1em;width:500px;text-align:center;\">\n<p style=\"margin:15px 0px;padding:0px;color:inherit;line-height:normal;text-align:justify;\"><strong style=\"margin:0px;padding:0px;\"><span style=\"margin:0px;padding:0px;font-size:12pt;\">Warunki og\u00f3lne:<\/span><\/strong><\/p>\n<ul style=\"margin:15px 0px;padding:0px 0px 0px 40px;color:inherit;line-height:normal;\">\n<li style=\"margin:0px;padding:0px;text-align:left;\"><span style=\"margin:0px;padding:0px;font-size:12pt;\">dron zast\u0119pczy przys\u0142uguje niezale\u017cnie od tego, czy problem wynik\u0142 z winy sprz\u0119tu, czy z winy  operatora<\/span><\/li>\n<li style=\"margin:0px;padding:0px;text-align:left;\"><span style=\"margin:0px;padding:0px;font-size:12pt;\">naprawa odbywa si\u0119 w serwisie producenta, lub w autoryzowanych krajowych serwisach naprawczych<\/span><\/li>\n<li style=\"margin:0px;padding:0px;text-align:left;\"><span style=\"margin:0px;padding:0px;font-size:12pt;\">naprawa, na czas kt\u00f3rej zostanie udost\u0119pniony dron zast\u0119pczy, musi by\u0107 napraw\u0105 egzemplarza modelu Yuneec H520<\/span><\/li>\n<li style=\"margin:0px;padding:0px;text-align:left;\"><span style=\"margin:0px;padding:0px;font-size:12pt;\">wypo\u017cyczenie drona zast\u0119pczego jest mo\u017cliwe po przedstawieniu numeru RMA serwisu dron zast\u0119pczy jest gotowy do lotu i w pe\u0142ni wyposa\u017cony<\/span><\/li>\n<\/ul>\n<\/td>\n<td style=\"margin:0px;padding:0px;vertical-align:middle;font-size:1em;width:500px;text-align:center;\"><video width=\"300\" height=\"150\" style=\"margin:0px;padding:0px;height:auto;vertical-align:middle;width:482.4px;\"><\/video><\/td>\n<\/tr>\n<\/tbody>\n<\/table>\n<p style=\"margin:15px 0px;padding:0px;color:rgb(51,51,51);line-height:normal;font-family:Arial;font-size:13px;background-color:rgb(255,255,255);\">\n<table style=\"margin:0px auto;padding:0px;border-collapse:collapse;border-spacing:0px;color:rgb(51,51,51);font-family:Arial;font-size:13px;background-color:rgb(255,255,255);width:969.6px;\">\n<tbody style=\"margin:0px;padding:0px;\">\n<tr style=\"margin:0px;padding:0px;\">\n<td style=\"margin:0px;padding:0px;vertical-align:top;font-size:1em;width:500px;text-align:center;\">\n<h1 style=\"margin:15px 0px;padding:0px;color:inherit;line-height:normal;text-align:left;\"><span style=\"margin:0px;padding:0px;font-size:12pt;\">Pakiet \u201eDron zast\u0119pczy\u201c ABONAMENT:<\/span><\/h1>\n<ul style=\"margin:15px 0px;padding:0px 0px 0px 40px;color:inherit;line-height:normal;\">\n<li style=\"margin:0px;padding:0px;text-align:left;\"><span style=\"margin:0px;padding:0px;font-size:12pt;\">op\u0142acenie rocznej sk\u0142adki<\/span><\/li>\n<li style=\"margin:0px;padding:0px;text-align:left;\"><span style=\"margin:0px;padding:0px;font-size:12pt;\">w czasie trwania abonamentu u\u017cytkownik ma prawo do drona zast\u0119pczego bez limitu czasowego<\/span><\/li>\n<\/ul>\n<\/td>\n<td style=\"margin:0px;padding:0px;vertical-align:middle;font-size:1em;width:500px;text-align:center;\">\n<h1 style=\"margin:15px 0px;padding:0px;color:inherit;line-height:normal;text-align:left;\"><span style=\"margin:0px;padding:0px;font-size:12pt;\">Pakiet \u201eDron zast\u0119pczy\u201c WYPO\u017bYCZENIE:<\/span><\/h1>\n<ul style=\"margin:15px 0px;padding:0px 0px 0px 40px;color:inherit;line-height:normal;\">\n<li style=\"margin:0px;padding:0px;text-align:left;\"><span style=\"margin:0px;padding:0px;font-size:12pt;\">przy wypo\u017cyczeniu jednorazowym u\u017cytkownik wypo\u017cycza drona zast\u0119pczego na okre\u015blon\u0105 ilo\u015b\u0107 dni kalendarzowych i ponosi op\u0142at\u0119 za dob\u0119 wypo\u017cyczenia<\/span><\/li>\n<li style=\"margin:0px;padding:0px;text-align:left;\"><span style=\"margin:0px;padding:0px;font-size:12pt;\">ilo\u015b\u0107 dni okre\u015blona jest przy wypo\u017cyczeniu<\/span><\/li>\n<li style=\"margin:0px;padding:0px;text-align:left;\"><span style=\"margin:0px;padding:0px;font-size:12pt;\">przed\u0142u\u017cenie wypo\u017cyczenia jest mo\u017cliwe po indywidualnym uzgodnieniu<\/span><\/li>\n<\/ul>\n<\/td>\n<\/tr>\n<\/tbody>\n<\/table>\n<p style=\"margin:15px 0px;padding:0px;color:rgb(51,51,51);line-height:normal;font-family:Arial;font-size:13px;background-color:rgb(255,255,255);\">\n<p style=\"margin:15px 0px;padding:0px;color:rgb(51,51,51);line-height:normal;font-family:Arial;font-size:13px;background-color:rgb(255,255,255);\"><strong style=\"margin:0px;padding:0px;\">  <span style=\"margin:0px;padding:0px;font-size:12pt;\"><a href=\"https:\/\/aeromind.pl\/product-pol-1764-Yuneec-Typhoon-H520-z-kamera-E90.html\" target=\"_blank\" style=\"margin:0px;padding:0px;color:rgb(0,144,246);\" rel=\"noreferrer noopener\">Zawarto\u015b\u0107 zestawu zast\u0119pczego<\/a>:<\/span><\/strong><\/p>\n<ul style=\"margin:15px 0px;padding:0px 0px 0px 40px;color:rgb(51,51,51);line-height:normal;font-family:Arial;font-size:13px;background-color:rgb(255,255,255);\">\n<li style=\"margin:0px;padding:0px;\"><span style=\"margin:0px;padding:0px;font-size:12pt;\">Dron Yuneec Typhoon H520<\/span><\/li>\n<li style=\"margin:0px;padding:0px;\"><span style=\"margin:0px;padding:0px;font-size:12pt;\">Aparatura steruj\u0105ca ST16S<\/span><\/li>\n<li style=\"margin:0px;padding:0px;\"><span style=\"margin:0px;padding:0px;font-size:12pt;\">Os\u0142ona przeciw s\u0142oneczna<\/span><\/li>\n<li style=\"margin:0px;padding:0px;\"><span style=\"margin:0px;padding:0px;font-size:12pt;\">Szelki do aparatury<\/span><\/li>\n<li style=\"margin:0px;padding:0px;\"><span style=\"margin:0px;padding:0px;font-size:12pt;\">Gimbal z kamer\u0105 CGOET<\/span><\/li>\n<li style=\"margin:0px;padding:0px;\"><span style=\"margin:0px;padding:0px;font-size:12pt;\">Akumulator 5250 mAh (2szt.)<\/span><\/li>\n<li style=\"margin:0px;padding:0px;\"><span style=\"margin:0px;padding:0px;font-size:12pt;\">\u015amig\u0142a 6 szt. + 4 szt. zapasowych<\/span><\/li>\n<li style=\"margin:0px;padding:0px;\"><span style=\"margin:0px;padding:0px;font-size:12pt;\">\u0141adowarka sieciowa<\/span><\/li>\n<li style=\"margin:0px;padding:0px;\"><span style=\"margin:0px;padding:0px;font-size:12pt;\">Adapter samochodowy<\/span><\/li>\n<li style=\"margin:0px;padding:0px;\"><span style=\"margin:0px;padding:0px;font-size:12pt;\">Zasilacz<\/span><\/li>\n<li style=\"margin:0px;padding:0px;\"><span style=\"margin:0px;padding:0px;font-size:12pt;\">Kabel Micro USB<\/span><\/li>\n<li style=\"margin:0px;padding:0px;\"><span style=\"margin:0px;padding:0px;font-size:12pt;\">Karta Micro SD 16 GB<\/span><\/li>\n<\/ul>\n<p style=\"margin:15px 0px;padding:0px;color:rgb(51,51,51);line-height:normal;font-family:Arial;font-size:13px;background-color:rgb(255,255,255);\"> <br style=\"margin:0px;padding:0px;\" \/><br style=\"margin:0px;padding:0px;\" \/><\/p>\n<p style=\"margin:15px 0px;padding:0px;color:rgb(51,51,51);line-height:normal;font-family:Arial;font-size:13px;background-color:rgb(255,255,255);\"><span style=\"margin:0px;padding:0px;font-size:12pt;\">Czas wypo\u017cyczenia:<\/span><\/p>\n<p style=\"margin:15px 0px;padding:0px;color:rgb(51,51,51);line-height:normal;font-family:Arial;font-size:13px;background-color:rgb(255,255,255);\"><span style=\"margin:0px;padding:0px;font-size:12pt;\">&#8211; jednorazowo do 30 dni<\/span><\/p>\n<p style=\"margin:15px 0px;padding:0px;color:rgb(51,51,51);line-height:normal;font-family:Arial;font-size:13px;background-color:rgb(255,255,255);\"><span style=\"margin:0px;padding:0px;font-size:12pt;\">&#8211; w 1 roku do 60 dni<\/span><\/p>\n<p style=\"margin:15px 0px;padding:0px;color:rgb(51,51,51);line-height:normal;font-family:Arial;font-size:13px;background-color:rgb(255,255,255);\"><span style=\"margin:0px;padding:0px;font-size:12pt;\">&#8211; aktywacja us\u0142ugi 14 dni od daty zakupu<\/span><\/p>\n","protected":false},"excerpt":{"rendered":"<p>W bran\u017cy profesjonalnych us\u0142ug dronem, niezawodno\u015b\u0107 i ci\u0105g\u0142a dost\u0119pno\u015b\u0107 narz\u0119dzi jest istotnym atutem. Wiemy jakim problemem jest usterka drona gdy w\u0142a\u015bnie trzeba doko\u0144czy\u0107 zlecenie. Aerovision, oficjalny partner marki Yuneec, wychodzi naprzeciw zapotrzebowaniom i daje mo\u017cliwo\u015b\u0107 zabezpieczenia ci\u0105g\u0142o\u015bci Waszej pracy. Posiadacze H520 mog\u0105 skorzysta\u0107 z pakietu \u201eDron zast\u0119pczy\u201d na czas ewentualnej naprawy. Oferowana us\u0142uga dedykowana jest [&hellip;]<\/p>\n","protected":false},"featured_media":8860,"template":"","meta":{"_acf_changed":false,"inline_featured_image":false},"product_brand":[],"product_cat":[313],"product_tag":[349,355,353,350,356,348],"class_list":{"0":"post-8865","1":"product","2":"type-product","3":"status-publish","4":"has-post-thumbnail","6":"product_cat-uslugi-serwisowe-katalog","7":"product_tag-care","8":"product_tag-dron","9":"product_tag-h520","10":"product_tag-ubezpieczenie","11":"product_tag-usluga","12":"product_tag-zastepczy","14":"first","15":"instock","16":"taxable","17":"shipping-taxable","18":"purchasable","19":"product-type-simple"},"acf":[],"yoast_head":"<!-- This site is optimized with the Yoast SEO plugin v27.4 - https:\/\/yoast.com\/product\/yoast-seo-wordpress\/ -->\n<title>DRON ZAST\u0118PCZY H520+CGOET - ROCZNY ABONAMENT - aerovision<\/title>\n<meta name=\"robots\" content=\"noindex, follow, max-snippet:-1, max-image-preview:large, max-video-preview:-1\" \/>\n<meta property=\"og:locale\" content=\"en_US\" \/>\n<meta property=\"og:type\" content=\"article\" \/>\n<meta property=\"og:title\" content=\"DRON ZAST\u0118PCZY H520+CGOET - ROCZNY ABONAMENT - aerovision\" \/>\n<meta property=\"og:description\" content=\"W bran\u017cy profesjonalnych us\u0142ug dronem, niezawodno\u015b\u0107 i ci\u0105g\u0142a dost\u0119pno\u015b\u0107 narz\u0119dzi jest istotnym atutem. Wiemy jakim problemem jest usterka drona gdy w\u0142a\u015bnie trzeba doko\u0144czy\u0107 zlecenie. Aerovision, oficjalny partner marki Yuneec, wychodzi naprzeciw zapotrzebowaniom i daje mo\u017cliwo\u015b\u0107 zabezpieczenia ci\u0105g\u0142o\u015bci Waszej pracy. Posiadacze H520 mog\u0105 skorzysta\u0107 z pakietu \u201eDron zast\u0119pczy\u201d na czas ewentualnej naprawy. Oferowana us\u0142uga dedykowana jest [&hellip;]\" \/>\n<meta property=\"og:url\" content=\"https:\/\/aerovision.com.pl\/en\/produkt\/dron-zastepczy-h520cgoet-roczny-abonament\/\" \/>\n<meta property=\"og:site_name\" content=\"aerovision\" \/>\n<meta property=\"og:image\" content=\"https:\/\/aerovision.com.pl\/wp-content\/uploads\/2020\/09\/573-DRON-ZASTEPCZY-H520CGOET-ROCZNY-ABONAMENT.jpg\" \/>\n\t<meta property=\"og:image:width\" content=\"600\" \/>\n\t<meta property=\"og:image:height\" content=\"600\" \/>\n\t<meta property=\"og:image:type\" content=\"image\/jpeg\" \/>\n<meta name=\"twitter:card\" content=\"summary_large_image\" \/>\n<meta name=\"twitter:label1\" content=\"Est. reading time\" \/>\n\t<meta name=\"twitter:data1\" content=\"2 minutes\" \/>\n<script type=\"application\/ld+json\" class=\"yoast-schema-graph\">{\"@context\":\"https:\\\/\\\/schema.org\",\"@graph\":[{\"@type\":\"WebPage\",\"@id\":\"https:\\\/\\\/aerovision.com.pl\\\/en\\\/produkt\\\/dron-zastepczy-h520cgoet-roczny-abonament\\\/\",\"url\":\"https:\\\/\\\/aerovision.com.pl\\\/en\\\/produkt\\\/dron-zastepczy-h520cgoet-roczny-abonament\\\/\",\"name\":\"DRON ZAST\u0118PCZY H520+CGOET - ROCZNY ABONAMENT - aerovision\",\"isPartOf\":{\"@id\":\"https:\\\/\\\/aerovision.com.pl\\\/en\\\/#website\"},\"primaryImageOfPage\":{\"@id\":\"https:\\\/\\\/aerovision.com.pl\\\/en\\\/produkt\\\/dron-zastepczy-h520cgoet-roczny-abonament\\\/#primaryimage\"},\"image\":{\"@id\":\"https:\\\/\\\/aerovision.com.pl\\\/en\\\/produkt\\\/dron-zastepczy-h520cgoet-roczny-abonament\\\/#primaryimage\"},\"thumbnailUrl\":\"https:\\\/\\\/aerovision.com.pl\\\/wp-content\\\/uploads\\\/2020\\\/09\\\/573-DRON-ZASTEPCZY-H520CGOET-ROCZNY-ABONAMENT.jpg\",\"datePublished\":\"2020-09-10T21:50:12+00:00\",\"breadcrumb\":{\"@id\":\"https:\\\/\\\/aerovision.com.pl\\\/en\\\/produkt\\\/dron-zastepczy-h520cgoet-roczny-abonament\\\/#breadcrumb\"},\"inLanguage\":\"en-US\",\"potentialAction\":[{\"@type\":\"ReadAction\",\"target\":[\"https:\\\/\\\/aerovision.com.pl\\\/en\\\/produkt\\\/dron-zastepczy-h520cgoet-roczny-abonament\\\/\"]}]},{\"@type\":\"ImageObject\",\"inLanguage\":\"en-US\",\"@id\":\"https:\\\/\\\/aerovision.com.pl\\\/en\\\/produkt\\\/dron-zastepczy-h520cgoet-roczny-abonament\\\/#primaryimage\",\"url\":\"https:\\\/\\\/aerovision.com.pl\\\/wp-content\\\/uploads\\\/2020\\\/09\\\/573-DRON-ZASTEPCZY-H520CGOET-ROCZNY-ABONAMENT.jpg\",\"contentUrl\":\"https:\\\/\\\/aerovision.com.pl\\\/wp-content\\\/uploads\\\/2020\\\/09\\\/573-DRON-ZASTEPCZY-H520CGOET-ROCZNY-ABONAMENT.jpg\",\"width\":600,\"height\":600,\"caption\":\"DRON ZAST\u0118PCZY H520+CGOET - ROCZNY ABONAMENT\"},{\"@type\":\"BreadcrumbList\",\"@id\":\"https:\\\/\\\/aerovision.com.pl\\\/en\\\/produkt\\\/dron-zastepczy-h520cgoet-roczny-abonament\\\/#breadcrumb\",\"itemListElement\":[{\"@type\":\"ListItem\",\"position\":1,\"name\":\"Strona g\u0142\u00f3wna\",\"item\":\"https:\\\/\\\/aerovision.com.pl\\\/en\\\/home\\\/\"},{\"@type\":\"ListItem\",\"position\":2,\"name\":\"Sklep\",\"item\":\"https:\\\/\\\/aerovision.com.pl\\\/sklep\\\/\"},{\"@type\":\"ListItem\",\"position\":3,\"name\":\"DRON ZAST\u0118PCZY H520+CGOET &#8211; ROCZNY ABONAMENT\"}]},{\"@type\":\"WebSite\",\"@id\":\"https:\\\/\\\/aerovision.com.pl\\\/en\\\/#website\",\"url\":\"https:\\\/\\\/aerovision.com.pl\\\/en\\\/\",\"name\":\"aerovision\",\"description\":\"\",\"publisher\":{\"@id\":\"https:\\\/\\\/aerovision.com.pl\\\/en\\\/#organization\"},\"potentialAction\":[{\"@type\":\"SearchAction\",\"target\":{\"@type\":\"EntryPoint\",\"urlTemplate\":\"https:\\\/\\\/aerovision.com.pl\\\/en\\\/?s={search_term_string}\"},\"query-input\":{\"@type\":\"PropertyValueSpecification\",\"valueRequired\":true,\"valueName\":\"search_term_string\"}}],\"inLanguage\":\"en-US\"},{\"@type\":\"Organization\",\"@id\":\"https:\\\/\\\/aerovision.com.pl\\\/en\\\/#organization\",\"name\":\"aerovision\",\"url\":\"https:\\\/\\\/aerovision.com.pl\\\/en\\\/\",\"logo\":{\"@type\":\"ImageObject\",\"inLanguage\":\"en-US\",\"@id\":\"https:\\\/\\\/aerovision.com.pl\\\/en\\\/#\\\/schema\\\/logo\\\/image\\\/\",\"url\":\"https:\\\/\\\/aerovision.com.pl\\\/wp-content\\\/uploads\\\/2025\\\/03\\\/cropped-Logo-Aerovision.png\",\"contentUrl\":\"https:\\\/\\\/aerovision.com.pl\\\/wp-content\\\/uploads\\\/2025\\\/03\\\/cropped-Logo-Aerovision.png\",\"width\":298,\"height\":242,\"caption\":\"aerovision\"},\"image\":{\"@id\":\"https:\\\/\\\/aerovision.com.pl\\\/en\\\/#\\\/schema\\\/logo\\\/image\\\/\"}}]}<\/script>\n<!-- \/ Yoast SEO plugin. -->","yoast_head_json":{"title":"DRON ZAST\u0118PCZY H520+CGOET - ROCZNY ABONAMENT - aerovision","robots":{"index":"noindex","follow":"follow","max-snippet":"max-snippet:-1","max-image-preview":"max-image-preview:large","max-video-preview":"max-video-preview:-1"},"og_locale":"en_US","og_type":"article","og_title":"DRON ZAST\u0118PCZY H520+CGOET - ROCZNY ABONAMENT - aerovision","og_description":"W bran\u017cy profesjonalnych us\u0142ug dronem, niezawodno\u015b\u0107 i ci\u0105g\u0142a dost\u0119pno\u015b\u0107 narz\u0119dzi jest istotnym atutem. Wiemy jakim problemem jest usterka drona gdy w\u0142a\u015bnie trzeba doko\u0144czy\u0107 zlecenie. Aerovision, oficjalny partner marki Yuneec, wychodzi naprzeciw zapotrzebowaniom i daje mo\u017cliwo\u015b\u0107 zabezpieczenia ci\u0105g\u0142o\u015bci Waszej pracy. Posiadacze H520 mog\u0105 skorzysta\u0107 z pakietu \u201eDron zast\u0119pczy\u201d na czas ewentualnej naprawy. Oferowana us\u0142uga dedykowana jest [&hellip;]","og_url":"https:\/\/aerovision.com.pl\/en\/produkt\/dron-zastepczy-h520cgoet-roczny-abonament\/","og_site_name":"aerovision","og_image":[{"width":600,"height":600,"url":"https:\/\/aerovision.com.pl\/wp-content\/uploads\/2020\/09\/573-DRON-ZASTEPCZY-H520CGOET-ROCZNY-ABONAMENT.jpg","type":"image\/jpeg"}],"twitter_card":"summary_large_image","twitter_misc":{"Est. reading time":"2 minutes"},"schema":{"@context":"https:\/\/schema.org","@graph":[{"@type":"WebPage","@id":"https:\/\/aerovision.com.pl\/en\/produkt\/dron-zastepczy-h520cgoet-roczny-abonament\/","url":"https:\/\/aerovision.com.pl\/en\/produkt\/dron-zastepczy-h520cgoet-roczny-abonament\/","name":"DRON ZAST\u0118PCZY H520+CGOET - ROCZNY ABONAMENT - aerovision","isPartOf":{"@id":"https:\/\/aerovision.com.pl\/en\/#website"},"primaryImageOfPage":{"@id":"https:\/\/aerovision.com.pl\/en\/produkt\/dron-zastepczy-h520cgoet-roczny-abonament\/#primaryimage"},"image":{"@id":"https:\/\/aerovision.com.pl\/en\/produkt\/dron-zastepczy-h520cgoet-roczny-abonament\/#primaryimage"},"thumbnailUrl":"https:\/\/aerovision.com.pl\/wp-content\/uploads\/2020\/09\/573-DRON-ZASTEPCZY-H520CGOET-ROCZNY-ABONAMENT.jpg","datePublished":"2020-09-10T21:50:12+00:00","breadcrumb":{"@id":"https:\/\/aerovision.com.pl\/en\/produkt\/dron-zastepczy-h520cgoet-roczny-abonament\/#breadcrumb"},"inLanguage":"en-US","potentialAction":[{"@type":"ReadAction","target":["https:\/\/aerovision.com.pl\/en\/produkt\/dron-zastepczy-h520cgoet-roczny-abonament\/"]}]},{"@type":"ImageObject","inLanguage":"en-US","@id":"https:\/\/aerovision.com.pl\/en\/produkt\/dron-zastepczy-h520cgoet-roczny-abonament\/#primaryimage","url":"https:\/\/aerovision.com.pl\/wp-content\/uploads\/2020\/09\/573-DRON-ZASTEPCZY-H520CGOET-ROCZNY-ABONAMENT.jpg","contentUrl":"https:\/\/aerovision.com.pl\/wp-content\/uploads\/2020\/09\/573-DRON-ZASTEPCZY-H520CGOET-ROCZNY-ABONAMENT.jpg","width":600,"height":600,"caption":"DRON ZAST\u0118PCZY H520+CGOET - ROCZNY ABONAMENT"},{"@type":"BreadcrumbList","@id":"https:\/\/aerovision.com.pl\/en\/produkt\/dron-zastepczy-h520cgoet-roczny-abonament\/#breadcrumb","itemListElement":[{"@type":"ListItem","position":1,"name":"Strona g\u0142\u00f3wna","item":"https:\/\/aerovision.com.pl\/en\/home\/"},{"@type":"ListItem","position":2,"name":"Sklep","item":"https:\/\/aerovision.com.pl\/sklep\/"},{"@type":"ListItem","position":3,"name":"DRON ZAST\u0118PCZY H520+CGOET &#8211; ROCZNY ABONAMENT"}]},{"@type":"WebSite","@id":"https:\/\/aerovision.com.pl\/en\/#website","url":"https:\/\/aerovision.com.pl\/en\/","name":"aerovision","description":"","publisher":{"@id":"https:\/\/aerovision.com.pl\/en\/#organization"},"potentialAction":[{"@type":"SearchAction","target":{"@type":"EntryPoint","urlTemplate":"https:\/\/aerovision.com.pl\/en\/?s={search_term_string}"},"query-input":{"@type":"PropertyValueSpecification","valueRequired":true,"valueName":"search_term_string"}}],"inLanguage":"en-US"},{"@type":"Organization","@id":"https:\/\/aerovision.com.pl\/en\/#organization","name":"aerovision","url":"https:\/\/aerovision.com.pl\/en\/","logo":{"@type":"ImageObject","inLanguage":"en-US","@id":"https:\/\/aerovision.com.pl\/en\/#\/schema\/logo\/image\/","url":"https:\/\/aerovision.com.pl\/wp-content\/uploads\/2025\/03\/cropped-Logo-Aerovision.png","contentUrl":"https:\/\/aerovision.com.pl\/wp-content\/uploads\/2025\/03\/cropped-Logo-Aerovision.png","width":298,"height":242,"caption":"aerovision"},"image":{"@id":"https:\/\/aerovision.com.pl\/en\/#\/schema\/logo\/image\/"}}]}},"_links":{"self":[{"href":"https:\/\/aerovision.com.pl\/en\/wp-json\/wp\/v2\/product\/8865","targetHints":{"allow":["GET"]}}],"collection":[{"href":"https:\/\/aerovision.com.pl\/en\/wp-json\/wp\/v2\/product"}],"about":[{"href":"https:\/\/aerovision.com.pl\/en\/wp-json\/wp\/v2\/types\/product"}],"wp:featuredmedia":[{"embeddable":true,"href":"https:\/\/aerovision.com.pl\/en\/wp-json\/wp\/v2\/media\/8860"}],"wp:attachment":[{"href":"https:\/\/aerovision.com.pl\/en\/wp-json\/wp\/v2\/media?parent=8865"}],"wp:term":[{"taxonomy":"product_brand","embeddable":true,"href":"https:\/\/aerovision.com.pl\/en\/wp-json\/wp\/v2\/product_brand?post=8865"},{"taxonomy":"product_cat","embeddable":true,"href":"https:\/\/aerovision.com.pl\/en\/wp-json\/wp\/v2\/product_cat?post=8865"},{"taxonomy":"product_tag","embeddable":true,"href":"https:\/\/aerovision.com.pl\/en\/wp-json\/wp\/v2\/product_tag?post=8865"}],"curies":[{"name":"wp","href":"https:\/\/api.w.org\/{rel}","templated":true}]}}