{"id":8900,"date":"2020-09-10T23:50:34","date_gmt":"2020-09-10T21:50:34","guid":{"rendered":"https:\/\/aerovision.com.pl\/produkt\/agisoft-metashape-professional-plywajaca-licencja-floating-license\/"},"modified":"2025-03-05T11:55:13","modified_gmt":"2025-03-05T10:55:13","slug":"agisoft-metashape-professional-plywajaca-licencja-floating-license","status":"publish","type":"product","link":"https:\/\/aerovision.com.pl\/en\/produkt\/agisoft-metashape-professional-plywajaca-licencja-floating-license\/","title":{"rendered":"Agisoft Metashape Professional P\u0142ywaj\u0105ca licencja (Floating License)"},"content":{"rendered":"<p>Profesjonalne oprogramowanie fotogrametryczne do mapowania i skanowania 3D; licencja umo\u017cliwiaj\u0105ca instalacj\u0119 na dowolnej liczbie komputer\u00f3w przy jednoczesnej pracy na jednym stanowisku.<\/p>\n","protected":false},"excerpt":{"rendered":"<p>Profesjonalne oprogramowanie fotogrametryczne do mapowania i skanowania 3D; licencja umo\u017cliwiaj\u0105ca instalacj\u0119 na dowolnej liczbie komputer\u00f3w przy jednoczesnej pracy na jednym stanowisku.<\/p>\n","protected":false},"featured_media":8899,"template":"","meta":{"_acf_changed":false,"inline_featured_image":false},"product_brand":[],"product_cat":[132,130,314],"product_tag":[],"class_list":{"0":"post-8900","1":"product","2":"type-product","3":"status-publish","4":"has-post-thumbnail","6":"product_cat-agisoft","7":"product_cat-marki","8":"product_cat-oprogramowanie-katalog","10":"first","11":"outofstock","12":"taxable","13":"shipping-taxable","14":"purchasable","15":"product-type-simple"},"acf":[],"yoast_head":"<!-- This site is optimized with the Yoast SEO plugin v27.4 - https:\/\/yoast.com\/product\/yoast-seo-wordpress\/ -->\n<title>Agisoft Metashape Professional P\u0142ywaj\u0105ca licencja (Floating License) - aerovision<\/title>\n<meta name=\"robots\" content=\"noindex, follow, max-snippet:-1, max-image-preview:large, max-video-preview:-1\" \/>\n<meta property=\"og:locale\" content=\"en_US\" \/>\n<meta property=\"og:type\" content=\"article\" \/>\n<meta property=\"og:title\" content=\"Agisoft Metashape Professional P\u0142ywaj\u0105ca licencja (Floating License) - aerovision\" \/>\n<meta property=\"og:description\" content=\"Profesjonalne oprogramowanie fotogrametryczne do mapowania i skanowania 3D; licencja umo\u017cliwiaj\u0105ca instalacj\u0119 na dowolnej liczbie komputer\u00f3w przy jednoczesnej pracy na jednym stanowisku.\" \/>\n<meta property=\"og:url\" content=\"https:\/\/aerovision.com.pl\/en\/produkt\/agisoft-metashape-professional-plywajaca-licencja-floating-license\/\" \/>\n<meta property=\"og:site_name\" content=\"aerovision\" \/>\n<meta property=\"article:modified_time\" content=\"2025-03-05T10:55:13+00:00\" \/>\n<meta property=\"og:image\" content=\"https:\/\/aerovision.com.pl\/wp-content\/uploads\/2020\/09\/620-Agisoft-Metashape-Professional-Plywajaca-licencja-Floating-License.jpg\" \/>\n\t<meta property=\"og:image:width\" content=\"211\" \/>\n\t<meta property=\"og:image:height\" content=\"170\" \/>\n\t<meta property=\"og:image:type\" content=\"image\/jpeg\" \/>\n<meta name=\"twitter:card\" content=\"summary_large_image\" \/>\n<script type=\"application\/ld+json\" class=\"yoast-schema-graph\">{\"@context\":\"https:\\\/\\\/schema.org\",\"@graph\":[{\"@type\":\"WebPage\",\"@id\":\"https:\\\/\\\/aerovision.com.pl\\\/en\\\/produkt\\\/agisoft-metashape-professional-plywajaca-licencja-floating-license\\\/\",\"url\":\"https:\\\/\\\/aerovision.com.pl\\\/en\\\/produkt\\\/agisoft-metashape-professional-plywajaca-licencja-floating-license\\\/\",\"name\":\"Agisoft Metashape Professional P\u0142ywaj\u0105ca licencja (Floating License) - aerovision\",\"isPartOf\":{\"@id\":\"https:\\\/\\\/aerovision.com.pl\\\/en\\\/#website\"},\"primaryImageOfPage\":{\"@id\":\"https:\\\/\\\/aerovision.com.pl\\\/en\\\/produkt\\\/agisoft-metashape-professional-plywajaca-licencja-floating-license\\\/#primaryimage\"},\"image\":{\"@id\":\"https:\\\/\\\/aerovision.com.pl\\\/en\\\/produkt\\\/agisoft-metashape-professional-plywajaca-licencja-floating-license\\\/#primaryimage\"},\"thumbnailUrl\":\"https:\\\/\\\/aerovision.com.pl\\\/wp-content\\\/uploads\\\/2020\\\/09\\\/620-Agisoft-Metashape-Professional-Plywajaca-licencja-Floating-License.jpg\",\"datePublished\":\"2020-09-10T21:50:34+00:00\",\"dateModified\":\"2025-03-05T10:55:13+00:00\",\"breadcrumb\":{\"@id\":\"https:\\\/\\\/aerovision.com.pl\\\/en\\\/produkt\\\/agisoft-metashape-professional-plywajaca-licencja-floating-license\\\/#breadcrumb\"},\"inLanguage\":\"en-US\",\"potentialAction\":[{\"@type\":\"ReadAction\",\"target\":[\"https:\\\/\\\/aerovision.com.pl\\\/en\\\/produkt\\\/agisoft-metashape-professional-plywajaca-licencja-floating-license\\\/\"]}]},{\"@type\":\"ImageObject\",\"inLanguage\":\"en-US\",\"@id\":\"https:\\\/\\\/aerovision.com.pl\\\/en\\\/produkt\\\/agisoft-metashape-professional-plywajaca-licencja-floating-license\\\/#primaryimage\",\"url\":\"https:\\\/\\\/aerovision.com.pl\\\/wp-content\\\/uploads\\\/2020\\\/09\\\/620-Agisoft-Metashape-Professional-Plywajaca-licencja-Floating-License.jpg\",\"contentUrl\":\"https:\\\/\\\/aerovision.com.pl\\\/wp-content\\\/uploads\\\/2020\\\/09\\\/620-Agisoft-Metashape-Professional-Plywajaca-licencja-Floating-License.jpg\",\"width\":211,\"height\":170,\"caption\":\"Agisoft Metashape Professional P\u0142ywaj\u0105ca licencja (Floating License)\"},{\"@type\":\"BreadcrumbList\",\"@id\":\"https:\\\/\\\/aerovision.com.pl\\\/en\\\/produkt\\\/agisoft-metashape-professional-plywajaca-licencja-floating-license\\\/#breadcrumb\",\"itemListElement\":[{\"@type\":\"ListItem\",\"position\":1,\"name\":\"Strona g\u0142\u00f3wna\",\"item\":\"https:\\\/\\\/aerovision.com.pl\\\/en\\\/home\\\/\"},{\"@type\":\"ListItem\",\"position\":2,\"name\":\"Sklep\",\"item\":\"https:\\\/\\\/aerovision.com.pl\\\/sklep\\\/\"},{\"@type\":\"ListItem\",\"position\":3,\"name\":\"Agisoft Metashape Professional P\u0142ywaj\u0105ca licencja (Floating License)\"}]},{\"@type\":\"WebSite\",\"@id\":\"https:\\\/\\\/aerovision.com.pl\\\/en\\\/#website\",\"url\":\"https:\\\/\\\/aerovision.com.pl\\\/en\\\/\",\"name\":\"aerovision\",\"description\":\"\",\"publisher\":{\"@id\":\"https:\\\/\\\/aerovision.com.pl\\\/en\\\/#organization\"},\"potentialAction\":[{\"@type\":\"SearchAction\",\"target\":{\"@type\":\"EntryPoint\",\"urlTemplate\":\"https:\\\/\\\/aerovision.com.pl\\\/en\\\/?s={search_term_string}\"},\"query-input\":{\"@type\":\"PropertyValueSpecification\",\"valueRequired\":true,\"valueName\":\"search_term_string\"}}],\"inLanguage\":\"en-US\"},{\"@type\":\"Organization\",\"@id\":\"https:\\\/\\\/aerovision.com.pl\\\/en\\\/#organization\",\"name\":\"aerovision\",\"url\":\"https:\\\/\\\/aerovision.com.pl\\\/en\\\/\",\"logo\":{\"@type\":\"ImageObject\",\"inLanguage\":\"en-US\",\"@id\":\"https:\\\/\\\/aerovision.com.pl\\\/en\\\/#\\\/schema\\\/logo\\\/image\\\/\",\"url\":\"https:\\\/\\\/aerovision.com.pl\\\/wp-content\\\/uploads\\\/2025\\\/03\\\/cropped-Logo-Aerovision.png\",\"contentUrl\":\"https:\\\/\\\/aerovision.com.pl\\\/wp-content\\\/uploads\\\/2025\\\/03\\\/cropped-Logo-Aerovision.png\",\"width\":298,\"height\":242,\"caption\":\"aerovision\"},\"image\":{\"@id\":\"https:\\\/\\\/aerovision.com.pl\\\/en\\\/#\\\/schema\\\/logo\\\/image\\\/\"}}]}<\/script>\n<!-- \/ Yoast SEO plugin. -->","yoast_head_json":{"title":"Agisoft Metashape Professional P\u0142ywaj\u0105ca licencja (Floating License) - aerovision","robots":{"index":"noindex","follow":"follow","max-snippet":"max-snippet:-1","max-image-preview":"max-image-preview:large","max-video-preview":"max-video-preview:-1"},"og_locale":"en_US","og_type":"article","og_title":"Agisoft Metashape Professional P\u0142ywaj\u0105ca licencja (Floating License) - aerovision","og_description":"Profesjonalne oprogramowanie fotogrametryczne do mapowania i skanowania 3D; licencja umo\u017cliwiaj\u0105ca instalacj\u0119 na dowolnej liczbie komputer\u00f3w przy jednoczesnej pracy na jednym stanowisku.","og_url":"https:\/\/aerovision.com.pl\/en\/produkt\/agisoft-metashape-professional-plywajaca-licencja-floating-license\/","og_site_name":"aerovision","article_modified_time":"2025-03-05T10:55:13+00:00","og_image":[{"width":211,"height":170,"url":"https:\/\/aerovision.com.pl\/wp-content\/uploads\/2020\/09\/620-Agisoft-Metashape-Professional-Plywajaca-licencja-Floating-License.jpg","type":"image\/jpeg"}],"twitter_card":"summary_large_image","schema":{"@context":"https:\/\/schema.org","@graph":[{"@type":"WebPage","@id":"https:\/\/aerovision.com.pl\/en\/produkt\/agisoft-metashape-professional-plywajaca-licencja-floating-license\/","url":"https:\/\/aerovision.com.pl\/en\/produkt\/agisoft-metashape-professional-plywajaca-licencja-floating-license\/","name":"Agisoft Metashape Professional P\u0142ywaj\u0105ca licencja (Floating License) - aerovision","isPartOf":{"@id":"https:\/\/aerovision.com.pl\/en\/#website"},"primaryImageOfPage":{"@id":"https:\/\/aerovision.com.pl\/en\/produkt\/agisoft-metashape-professional-plywajaca-licencja-floating-license\/#primaryimage"},"image":{"@id":"https:\/\/aerovision.com.pl\/en\/produkt\/agisoft-metashape-professional-plywajaca-licencja-floating-license\/#primaryimage"},"thumbnailUrl":"https:\/\/aerovision.com.pl\/wp-content\/uploads\/2020\/09\/620-Agisoft-Metashape-Professional-Plywajaca-licencja-Floating-License.jpg","datePublished":"2020-09-10T21:50:34+00:00","dateModified":"2025-03-05T10:55:13+00:00","breadcrumb":{"@id":"https:\/\/aerovision.com.pl\/en\/produkt\/agisoft-metashape-professional-plywajaca-licencja-floating-license\/#breadcrumb"},"inLanguage":"en-US","potentialAction":[{"@type":"ReadAction","target":["https:\/\/aerovision.com.pl\/en\/produkt\/agisoft-metashape-professional-plywajaca-licencja-floating-license\/"]}]},{"@type":"ImageObject","inLanguage":"en-US","@id":"https:\/\/aerovision.com.pl\/en\/produkt\/agisoft-metashape-professional-plywajaca-licencja-floating-license\/#primaryimage","url":"https:\/\/aerovision.com.pl\/wp-content\/uploads\/2020\/09\/620-Agisoft-Metashape-Professional-Plywajaca-licencja-Floating-License.jpg","contentUrl":"https:\/\/aerovision.com.pl\/wp-content\/uploads\/2020\/09\/620-Agisoft-Metashape-Professional-Plywajaca-licencja-Floating-License.jpg","width":211,"height":170,"caption":"Agisoft Metashape Professional P\u0142ywaj\u0105ca licencja (Floating License)"},{"@type":"BreadcrumbList","@id":"https:\/\/aerovision.com.pl\/en\/produkt\/agisoft-metashape-professional-plywajaca-licencja-floating-license\/#breadcrumb","itemListElement":[{"@type":"ListItem","position":1,"name":"Strona g\u0142\u00f3wna","item":"https:\/\/aerovision.com.pl\/en\/home\/"},{"@type":"ListItem","position":2,"name":"Sklep","item":"https:\/\/aerovision.com.pl\/sklep\/"},{"@type":"ListItem","position":3,"name":"Agisoft Metashape Professional P\u0142ywaj\u0105ca licencja (Floating License)"}]},{"@type":"WebSite","@id":"https:\/\/aerovision.com.pl\/en\/#website","url":"https:\/\/aerovision.com.pl\/en\/","name":"aerovision","description":"","publisher":{"@id":"https:\/\/aerovision.com.pl\/en\/#organization"},"potentialAction":[{"@type":"SearchAction","target":{"@type":"EntryPoint","urlTemplate":"https:\/\/aerovision.com.pl\/en\/?s={search_term_string}"},"query-input":{"@type":"PropertyValueSpecification","valueRequired":true,"valueName":"search_term_string"}}],"inLanguage":"en-US"},{"@type":"Organization","@id":"https:\/\/aerovision.com.pl\/en\/#organization","name":"aerovision","url":"https:\/\/aerovision.com.pl\/en\/","logo":{"@type":"ImageObject","inLanguage":"en-US","@id":"https:\/\/aerovision.com.pl\/en\/#\/schema\/logo\/image\/","url":"https:\/\/aerovision.com.pl\/wp-content\/uploads\/2025\/03\/cropped-Logo-Aerovision.png","contentUrl":"https:\/\/aerovision.com.pl\/wp-content\/uploads\/2025\/03\/cropped-Logo-Aerovision.png","width":298,"height":242,"caption":"aerovision"},"image":{"@id":"https:\/\/aerovision.com.pl\/en\/#\/schema\/logo\/image\/"}}]}},"_links":{"self":[{"href":"https:\/\/aerovision.com.pl\/en\/wp-json\/wp\/v2\/product\/8900","targetHints":{"allow":["GET"]}}],"collection":[{"href":"https:\/\/aerovision.com.pl\/en\/wp-json\/wp\/v2\/product"}],"about":[{"href":"https:\/\/aerovision.com.pl\/en\/wp-json\/wp\/v2\/types\/product"}],"wp:featuredmedia":[{"embeddable":true,"href":"https:\/\/aerovision.com.pl\/en\/wp-json\/wp\/v2\/media\/8899"}],"wp:attachment":[{"href":"https:\/\/aerovision.com.pl\/en\/wp-json\/wp\/v2\/media?parent=8900"}],"wp:term":[{"taxonomy":"product_brand","embeddable":true,"href":"https:\/\/aerovision.com.pl\/en\/wp-json\/wp\/v2\/product_brand?post=8900"},{"taxonomy":"product_cat","embeddable":true,"href":"https:\/\/aerovision.com.pl\/en\/wp-json\/wp\/v2\/product_cat?post=8900"},{"taxonomy":"product_tag","embeddable":true,"href":"https:\/\/aerovision.com.pl\/en\/wp-json\/wp\/v2\/product_tag?post=8900"}],"curies":[{"name":"wp","href":"https:\/\/api.w.org\/{rel}","templated":true}]}}