{"id":8999,"date":"2020-09-10T23:58:19","date_gmt":"2020-09-10T21:58:19","guid":{"rendered":"https:\/\/aerovision.com.pl\/produkt\/rozszerzona-gwarancja-powervision-1-rok\/"},"modified":"2025-03-07T14:24:07","modified_gmt":"2025-03-07T13:24:07","slug":"rozszerzona-gwarancja-powervision-1-rok","status":"publish","type":"product","link":"https:\/\/aerovision.com.pl\/en\/produkt\/rozszerzona-gwarancja-powervision-1-rok\/","title":{"rendered":"Rozszerzona gwarancja PowerVision &#8211; 1 rok"},"content":{"rendered":"<p style=\"margin:15px 0px;padding:0px;color:#333333;line-height:normal;font-family:Arial;font-size:13px;background-color:#ffffff;\"><span style=\"margin:0px;padding:0px;font-size:36pt;font-family:arial, helvetica, sans-serif;\">BEZ WZGL\u0118DU NA TO, CO SI\u0118 STA\u0141O &#8211; <strong><span style=\"margin:0px;padding:0px;color:#000000;\">NAPRAWIMY TO!<\/span><\/strong><\/span><\/p>\n<p style=\"margin:15px 0px;padding:0px;color:#333333;line-height:normal;font-family:Arial;font-size:13px;background-color:#ffffff;\"><span style=\"margin:0px;padding:0px;font-size:10pt;font-family:arial, helvetica, sans-serif;\">PowerCare daje Ci ca\u0142y rok spokoju. Bez wzgl\u0119du na to jak bardzo Tw\u00f3j dron jest uszkodzony, naprawimy go. A co je\u015bli urz\u0105dzenie zostanie ca\u0142kowicie zniszczone? Je\u015bli nie da si\u0119 go naprawi\u0107, to wymienimy je na dzia\u0142aj\u0105ce!<\/span><\/p>\n<p style=\"margin:15px 0px;padding:0px;color:#333333;line-height:normal;font-family:Arial;font-size:13px;background-color:#ffffff;\"><span style=\"margin:0px;padding:0px;font-size:10pt;font-family:arial, helvetica, sans-serif;\">W pakiecie PowerCare uwzgl\u0119dnione zosta\u0142y wszystkie podatki oraz op\u0142aty transportowe w UE (logistyka za po\u015brednictwem firmy spedycyjnej UPS).<\/span><\/p>\n<p style=\"margin:15px 0px;padding:0px;color:#333333;line-height:normal;font-family:Arial;font-size:13px;background-color:#ffffff;\">\n<p style=\"margin:15px 0px;padding:0px;color:#333333;line-height:normal;font-family:Arial;font-size:13px;background-color:#ffffff;\"><span style=\"margin:0px;padding:0px;font-size:36pt;font-family:arial, helvetica, sans-serif;\">Przez ca\u0142y okres trwania rocznego pakietu PowerCare przys\u0142uguje Ci prawo do:<\/span><\/p>\n<p><span style=\"margin:0px;padding:0px;font-size:10pt;font-family:arial, helvetica, sans-serif;\">&#8211; niezale\u017cnej od rozleg\u0142o\u015bci uszkodze\u0144: <\/span><\/p>\n<ul>\n<li>pierwszej pe\u0142nej naprawy\/wymiany w cenie 199 EUR <\/li>\n<li>drugiej pe\u0142nej naprawy\/wymiany w cenie: 299 EUR<\/li>\n<\/ul>\n<p><span style=\"margin:0px;padding:0px;font-size:10pt;font-family:arial, helvetica, sans-serif;\">&#8211; jednego przegl\u0105du technicznego w cenie <\/span><span style=\"margin:0px;padding:0px;font-size:10pt;font-family:arial, helvetica, sans-serif;\">99 EUR (zamiast 199 EUR)<br style=\"margin:0px;padding:0px;\" \/><\/span><\/p>\n<p style=\"margin:15px 0px;padding:0px;color:#333333;line-height:normal;font-family:Arial;font-size:13px;background-color:#ffffff;\">\n<p style=\"margin:15px 0px;padding:0px;color:#333333;line-height:normal;font-family:Arial;font-size:13px;background-color:#ffffff;text-align:center;\"><span style=\"margin:0px;padding:0px;font-size:36pt;font-family:arial, helvetica, sans-serif;\">Pakiet PowerCare w pigu\u0142ce:<br style=\"margin:0px;padding:0px;\" \/><\/span><\/p>\n<p style=\"margin:15px 0px;padding:0px;color:#333333;line-height:normal;font-family:Arial;font-size:13px;background-color:#ffffff;\">\n<table style=\"margin:0px auto;padding:0px;border-collapse:collapse;border-spacing:0px;color:#333333;font-family:Arial;font-size:13px;background-color:#ffffff;width:100%;\">\n<tbody style=\"margin:0px;padding:0px;\">\n<tr style=\"margin:0px;padding:0px;\">\n<td style=\"margin:0px;padding:0px;vertical-align:top;font-size:1em;width:250px;\">\n<p style=\"margin:15px 0px;padding:0px;color:inherit;line-height:normal;text-align:justify;\">                 <img decoding=\"async\" src=\"https:\/\/aeromind.pl\/data\/include\/cms\/PowerVision\/Extended-warranty\/1_year.png\" border=\"0\" width=\"40%\" style=\"margin-top:0px;margin-bottom:0px;padding:0px;border:none;height:auto;\" alt=\"1_year.png\" \/><\/p>\n<p style=\"margin:15px 0px;padding:0px;color:inherit;line-height:normal;text-align:justify;\"><span style=\"margin:0px;padding:0px;color:#ff0000;\"><strong style=\"margin:0px;padding:0px;\"><span style=\"margin:0px;padding:0px;font-family:arial, helvetica, sans-serif;font-size:10pt;\">ZANURKUJ W OCEANIE SPOKOJU<\/span><\/strong><\/span><\/p>\n<p style=\"margin:15px 0px;padding:0px;color:inherit;line-height:normal;text-align:justify;\"><span style=\"margin:0px;padding:0px;font-family:arial, helvetica, sans-serif;font-size:10pt;\">PowerCare daje Ci ca\u0142y rok spokoju; je\u015bli co\u015b stanie si\u0119 z Twoim dronem &#8211; my si\u0119 tym zajmiemy. Bez wzgl\u0119du na uszkodzenia, naprawimy Twojego drona, a je\u015bli naprawa b\u0119dzie niemo\u017cliwa, to wymienimy go na sprawny egzemplarz.<br style=\"margin:0px;padding:0px;\" \/><\/span><\/p>\n<p style=\"margin:15px 0px;padding:0px;color:inherit;line-height:normal;text-align:justify;\"><span style=\"margin:0px;padding:0px;font-family:arial, helvetica, sans-serif;font-size:10pt;\">Cena PowerCare zawiera ju\u017c wszystkie podatki oraz op\u0142aty transportowe w UE (logistyka za po\u015brednictwem firmy spedycyjnej UPS).<\/span><\/p>\n<\/td>\n<td style=\"margin:0px;padding:0px;vertical-align:top;font-size:1em;width:50px;\"> <\/td>\n<td style=\"margin:0px;padding:0px;vertical-align:top;font-size:1em;width:250px;\">\n<p style=\"margin:15px 0px;padding:0px;color:inherit;line-height:normal;\"><span style=\"margin:0px;padding:0px;color:#ff0000;\"><strong style=\"margin:0px;padding:0px;\"><span style=\"margin:0px;padding:0px;font-family:arial, helvetica, sans-serif;font-size:10pt;\">                   <img decoding=\"async\" src=\"https:\/\/aeromind.pl\/data\/include\/cms\/PowerVision\/Extended-warranty\/you_are_covered.png?v=1582896573190\" border=\"0\" width=\"40%\" style=\"margin-top:0px;margin-bottom:0px;padding:0px;border:none;height:auto;\" alt=\"you_are_covered.png?v=1582896573190\" \/><\/span><\/strong><\/span><\/p>\n<p style=\"margin:15px 0px;padding:0px;color:inherit;line-height:normal;\"><span style=\"margin:0px;padding:0px;color:#ff0000;\"><strong style=\"margin:0px;padding:0px;\"><span style=\"margin:0px;padding:0px;font-family:arial, helvetica, sans-serif;font-size:10pt;\">               JESTE\u015a KRYTY!<\/span><\/strong><\/span><\/p>\n<p style=\"margin:15px 0px;padding:0px;color:inherit;line-height:normal;\"><span style=\"margin:0px;padding:0px;font-family:arial, helvetica, sans-serif;font-size:10pt;\">Przez ca\u0142y okres trwania rocznego pakietu PowerCare przys\u0142uguje Ci prawo do:<\/span><\/p>\n<ul>\n<li>pierwszej pe\u0142nej naprawy\/wymiany w cenie 199 EUR<\/li>\n<li>drugiej pe\u0142nej naprawy\/wymiany w cenie 299 EUR<\/li>\n<li>jednego przegl\u0105du technicznego w cenie 99 EUR (zamiast normalnej stawki 199 EUR)<\/li>\n<\/ul>\n<\/td>\n<td style=\"margin:0px;padding:0px;vertical-align:top;font-size:1em;width:50px;\"> <\/td>\n<td style=\"margin:0px;padding:0px;vertical-align:top;font-size:1em;width:250px;\">\n<p style=\"margin:15px 0px;padding:0px;color:inherit;line-height:normal;\"><span style=\"margin:0px;padding:0px;color:#ff0000;\"><strong style=\"margin:0px;padding:0px;\"><span style=\"margin:0px;padding:0px;font-family:arial, helvetica, sans-serif;font-size:10pt;\">                      <img decoding=\"async\" src=\"https:\/\/aeromind.pl\/data\/include\/cms\/PowerVision\/Extended-warranty\/get_it_fixed.png?v=1582896599962\" border=\"0\" width=\"40%\" style=\"margin-top:0px;margin-bottom:0px;padding:0px;border:none;height:auto;\" alt=\"get_it_fixed.png?v=1582896599962\" \/><\/span><\/strong><\/span><\/p>\n<p style=\"margin:15px 0px;padding:0px;color:inherit;line-height:normal;text-align:center;\"><span style=\"margin:0px;padding:0px;color:#ff0000;\"><strong style=\"margin:0px;padding:0px;\"><span style=\"margin:0px;padding:0px;font-family:arial, helvetica, sans-serif;font-size:10pt;\">NAPRAW SZYBKO, MIEJ TO Z G\u0141OWY<\/span><\/strong><\/span><\/p>\n<p style=\"margin:15px 0px;padding:0px;color:inherit;line-height:normal;\"><span style=\"margin:0px;padding:0px;font-family:arial, helvetica, sans-serif;font-size:10pt;\">Rozbi\u0142e\u015b swojego Power Egga X, zepsu\u0142e\u015b silnik, a mo\u017ce rekin dopad\u0142 twojego PowerRay&#8217;a lub Dolphin&#8217;a? Bez paniki! Skontaktuj si\u0119 z nami poprzez e-mail, nasz\u0105 stron\u0119 internetow\u0105 lub telefonicznie i pozw\u00f3l, aby technicy si\u0119 Tob\u0105 zaj\u0119li!<\/span><\/p>\n<p style=\"margin:15px 0px;padding:0px;color:inherit;line-height:normal;\"><span style=\"margin:0px;padding:0px;font-family:arial, helvetica, sans-serif;font-size:10pt;\">Pakiet PowerCare nie obejmuje fizycznie zagubionych jednostek.<\/span><\/p>\n<\/td>\n<\/tr>\n<\/tbody>\n<\/table>\n<p style=\"margin:15px 0px;padding:0px;color:#333333;line-height:normal;font-family:Arial;font-size:13px;background-color:#ffffff;\">\n<p style=\"margin:15px 0px;padding:0px;color:#333333;line-height:normal;font-family:Arial;font-size:13px;background-color:#ffffff;\">\n<table style=\"margin:0px auto;padding:0px;border-collapse:collapse;border-spacing:0px;color:#333333;font-family:Arial;font-size:13px;background-color:#ffffff;width:500px;\">\n<tbody style=\"margin:0px;padding:0px;\">\n<tr style=\"margin:0px;padding:0px;\">\n<td style=\"margin:0px;padding:0px;vertical-align:middle;font-size:1em;width:200px;text-align:center;\"><img decoding=\"async\" src=\"https:\/\/aeromind.pl\/data\/include\/cms\/PowerVision\/Extended-warranty\/get_yours_now.png?v=1582896736268\" border=\"0\" width=\"200\" height=\"200\" style=\"margin:0px;padding:0px;border:none;height:auto;\" alt=\"get_yours_now.png?v=1582896736268\" \/><\/td>\n<td style=\"margin:0px;padding:0px;vertical-align:middle;font-size:1em;width:200px;text-align:center;\"><img fetchpriority=\"high\" decoding=\"async\" src=\"https:\/\/aeromind.pl\/data\/include\/cms\/PowerVision\/Extended-warranty\/We_have_got_you_covered.png?v=1582896695053\" border=\"0\" width=\"250\" height=\"250\" style=\"margin:0px;padding:0px;border:none;height:auto;\" alt=\"We_have_got_you_covered.png?v=1582896695053\" \/><\/td>\n<\/tr>\n<\/tbody>\n<\/table>\n","protected":false},"excerpt":{"rendered":"<ul style=\"margin: 0px; padding: 0px; list-style: none; color: #333333; font-family: Arial; font-size: 13.02px; background-color: #ffffff;\">\n<li style=\"margin: 0px; padding: 0px;\">Odkrywaj, zdob\u0105d\u017a odwag\u0119 aby przekroczy\u0107 swoje granice: z PowerCare mo\u017cesz wi\u0119cej! Niewa\u017cne, co si\u0119 sta\u0142o, naprawimy to.<\/li>\n<\/ul>\n","protected":false},"featured_media":10870,"template":"","meta":{"_acf_changed":false,"inline_featured_image":false},"product_brand":[],"product_cat":[331,327,313],"product_tag":[],"class_list":{"0":"post-8999","1":"product","2":"type-product","3":"status-publish","4":"has-post-thumbnail","6":"product_cat-powervision-akcesoria","7":"product_cat-powervision","8":"product_cat-uslugi-serwisowe-katalog","10":"first","11":"outofstock","12":"taxable","13":"shipping-taxable","14":"purchasable","15":"product-type-simple"},"acf":[],"yoast_head":"<!-- This site is optimized with the Yoast SEO plugin v27.4 - https:\/\/yoast.com\/product\/yoast-seo-wordpress\/ -->\n<title>Rozszerzona gwarancja PowerVision - 1 rok - aerovision<\/title>\n<meta name=\"robots\" content=\"noindex, follow, max-snippet:-1, max-image-preview:large, max-video-preview:-1\" \/>\n<meta property=\"og:locale\" content=\"en_US\" \/>\n<meta property=\"og:type\" content=\"article\" \/>\n<meta property=\"og:title\" content=\"Rozszerzona gwarancja PowerVision - 1 rok - aerovision\" \/>\n<meta property=\"og:description\" content=\"Odkrywaj, zdob\u0105d\u017a odwag\u0119 aby przekroczy\u0107 swoje granice: z PowerCare mo\u017cesz wi\u0119cej! Niewa\u017cne, co si\u0119 sta\u0142o, naprawimy to.\" \/>\n<meta property=\"og:url\" content=\"https:\/\/aerovision.com.pl\/en\/produkt\/rozszerzona-gwarancja-powervision-1-rok\/\" \/>\n<meta property=\"og:site_name\" content=\"aerovision\" \/>\n<meta property=\"article:modified_time\" content=\"2025-03-07T13:24:07+00:00\" \/>\n<meta property=\"og:image\" content=\"https:\/\/aerovision.com.pl\/wp-content\/uploads\/2020\/09\/image-38.png\" \/>\n\t<meta property=\"og:image:width\" content=\"600\" \/>\n\t<meta property=\"og:image:height\" content=\"600\" \/>\n\t<meta property=\"og:image:type\" content=\"image\/png\" \/>\n<meta name=\"twitter:card\" content=\"summary_large_image\" \/>\n<meta name=\"twitter:label1\" content=\"Est. reading time\" \/>\n\t<meta name=\"twitter:data1\" content=\"3 minutes\" \/>\n<script type=\"application\/ld+json\" class=\"yoast-schema-graph\">{\"@context\":\"https:\\\/\\\/schema.org\",\"@graph\":[{\"@type\":\"WebPage\",\"@id\":\"https:\\\/\\\/aerovision.com.pl\\\/en\\\/produkt\\\/rozszerzona-gwarancja-powervision-1-rok\\\/\",\"url\":\"https:\\\/\\\/aerovision.com.pl\\\/en\\\/produkt\\\/rozszerzona-gwarancja-powervision-1-rok\\\/\",\"name\":\"Rozszerzona gwarancja PowerVision - 1 rok - aerovision\",\"isPartOf\":{\"@id\":\"https:\\\/\\\/aerovision.com.pl\\\/en\\\/#website\"},\"primaryImageOfPage\":{\"@id\":\"https:\\\/\\\/aerovision.com.pl\\\/en\\\/produkt\\\/rozszerzona-gwarancja-powervision-1-rok\\\/#primaryimage\"},\"image\":{\"@id\":\"https:\\\/\\\/aerovision.com.pl\\\/en\\\/produkt\\\/rozszerzona-gwarancja-powervision-1-rok\\\/#primaryimage\"},\"thumbnailUrl\":\"https:\\\/\\\/aerovision.com.pl\\\/wp-content\\\/uploads\\\/2020\\\/09\\\/image-38.png\",\"datePublished\":\"2020-09-10T21:58:19+00:00\",\"dateModified\":\"2025-03-07T13:24:07+00:00\",\"breadcrumb\":{\"@id\":\"https:\\\/\\\/aerovision.com.pl\\\/en\\\/produkt\\\/rozszerzona-gwarancja-powervision-1-rok\\\/#breadcrumb\"},\"inLanguage\":\"en-US\",\"potentialAction\":[{\"@type\":\"ReadAction\",\"target\":[\"https:\\\/\\\/aerovision.com.pl\\\/en\\\/produkt\\\/rozszerzona-gwarancja-powervision-1-rok\\\/\"]}]},{\"@type\":\"ImageObject\",\"inLanguage\":\"en-US\",\"@id\":\"https:\\\/\\\/aerovision.com.pl\\\/en\\\/produkt\\\/rozszerzona-gwarancja-powervision-1-rok\\\/#primaryimage\",\"url\":\"https:\\\/\\\/aerovision.com.pl\\\/wp-content\\\/uploads\\\/2020\\\/09\\\/image-38.png\",\"contentUrl\":\"https:\\\/\\\/aerovision.com.pl\\\/wp-content\\\/uploads\\\/2020\\\/09\\\/image-38.png\",\"width\":600,\"height\":600},{\"@type\":\"BreadcrumbList\",\"@id\":\"https:\\\/\\\/aerovision.com.pl\\\/en\\\/produkt\\\/rozszerzona-gwarancja-powervision-1-rok\\\/#breadcrumb\",\"itemListElement\":[{\"@type\":\"ListItem\",\"position\":1,\"name\":\"Strona g\u0142\u00f3wna\",\"item\":\"https:\\\/\\\/aerovision.com.pl\\\/en\\\/home\\\/\"},{\"@type\":\"ListItem\",\"position\":2,\"name\":\"Sklep\",\"item\":\"https:\\\/\\\/aerovision.com.pl\\\/sklep\\\/\"},{\"@type\":\"ListItem\",\"position\":3,\"name\":\"Rozszerzona gwarancja PowerVision &#8211; 1 rok\"}]},{\"@type\":\"WebSite\",\"@id\":\"https:\\\/\\\/aerovision.com.pl\\\/en\\\/#website\",\"url\":\"https:\\\/\\\/aerovision.com.pl\\\/en\\\/\",\"name\":\"aerovision\",\"description\":\"\",\"publisher\":{\"@id\":\"https:\\\/\\\/aerovision.com.pl\\\/en\\\/#organization\"},\"potentialAction\":[{\"@type\":\"SearchAction\",\"target\":{\"@type\":\"EntryPoint\",\"urlTemplate\":\"https:\\\/\\\/aerovision.com.pl\\\/en\\\/?s={search_term_string}\"},\"query-input\":{\"@type\":\"PropertyValueSpecification\",\"valueRequired\":true,\"valueName\":\"search_term_string\"}}],\"inLanguage\":\"en-US\"},{\"@type\":\"Organization\",\"@id\":\"https:\\\/\\\/aerovision.com.pl\\\/en\\\/#organization\",\"name\":\"aerovision\",\"url\":\"https:\\\/\\\/aerovision.com.pl\\\/en\\\/\",\"logo\":{\"@type\":\"ImageObject\",\"inLanguage\":\"en-US\",\"@id\":\"https:\\\/\\\/aerovision.com.pl\\\/en\\\/#\\\/schema\\\/logo\\\/image\\\/\",\"url\":\"https:\\\/\\\/aerovision.com.pl\\\/wp-content\\\/uploads\\\/2025\\\/03\\\/cropped-Logo-Aerovision.png\",\"contentUrl\":\"https:\\\/\\\/aerovision.com.pl\\\/wp-content\\\/uploads\\\/2025\\\/03\\\/cropped-Logo-Aerovision.png\",\"width\":298,\"height\":242,\"caption\":\"aerovision\"},\"image\":{\"@id\":\"https:\\\/\\\/aerovision.com.pl\\\/en\\\/#\\\/schema\\\/logo\\\/image\\\/\"}}]}<\/script>\n<!-- \/ Yoast SEO plugin. -->","yoast_head_json":{"title":"Rozszerzona gwarancja PowerVision - 1 rok - aerovision","robots":{"index":"noindex","follow":"follow","max-snippet":"max-snippet:-1","max-image-preview":"max-image-preview:large","max-video-preview":"max-video-preview:-1"},"og_locale":"en_US","og_type":"article","og_title":"Rozszerzona gwarancja PowerVision - 1 rok - aerovision","og_description":"Odkrywaj, zdob\u0105d\u017a odwag\u0119 aby przekroczy\u0107 swoje granice: z PowerCare mo\u017cesz wi\u0119cej! Niewa\u017cne, co si\u0119 sta\u0142o, naprawimy to.","og_url":"https:\/\/aerovision.com.pl\/en\/produkt\/rozszerzona-gwarancja-powervision-1-rok\/","og_site_name":"aerovision","article_modified_time":"2025-03-07T13:24:07+00:00","og_image":[{"width":600,"height":600,"url":"https:\/\/aerovision.com.pl\/wp-content\/uploads\/2020\/09\/image-38.png","type":"image\/png"}],"twitter_card":"summary_large_image","twitter_misc":{"Est. reading time":"3 minutes"},"schema":{"@context":"https:\/\/schema.org","@graph":[{"@type":"WebPage","@id":"https:\/\/aerovision.com.pl\/en\/produkt\/rozszerzona-gwarancja-powervision-1-rok\/","url":"https:\/\/aerovision.com.pl\/en\/produkt\/rozszerzona-gwarancja-powervision-1-rok\/","name":"Rozszerzona gwarancja PowerVision - 1 rok - aerovision","isPartOf":{"@id":"https:\/\/aerovision.com.pl\/en\/#website"},"primaryImageOfPage":{"@id":"https:\/\/aerovision.com.pl\/en\/produkt\/rozszerzona-gwarancja-powervision-1-rok\/#primaryimage"},"image":{"@id":"https:\/\/aerovision.com.pl\/en\/produkt\/rozszerzona-gwarancja-powervision-1-rok\/#primaryimage"},"thumbnailUrl":"https:\/\/aerovision.com.pl\/wp-content\/uploads\/2020\/09\/image-38.png","datePublished":"2020-09-10T21:58:19+00:00","dateModified":"2025-03-07T13:24:07+00:00","breadcrumb":{"@id":"https:\/\/aerovision.com.pl\/en\/produkt\/rozszerzona-gwarancja-powervision-1-rok\/#breadcrumb"},"inLanguage":"en-US","potentialAction":[{"@type":"ReadAction","target":["https:\/\/aerovision.com.pl\/en\/produkt\/rozszerzona-gwarancja-powervision-1-rok\/"]}]},{"@type":"ImageObject","inLanguage":"en-US","@id":"https:\/\/aerovision.com.pl\/en\/produkt\/rozszerzona-gwarancja-powervision-1-rok\/#primaryimage","url":"https:\/\/aerovision.com.pl\/wp-content\/uploads\/2020\/09\/image-38.png","contentUrl":"https:\/\/aerovision.com.pl\/wp-content\/uploads\/2020\/09\/image-38.png","width":600,"height":600},{"@type":"BreadcrumbList","@id":"https:\/\/aerovision.com.pl\/en\/produkt\/rozszerzona-gwarancja-powervision-1-rok\/#breadcrumb","itemListElement":[{"@type":"ListItem","position":1,"name":"Strona g\u0142\u00f3wna","item":"https:\/\/aerovision.com.pl\/en\/home\/"},{"@type":"ListItem","position":2,"name":"Sklep","item":"https:\/\/aerovision.com.pl\/sklep\/"},{"@type":"ListItem","position":3,"name":"Rozszerzona gwarancja PowerVision &#8211; 1 rok"}]},{"@type":"WebSite","@id":"https:\/\/aerovision.com.pl\/en\/#website","url":"https:\/\/aerovision.com.pl\/en\/","name":"aerovision","description":"","publisher":{"@id":"https:\/\/aerovision.com.pl\/en\/#organization"},"potentialAction":[{"@type":"SearchAction","target":{"@type":"EntryPoint","urlTemplate":"https:\/\/aerovision.com.pl\/en\/?s={search_term_string}"},"query-input":{"@type":"PropertyValueSpecification","valueRequired":true,"valueName":"search_term_string"}}],"inLanguage":"en-US"},{"@type":"Organization","@id":"https:\/\/aerovision.com.pl\/en\/#organization","name":"aerovision","url":"https:\/\/aerovision.com.pl\/en\/","logo":{"@type":"ImageObject","inLanguage":"en-US","@id":"https:\/\/aerovision.com.pl\/en\/#\/schema\/logo\/image\/","url":"https:\/\/aerovision.com.pl\/wp-content\/uploads\/2025\/03\/cropped-Logo-Aerovision.png","contentUrl":"https:\/\/aerovision.com.pl\/wp-content\/uploads\/2025\/03\/cropped-Logo-Aerovision.png","width":298,"height":242,"caption":"aerovision"},"image":{"@id":"https:\/\/aerovision.com.pl\/en\/#\/schema\/logo\/image\/"}}]}},"_links":{"self":[{"href":"https:\/\/aerovision.com.pl\/en\/wp-json\/wp\/v2\/product\/8999","targetHints":{"allow":["GET"]}}],"collection":[{"href":"https:\/\/aerovision.com.pl\/en\/wp-json\/wp\/v2\/product"}],"about":[{"href":"https:\/\/aerovision.com.pl\/en\/wp-json\/wp\/v2\/types\/product"}],"wp:featuredmedia":[{"embeddable":true,"href":"https:\/\/aerovision.com.pl\/en\/wp-json\/wp\/v2\/media\/10870"}],"wp:attachment":[{"href":"https:\/\/aerovision.com.pl\/en\/wp-json\/wp\/v2\/media?parent=8999"}],"wp:term":[{"taxonomy":"product_brand","embeddable":true,"href":"https:\/\/aerovision.com.pl\/en\/wp-json\/wp\/v2\/product_brand?post=8999"},{"taxonomy":"product_cat","embeddable":true,"href":"https:\/\/aerovision.com.pl\/en\/wp-json\/wp\/v2\/product_cat?post=8999"},{"taxonomy":"product_tag","embeddable":true,"href":"https:\/\/aerovision.com.pl\/en\/wp-json\/wp\/v2\/product_tag?post=8999"}],"curies":[{"name":"wp","href":"https:\/\/api.w.org\/{rel}","templated":true}]}}