{"id":9093,"date":"2020-10-04T00:42:07","date_gmt":"2020-10-03T22:42:07","guid":{"rendered":"https:\/\/aerovision.com.pl\/produkt\/heksakopter-yuneec-h520e-rtk\/"},"modified":"2025-03-07T13:29:00","modified_gmt":"2025-03-07T12:29:00","slug":"heksakopter-yuneec-h520e-rtk","status":"publish","type":"product","link":"https:\/\/aerovision.com.pl\/en\/produkt\/heksakopter-yuneec-h520e-rtk\/","title":{"rendered":"Heksakopter Yuneec H520E RTK"},"content":{"rendered":"<p style=\"margin: 15px 0px; padding: 0px; color: #333333; line-height: normal; font-family: Arial; font-size: 13px; background-color: #ffffff; text-align: center;\"><span style=\"margin: 0px; padding: 0px; font-family: helvetica; font-size: 36pt;\">H520E RTK (REAL TIME KINEMATICS)<\/span><\/p>\n<p style=\"margin: 15px 0px; padding: 0px; color: #333333; line-height: normal; font-family: Arial; font-size: 13px; background-color: #ffffff; text-align: center;\"><span style=\"margin: 0px; padding: 0px; font-family: helvetica; font-size: 36pt;\">Dok\u0142adno\u015b\u0107 na poziomie centymetra dzi\u0119ki<\/span><\/p>\n<p style=\"margin: 15px 0px; padding: 0px; color: #333333; line-height: normal; font-family: Arial; font-size: 13px; background-color: #ffffff; text-align: center;\"><span style=\"margin: 0px; padding: 0px; font-family: helvetica; font-size: 36pt;\">Real Time Kinematics<\/span><\/p>\n<table style=\"margin: 0px auto; padding: 0px; border-collapse: collapse; border-spacing: 0px; color: #333333; font-family: Arial; font-size: 13px; background-color: #ffffff; width: 100%;\">\n<tbody style=\"margin: 0px; padding: 0px;\">\n<tr style=\"margin: 0px; padding: 0px;\">\n<td style=\"margin: 0px; padding: 0px; vertical-align: middle; font-size: 1em; width: 435px;\"><span style=\"margin: 0px; padding: 0px; font-size: 24pt; font-family: helvetica;\">_____<br style=\"margin: 0px; padding: 0px;\" \/>Jeden z najszybszych system\u00f3w RTK na \u015bwiecie<br style=\"margin: 0px; padding: 0px;\" \/><\/span><\/td>\n<\/tr>\n<\/tbody>\n<\/table>\n<div style=\"margin: 0px; padding: 0px;\">\n<p style=\"margin: 15px 0px; padding: 0px; color: inherit; line-height: normal; text-align: justify;\"><span style=\"margin: 0px; padding: 0px; font-size: 12pt; font-family: helvetica;\">Profesjonalny heksakopter <a style=\"margin: 0px; padding: 0px; color: #8e8c63;\" href=\"http:\/\/aerovision.com.pl\/drony\/433-heksakopter-yuneec-h520e-1142347122.html\" target=\"_blank\" rel=\"noreferrer noopener\">H520E<\/a> otrzymuje jeden z najszybszych i najbardziej niezawodnych system\u00f3w RTK na \u015bwiecie. W pe\u0142ni zintegrowany z H520E, zapewnia najwy\u017csz\u0105 precyzj\u0119 i najszybsz\u0105 mo\u017cliw\u0105 gotowo\u015b\u0107 operacyjn\u0105 nawet w trudnych warunkach GPS, takich jak w miastach, kanionach czy lasach. Dzi\u0119ki nawigacji satelitarnej Real Time Kinematics, nowy H520E RTK b\u0119dzie m\u00f3g\u0142 wznie\u015b\u0107 si\u0119 w powietrze z centymetrow\u0105 dok\u0142adno\u015bci\u0105, umo\u017cliwiaj\u0105c niezwykle precyzyjne, powtarzalne zdj\u0119cia, szybsze mapowanie 3D i bardziej dok\u0142adne, a nawet zautomatyzowane loty inspekcyjne.<\/span><\/p>\n<\/div>\n<p><span style=\"margin: 0px; padding: 0px; font-family: helvetica;\"><img decoding=\"async\" style=\"margin: 0px; padding: 0px; border: none; height: auto;\" src=\"https:\/\/aeromind.iai-shop.com\/data\/include\/cms\/H520E\/RTK\/Yuneec_H520E_RTK_1.JPG?v=1601042399552\" alt=\"Yuneec_H520E_RTK_1.JPG?v=1601042399552\" width=\"100%\" border=\"0\" \/><\/span><\/p>\n<p style=\"margin: 15px 0px; padding: 0px; color: #333333; line-height: normal; font-family: Arial; font-size: 13px; background-color: #ffffff;\"><img decoding=\"async\" style=\"margin: 0px; padding: 0px; border: none; height: auto;\" src=\"https:\/\/aeromind.pl\/data\/include\/cms\/H520E\/RTK\/Yuneec_H520E_RTK_Commercial-Drone-with-RTK-System.jpg\" alt=\"Yuneec_H520E_RTK_Commercial-Drone-with-RTK-System.jpg\" width=\"100%\" border=\"0\" \/><\/p>\n<p style=\"margin: 15px 0px; padding: 0px; color: #333333; line-height: normal; font-family: Arial; font-size: 13px; background-color: #ffffff;\"><img decoding=\"async\" style=\"margin: 0px auto; padding: 0px; border: none; height: auto;\" src=\"https:\/\/aeromind.iai-shop.com\/data\/include\/cms\/H520E\/RTK\/Yuneec_H520E_RTK_3.JPG?v=1601042399551\" alt=\"Yuneec_H520E_RTK_3.JPG?v=1601042399551\" width=\"50%\" border=\"0\" \/><\/p>\n<p style=\"margin: 15px 0px; padding: 0px; color: #333333; line-height: normal; font-family: Arial; font-size: 13px; background-color: #ffffff; text-align: center;\"><span style=\"margin: 0px; padding: 0px; font-size: 24pt; font-family: helvetica;\"><span style=\"margin: 0px; padding: 0px; font-size: 18pt;\"><span style=\"margin: 0px; padding: 0px; font-size: 24pt;\">_____<\/span><\/span><br style=\"margin: 0px; padding: 0px;\" \/>2 komponenty do pozycjonowania na poziomie centymetra<br style=\"margin: 0px; padding: 0px;\" \/><\/span><\/p>\n<p style=\"margin: 15px 0px; padding: 0px; color: #333333; line-height: normal; font-family: Arial; font-size: 13px; background-color: #ffffff; text-align: center;\"><span style=\"margin: 0px; padding: 0px; font-size: 12pt; font-family: helvetica;\">System pracuje z dwoma podzespo\u0142ami, modu\u0142em RTK na pok\u0142adzie H520E oraz stacj\u0105 bazow\u0105. W mniej ni\u017c 30 sekund mo\u017ce on osi\u0105gn\u0105\u0107 centymetrow\u0105 dok\u0142adno\u015b\u0107, r\u00f3wnie\u017c w trudnych warunkach GPS (w odniesieniu do stacji bazowej). Dla uzyskania absolutnej, globalnej, centymetrowej dok\u0142adno\u015bci i w przypadku, gdy nie chcesz u\u017cywa\u0107 stacji bazowej, system mo\u017ce by\u0107 r\u00f3wnie\u017c u\u017cywany ze stacj\u0105 referencyjn\u0105 sieci RTK (Sie\u0107 RTK za po\u015brednictwem zewn\u0119trznego dostawcy, wymaga po\u0142\u0105czenia z Internetem, mog\u0105 by\u0107 pobierane dodatkowe op\u0142aty).<\/span><\/p>\n<table style=\"margin: 0px auto; padding: 0px; border-collapse: collapse; border-spacing: 0px; color: #333333; font-family: Arial; font-size: 13px; background-color: #ffffff; width: 100%;\">\n<tbody style=\"margin: 0px; padding: 0px;\">\n<tr style=\"margin: 0px; padding: 0px;\">\n<td style=\"margin: 0px; padding: 0px; vertical-align: middle; font-size: 1em; width: 435px;\"><span style=\"margin: 0px; padding: 0px; font-family: helvetica;\"><img decoding=\"async\" style=\"margin: 0px; padding: 0px; border: none; height: auto;\" src=\"https:\/\/aeromind.iai-shop.com\/data\/include\/cms\/H520E\/RTK\/Yuneec_H520E_RTK_2.JPG?v=1601042399551\" alt=\"Yuneec_H520E_RTK_2.JPG?v=1601042399551\" width=\"100%\" border=\"0\" \/><\/span><\/td>\n<td style=\"margin: 0px; padding: 0px; vertical-align: middle; font-size: 1em; width: 17px;\"><\/td>\n<td style=\"margin: 0px; padding: 0px; vertical-align: middle; font-size: 1em; width: 418px;\"><span style=\"margin: 0px; padding: 0px; font-size: 18pt; font-family: helvetica;\"><span style=\"margin: 0px; padding: 0px; font-size: 24pt;\">_____<br style=\"margin: 0px; padding: 0px;\" \/>Real Time Kinematics &#8211; Obszary zastosowa\u0144<\/span><br style=\"margin: 0px; padding: 0px;\" \/><\/span><\/td>\n<\/tr>\n<\/tbody>\n<\/table>\n<div style=\"margin: 0px; padding: 0px;\">\n<p style=\"margin: 15px 0px; padding: 0px; color: inherit; line-height: normal; text-align: justify;\"><span style=\"margin: 0px; padding: 0px; font-size: 12pt; font-family: helvetica;\">System RTK jest wa\u017cnym elementem zastosowa\u0144 u\u017cytkowych, gdzie wymagana jest najwy\u017csza precyzja. Klasycznym obszarem zastosowa\u0144 jest mapowanie 3D, na przyk\u0142ad za pomoc\u0105 oprogramowania Pix4D, Dronedeploy lub Altizure. RTK pozwala na znacz\u0105c\u0105 optymalizacj\u0119 nak\u0142adania si\u0119 zdj\u0119\u0107, co oznacza, \u017ce potrzeba ich mniej, co przek\u0142ada si\u0119 na kr\u00f3tszy czas lotu i oblicze\u0144. Ponadto, inspekcje mog\u0105 by\u0107 przeprowadzane znacznie bli\u017cej obserwowanego obiektu, poniewa\u017c lokalizacja drona b\u0119dzie precyzyjna co do centymetra. Ta precyzja jest r\u00f3wnie\u017c wielk\u0105 zalet\u0105 przy por\u00f3wnywaniu kilku zdj\u0119\u0107 wykonanych w r\u00f3\u017cnych dniach w tym samym miejscu, na przyk\u0142ad w celu udokumentowania post\u0119pu budowy.<\/span><\/p>\n<\/div>\n<p style=\"margin: 15px 0px; padding: 0px; color: #333333; line-height: normal; font-family: Arial; font-size: 13px; background-color: #ffffff; text-align: center;\"><span style=\"margin: 0px; padding: 0px; font-family: helvetica; font-size: 24pt;\">_____<br style=\"margin: 0px; padding: 0px;\" \/>Gotowy do misji<br style=\"margin: 0px; padding: 0px;\" \/><\/span><\/p>\n<p style=\"margin: 15px 0px; padding: 0px; color: #333333; line-height: normal; font-family: Arial; font-size: 13px; background-color: #ffffff; text-align: center;\"><span style=\"margin: 0px; padding: 0px; font-family: helvetica; font-size: 12pt;\">Modu\u0142 RTK umo\u017cliwia precyzyjne pozycjonowanie nawet w trudnych warunkach i jest w pe\u0142ni zintegrowany z H520E, sprz\u0119towo i programowo. Oznacza to, \u017ce nadal posiadasz pe\u0142en zakres funkcji nagradzanego oprogramowania DataPilot. Wszystkie dane, w tym surowe dane GNSS, mog\u0105 by\u0107 rejestrowane na pok\u0142adzie. Dzi\u0119ki temu system umo\u017cliwia stosowanie r\u00f3wnie\u017c technologii PPK (Post Processed Kinematics).<\/span><\/p>\n<p style=\"margin: 15px 0px; padding: 0px; color: #333333; line-height: normal; font-family: Arial; font-size: 13px; background-color: #ffffff; text-align: center;\"><span style=\"margin: 0px; padding: 0px; font-family: helvetica; font-size: 12pt;\"><img fetchpriority=\"high\" decoding=\"async\" style=\"margin: 0px; padding: 0px; border: none; height: auto;\" src=\"https:\/\/aeromind.pl\/data\/include\/cms\/H520E\/RTK\/Yuneec_H520E-RTK-accuracy.png\" alt=\"Yuneec_H520E-RTK-accuracy.png\" width=\"816\" height=\"365\" border=\"0\" \/><\/span><\/p>\n<p style=\"margin: 15px 0px; padding: 0px; color: #333333; line-height: normal; font-family: Arial; font-size: 13px; background-color: #ffffff; text-align: justify;\"><span style=\"margin: 0px; padding: 0px; font-size: 24pt; font-family: helvetica;\">_____<br style=\"margin: 0px; padding: 0px;\" \/>H520E RTK &#8211; kluczowe cechy<br style=\"margin: 0px; padding: 0px;\" \/><\/span><\/p>\n<div style=\"margin: 0px; padding: 0px; color: #333333; font-family: Arial; font-size: 13px; background-color: #ffffff;\">\n<ul style=\"margin: 15px 0px; padding: 0px 0px 0px 40px; color: inherit; line-height: normal;\">\n<li style=\"margin: 0px; padding: 0px; text-align: justify;\"><span style=\"margin: 0px; padding: 0px; font-size: 12pt; font-family: helvetica;\">Modu\u0142 RTK (Real Time Kinematic) zapewniaj\u0105cy wysok\u0105 dok\u0142adno\u015b\u0107 pozycjonowania wzgl\u0119dnego: 1 cm + ppm w poziomie \/ 2 cm + ppm w pionie<br style=\"margin: 0px; padding: 0px;\" \/><\/span><\/li>\n<li style=\"margin: 0px; padding: 0px; text-align: justify;\"><span style=\"margin: 0px; padding: 0px; font-size: 12pt; font-family: helvetica;\">Zachowanie centymetrowej precyzji nawet w trudnych warunkach GNSS (np. mi\u0119dzy wysokimi budynkami)<br style=\"margin: 0px; padding: 0px;\" \/><\/span><\/li>\n<li style=\"margin: 0px; padding: 0px; text-align: justify;\"><span style=\"margin: 0px; padding: 0px; font-size: 12pt; font-family: helvetica;\">Dla szybszego i bardziej precyzyjnego mapowania (np. skomplikowane pomiary, inspekcje, mapowanie, modelowanie 3D).<br style=\"margin: 0px; padding: 0px;\" \/><\/span><\/li>\n<li style=\"margin: 0px; padding: 0px; text-align: justify;\"><span style=\"margin: 0px; padding: 0px; font-size: 12pt; font-family: helvetica;\">Cz\u0119stotliwo\u015b\u0107 aktualizacji pozycji, pr\u0119dko\u015bci i czasu 5 Hz<br style=\"margin: 0px; padding: 0px;\" \/><\/span><\/li>\n<li style=\"margin: 0px; padding: 0px; text-align: justify;\"><span style=\"margin: 0px; padding: 0px; font-size: 12pt; font-family: helvetica;\">W pe\u0142ni zintegrowany z <a style=\"margin: 0px; padding: 0px; color: #8e8c63;\" href=\"http:\/\/aerovision.com.pl\/drony\/433-heksakopter-yuneec-h520e-1142347122.html\" target=\"_blank\" rel=\"noreferrer noopener\">YUNEEC H520E<\/a><br style=\"margin: 0px; padding: 0px;\" \/><\/span><\/li>\n<li style=\"margin: 0px; padding: 0px; text-align: justify;\"><span style=\"margin: 0px; padding: 0px; font-size: 12pt; font-family: helvetica;\">Wszystkie dane, w tym surowe dane GNSS mog\u0105 by\u0107 rejestrowane na pok\u0142adzie &#8211; gotowe do u\u017cycia w technologii PPK (Post Processed Kinematics)<br style=\"margin: 0px; padding: 0px;\" \/><\/span><\/li>\n<li style=\"margin: 0px; padding: 0px; text-align: justify;\"><span style=\"margin: 0px; padding: 0px; font-size: 12pt; font-family: helvetica;\">Obs\u0142uga sygna\u0142\u00f3w do 3 konstelacji GNSS spo\u015br\u00f3d: GPS, GLONASS, Galileo i BeiDou<br style=\"margin: 0px; padding: 0px;\" \/><\/span><\/li>\n<li style=\"margin: 0px; padding: 0px; text-align: justify;\"><span style=\"margin: 0px; padding: 0px; font-size: 12pt; font-family: helvetica;\">Kompatybilny z wszystkimi istniej\u0105cymi kamerami Yuneec H520E<br style=\"margin: 0px; padding: 0px;\" \/><\/span><\/li>\n<li style=\"margin: 0px; padding: 0px; text-align: justify;\"><span style=\"margin: 0px; padding: 0px; font-size: 12pt; font-family: helvetica;\">Do osi\u0105gni\u0119cia wysokiej dok\u0142adno\u015bci potrzebne jest po\u0142\u0105czenie z sieci\u0105 RTK lub stacj\u0105 bazow\u0105<\/span><\/li>\n<\/ul>\n<\/div>\n<p style=\"margin: 15px 0px; padding: 0px; color: #333333; line-height: normal; font-family: Arial; font-size: 13px; background-color: #ffffff; text-align: center;\"><img decoding=\"async\" style=\"margin: 0px; padding: 0px; border: none; height: auto;\" src=\"https:\/\/aeromind.iai-shop.com\/data\/include\/cms\/H520E\/RTK\/Yuneec_H520E_RTK_1.JPG?v=1601275231072\" alt=\"\" width=\"100%\" border=\"0\" \/><\/p>\n<pre style=\"margin-top: 0px; margin-bottom: 0px; padding: 0px; font-family: monospace, serif; font-size: 13px; white-space: pre-wrap; color: #333333; background-color: #ffffff;\"><\/pre>\n<pre style=\"margin-top: 0px; margin-bottom: 0px; padding: 0px; font-family: monospace, serif; font-size: 13px; white-space: pre-wrap; color: #333333; background-color: #ffffff;\"><\/pre>\n<div style=\"margin: 0px; padding: 0px; color: #333333; font-family: Arial; font-size: 13px; background-color: #ffffff;\">\n<div style=\"margin: 0px; padding: 0px;\">\n<div style=\"margin: 0px; padding: 0px;\">\n<div style=\"margin: 0px; padding: 0px;\">\n<div style=\"margin: 0px; padding: 0px;\">\n<p style=\"margin: 15px 0px; padding: 0px; color: inherit; line-height: normal; text-align: center;\"><span style=\"margin: 0px; padding: 0px; font-size: 36pt; font-family: helvetica;\">YUNH520E-RTKEU<\/span><\/p>\n<p><span style=\"margin: 0px; padding: 0px; font-size: 24pt; font-family: helvetica;\">Zestaw zawiera:<\/span><\/p>\n<ul>\n<li><span style=\"margin: 0px; padding: 0px; font-size: 12pt; font-family: helvetica;\">Yuneec H520E RTK<\/span><\/li>\n<li><span style=\"margin: 0px; padding: 0px; font-size: 12pt; font-family: helvetica;\">2x akumulator<\/span><\/li>\n<li><span style=\"margin: 0px; padding: 0px; font-size: 12pt; font-family: helvetica;\">Aparatura ST16E z szelkami<\/span><\/li>\n<li><span style=\"margin: 0px; padding: 0px; font-size: 12pt; font-family: helvetica;\">\u0141adowarka<\/span><\/li>\n<li><span style=\"margin: 0px; padding: 0px; font-size: 12pt; font-family: helvetica;\">Zasilacz \u0142adowarki<\/span><\/li>\n<li><span style=\"margin: 0px; padding: 0px; font-size: 12pt; font-family: helvetica;\">Adapter do zasilania \u0142adowarki z gniazda zapalniczki samochodowej<\/span><\/li>\n<li><span style=\"margin: 0px; padding: 0px; font-size: 12pt; font-family: helvetica;\">Mini antena panelowa<\/span><\/li>\n<li><span style=\"margin: 0px; padding: 0px; font-size: 12pt; font-family: helvetica;\">10x \u015bmig\u0142a<\/span><\/li>\n<li><span style=\"margin: 0px; padding: 0px; font-size: 12pt; font-family: helvetica;\">Kabel Micro USB<\/span><\/li>\n<\/ul>\n<\/div>\n<\/div>\n<\/div>\n<\/div>\n<\/div>\n","protected":false},"excerpt":{"rendered":"<p>H520E RTK (REAL TIME KINEMATICS) Dok\u0142adno\u015b\u0107 na poziomie centymetra dzi\u0119ki Real Time Kinematics _____Jeden z najszybszych system\u00f3w RTK na \u015bwiecie Profesjonalny heksakopter H520E otrzymuje jeden z najszybszych i najbardziej niezawodnych system\u00f3w RTK na \u015bwiecie. W pe\u0142ni zintegrowany z H520E, zapewnia najwy\u017csz\u0105 precyzj\u0119 i najszybsz\u0105 mo\u017cliw\u0105 gotowo\u015b\u0107 operacyjn\u0105 nawet w trudnych warunkach GPS, takich jak w [&hellip;]<\/p>\n","protected":false},"featured_media":10817,"template":"","meta":{"_acf_changed":false,"inline_featured_image":false},"product_brand":[],"product_cat":[309,333],"product_tag":[355,363,368,366,365,367,362],"class_list":{"0":"post-9093","1":"product","2":"type-product","3":"status-publish","4":"has-post-thumbnail","6":"product_cat-drony","7":"product_cat-drony-specjalistyczne","8":"product_tag-dron","9":"product_tag-h520e","10":"product_tag-kinematics","11":"product_tag-real","12":"product_tag-rtk","13":"product_tag-time","14":"product_tag-yuneec","16":"first","17":"instock","18":"taxable","19":"shipping-taxable","20":"purchasable","21":"product-type-simple"},"acf":[],"yoast_head":"<!-- This site is optimized with the Yoast SEO plugin v27.4 - https:\/\/yoast.com\/product\/yoast-seo-wordpress\/ -->\n<title>Heksakopter Yuneec H520E RTK - aerovision<\/title>\n<meta name=\"robots\" content=\"noindex, follow, max-snippet:-1, max-image-preview:large, max-video-preview:-1\" \/>\n<meta property=\"og:locale\" content=\"en_US\" \/>\n<meta property=\"og:type\" content=\"article\" \/>\n<meta property=\"og:title\" content=\"Heksakopter Yuneec H520E RTK - aerovision\" \/>\n<meta property=\"og:description\" content=\"H520E RTK (REAL TIME KINEMATICS) Dok\u0142adno\u015b\u0107 na poziomie centymetra dzi\u0119ki Real Time Kinematics _____Jeden z najszybszych system\u00f3w RTK na \u015bwiecie Profesjonalny heksakopter H520E otrzymuje jeden z najszybszych i najbardziej niezawodnych system\u00f3w RTK na \u015bwiecie. W pe\u0142ni zintegrowany z H520E, zapewnia najwy\u017csz\u0105 precyzj\u0119 i najszybsz\u0105 mo\u017cliw\u0105 gotowo\u015b\u0107 operacyjn\u0105 nawet w trudnych warunkach GPS, takich jak w [&hellip;]\" \/>\n<meta property=\"og:url\" content=\"https:\/\/aerovision.com.pl\/en\/produkt\/heksakopter-yuneec-h520e-rtk\/\" \/>\n<meta property=\"og:site_name\" content=\"aerovision\" \/>\n<meta property=\"article:modified_time\" content=\"2025-03-07T12:29:00+00:00\" \/>\n<meta property=\"og:image\" content=\"https:\/\/aerovision.com.pl\/wp-content\/uploads\/2020\/10\/image-10.png\" \/>\n\t<meta property=\"og:image:width\" content=\"464\" \/>\n\t<meta property=\"og:image:height\" content=\"306\" \/>\n\t<meta property=\"og:image:type\" content=\"image\/png\" \/>\n<meta name=\"twitter:card\" content=\"summary_large_image\" \/>\n<meta name=\"twitter:label1\" content=\"Est. reading time\" \/>\n\t<meta name=\"twitter:data1\" content=\"5 minutes\" \/>\n<script type=\"application\/ld+json\" class=\"yoast-schema-graph\">{\"@context\":\"https:\\\/\\\/schema.org\",\"@graph\":[{\"@type\":\"WebPage\",\"@id\":\"https:\\\/\\\/aerovision.com.pl\\\/en\\\/produkt\\\/heksakopter-yuneec-h520e-rtk\\\/\",\"url\":\"https:\\\/\\\/aerovision.com.pl\\\/en\\\/produkt\\\/heksakopter-yuneec-h520e-rtk\\\/\",\"name\":\"Heksakopter Yuneec H520E RTK - aerovision\",\"isPartOf\":{\"@id\":\"https:\\\/\\\/aerovision.com.pl\\\/en\\\/#website\"},\"primaryImageOfPage\":{\"@id\":\"https:\\\/\\\/aerovision.com.pl\\\/en\\\/produkt\\\/heksakopter-yuneec-h520e-rtk\\\/#primaryimage\"},\"image\":{\"@id\":\"https:\\\/\\\/aerovision.com.pl\\\/en\\\/produkt\\\/heksakopter-yuneec-h520e-rtk\\\/#primaryimage\"},\"thumbnailUrl\":\"https:\\\/\\\/aerovision.com.pl\\\/wp-content\\\/uploads\\\/2020\\\/10\\\/image-10.png\",\"datePublished\":\"2020-10-03T22:42:07+00:00\",\"dateModified\":\"2025-03-07T12:29:00+00:00\",\"breadcrumb\":{\"@id\":\"https:\\\/\\\/aerovision.com.pl\\\/en\\\/produkt\\\/heksakopter-yuneec-h520e-rtk\\\/#breadcrumb\"},\"inLanguage\":\"en-US\",\"potentialAction\":[{\"@type\":\"ReadAction\",\"target\":[\"https:\\\/\\\/aerovision.com.pl\\\/en\\\/produkt\\\/heksakopter-yuneec-h520e-rtk\\\/\"]}]},{\"@type\":\"ImageObject\",\"inLanguage\":\"en-US\",\"@id\":\"https:\\\/\\\/aerovision.com.pl\\\/en\\\/produkt\\\/heksakopter-yuneec-h520e-rtk\\\/#primaryimage\",\"url\":\"https:\\\/\\\/aerovision.com.pl\\\/wp-content\\\/uploads\\\/2020\\\/10\\\/image-10.png\",\"contentUrl\":\"https:\\\/\\\/aerovision.com.pl\\\/wp-content\\\/uploads\\\/2020\\\/10\\\/image-10.png\",\"width\":464,\"height\":306},{\"@type\":\"BreadcrumbList\",\"@id\":\"https:\\\/\\\/aerovision.com.pl\\\/en\\\/produkt\\\/heksakopter-yuneec-h520e-rtk\\\/#breadcrumb\",\"itemListElement\":[{\"@type\":\"ListItem\",\"position\":1,\"name\":\"Strona g\u0142\u00f3wna\",\"item\":\"https:\\\/\\\/aerovision.com.pl\\\/en\\\/home\\\/\"},{\"@type\":\"ListItem\",\"position\":2,\"name\":\"Sklep\",\"item\":\"https:\\\/\\\/aerovision.com.pl\\\/sklep\\\/\"},{\"@type\":\"ListItem\",\"position\":3,\"name\":\"Heksakopter Yuneec H520E RTK\"}]},{\"@type\":\"WebSite\",\"@id\":\"https:\\\/\\\/aerovision.com.pl\\\/en\\\/#website\",\"url\":\"https:\\\/\\\/aerovision.com.pl\\\/en\\\/\",\"name\":\"aerovision\",\"description\":\"\",\"publisher\":{\"@id\":\"https:\\\/\\\/aerovision.com.pl\\\/en\\\/#organization\"},\"potentialAction\":[{\"@type\":\"SearchAction\",\"target\":{\"@type\":\"EntryPoint\",\"urlTemplate\":\"https:\\\/\\\/aerovision.com.pl\\\/en\\\/?s={search_term_string}\"},\"query-input\":{\"@type\":\"PropertyValueSpecification\",\"valueRequired\":true,\"valueName\":\"search_term_string\"}}],\"inLanguage\":\"en-US\"},{\"@type\":\"Organization\",\"@id\":\"https:\\\/\\\/aerovision.com.pl\\\/en\\\/#organization\",\"name\":\"aerovision\",\"url\":\"https:\\\/\\\/aerovision.com.pl\\\/en\\\/\",\"logo\":{\"@type\":\"ImageObject\",\"inLanguage\":\"en-US\",\"@id\":\"https:\\\/\\\/aerovision.com.pl\\\/en\\\/#\\\/schema\\\/logo\\\/image\\\/\",\"url\":\"https:\\\/\\\/aerovision.com.pl\\\/wp-content\\\/uploads\\\/2025\\\/03\\\/cropped-Logo-Aerovision.png\",\"contentUrl\":\"https:\\\/\\\/aerovision.com.pl\\\/wp-content\\\/uploads\\\/2025\\\/03\\\/cropped-Logo-Aerovision.png\",\"width\":298,\"height\":242,\"caption\":\"aerovision\"},\"image\":{\"@id\":\"https:\\\/\\\/aerovision.com.pl\\\/en\\\/#\\\/schema\\\/logo\\\/image\\\/\"}}]}<\/script>\n<!-- \/ Yoast SEO plugin. -->","yoast_head_json":{"title":"Heksakopter Yuneec H520E RTK - aerovision","robots":{"index":"noindex","follow":"follow","max-snippet":"max-snippet:-1","max-image-preview":"max-image-preview:large","max-video-preview":"max-video-preview:-1"},"og_locale":"en_US","og_type":"article","og_title":"Heksakopter Yuneec H520E RTK - aerovision","og_description":"H520E RTK (REAL TIME KINEMATICS) Dok\u0142adno\u015b\u0107 na poziomie centymetra dzi\u0119ki Real Time Kinematics _____Jeden z najszybszych system\u00f3w RTK na \u015bwiecie Profesjonalny heksakopter H520E otrzymuje jeden z najszybszych i najbardziej niezawodnych system\u00f3w RTK na \u015bwiecie. W pe\u0142ni zintegrowany z H520E, zapewnia najwy\u017csz\u0105 precyzj\u0119 i najszybsz\u0105 mo\u017cliw\u0105 gotowo\u015b\u0107 operacyjn\u0105 nawet w trudnych warunkach GPS, takich jak w [&hellip;]","og_url":"https:\/\/aerovision.com.pl\/en\/produkt\/heksakopter-yuneec-h520e-rtk\/","og_site_name":"aerovision","article_modified_time":"2025-03-07T12:29:00+00:00","og_image":[{"width":464,"height":306,"url":"https:\/\/aerovision.com.pl\/wp-content\/uploads\/2020\/10\/image-10.png","type":"image\/png"}],"twitter_card":"summary_large_image","twitter_misc":{"Est. reading time":"5 minutes"},"schema":{"@context":"https:\/\/schema.org","@graph":[{"@type":"WebPage","@id":"https:\/\/aerovision.com.pl\/en\/produkt\/heksakopter-yuneec-h520e-rtk\/","url":"https:\/\/aerovision.com.pl\/en\/produkt\/heksakopter-yuneec-h520e-rtk\/","name":"Heksakopter Yuneec H520E RTK - aerovision","isPartOf":{"@id":"https:\/\/aerovision.com.pl\/en\/#website"},"primaryImageOfPage":{"@id":"https:\/\/aerovision.com.pl\/en\/produkt\/heksakopter-yuneec-h520e-rtk\/#primaryimage"},"image":{"@id":"https:\/\/aerovision.com.pl\/en\/produkt\/heksakopter-yuneec-h520e-rtk\/#primaryimage"},"thumbnailUrl":"https:\/\/aerovision.com.pl\/wp-content\/uploads\/2020\/10\/image-10.png","datePublished":"2020-10-03T22:42:07+00:00","dateModified":"2025-03-07T12:29:00+00:00","breadcrumb":{"@id":"https:\/\/aerovision.com.pl\/en\/produkt\/heksakopter-yuneec-h520e-rtk\/#breadcrumb"},"inLanguage":"en-US","potentialAction":[{"@type":"ReadAction","target":["https:\/\/aerovision.com.pl\/en\/produkt\/heksakopter-yuneec-h520e-rtk\/"]}]},{"@type":"ImageObject","inLanguage":"en-US","@id":"https:\/\/aerovision.com.pl\/en\/produkt\/heksakopter-yuneec-h520e-rtk\/#primaryimage","url":"https:\/\/aerovision.com.pl\/wp-content\/uploads\/2020\/10\/image-10.png","contentUrl":"https:\/\/aerovision.com.pl\/wp-content\/uploads\/2020\/10\/image-10.png","width":464,"height":306},{"@type":"BreadcrumbList","@id":"https:\/\/aerovision.com.pl\/en\/produkt\/heksakopter-yuneec-h520e-rtk\/#breadcrumb","itemListElement":[{"@type":"ListItem","position":1,"name":"Strona g\u0142\u00f3wna","item":"https:\/\/aerovision.com.pl\/en\/home\/"},{"@type":"ListItem","position":2,"name":"Sklep","item":"https:\/\/aerovision.com.pl\/sklep\/"},{"@type":"ListItem","position":3,"name":"Heksakopter Yuneec H520E RTK"}]},{"@type":"WebSite","@id":"https:\/\/aerovision.com.pl\/en\/#website","url":"https:\/\/aerovision.com.pl\/en\/","name":"aerovision","description":"","publisher":{"@id":"https:\/\/aerovision.com.pl\/en\/#organization"},"potentialAction":[{"@type":"SearchAction","target":{"@type":"EntryPoint","urlTemplate":"https:\/\/aerovision.com.pl\/en\/?s={search_term_string}"},"query-input":{"@type":"PropertyValueSpecification","valueRequired":true,"valueName":"search_term_string"}}],"inLanguage":"en-US"},{"@type":"Organization","@id":"https:\/\/aerovision.com.pl\/en\/#organization","name":"aerovision","url":"https:\/\/aerovision.com.pl\/en\/","logo":{"@type":"ImageObject","inLanguage":"en-US","@id":"https:\/\/aerovision.com.pl\/en\/#\/schema\/logo\/image\/","url":"https:\/\/aerovision.com.pl\/wp-content\/uploads\/2025\/03\/cropped-Logo-Aerovision.png","contentUrl":"https:\/\/aerovision.com.pl\/wp-content\/uploads\/2025\/03\/cropped-Logo-Aerovision.png","width":298,"height":242,"caption":"aerovision"},"image":{"@id":"https:\/\/aerovision.com.pl\/en\/#\/schema\/logo\/image\/"}}]}},"_links":{"self":[{"href":"https:\/\/aerovision.com.pl\/en\/wp-json\/wp\/v2\/product\/9093","targetHints":{"allow":["GET"]}}],"collection":[{"href":"https:\/\/aerovision.com.pl\/en\/wp-json\/wp\/v2\/product"}],"about":[{"href":"https:\/\/aerovision.com.pl\/en\/wp-json\/wp\/v2\/types\/product"}],"wp:featuredmedia":[{"embeddable":true,"href":"https:\/\/aerovision.com.pl\/en\/wp-json\/wp\/v2\/media\/10817"}],"wp:attachment":[{"href":"https:\/\/aerovision.com.pl\/en\/wp-json\/wp\/v2\/media?parent=9093"}],"wp:term":[{"taxonomy":"product_brand","embeddable":true,"href":"https:\/\/aerovision.com.pl\/en\/wp-json\/wp\/v2\/product_brand?post=9093"},{"taxonomy":"product_cat","embeddable":true,"href":"https:\/\/aerovision.com.pl\/en\/wp-json\/wp\/v2\/product_cat?post=9093"},{"taxonomy":"product_tag","embeddable":true,"href":"https:\/\/aerovision.com.pl\/en\/wp-json\/wp\/v2\/product_tag?post=9093"}],"curies":[{"name":"wp","href":"https:\/\/api.w.org\/{rel}","templated":true}]}}