{"id":9096,"date":"2020-10-04T00:42:07","date_gmt":"2020-10-03T22:42:07","guid":{"rendered":"https:\/\/aerovision.com.pl\/produkt\/kamera-yuneec-e90x-dla-yuneec-h520e\/"},"modified":"2020-10-04T00:42:07","modified_gmt":"2020-10-03T22:42:07","slug":"kamera-yuneec-e90x-dla-yuneec-h520e","status":"publish","type":"product","link":"https:\/\/aerovision.com.pl\/en\/produkt\/kamera-yuneec-e90x-dla-yuneec-h520e\/","title":{"rendered":"Kamera Yuneec E90X dla Yuneec H520E"},"content":{"rendered":"<ul style=\"margin:15px 0px;padding:0px 0px 0px 40px;color:rgb(51,51,51);line-height:normal;font-family:Arial;font-size:13px;background-color:rgb(255,255,255);\">\n<li style=\"margin:0px;padding:0px;\"><span style=\"margin:0px;padding:0px;font-size:10pt;font-family:helvetica;\">20 megapikseli \/ rozdzielczo\u015b\u0107 4K 60 FPS<\/span><\/li>\n<\/ul>\n<ul style=\"margin:15px 0px;padding:0px 0px 0px 40px;color:rgb(51,51,51);line-height:normal;font-family:Arial;font-size:13px;background-color:rgb(255,255,255);\">\n<li style=\"margin:0px;padding:0px;\"><span style=\"margin:0px;padding:0px;font-size:10pt;font-family:helvetica;\">sensor 1\u201c CMOS <\/span><\/li>\n<\/ul>\n<ul style=\"margin:15px 0px;padding:0px 0px 0px 40px;color:rgb(51,51,51);line-height:normal;font-family:Arial;font-size:13px;background-color:rgb(255,255,255);\">\n<li style=\"margin:0px;padding:0px;\"><span style=\"margin:0px;padding:0px;font-size:10pt;font-family:helvetica;\">Cyfrowy zoom do  8x<\/span><\/li>\n<\/ul>\n<ul style=\"margin:15px 0px;padding:0px 0px 0px 40px;color:rgb(51,51,51);line-height:normal;font-family:Arial;font-size:13px;background-color:rgb(255,255,255);\">\n<li style=\"margin:0px;padding:0px;\"><span style=\"margin:0px;padding:0px;font-size:10pt;font-family:helvetica;\">Obiektyw 23 mm<\/span><\/li>\n<\/ul>\n<ul style=\"margin:15px 0px;padding:0px 0px 0px 40px;color:rgb(51,51,51);line-height:normal;font-family:Arial;font-size:13px;background-color:rgb(255,255,255);\">\n<li style=\"margin:0px;padding:0px;\"><span style=\"margin:0px;padding:0px;font-size:10pt;font-family:helvetica;\">Z\u0142\u0105cze X-30 pinowe<\/span><\/li>\n<\/ul>\n<ul style=\"margin:15px 0px;padding:0px 0px 0px 40px;color:rgb(51,51,51);line-height:normal;font-family:Arial;font-size:13px;background-color:rgb(255,255,255);\">\n<li style=\"margin:0px;padding:0px;\"><span style=\"margin:0px;padding:0px;font-size:10pt;font-family:helvetica;\">pe\u0142na rotacja gimbala 320\u00b0   dla perfekcyjnej stabilizacji obrazu<\/span><\/li>\n<\/ul>\n<ul style=\"margin:15px 0px;padding:0px 0px 0px 40px;color:rgb(51,51,51);line-height:normal;font-family:Arial;font-size:13px;background-color:rgb(255,255,255);\">\n<li style=\"margin:0px;padding:0px;\"><span style=\"margin:0px;padding:0px;font-size:10pt;font-family:helvetica;\">kamera idealna do filmowania, mapowania terenu, modelowania 3D oraz do akcji poszukiwawczych <\/span><\/li>\n<\/ul>\n","protected":false},"excerpt":{"rendered":"<p>20 megapikseli \/ rozdzielczo\u015b\u0107 4K 60 FPS sensor 1\u201c CMOS Cyfrowy zoom do 8x Obiektyw 23 mm Z\u0142\u0105cze X-30 pinowe pe\u0142na rotacja gimbala 320\u00b0 dla perfekcyjnej stabilizacji obrazu kamera idealna do filmowania, mapowania terenu, modelowania 3D oraz do akcji poszukiwawczych<\/p>\n","protected":false},"featured_media":9094,"template":"","meta":{"_acf_changed":false,"inline_featured_image":false},"product_brand":[],"product_cat":[336,338],"product_tag":[],"class_list":{"0":"post-9096","1":"product","2":"type-product","3":"status-publish","4":"has-post-thumbnail","6":"product_cat-kamery-do-dronow","7":"product_cat-transmisja-video","9":"first","10":"outofstock","11":"taxable","12":"shipping-taxable","13":"purchasable","14":"product-type-simple"},"acf":[],"yoast_head":"<!-- This site is optimized with the Yoast SEO plugin v27.4 - https:\/\/yoast.com\/product\/yoast-seo-wordpress\/ -->\n<title>Kamera Yuneec E90X dla Yuneec H520E - aerovision<\/title>\n<meta name=\"robots\" content=\"noindex, follow, max-snippet:-1, max-image-preview:large, max-video-preview:-1\" \/>\n<meta property=\"og:locale\" content=\"en_US\" \/>\n<meta property=\"og:type\" content=\"article\" \/>\n<meta property=\"og:title\" content=\"Kamera Yuneec E90X dla Yuneec H520E - aerovision\" \/>\n<meta property=\"og:description\" content=\"20 megapikseli \/ rozdzielczo\u015b\u0107 4K 60 FPS sensor 1\u201c CMOS Cyfrowy zoom do 8x Obiektyw 23 mm Z\u0142\u0105cze X-30 pinowe pe\u0142na rotacja gimbala 320\u00b0 dla perfekcyjnej stabilizacji obrazu kamera idealna do filmowania, mapowania terenu, modelowania 3D oraz do akcji poszukiwawczych\" \/>\n<meta property=\"og:url\" content=\"https:\/\/aerovision.com.pl\/en\/produkt\/kamera-yuneec-e90x-dla-yuneec-h520e\/\" \/>\n<meta property=\"og:site_name\" content=\"aerovision\" \/>\n<meta property=\"og:image\" content=\"https:\/\/aerovision.com.pl\/wp-content\/uploads\/2020\/10\/1230-Kamera-Yuneec-E90X-dla-Yuneec-H520E.jpg\" \/>\n\t<meta property=\"og:image:width\" content=\"301\" \/>\n\t<meta property=\"og:image:height\" content=\"359\" \/>\n\t<meta property=\"og:image:type\" content=\"image\/jpeg\" \/>\n<meta name=\"twitter:card\" content=\"summary_large_image\" \/>\n<script type=\"application\/ld+json\" class=\"yoast-schema-graph\">{\"@context\":\"https:\\\/\\\/schema.org\",\"@graph\":[{\"@type\":\"WebPage\",\"@id\":\"https:\\\/\\\/aerovision.com.pl\\\/en\\\/produkt\\\/kamera-yuneec-e90x-dla-yuneec-h520e\\\/\",\"url\":\"https:\\\/\\\/aerovision.com.pl\\\/en\\\/produkt\\\/kamera-yuneec-e90x-dla-yuneec-h520e\\\/\",\"name\":\"Kamera Yuneec E90X dla Yuneec H520E - aerovision\",\"isPartOf\":{\"@id\":\"https:\\\/\\\/aerovision.com.pl\\\/en\\\/#website\"},\"primaryImageOfPage\":{\"@id\":\"https:\\\/\\\/aerovision.com.pl\\\/en\\\/produkt\\\/kamera-yuneec-e90x-dla-yuneec-h520e\\\/#primaryimage\"},\"image\":{\"@id\":\"https:\\\/\\\/aerovision.com.pl\\\/en\\\/produkt\\\/kamera-yuneec-e90x-dla-yuneec-h520e\\\/#primaryimage\"},\"thumbnailUrl\":\"https:\\\/\\\/aerovision.com.pl\\\/wp-content\\\/uploads\\\/2020\\\/10\\\/1230-Kamera-Yuneec-E90X-dla-Yuneec-H520E.jpg\",\"datePublished\":\"2020-10-03T22:42:07+00:00\",\"breadcrumb\":{\"@id\":\"https:\\\/\\\/aerovision.com.pl\\\/en\\\/produkt\\\/kamera-yuneec-e90x-dla-yuneec-h520e\\\/#breadcrumb\"},\"inLanguage\":\"en-US\",\"potentialAction\":[{\"@type\":\"ReadAction\",\"target\":[\"https:\\\/\\\/aerovision.com.pl\\\/en\\\/produkt\\\/kamera-yuneec-e90x-dla-yuneec-h520e\\\/\"]}]},{\"@type\":\"ImageObject\",\"inLanguage\":\"en-US\",\"@id\":\"https:\\\/\\\/aerovision.com.pl\\\/en\\\/produkt\\\/kamera-yuneec-e90x-dla-yuneec-h520e\\\/#primaryimage\",\"url\":\"https:\\\/\\\/aerovision.com.pl\\\/wp-content\\\/uploads\\\/2020\\\/10\\\/1230-Kamera-Yuneec-E90X-dla-Yuneec-H520E.jpg\",\"contentUrl\":\"https:\\\/\\\/aerovision.com.pl\\\/wp-content\\\/uploads\\\/2020\\\/10\\\/1230-Kamera-Yuneec-E90X-dla-Yuneec-H520E.jpg\",\"width\":301,\"height\":359,\"caption\":\"Kamera Yuneec E90X dla Yuneec H520E\"},{\"@type\":\"BreadcrumbList\",\"@id\":\"https:\\\/\\\/aerovision.com.pl\\\/en\\\/produkt\\\/kamera-yuneec-e90x-dla-yuneec-h520e\\\/#breadcrumb\",\"itemListElement\":[{\"@type\":\"ListItem\",\"position\":1,\"name\":\"Strona g\u0142\u00f3wna\",\"item\":\"https:\\\/\\\/aerovision.com.pl\\\/en\\\/home\\\/\"},{\"@type\":\"ListItem\",\"position\":2,\"name\":\"Sklep\",\"item\":\"https:\\\/\\\/aerovision.com.pl\\\/sklep\\\/\"},{\"@type\":\"ListItem\",\"position\":3,\"name\":\"Kamera Yuneec E90X dla Yuneec H520E\"}]},{\"@type\":\"WebSite\",\"@id\":\"https:\\\/\\\/aerovision.com.pl\\\/en\\\/#website\",\"url\":\"https:\\\/\\\/aerovision.com.pl\\\/en\\\/\",\"name\":\"aerovision\",\"description\":\"\",\"publisher\":{\"@id\":\"https:\\\/\\\/aerovision.com.pl\\\/en\\\/#organization\"},\"potentialAction\":[{\"@type\":\"SearchAction\",\"target\":{\"@type\":\"EntryPoint\",\"urlTemplate\":\"https:\\\/\\\/aerovision.com.pl\\\/en\\\/?s={search_term_string}\"},\"query-input\":{\"@type\":\"PropertyValueSpecification\",\"valueRequired\":true,\"valueName\":\"search_term_string\"}}],\"inLanguage\":\"en-US\"},{\"@type\":\"Organization\",\"@id\":\"https:\\\/\\\/aerovision.com.pl\\\/en\\\/#organization\",\"name\":\"aerovision\",\"url\":\"https:\\\/\\\/aerovision.com.pl\\\/en\\\/\",\"logo\":{\"@type\":\"ImageObject\",\"inLanguage\":\"en-US\",\"@id\":\"https:\\\/\\\/aerovision.com.pl\\\/en\\\/#\\\/schema\\\/logo\\\/image\\\/\",\"url\":\"https:\\\/\\\/aerovision.com.pl\\\/wp-content\\\/uploads\\\/2025\\\/03\\\/cropped-Logo-Aerovision.png\",\"contentUrl\":\"https:\\\/\\\/aerovision.com.pl\\\/wp-content\\\/uploads\\\/2025\\\/03\\\/cropped-Logo-Aerovision.png\",\"width\":298,\"height\":242,\"caption\":\"aerovision\"},\"image\":{\"@id\":\"https:\\\/\\\/aerovision.com.pl\\\/en\\\/#\\\/schema\\\/logo\\\/image\\\/\"}}]}<\/script>\n<!-- \/ Yoast SEO plugin. -->","yoast_head_json":{"title":"Kamera Yuneec E90X dla Yuneec H520E - aerovision","robots":{"index":"noindex","follow":"follow","max-snippet":"max-snippet:-1","max-image-preview":"max-image-preview:large","max-video-preview":"max-video-preview:-1"},"og_locale":"en_US","og_type":"article","og_title":"Kamera Yuneec E90X dla Yuneec H520E - aerovision","og_description":"20 megapikseli \/ rozdzielczo\u015b\u0107 4K 60 FPS sensor 1\u201c CMOS Cyfrowy zoom do 8x Obiektyw 23 mm Z\u0142\u0105cze X-30 pinowe pe\u0142na rotacja gimbala 320\u00b0 dla perfekcyjnej stabilizacji obrazu kamera idealna do filmowania, mapowania terenu, modelowania 3D oraz do akcji poszukiwawczych","og_url":"https:\/\/aerovision.com.pl\/en\/produkt\/kamera-yuneec-e90x-dla-yuneec-h520e\/","og_site_name":"aerovision","og_image":[{"width":301,"height":359,"url":"https:\/\/aerovision.com.pl\/wp-content\/uploads\/2020\/10\/1230-Kamera-Yuneec-E90X-dla-Yuneec-H520E.jpg","type":"image\/jpeg"}],"twitter_card":"summary_large_image","schema":{"@context":"https:\/\/schema.org","@graph":[{"@type":"WebPage","@id":"https:\/\/aerovision.com.pl\/en\/produkt\/kamera-yuneec-e90x-dla-yuneec-h520e\/","url":"https:\/\/aerovision.com.pl\/en\/produkt\/kamera-yuneec-e90x-dla-yuneec-h520e\/","name":"Kamera Yuneec E90X dla Yuneec H520E - aerovision","isPartOf":{"@id":"https:\/\/aerovision.com.pl\/en\/#website"},"primaryImageOfPage":{"@id":"https:\/\/aerovision.com.pl\/en\/produkt\/kamera-yuneec-e90x-dla-yuneec-h520e\/#primaryimage"},"image":{"@id":"https:\/\/aerovision.com.pl\/en\/produkt\/kamera-yuneec-e90x-dla-yuneec-h520e\/#primaryimage"},"thumbnailUrl":"https:\/\/aerovision.com.pl\/wp-content\/uploads\/2020\/10\/1230-Kamera-Yuneec-E90X-dla-Yuneec-H520E.jpg","datePublished":"2020-10-03T22:42:07+00:00","breadcrumb":{"@id":"https:\/\/aerovision.com.pl\/en\/produkt\/kamera-yuneec-e90x-dla-yuneec-h520e\/#breadcrumb"},"inLanguage":"en-US","potentialAction":[{"@type":"ReadAction","target":["https:\/\/aerovision.com.pl\/en\/produkt\/kamera-yuneec-e90x-dla-yuneec-h520e\/"]}]},{"@type":"ImageObject","inLanguage":"en-US","@id":"https:\/\/aerovision.com.pl\/en\/produkt\/kamera-yuneec-e90x-dla-yuneec-h520e\/#primaryimage","url":"https:\/\/aerovision.com.pl\/wp-content\/uploads\/2020\/10\/1230-Kamera-Yuneec-E90X-dla-Yuneec-H520E.jpg","contentUrl":"https:\/\/aerovision.com.pl\/wp-content\/uploads\/2020\/10\/1230-Kamera-Yuneec-E90X-dla-Yuneec-H520E.jpg","width":301,"height":359,"caption":"Kamera Yuneec E90X dla Yuneec H520E"},{"@type":"BreadcrumbList","@id":"https:\/\/aerovision.com.pl\/en\/produkt\/kamera-yuneec-e90x-dla-yuneec-h520e\/#breadcrumb","itemListElement":[{"@type":"ListItem","position":1,"name":"Strona g\u0142\u00f3wna","item":"https:\/\/aerovision.com.pl\/en\/home\/"},{"@type":"ListItem","position":2,"name":"Sklep","item":"https:\/\/aerovision.com.pl\/sklep\/"},{"@type":"ListItem","position":3,"name":"Kamera Yuneec E90X dla Yuneec H520E"}]},{"@type":"WebSite","@id":"https:\/\/aerovision.com.pl\/en\/#website","url":"https:\/\/aerovision.com.pl\/en\/","name":"aerovision","description":"","publisher":{"@id":"https:\/\/aerovision.com.pl\/en\/#organization"},"potentialAction":[{"@type":"SearchAction","target":{"@type":"EntryPoint","urlTemplate":"https:\/\/aerovision.com.pl\/en\/?s={search_term_string}"},"query-input":{"@type":"PropertyValueSpecification","valueRequired":true,"valueName":"search_term_string"}}],"inLanguage":"en-US"},{"@type":"Organization","@id":"https:\/\/aerovision.com.pl\/en\/#organization","name":"aerovision","url":"https:\/\/aerovision.com.pl\/en\/","logo":{"@type":"ImageObject","inLanguage":"en-US","@id":"https:\/\/aerovision.com.pl\/en\/#\/schema\/logo\/image\/","url":"https:\/\/aerovision.com.pl\/wp-content\/uploads\/2025\/03\/cropped-Logo-Aerovision.png","contentUrl":"https:\/\/aerovision.com.pl\/wp-content\/uploads\/2025\/03\/cropped-Logo-Aerovision.png","width":298,"height":242,"caption":"aerovision"},"image":{"@id":"https:\/\/aerovision.com.pl\/en\/#\/schema\/logo\/image\/"}}]}},"_links":{"self":[{"href":"https:\/\/aerovision.com.pl\/en\/wp-json\/wp\/v2\/product\/9096","targetHints":{"allow":["GET"]}}],"collection":[{"href":"https:\/\/aerovision.com.pl\/en\/wp-json\/wp\/v2\/product"}],"about":[{"href":"https:\/\/aerovision.com.pl\/en\/wp-json\/wp\/v2\/types\/product"}],"wp:featuredmedia":[{"embeddable":true,"href":"https:\/\/aerovision.com.pl\/en\/wp-json\/wp\/v2\/media\/9094"}],"wp:attachment":[{"href":"https:\/\/aerovision.com.pl\/en\/wp-json\/wp\/v2\/media?parent=9096"}],"wp:term":[{"taxonomy":"product_brand","embeddable":true,"href":"https:\/\/aerovision.com.pl\/en\/wp-json\/wp\/v2\/product_brand?post=9096"},{"taxonomy":"product_cat","embeddable":true,"href":"https:\/\/aerovision.com.pl\/en\/wp-json\/wp\/v2\/product_cat?post=9096"},{"taxonomy":"product_tag","embeddable":true,"href":"https:\/\/aerovision.com.pl\/en\/wp-json\/wp\/v2\/product_tag?post=9096"}],"curies":[{"name":"wp","href":"https:\/\/api.w.org\/{rel}","templated":true}]}}