{"id":9122,"date":"2020-10-12T12:26:58","date_gmt":"2020-10-12T10:26:58","guid":{"rendered":"https:\/\/aerovision.com.pl\/produkt\/uchwyt-do-tabletu-lifthor-sc-pro-dla-dji-smart\/"},"modified":"2025-01-22T11:51:45","modified_gmt":"2025-01-22T10:51:45","slug":"uchwyt-do-tabletu-lifthor-sc-pro-dla-dji-smart","status":"publish","type":"product","link":"https:\/\/aerovision.com.pl\/en\/produkt\/uchwyt-do-tabletu-lifthor-sc-pro-dla-dji-smart\/","title":{"rendered":"Uchwyt do tabletu LifThor SC Pro dla DJI Smart"},"content":{"rendered":"<p><strong>Lifthor SC Pro!<br \/><\/strong><strong>Najbardziej kompletny uchwyt, kt\u00f3rego b\u0119dziesz potrzebowa\u0107 do swojego DJI Smart Controler!<\/p>\n<p><\/strong>Wykonany w 100% z aluminium, co daje wysok\u0105 jako\u015b\u0107 wykonania oraz trwa\u0142o\u015b\u0107 uchwytu!<\/p>\n<p>Uchwyt ten znany jest z tego, \u017ce ma bardzo wiele mo\u017cliwo\u015bci domontowania dodatkowych akcesorii.<br \/>S\u0105 to:<\/p>\n<ul style=\"list-style-type:circle;\">\n<li>zewn\u0119trzny monitor(wymagany kabel HDMI) do bezpo\u015bredniego podgl\u0105du z kamery bez informacji OSD(monitor nie jest wliczony w zestaw)<\/li>\n<li>mocowanie do tripoda<\/li>\n<li>uchwyt do kamery(opcjonalnie)<\/li>\n<li>uchwyt do smartfona lub tabletu(opcjonalnie)<\/li>\n<li>wbudowany uchwyt na smycz<\/li>\n<\/ul>\n<p>Wszystko, co m\u00f3g\u0142by\u015b zamontowa\u0107 na statywie teraz mo\u017cesz zamontowa\u0107 na wsporniku LIfThor SC Pro!<\/p>\n<p><iframe width=\"822\" height=\"352\" src=\"http:\/\/www.youtube.com\/embed\/Q9SBjL7IbUM\"><\/iframe><\/p>\n<p>Dodatkowo zestaw zawiera: <\/p>\n<ul style=\"list-style-type:circle;\">\n<li>kabel HDMI 4K HighSpeed o d\u0142. 30cm<\/li>\n<li>smycz<\/li>\n<li>torba ochronna na LifThor SC Pro<\/li>\n<\/ul>\n<p><strong>Podsumowuj\u0105c jest to uchwyt, kt\u00f3rego nie wymienisz na \u017caden inny!<\/strong><\/p>\n","protected":false},"excerpt":{"rendered":"<p><strong>Uchwyt monta\u017cowy dla DJI Smart Controller<\/strong><\/p>\n","protected":false},"featured_media":9111,"template":"","meta":{"_acf_changed":false,"inline_featured_image":false},"product_brand":[],"product_cat":[310,308,138,130,312],"product_tag":[],"class_list":{"0":"post-9122","1":"product","2":"type-product","3":"status-publish","4":"has-post-thumbnail","6":"product_cat-akcesoria","7":"product_cat-katalog","8":"product_cat-lifthor","9":"product_cat-marki","10":"product_cat-tdw-lifthor-katalog","12":"first","13":"instock","14":"taxable","15":"shipping-taxable","16":"purchasable","17":"product-type-simple"},"acf":[],"yoast_head":"<!-- This site is optimized with the Yoast SEO plugin v27.4 - https:\/\/yoast.com\/product\/yoast-seo-wordpress\/ -->\n<title>Uchwyt do tabletu LifThor SC Pro dla DJI Smart - aerovision<\/title>\n<meta name=\"robots\" content=\"noindex, follow, max-snippet:-1, max-image-preview:large, max-video-preview:-1\" \/>\n<meta property=\"og:locale\" content=\"en_US\" \/>\n<meta property=\"og:type\" content=\"article\" \/>\n<meta property=\"og:title\" content=\"Uchwyt do tabletu LifThor SC Pro dla DJI Smart - aerovision\" \/>\n<meta property=\"og:description\" content=\"Uchwyt monta\u017cowy dla DJI Smart Controller\" \/>\n<meta property=\"og:url\" content=\"https:\/\/aerovision.com.pl\/en\/produkt\/uchwyt-do-tabletu-lifthor-sc-pro-dla-dji-smart\/\" \/>\n<meta property=\"og:site_name\" content=\"aerovision\" \/>\n<meta property=\"article:modified_time\" content=\"2025-01-22T10:51:45+00:00\" \/>\n<meta property=\"og:image\" content=\"https:\/\/aerovision.com.pl\/wp-content\/uploads\/2020\/10\/1255-Uchwyt-do-tabletu-LifThor-SC-Pro-dla-DJI-Smart.jpg\" \/>\n\t<meta property=\"og:image:width\" content=\"698\" \/>\n\t<meta property=\"og:image:height\" content=\"465\" \/>\n\t<meta property=\"og:image:type\" content=\"image\/jpeg\" \/>\n<meta name=\"twitter:card\" content=\"summary_large_image\" \/>\n<meta name=\"twitter:label1\" content=\"Est. reading time\" \/>\n\t<meta name=\"twitter:data1\" content=\"1 minute\" \/>\n<script type=\"application\/ld+json\" class=\"yoast-schema-graph\">{\"@context\":\"https:\\\/\\\/schema.org\",\"@graph\":[{\"@type\":\"WebPage\",\"@id\":\"https:\\\/\\\/aerovision.com.pl\\\/en\\\/produkt\\\/uchwyt-do-tabletu-lifthor-sc-pro-dla-dji-smart\\\/\",\"url\":\"https:\\\/\\\/aerovision.com.pl\\\/en\\\/produkt\\\/uchwyt-do-tabletu-lifthor-sc-pro-dla-dji-smart\\\/\",\"name\":\"Uchwyt do tabletu LifThor SC Pro dla DJI Smart - aerovision\",\"isPartOf\":{\"@id\":\"https:\\\/\\\/aerovision.com.pl\\\/en\\\/#website\"},\"primaryImageOfPage\":{\"@id\":\"https:\\\/\\\/aerovision.com.pl\\\/en\\\/produkt\\\/uchwyt-do-tabletu-lifthor-sc-pro-dla-dji-smart\\\/#primaryimage\"},\"image\":{\"@id\":\"https:\\\/\\\/aerovision.com.pl\\\/en\\\/produkt\\\/uchwyt-do-tabletu-lifthor-sc-pro-dla-dji-smart\\\/#primaryimage\"},\"thumbnailUrl\":\"https:\\\/\\\/aerovision.com.pl\\\/wp-content\\\/uploads\\\/2020\\\/10\\\/1255-Uchwyt-do-tabletu-LifThor-SC-Pro-dla-DJI-Smart.jpg\",\"datePublished\":\"2020-10-12T10:26:58+00:00\",\"dateModified\":\"2025-01-22T10:51:45+00:00\",\"breadcrumb\":{\"@id\":\"https:\\\/\\\/aerovision.com.pl\\\/en\\\/produkt\\\/uchwyt-do-tabletu-lifthor-sc-pro-dla-dji-smart\\\/#breadcrumb\"},\"inLanguage\":\"en-US\",\"potentialAction\":[{\"@type\":\"ReadAction\",\"target\":[\"https:\\\/\\\/aerovision.com.pl\\\/en\\\/produkt\\\/uchwyt-do-tabletu-lifthor-sc-pro-dla-dji-smart\\\/\"]}]},{\"@type\":\"ImageObject\",\"inLanguage\":\"en-US\",\"@id\":\"https:\\\/\\\/aerovision.com.pl\\\/en\\\/produkt\\\/uchwyt-do-tabletu-lifthor-sc-pro-dla-dji-smart\\\/#primaryimage\",\"url\":\"https:\\\/\\\/aerovision.com.pl\\\/wp-content\\\/uploads\\\/2020\\\/10\\\/1255-Uchwyt-do-tabletu-LifThor-SC-Pro-dla-DJI-Smart.jpg\",\"contentUrl\":\"https:\\\/\\\/aerovision.com.pl\\\/wp-content\\\/uploads\\\/2020\\\/10\\\/1255-Uchwyt-do-tabletu-LifThor-SC-Pro-dla-DJI-Smart.jpg\",\"width\":698,\"height\":465,\"caption\":\"Uchwyt do tabletu LifThor SC Pro dla DJI Smart\"},{\"@type\":\"BreadcrumbList\",\"@id\":\"https:\\\/\\\/aerovision.com.pl\\\/en\\\/produkt\\\/uchwyt-do-tabletu-lifthor-sc-pro-dla-dji-smart\\\/#breadcrumb\",\"itemListElement\":[{\"@type\":\"ListItem\",\"position\":1,\"name\":\"Strona g\u0142\u00f3wna\",\"item\":\"https:\\\/\\\/aerovision.com.pl\\\/en\\\/home\\\/\"},{\"@type\":\"ListItem\",\"position\":2,\"name\":\"Sklep\",\"item\":\"https:\\\/\\\/aerovision.com.pl\\\/sklep\\\/\"},{\"@type\":\"ListItem\",\"position\":3,\"name\":\"Uchwyt do tabletu LifThor SC Pro dla DJI Smart\"}]},{\"@type\":\"WebSite\",\"@id\":\"https:\\\/\\\/aerovision.com.pl\\\/en\\\/#website\",\"url\":\"https:\\\/\\\/aerovision.com.pl\\\/en\\\/\",\"name\":\"aerovision\",\"description\":\"\",\"publisher\":{\"@id\":\"https:\\\/\\\/aerovision.com.pl\\\/en\\\/#organization\"},\"potentialAction\":[{\"@type\":\"SearchAction\",\"target\":{\"@type\":\"EntryPoint\",\"urlTemplate\":\"https:\\\/\\\/aerovision.com.pl\\\/en\\\/?s={search_term_string}\"},\"query-input\":{\"@type\":\"PropertyValueSpecification\",\"valueRequired\":true,\"valueName\":\"search_term_string\"}}],\"inLanguage\":\"en-US\"},{\"@type\":\"Organization\",\"@id\":\"https:\\\/\\\/aerovision.com.pl\\\/en\\\/#organization\",\"name\":\"aerovision\",\"url\":\"https:\\\/\\\/aerovision.com.pl\\\/en\\\/\",\"logo\":{\"@type\":\"ImageObject\",\"inLanguage\":\"en-US\",\"@id\":\"https:\\\/\\\/aerovision.com.pl\\\/en\\\/#\\\/schema\\\/logo\\\/image\\\/\",\"url\":\"https:\\\/\\\/aerovision.com.pl\\\/wp-content\\\/uploads\\\/2025\\\/03\\\/cropped-Logo-Aerovision.png\",\"contentUrl\":\"https:\\\/\\\/aerovision.com.pl\\\/wp-content\\\/uploads\\\/2025\\\/03\\\/cropped-Logo-Aerovision.png\",\"width\":298,\"height\":242,\"caption\":\"aerovision\"},\"image\":{\"@id\":\"https:\\\/\\\/aerovision.com.pl\\\/en\\\/#\\\/schema\\\/logo\\\/image\\\/\"}}]}<\/script>\n<!-- \/ Yoast SEO plugin. -->","yoast_head_json":{"title":"Uchwyt do tabletu LifThor SC Pro dla DJI Smart - aerovision","robots":{"index":"noindex","follow":"follow","max-snippet":"max-snippet:-1","max-image-preview":"max-image-preview:large","max-video-preview":"max-video-preview:-1"},"og_locale":"en_US","og_type":"article","og_title":"Uchwyt do tabletu LifThor SC Pro dla DJI Smart - aerovision","og_description":"Uchwyt monta\u017cowy dla DJI Smart Controller","og_url":"https:\/\/aerovision.com.pl\/en\/produkt\/uchwyt-do-tabletu-lifthor-sc-pro-dla-dji-smart\/","og_site_name":"aerovision","article_modified_time":"2025-01-22T10:51:45+00:00","og_image":[{"width":698,"height":465,"url":"https:\/\/aerovision.com.pl\/wp-content\/uploads\/2020\/10\/1255-Uchwyt-do-tabletu-LifThor-SC-Pro-dla-DJI-Smart.jpg","type":"image\/jpeg"}],"twitter_card":"summary_large_image","twitter_misc":{"Est. reading time":"1 minute"},"schema":{"@context":"https:\/\/schema.org","@graph":[{"@type":"WebPage","@id":"https:\/\/aerovision.com.pl\/en\/produkt\/uchwyt-do-tabletu-lifthor-sc-pro-dla-dji-smart\/","url":"https:\/\/aerovision.com.pl\/en\/produkt\/uchwyt-do-tabletu-lifthor-sc-pro-dla-dji-smart\/","name":"Uchwyt do tabletu LifThor SC Pro dla DJI Smart - aerovision","isPartOf":{"@id":"https:\/\/aerovision.com.pl\/en\/#website"},"primaryImageOfPage":{"@id":"https:\/\/aerovision.com.pl\/en\/produkt\/uchwyt-do-tabletu-lifthor-sc-pro-dla-dji-smart\/#primaryimage"},"image":{"@id":"https:\/\/aerovision.com.pl\/en\/produkt\/uchwyt-do-tabletu-lifthor-sc-pro-dla-dji-smart\/#primaryimage"},"thumbnailUrl":"https:\/\/aerovision.com.pl\/wp-content\/uploads\/2020\/10\/1255-Uchwyt-do-tabletu-LifThor-SC-Pro-dla-DJI-Smart.jpg","datePublished":"2020-10-12T10:26:58+00:00","dateModified":"2025-01-22T10:51:45+00:00","breadcrumb":{"@id":"https:\/\/aerovision.com.pl\/en\/produkt\/uchwyt-do-tabletu-lifthor-sc-pro-dla-dji-smart\/#breadcrumb"},"inLanguage":"en-US","potentialAction":[{"@type":"ReadAction","target":["https:\/\/aerovision.com.pl\/en\/produkt\/uchwyt-do-tabletu-lifthor-sc-pro-dla-dji-smart\/"]}]},{"@type":"ImageObject","inLanguage":"en-US","@id":"https:\/\/aerovision.com.pl\/en\/produkt\/uchwyt-do-tabletu-lifthor-sc-pro-dla-dji-smart\/#primaryimage","url":"https:\/\/aerovision.com.pl\/wp-content\/uploads\/2020\/10\/1255-Uchwyt-do-tabletu-LifThor-SC-Pro-dla-DJI-Smart.jpg","contentUrl":"https:\/\/aerovision.com.pl\/wp-content\/uploads\/2020\/10\/1255-Uchwyt-do-tabletu-LifThor-SC-Pro-dla-DJI-Smart.jpg","width":698,"height":465,"caption":"Uchwyt do tabletu LifThor SC Pro dla DJI Smart"},{"@type":"BreadcrumbList","@id":"https:\/\/aerovision.com.pl\/en\/produkt\/uchwyt-do-tabletu-lifthor-sc-pro-dla-dji-smart\/#breadcrumb","itemListElement":[{"@type":"ListItem","position":1,"name":"Strona g\u0142\u00f3wna","item":"https:\/\/aerovision.com.pl\/en\/home\/"},{"@type":"ListItem","position":2,"name":"Sklep","item":"https:\/\/aerovision.com.pl\/sklep\/"},{"@type":"ListItem","position":3,"name":"Uchwyt do tabletu LifThor SC Pro dla DJI Smart"}]},{"@type":"WebSite","@id":"https:\/\/aerovision.com.pl\/en\/#website","url":"https:\/\/aerovision.com.pl\/en\/","name":"aerovision","description":"","publisher":{"@id":"https:\/\/aerovision.com.pl\/en\/#organization"},"potentialAction":[{"@type":"SearchAction","target":{"@type":"EntryPoint","urlTemplate":"https:\/\/aerovision.com.pl\/en\/?s={search_term_string}"},"query-input":{"@type":"PropertyValueSpecification","valueRequired":true,"valueName":"search_term_string"}}],"inLanguage":"en-US"},{"@type":"Organization","@id":"https:\/\/aerovision.com.pl\/en\/#organization","name":"aerovision","url":"https:\/\/aerovision.com.pl\/en\/","logo":{"@type":"ImageObject","inLanguage":"en-US","@id":"https:\/\/aerovision.com.pl\/en\/#\/schema\/logo\/image\/","url":"https:\/\/aerovision.com.pl\/wp-content\/uploads\/2025\/03\/cropped-Logo-Aerovision.png","contentUrl":"https:\/\/aerovision.com.pl\/wp-content\/uploads\/2025\/03\/cropped-Logo-Aerovision.png","width":298,"height":242,"caption":"aerovision"},"image":{"@id":"https:\/\/aerovision.com.pl\/en\/#\/schema\/logo\/image\/"}}]}},"_links":{"self":[{"href":"https:\/\/aerovision.com.pl\/en\/wp-json\/wp\/v2\/product\/9122","targetHints":{"allow":["GET"]}}],"collection":[{"href":"https:\/\/aerovision.com.pl\/en\/wp-json\/wp\/v2\/product"}],"about":[{"href":"https:\/\/aerovision.com.pl\/en\/wp-json\/wp\/v2\/types\/product"}],"wp:featuredmedia":[{"embeddable":true,"href":"https:\/\/aerovision.com.pl\/en\/wp-json\/wp\/v2\/media\/9111"}],"wp:attachment":[{"href":"https:\/\/aerovision.com.pl\/en\/wp-json\/wp\/v2\/media?parent=9122"}],"wp:term":[{"taxonomy":"product_brand","embeddable":true,"href":"https:\/\/aerovision.com.pl\/en\/wp-json\/wp\/v2\/product_brand?post=9122"},{"taxonomy":"product_cat","embeddable":true,"href":"https:\/\/aerovision.com.pl\/en\/wp-json\/wp\/v2\/product_cat?post=9122"},{"taxonomy":"product_tag","embeddable":true,"href":"https:\/\/aerovision.com.pl\/en\/wp-json\/wp\/v2\/product_tag?post=9122"}],"curies":[{"name":"wp","href":"https:\/\/api.w.org\/{rel}","templated":true}]}}