{"id":9188,"date":"2020-11-06T12:08:38","date_gmt":"2020-11-06T11:08:38","guid":{"rendered":"https:\/\/aerovision.com.pl\/produkt\/system-na-uwiezi-zwijany-i-rozwijany-automatycznie-yuneec-h520-h520e-zlacze-12v-2\/"},"modified":"2020-11-06T12:08:38","modified_gmt":"2020-11-06T11:08:38","slug":"system-na-uwiezi-zwijany-i-rozwijany-automatycznie-yuneec-h520-h520e-zlacze-12v-2","status":"publish","type":"product","link":"https:\/\/aerovision.com.pl\/en\/produkt\/system-na-uwiezi-zwijany-i-rozwijany-automatycznie-yuneec-h520-h520e-zlacze-12v-2\/","title":{"rendered":"System na uwi\u0119zi zwijany i rozwijany automatycznie Yuneec H520, H520E &#8211; Z\u0142\u0105cze 12V"},"content":{"rendered":"<div class=\"embed-container\" style=\"text-align:center;\"><iframe width=\"300\" height=\"150\" src=\"https:\/\/www.youtube.com\/embed\/S7Hd5Xw49Cw\" frameborder=\"0\"><\/iframe><\/div>\n<p style=\"margin:15px 0px;padding:0px;color:#333333;line-height:normal;font-family:Arial;font-size:13px;background-color:#ffffff;\"><span style=\"margin:0px;padding:0px;font-family:helvetica;\"><img decoding=\"async\" src=\"https:\/\/aeromind.pl\/data\/include\/cms\/Yuneec-Tethered-system\/YUNH520-RS_005-small.jpg\" border=\"0\" width=\"100%\" style=\"margin:0px;padding:0px;border:none;height:auto;\" alt=\"YUNH520-RS_005-small.jpg\" \/><\/span><\/p>\n<hr style=\"margin:0px;padding:0px;color:#333333;font-family:Arial;font-size:13px;background-color:#ffffff;\" \/>\n<p style=\"margin:15px 0px;padding:0px;color:#333333;line-height:normal;font-family:Arial;font-size:13px;background-color:#ffffff;text-align:center;\"><span style=\"margin:0px;padding:0px;font-family:helvetica;font-size:12pt;\">System na uwi\u0119zi, nasz nowy certyfikowany przez YCAP Akcesorium, jest najlepszy w systemach na uwi\u0119zi dla H520 i H520E. Sk\u0142ada si\u0119 on z naziemnej jednostki zasilania, lekkiego przewodu na b\u0119bnie oraz uniwersalnego zasilacza powietrznego (UAPS), kt\u00f3ry \u0142\u0105czy w sobie mo\u017cliwo\u015b\u0107 zasilania H520 i H520E przez wiele godzin.<\/span><\/p>\n<p style=\"margin:15px 0px;padding:0px;color:#333333;line-height:normal;font-family:Arial;font-size:13px;background-color:#ffffff;text-align:center;\"><span style=\"margin:0px;padding:0px;font-family:helvetica;font-size:12pt;\">Lekkiej jednostka zasilania po stronie drona zapewniona maksymalizacj\u0119 \u0142adowno\u015bci. System jest bezpieczny i \u0142atwy w obs\u0142udze, z podtrzymaniem bateryjnym w przypadku awarii.<\/span><\/p>\n<p style=\"margin:15px 0px;padding:0px;color:#333333;line-height:normal;font-family:Arial;font-size:13px;background-color:#ffffff;\">\n<p style=\"margin:15px 0px;padding:0px;color:#333333;line-height:normal;font-family:Arial;font-size:13px;background-color:#ffffff;text-align:center;\"><span style=\"margin:0px;padding:0px;font-family:helvetica;font-size:36pt;\">KLUCZOWE CECHY<\/span><\/p>\n<p style=\"margin:15px 0px;padding:0px;color:#333333;line-height:normal;font-family:Arial;font-size:13px;background-color:#ffffff;\"><span style=\"margin:0px;padding:0px;font-family:helvetica;\"><img decoding=\"async\" src=\"https:\/\/aeromind.pl\/data\/include\/cms\/Yuneec-Tethered-system\/YUNH520-RS_001-small.jpg\" border=\"0\" width=\"100%\" style=\"margin:0px;padding:0px;border:none;height:auto;\" alt=\"YUNH520-RS_001-small.jpg\" \/><\/span><\/p>\n<p style=\"margin:15px 0px;padding:0px;color:#333333;line-height:normal;font-family:Arial;font-size:13px;background-color:#ffffff;\">\n<ul style=\"margin:15px 0px;padding:0px 0px 0px 40px;color:#333333;line-height:normal;font-family:Arial;font-size:13px;background-color:#ffffff;\">\n<li style=\"margin:0px;padding:0px;\"><span style=\"margin:0px;padding:0px;font-size:12pt;\">Umo\u017cliwia dronowi przebywanie w powietrzu przez d\u0142u\u017cszy okres czasu<\/span><\/li>\n<\/ul>\n<ul style=\"margin:15px 0px;padding:0px 0px 0px 40px;color:#333333;line-height:normal;font-family:Arial;font-size:13px;background-color:#ffffff;\">\n<li style=\"margin:0px;padding:0px;\"><span style=\"margin:0px;padding:0px;font-size:12pt;\">Do 50m wysoko\u015bci lotu<\/span><\/li>\n<\/ul>\n<ul style=\"margin:15px 0px;padding:0px 0px 0px 40px;color:#333333;line-height:normal;font-family:Arial;font-size:13px;background-color:#ffffff;\">\n<li style=\"margin:0px;padding:0px;\"><span style=\"margin:0px;padding:0px;font-size:12pt;\">Lekka jednostka zasilaj\u0105ca drona w powietrzu<\/span><\/li>\n<\/ul>\n<ul style=\"margin:15px 0px;padding:0px 0px 0px 40px;color:#333333;line-height:normal;font-family:Arial;font-size:13px;background-color:#ffffff;\">\n<li style=\"margin:0px;padding:0px;\"><span style=\"margin:0px;padding:0px;font-size:12pt;\">Lekki przew\u00f3d 8.4g na metr<br style=\"margin:0px;padding:0px;\" \/><\/span><\/li>\n<\/ul>\n<ul style=\"margin:15px 0px;padding:0px 0px 0px 40px;color:#333333;line-height:normal;font-family:Arial;font-size:13px;background-color:#ffffff;\">\n<li style=\"margin:0px;padding:0px;\"><span style=\"margin:0px;padding:0px;font-size:12pt;\">Wszechstronno\u015b\u0107 i przeno\u015bno\u015b\u0107 &#8211; dost\u0119pne s\u0105 4 r\u00f3\u017cne systemy, kt\u00f3re mog\u0105 by\u0107 obs\u0142ugiwane bezpo\u015brednio z pojazdu lub z g\u0142\u00f3wnego \u017ar\u00f3d\u0142a zasilania.<\/span><\/li>\n<\/ul>\n<ul style=\"margin:15px 0px;padding:0px 0px 0px 40px;color:#333333;line-height:normal;font-family:Arial;font-size:13px;background-color:#ffffff;\">\n<li style=\"margin:0px;padding:0px;\"><span style=\"margin:0px;padding:0px;font-size:12pt;\">120v\/240v<\/span><\/li>\n<\/ul>\n<ul style=\"margin:15px 0px;padding:0px 0px 0px 40px;color:#333333;line-height:normal;font-family:Arial;font-size:13px;background-color:#ffffff;\">\n<li style=\"margin:0px;padding:0px;\"><span style=\"margin:0px;padding:0px;font-size:12pt;\">12v\/24v<\/span><\/li>\n<\/ul>\n<ul style=\"margin:15px 0px;padding:0px 0px 0px 40px;color:#333333;line-height:normal;font-family:Arial;font-size:13px;background-color:#ffffff;\">\n<li style=\"margin:0px;padding:0px;\"><span style=\"margin:0px;padding:0px;font-size:12pt;\">Wytrzyma\u0142o\u015b\u0107 przewodu na rozci\u0105ganie 98kg<\/span><\/li>\n<\/ul>\n<ul style=\"margin:15px 0px;padding:0px 0px 0px 40px;color:#333333;line-height:normal;font-family:Arial;font-size:13px;background-color:#ffffff;\">\n<li style=\"margin:0px;padding:0px;\"><span style=\"margin:0px;padding:0px;font-size:12pt;\">Uzyskaj dost\u0119p do nowych zastosowa\u0144: sta\u0142y nadz\u00f3r powietrzny, telekomunikacja, monitoring ruchu, zaawansowane inspekcje przemys\u0142owe, monitoring jako\u015bci powietrza i transmisja na \u017cywo<\/span><\/li>\n<\/ul>\n<ul style=\"margin:15px 0px;padding:0px 0px 0px 40px;color:#333333;line-height:normal;font-family:Arial;font-size:13px;background-color:#ffffff;\">\n<li style=\"margin:0px;padding:0px;\"><span style=\"margin:0px;padding:0px;font-size:12pt;\">Zabezpieczenie bateryjne w przypadku awarii &#8211; ok. 4 minuty czasu na wyl\u0105dowanie<\/span><\/li>\n<\/ul>\n<ul style=\"margin:15px 0px;padding:0px 0px 0px 40px;color:#333333;line-height:normal;font-family:Arial;font-size:13px;background-color:#ffffff;\">\n<li style=\"margin:0px;padding:0px;\"><span style=\"margin:0px;padding:0px;font-size:12pt;\">Bezpieczny w u\u017cyciu &#8211; Niskie napi\u0119cie\/niskie nat\u0119\u017cenie pr\u0105du<\/span><\/li>\n<\/ul>\n","protected":false},"excerpt":{"rendered":"<p>System zasilania na kablu dzi\u0119ki kt\u00f3remu dron mo\u017ce zawisn\u0105\u0107 w powietrzu nawet na 3h.<\/p>\n","protected":false},"featured_media":9185,"template":"","meta":{"_acf_changed":false,"inline_featured_image":false},"product_brand":[],"product_cat":[439,440],"product_tag":[441,442,443,444,445,446,447,448,449],"class_list":{"0":"post-9188","1":"product","2":"type-product","3":"status-publish","4":"has-post-thumbnail","6":"product_cat-drony-en","7":"product_cat-drony-na-uwiezi-en","8":"product_tag-dlugi-en","9":"product_tag-lot-en","10":"product_tag-na-linie-en","11":"product_tag-na-uwiezi-en","12":"product_tag-obserwacja-en","13":"product_tag-obserwacji-en","14":"product_tag-system-en","15":"product_tag-thetered-en","16":"product_tag-zasilania-en","18":"first","19":"instock","20":"taxable","21":"shipping-taxable","22":"purchasable","23":"product-type-simple"},"acf":[],"yoast_head":"<!-- This site is optimized with the Yoast SEO plugin v27.4 - https:\/\/yoast.com\/product\/yoast-seo-wordpress\/ -->\n<title>System na uwi\u0119zi zwijany i rozwijany automatycznie Yuneec H520, H520E - Z\u0142\u0105cze 12V - aerovision<\/title>\n<meta name=\"robots\" content=\"noindex, follow, max-snippet:-1, max-image-preview:large, max-video-preview:-1\" \/>\n<meta property=\"og:locale\" content=\"en_US\" \/>\n<meta property=\"og:type\" content=\"article\" \/>\n<meta property=\"og:title\" content=\"System na uwi\u0119zi zwijany i rozwijany automatycznie Yuneec H520, H520E - Z\u0142\u0105cze 12V - aerovision\" \/>\n<meta property=\"og:description\" content=\"System zasilania na kablu dzi\u0119ki kt\u00f3remu dron mo\u017ce zawisn\u0105\u0107 w powietrzu nawet na 3h.\" \/>\n<meta property=\"og:url\" content=\"https:\/\/aerovision.com.pl\/en\/produkt\/system-na-uwiezi-zwijany-i-rozwijany-automatycznie-yuneec-h520-h520e-zlacze-12v-2\/\" \/>\n<meta property=\"og:site_name\" content=\"aerovision\" \/>\n<meta property=\"og:image\" content=\"https:\/\/aerovision.com.pl\/wp-content\/uploads\/2020\/11\/1317-Dron-Yuneec-H520E-z-systemem-zasilania-na-linie.jpg\" \/>\n\t<meta property=\"og:image:width\" content=\"750\" \/>\n\t<meta property=\"og:image:height\" content=\"467\" \/>\n\t<meta property=\"og:image:type\" content=\"image\/jpeg\" \/>\n<meta name=\"twitter:card\" content=\"summary_large_image\" \/>\n<meta name=\"twitter:label1\" content=\"Est. reading time\" \/>\n\t<meta name=\"twitter:data1\" content=\"1 minute\" \/>\n<script type=\"application\/ld+json\" class=\"yoast-schema-graph\">{\"@context\":\"https:\\\/\\\/schema.org\",\"@graph\":[{\"@type\":\"WebPage\",\"@id\":\"https:\\\/\\\/aerovision.com.pl\\\/en\\\/produkt\\\/system-na-uwiezi-zwijany-i-rozwijany-automatycznie-yuneec-h520-h520e-zlacze-12v-2\\\/\",\"url\":\"https:\\\/\\\/aerovision.com.pl\\\/en\\\/produkt\\\/system-na-uwiezi-zwijany-i-rozwijany-automatycznie-yuneec-h520-h520e-zlacze-12v-2\\\/\",\"name\":\"System na uwi\u0119zi zwijany i rozwijany automatycznie Yuneec H520, H520E - Z\u0142\u0105cze 12V - aerovision\",\"isPartOf\":{\"@id\":\"https:\\\/\\\/aerovision.com.pl\\\/en\\\/#website\"},\"primaryImageOfPage\":{\"@id\":\"https:\\\/\\\/aerovision.com.pl\\\/en\\\/produkt\\\/system-na-uwiezi-zwijany-i-rozwijany-automatycznie-yuneec-h520-h520e-zlacze-12v-2\\\/#primaryimage\"},\"image\":{\"@id\":\"https:\\\/\\\/aerovision.com.pl\\\/en\\\/produkt\\\/system-na-uwiezi-zwijany-i-rozwijany-automatycznie-yuneec-h520-h520e-zlacze-12v-2\\\/#primaryimage\"},\"thumbnailUrl\":\"https:\\\/\\\/aerovision.com.pl\\\/wp-content\\\/uploads\\\/2020\\\/11\\\/1317-Dron-Yuneec-H520E-z-systemem-zasilania-na-linie.jpg\",\"datePublished\":\"2020-11-06T11:08:38+00:00\",\"breadcrumb\":{\"@id\":\"https:\\\/\\\/aerovision.com.pl\\\/en\\\/produkt\\\/system-na-uwiezi-zwijany-i-rozwijany-automatycznie-yuneec-h520-h520e-zlacze-12v-2\\\/#breadcrumb\"},\"inLanguage\":\"en-US\",\"potentialAction\":[{\"@type\":\"ReadAction\",\"target\":[\"https:\\\/\\\/aerovision.com.pl\\\/en\\\/produkt\\\/system-na-uwiezi-zwijany-i-rozwijany-automatycznie-yuneec-h520-h520e-zlacze-12v-2\\\/\"]}]},{\"@type\":\"ImageObject\",\"inLanguage\":\"en-US\",\"@id\":\"https:\\\/\\\/aerovision.com.pl\\\/en\\\/produkt\\\/system-na-uwiezi-zwijany-i-rozwijany-automatycznie-yuneec-h520-h520e-zlacze-12v-2\\\/#primaryimage\",\"url\":\"https:\\\/\\\/aerovision.com.pl\\\/wp-content\\\/uploads\\\/2020\\\/11\\\/1317-Dron-Yuneec-H520E-z-systemem-zasilania-na-linie.jpg\",\"contentUrl\":\"https:\\\/\\\/aerovision.com.pl\\\/wp-content\\\/uploads\\\/2020\\\/11\\\/1317-Dron-Yuneec-H520E-z-systemem-zasilania-na-linie.jpg\",\"width\":750,\"height\":467,\"caption\":\"Dron Yuneec H520E z systemem zasilania na linie\"},{\"@type\":\"BreadcrumbList\",\"@id\":\"https:\\\/\\\/aerovision.com.pl\\\/en\\\/produkt\\\/system-na-uwiezi-zwijany-i-rozwijany-automatycznie-yuneec-h520-h520e-zlacze-12v-2\\\/#breadcrumb\",\"itemListElement\":[{\"@type\":\"ListItem\",\"position\":1,\"name\":\"Strona g\u0142\u00f3wna\",\"item\":\"https:\\\/\\\/aerovision.com.pl\\\/en\\\/home\\\/\"},{\"@type\":\"ListItem\",\"position\":2,\"name\":\"Sklep\",\"item\":\"https:\\\/\\\/aerovision.com.pl\\\/sklep\\\/\"},{\"@type\":\"ListItem\",\"position\":3,\"name\":\"System na uwi\u0119zi zwijany i rozwijany automatycznie Yuneec H520, H520E &#8211; Z\u0142\u0105cze 12V\"}]},{\"@type\":\"WebSite\",\"@id\":\"https:\\\/\\\/aerovision.com.pl\\\/en\\\/#website\",\"url\":\"https:\\\/\\\/aerovision.com.pl\\\/en\\\/\",\"name\":\"aerovision\",\"description\":\"\",\"publisher\":{\"@id\":\"https:\\\/\\\/aerovision.com.pl\\\/en\\\/#organization\"},\"potentialAction\":[{\"@type\":\"SearchAction\",\"target\":{\"@type\":\"EntryPoint\",\"urlTemplate\":\"https:\\\/\\\/aerovision.com.pl\\\/en\\\/?s={search_term_string}\"},\"query-input\":{\"@type\":\"PropertyValueSpecification\",\"valueRequired\":true,\"valueName\":\"search_term_string\"}}],\"inLanguage\":\"en-US\"},{\"@type\":\"Organization\",\"@id\":\"https:\\\/\\\/aerovision.com.pl\\\/en\\\/#organization\",\"name\":\"aerovision\",\"url\":\"https:\\\/\\\/aerovision.com.pl\\\/en\\\/\",\"logo\":{\"@type\":\"ImageObject\",\"inLanguage\":\"en-US\",\"@id\":\"https:\\\/\\\/aerovision.com.pl\\\/en\\\/#\\\/schema\\\/logo\\\/image\\\/\",\"url\":\"https:\\\/\\\/aerovision.com.pl\\\/wp-content\\\/uploads\\\/2025\\\/03\\\/cropped-Logo-Aerovision.png\",\"contentUrl\":\"https:\\\/\\\/aerovision.com.pl\\\/wp-content\\\/uploads\\\/2025\\\/03\\\/cropped-Logo-Aerovision.png\",\"width\":298,\"height\":242,\"caption\":\"aerovision\"},\"image\":{\"@id\":\"https:\\\/\\\/aerovision.com.pl\\\/en\\\/#\\\/schema\\\/logo\\\/image\\\/\"}}]}<\/script>\n<!-- \/ Yoast SEO plugin. -->","yoast_head_json":{"title":"System na uwi\u0119zi zwijany i rozwijany automatycznie Yuneec H520, H520E - Z\u0142\u0105cze 12V - aerovision","robots":{"index":"noindex","follow":"follow","max-snippet":"max-snippet:-1","max-image-preview":"max-image-preview:large","max-video-preview":"max-video-preview:-1"},"og_locale":"en_US","og_type":"article","og_title":"System na uwi\u0119zi zwijany i rozwijany automatycznie Yuneec H520, H520E - Z\u0142\u0105cze 12V - aerovision","og_description":"System zasilania na kablu dzi\u0119ki kt\u00f3remu dron mo\u017ce zawisn\u0105\u0107 w powietrzu nawet na 3h.","og_url":"https:\/\/aerovision.com.pl\/en\/produkt\/system-na-uwiezi-zwijany-i-rozwijany-automatycznie-yuneec-h520-h520e-zlacze-12v-2\/","og_site_name":"aerovision","og_image":[{"width":750,"height":467,"url":"https:\/\/aerovision.com.pl\/wp-content\/uploads\/2020\/11\/1317-Dron-Yuneec-H520E-z-systemem-zasilania-na-linie.jpg","type":"image\/jpeg"}],"twitter_card":"summary_large_image","twitter_misc":{"Est. reading time":"1 minute"},"schema":{"@context":"https:\/\/schema.org","@graph":[{"@type":"WebPage","@id":"https:\/\/aerovision.com.pl\/en\/produkt\/system-na-uwiezi-zwijany-i-rozwijany-automatycznie-yuneec-h520-h520e-zlacze-12v-2\/","url":"https:\/\/aerovision.com.pl\/en\/produkt\/system-na-uwiezi-zwijany-i-rozwijany-automatycznie-yuneec-h520-h520e-zlacze-12v-2\/","name":"System na uwi\u0119zi zwijany i rozwijany automatycznie Yuneec H520, H520E - Z\u0142\u0105cze 12V - aerovision","isPartOf":{"@id":"https:\/\/aerovision.com.pl\/en\/#website"},"primaryImageOfPage":{"@id":"https:\/\/aerovision.com.pl\/en\/produkt\/system-na-uwiezi-zwijany-i-rozwijany-automatycznie-yuneec-h520-h520e-zlacze-12v-2\/#primaryimage"},"image":{"@id":"https:\/\/aerovision.com.pl\/en\/produkt\/system-na-uwiezi-zwijany-i-rozwijany-automatycznie-yuneec-h520-h520e-zlacze-12v-2\/#primaryimage"},"thumbnailUrl":"https:\/\/aerovision.com.pl\/wp-content\/uploads\/2020\/11\/1317-Dron-Yuneec-H520E-z-systemem-zasilania-na-linie.jpg","datePublished":"2020-11-06T11:08:38+00:00","breadcrumb":{"@id":"https:\/\/aerovision.com.pl\/en\/produkt\/system-na-uwiezi-zwijany-i-rozwijany-automatycznie-yuneec-h520-h520e-zlacze-12v-2\/#breadcrumb"},"inLanguage":"en-US","potentialAction":[{"@type":"ReadAction","target":["https:\/\/aerovision.com.pl\/en\/produkt\/system-na-uwiezi-zwijany-i-rozwijany-automatycznie-yuneec-h520-h520e-zlacze-12v-2\/"]}]},{"@type":"ImageObject","inLanguage":"en-US","@id":"https:\/\/aerovision.com.pl\/en\/produkt\/system-na-uwiezi-zwijany-i-rozwijany-automatycznie-yuneec-h520-h520e-zlacze-12v-2\/#primaryimage","url":"https:\/\/aerovision.com.pl\/wp-content\/uploads\/2020\/11\/1317-Dron-Yuneec-H520E-z-systemem-zasilania-na-linie.jpg","contentUrl":"https:\/\/aerovision.com.pl\/wp-content\/uploads\/2020\/11\/1317-Dron-Yuneec-H520E-z-systemem-zasilania-na-linie.jpg","width":750,"height":467,"caption":"Dron Yuneec H520E z systemem zasilania na linie"},{"@type":"BreadcrumbList","@id":"https:\/\/aerovision.com.pl\/en\/produkt\/system-na-uwiezi-zwijany-i-rozwijany-automatycznie-yuneec-h520-h520e-zlacze-12v-2\/#breadcrumb","itemListElement":[{"@type":"ListItem","position":1,"name":"Strona g\u0142\u00f3wna","item":"https:\/\/aerovision.com.pl\/en\/home\/"},{"@type":"ListItem","position":2,"name":"Sklep","item":"https:\/\/aerovision.com.pl\/sklep\/"},{"@type":"ListItem","position":3,"name":"System na uwi\u0119zi zwijany i rozwijany automatycznie Yuneec H520, H520E &#8211; Z\u0142\u0105cze 12V"}]},{"@type":"WebSite","@id":"https:\/\/aerovision.com.pl\/en\/#website","url":"https:\/\/aerovision.com.pl\/en\/","name":"aerovision","description":"","publisher":{"@id":"https:\/\/aerovision.com.pl\/en\/#organization"},"potentialAction":[{"@type":"SearchAction","target":{"@type":"EntryPoint","urlTemplate":"https:\/\/aerovision.com.pl\/en\/?s={search_term_string}"},"query-input":{"@type":"PropertyValueSpecification","valueRequired":true,"valueName":"search_term_string"}}],"inLanguage":"en-US"},{"@type":"Organization","@id":"https:\/\/aerovision.com.pl\/en\/#organization","name":"aerovision","url":"https:\/\/aerovision.com.pl\/en\/","logo":{"@type":"ImageObject","inLanguage":"en-US","@id":"https:\/\/aerovision.com.pl\/en\/#\/schema\/logo\/image\/","url":"https:\/\/aerovision.com.pl\/wp-content\/uploads\/2025\/03\/cropped-Logo-Aerovision.png","contentUrl":"https:\/\/aerovision.com.pl\/wp-content\/uploads\/2025\/03\/cropped-Logo-Aerovision.png","width":298,"height":242,"caption":"aerovision"},"image":{"@id":"https:\/\/aerovision.com.pl\/en\/#\/schema\/logo\/image\/"}}]}},"_links":{"self":[{"href":"https:\/\/aerovision.com.pl\/en\/wp-json\/wp\/v2\/product\/9188","targetHints":{"allow":["GET"]}}],"collection":[{"href":"https:\/\/aerovision.com.pl\/en\/wp-json\/wp\/v2\/product"}],"about":[{"href":"https:\/\/aerovision.com.pl\/en\/wp-json\/wp\/v2\/types\/product"}],"wp:featuredmedia":[{"embeddable":true,"href":"https:\/\/aerovision.com.pl\/en\/wp-json\/wp\/v2\/media\/9185"}],"wp:attachment":[{"href":"https:\/\/aerovision.com.pl\/en\/wp-json\/wp\/v2\/media?parent=9188"}],"wp:term":[{"taxonomy":"product_brand","embeddable":true,"href":"https:\/\/aerovision.com.pl\/en\/wp-json\/wp\/v2\/product_brand?post=9188"},{"taxonomy":"product_cat","embeddable":true,"href":"https:\/\/aerovision.com.pl\/en\/wp-json\/wp\/v2\/product_cat?post=9188"},{"taxonomy":"product_tag","embeddable":true,"href":"https:\/\/aerovision.com.pl\/en\/wp-json\/wp\/v2\/product_tag?post=9188"}],"curies":[{"name":"wp","href":"https:\/\/api.w.org\/{rel}","templated":true}]}}