{"id":9192,"date":"2020-11-06T15:08:59","date_gmt":"2020-11-06T14:08:59","guid":{"rendered":"https:\/\/aerovision.com.pl\/produkt\/transponder-gnss-lte-droniq-hod4track-yuneec-h520\/"},"modified":"2020-11-06T15:08:59","modified_gmt":"2020-11-06T14:08:59","slug":"transponder-gnss-lte-droniq-hod4track-yuneec-h520","status":"publish","type":"product","link":"https:\/\/aerovision.com.pl\/en\/produkt\/transponder-gnss-lte-droniq-hod4track-yuneec-h520\/","title":{"rendered":"Transponder GNSS-LTE Droniq HOD4track Yuneec H520"},"content":{"rendered":"<p style=\"margin:15px 0px;padding:0px;color:#333333;line-height:normal;font-family:Arial;font-size:13px;background-color:#ffffff;text-align:center;\"><span style=\"margin:0px;padding:0px;font-family:helvetica;font-size:24pt;\">Transponder GNSS-LTE Droniq HOD4track Yuneec H520<\/span><\/p>\n<p style=\"margin:15px 0px;padding:0px;color:#333333;line-height:normal;font-family:Arial;font-size:13px;background-color:#ffffff;text-align:justify;\"><span style=\"margin:0px;padding:0px;font-family:helvetica;font-size:10pt;\">Transponder GNSS-LTE Droniq HOD4track dla Yuneec H520 jest urz\u0105dzeniem do przesy\u0142ania danych o w\u0142asnym po\u0142o\u017ceniu dla systemu alarmowego pojazdu i innych statk\u00f3w powietrznych (np. helikopter\u00f3w). <\/span><\/p>\n<p style=\"margin:15px 0px;padding:0px;color:#333333;line-height:normal;font-family:Arial;font-size:13px;background-color:#ffffff;text-align:justify;\"><span style=\"margin:0px;padding:0px;font-family:helvetica;font-size:10pt;\">Zawiera modem LTE i kart\u0119 SIM. <\/span><\/p>\n<p style=\"margin:15px 0px;padding:0px;color:#333333;line-height:normal;font-family:Arial;font-size:13px;background-color:#ffffff;text-align:justify;\"><span style=\"margin:0px;padding:0px;font-family:helvetica;font-size:10pt;\">Urz\u0105dzenie transmituje swoj\u0105 aktualn\u0105 pozycj\u0119 GNSS przez sie\u0107 kom\u00f3rkow\u0105 do systemu zarz\u0105dzania ruchem w systemie UAS (UTM) DFS. Urz\u0105dzenie jest w stanie odbiera\u0107 FLARM i ADS-B z otaczaj\u0105cego ruchu lotniczego i dodatkowo wysy\u0142a\u0107 te dane do w\u0142asnej pozycji do systemu UTM. <\/span><\/p>\n<p style=\"margin:15px 0px;padding:0px;color:#333333;line-height:normal;font-family:Arial;font-size:13px;background-color:#ffffff;text-align:justify;\"><span style=\"margin:0px;padding:0px;font-family:helvetica;font-size:10pt;\">Operator systemu UAS odbiera w\u0142asne po\u0142o\u017cenie systemu UAS oraz dane o po\u0142o\u017ceniu innych obiekt\u00f3w istotnych dla ruchu lotniczego w pobli\u017cu za po\u015brednictwem internetowego trackera systemu UTM. W tym samym czasie Transponder GNSS-LTE HOD4track przesy\u0142a swoj\u0105 pozycj\u0119 za po\u015brednictwem FLARM (alarm lotniczy). W ten spos\u00f3b statek powietrzny staje si\u0119 r\u00f3wnie\u017c widoczny dla innych u\u017cytkownik\u00f3w przestrzeni powietrznej w pobli\u017cu, kt\u00f3rzy korzystaj\u0105 z systemu FLARM. Transponder GNSS-LTE HOD4track i zwi\u0105zane z nim anteny mog\u0105 by\u0107 precyzyjnie zamontowane na H520 za pomoc\u0105 specjalnego uchwytu monta\u017cowego.<\/span><\/p>\n","protected":false},"excerpt":{"rendered":"<p>Transponder GNSS dla Yuneec H520<\/p>\n","protected":false},"featured_media":9189,"template":"","meta":{"_acf_changed":false,"inline_featured_image":false},"product_brand":[],"product_cat":[310,325],"product_tag":[353,392],"class_list":{"0":"post-9192","1":"product","2":"type-product","3":"status-publish","4":"has-post-thumbnail","6":"product_cat-akcesoria","7":"product_cat-yuneec-akcesoria","8":"product_tag-h520","9":"product_tag-transponder","11":"first","12":"instock","13":"taxable","14":"shipping-taxable","15":"purchasable","16":"product-type-simple"},"acf":[],"yoast_head":"<!-- This site is optimized with the Yoast SEO plugin v27.4 - https:\/\/yoast.com\/product\/yoast-seo-wordpress\/ -->\n<title>Transponder GNSS-LTE Droniq HOD4track Yuneec H520 - aerovision<\/title>\n<meta name=\"robots\" content=\"noindex, follow, max-snippet:-1, max-image-preview:large, max-video-preview:-1\" \/>\n<meta property=\"og:locale\" content=\"en_US\" \/>\n<meta property=\"og:type\" content=\"article\" \/>\n<meta property=\"og:title\" content=\"Transponder GNSS-LTE Droniq HOD4track Yuneec H520 - aerovision\" \/>\n<meta property=\"og:description\" content=\"Transponder GNSS dla Yuneec H520\" \/>\n<meta property=\"og:url\" content=\"https:\/\/aerovision.com.pl\/en\/produkt\/transponder-gnss-lte-droniq-hod4track-yuneec-h520\/\" \/>\n<meta property=\"og:site_name\" content=\"aerovision\" \/>\n<meta property=\"og:image\" content=\"https:\/\/aerovision.com.pl\/wp-content\/uploads\/2020\/11\/1318-Transponder-GNSS-LTE-Droniq-HOD4track-Yuneec-H520.jpg\" \/>\n\t<meta property=\"og:image:width\" content=\"750\" \/>\n\t<meta property=\"og:image:height\" content=\"500\" \/>\n\t<meta property=\"og:image:type\" content=\"image\/jpeg\" \/>\n<meta name=\"twitter:card\" content=\"summary_large_image\" \/>\n<meta name=\"twitter:label1\" content=\"Est. reading time\" \/>\n\t<meta name=\"twitter:data1\" content=\"1 minute\" \/>\n<script type=\"application\/ld+json\" class=\"yoast-schema-graph\">{\"@context\":\"https:\\\/\\\/schema.org\",\"@graph\":[{\"@type\":\"WebPage\",\"@id\":\"https:\\\/\\\/aerovision.com.pl\\\/en\\\/produkt\\\/transponder-gnss-lte-droniq-hod4track-yuneec-h520\\\/\",\"url\":\"https:\\\/\\\/aerovision.com.pl\\\/en\\\/produkt\\\/transponder-gnss-lte-droniq-hod4track-yuneec-h520\\\/\",\"name\":\"Transponder GNSS-LTE Droniq HOD4track Yuneec H520 - aerovision\",\"isPartOf\":{\"@id\":\"https:\\\/\\\/aerovision.com.pl\\\/en\\\/#website\"},\"primaryImageOfPage\":{\"@id\":\"https:\\\/\\\/aerovision.com.pl\\\/en\\\/produkt\\\/transponder-gnss-lte-droniq-hod4track-yuneec-h520\\\/#primaryimage\"},\"image\":{\"@id\":\"https:\\\/\\\/aerovision.com.pl\\\/en\\\/produkt\\\/transponder-gnss-lte-droniq-hod4track-yuneec-h520\\\/#primaryimage\"},\"thumbnailUrl\":\"https:\\\/\\\/aerovision.com.pl\\\/wp-content\\\/uploads\\\/2020\\\/11\\\/1318-Transponder-GNSS-LTE-Droniq-HOD4track-Yuneec-H520.jpg\",\"datePublished\":\"2020-11-06T14:08:59+00:00\",\"breadcrumb\":{\"@id\":\"https:\\\/\\\/aerovision.com.pl\\\/en\\\/produkt\\\/transponder-gnss-lte-droniq-hod4track-yuneec-h520\\\/#breadcrumb\"},\"inLanguage\":\"en-US\",\"potentialAction\":[{\"@type\":\"ReadAction\",\"target\":[\"https:\\\/\\\/aerovision.com.pl\\\/en\\\/produkt\\\/transponder-gnss-lte-droniq-hod4track-yuneec-h520\\\/\"]}]},{\"@type\":\"ImageObject\",\"inLanguage\":\"en-US\",\"@id\":\"https:\\\/\\\/aerovision.com.pl\\\/en\\\/produkt\\\/transponder-gnss-lte-droniq-hod4track-yuneec-h520\\\/#primaryimage\",\"url\":\"https:\\\/\\\/aerovision.com.pl\\\/wp-content\\\/uploads\\\/2020\\\/11\\\/1318-Transponder-GNSS-LTE-Droniq-HOD4track-Yuneec-H520.jpg\",\"contentUrl\":\"https:\\\/\\\/aerovision.com.pl\\\/wp-content\\\/uploads\\\/2020\\\/11\\\/1318-Transponder-GNSS-LTE-Droniq-HOD4track-Yuneec-H520.jpg\",\"width\":750,\"height\":500,\"caption\":\"Transponder GNSS-LTE Droniq HOD4track Yuneec H520\"},{\"@type\":\"BreadcrumbList\",\"@id\":\"https:\\\/\\\/aerovision.com.pl\\\/en\\\/produkt\\\/transponder-gnss-lte-droniq-hod4track-yuneec-h520\\\/#breadcrumb\",\"itemListElement\":[{\"@type\":\"ListItem\",\"position\":1,\"name\":\"Strona g\u0142\u00f3wna\",\"item\":\"https:\\\/\\\/aerovision.com.pl\\\/en\\\/home\\\/\"},{\"@type\":\"ListItem\",\"position\":2,\"name\":\"Sklep\",\"item\":\"https:\\\/\\\/aerovision.com.pl\\\/sklep\\\/\"},{\"@type\":\"ListItem\",\"position\":3,\"name\":\"Transponder GNSS-LTE Droniq HOD4track Yuneec H520\"}]},{\"@type\":\"WebSite\",\"@id\":\"https:\\\/\\\/aerovision.com.pl\\\/en\\\/#website\",\"url\":\"https:\\\/\\\/aerovision.com.pl\\\/en\\\/\",\"name\":\"aerovision\",\"description\":\"\",\"publisher\":{\"@id\":\"https:\\\/\\\/aerovision.com.pl\\\/en\\\/#organization\"},\"potentialAction\":[{\"@type\":\"SearchAction\",\"target\":{\"@type\":\"EntryPoint\",\"urlTemplate\":\"https:\\\/\\\/aerovision.com.pl\\\/en\\\/?s={search_term_string}\"},\"query-input\":{\"@type\":\"PropertyValueSpecification\",\"valueRequired\":true,\"valueName\":\"search_term_string\"}}],\"inLanguage\":\"en-US\"},{\"@type\":\"Organization\",\"@id\":\"https:\\\/\\\/aerovision.com.pl\\\/en\\\/#organization\",\"name\":\"aerovision\",\"url\":\"https:\\\/\\\/aerovision.com.pl\\\/en\\\/\",\"logo\":{\"@type\":\"ImageObject\",\"inLanguage\":\"en-US\",\"@id\":\"https:\\\/\\\/aerovision.com.pl\\\/en\\\/#\\\/schema\\\/logo\\\/image\\\/\",\"url\":\"https:\\\/\\\/aerovision.com.pl\\\/wp-content\\\/uploads\\\/2025\\\/03\\\/cropped-Logo-Aerovision.png\",\"contentUrl\":\"https:\\\/\\\/aerovision.com.pl\\\/wp-content\\\/uploads\\\/2025\\\/03\\\/cropped-Logo-Aerovision.png\",\"width\":298,\"height\":242,\"caption\":\"aerovision\"},\"image\":{\"@id\":\"https:\\\/\\\/aerovision.com.pl\\\/en\\\/#\\\/schema\\\/logo\\\/image\\\/\"}}]}<\/script>\n<!-- \/ Yoast SEO plugin. -->","yoast_head_json":{"title":"Transponder GNSS-LTE Droniq HOD4track Yuneec H520 - aerovision","robots":{"index":"noindex","follow":"follow","max-snippet":"max-snippet:-1","max-image-preview":"max-image-preview:large","max-video-preview":"max-video-preview:-1"},"og_locale":"en_US","og_type":"article","og_title":"Transponder GNSS-LTE Droniq HOD4track Yuneec H520 - aerovision","og_description":"Transponder GNSS dla Yuneec H520","og_url":"https:\/\/aerovision.com.pl\/en\/produkt\/transponder-gnss-lte-droniq-hod4track-yuneec-h520\/","og_site_name":"aerovision","og_image":[{"width":750,"height":500,"url":"https:\/\/aerovision.com.pl\/wp-content\/uploads\/2020\/11\/1318-Transponder-GNSS-LTE-Droniq-HOD4track-Yuneec-H520.jpg","type":"image\/jpeg"}],"twitter_card":"summary_large_image","twitter_misc":{"Est. reading time":"1 minute"},"schema":{"@context":"https:\/\/schema.org","@graph":[{"@type":"WebPage","@id":"https:\/\/aerovision.com.pl\/en\/produkt\/transponder-gnss-lte-droniq-hod4track-yuneec-h520\/","url":"https:\/\/aerovision.com.pl\/en\/produkt\/transponder-gnss-lte-droniq-hod4track-yuneec-h520\/","name":"Transponder GNSS-LTE Droniq HOD4track Yuneec H520 - aerovision","isPartOf":{"@id":"https:\/\/aerovision.com.pl\/en\/#website"},"primaryImageOfPage":{"@id":"https:\/\/aerovision.com.pl\/en\/produkt\/transponder-gnss-lte-droniq-hod4track-yuneec-h520\/#primaryimage"},"image":{"@id":"https:\/\/aerovision.com.pl\/en\/produkt\/transponder-gnss-lte-droniq-hod4track-yuneec-h520\/#primaryimage"},"thumbnailUrl":"https:\/\/aerovision.com.pl\/wp-content\/uploads\/2020\/11\/1318-Transponder-GNSS-LTE-Droniq-HOD4track-Yuneec-H520.jpg","datePublished":"2020-11-06T14:08:59+00:00","breadcrumb":{"@id":"https:\/\/aerovision.com.pl\/en\/produkt\/transponder-gnss-lte-droniq-hod4track-yuneec-h520\/#breadcrumb"},"inLanguage":"en-US","potentialAction":[{"@type":"ReadAction","target":["https:\/\/aerovision.com.pl\/en\/produkt\/transponder-gnss-lte-droniq-hod4track-yuneec-h520\/"]}]},{"@type":"ImageObject","inLanguage":"en-US","@id":"https:\/\/aerovision.com.pl\/en\/produkt\/transponder-gnss-lte-droniq-hod4track-yuneec-h520\/#primaryimage","url":"https:\/\/aerovision.com.pl\/wp-content\/uploads\/2020\/11\/1318-Transponder-GNSS-LTE-Droniq-HOD4track-Yuneec-H520.jpg","contentUrl":"https:\/\/aerovision.com.pl\/wp-content\/uploads\/2020\/11\/1318-Transponder-GNSS-LTE-Droniq-HOD4track-Yuneec-H520.jpg","width":750,"height":500,"caption":"Transponder GNSS-LTE Droniq HOD4track Yuneec H520"},{"@type":"BreadcrumbList","@id":"https:\/\/aerovision.com.pl\/en\/produkt\/transponder-gnss-lte-droniq-hod4track-yuneec-h520\/#breadcrumb","itemListElement":[{"@type":"ListItem","position":1,"name":"Strona g\u0142\u00f3wna","item":"https:\/\/aerovision.com.pl\/en\/home\/"},{"@type":"ListItem","position":2,"name":"Sklep","item":"https:\/\/aerovision.com.pl\/sklep\/"},{"@type":"ListItem","position":3,"name":"Transponder GNSS-LTE Droniq HOD4track Yuneec H520"}]},{"@type":"WebSite","@id":"https:\/\/aerovision.com.pl\/en\/#website","url":"https:\/\/aerovision.com.pl\/en\/","name":"aerovision","description":"","publisher":{"@id":"https:\/\/aerovision.com.pl\/en\/#organization"},"potentialAction":[{"@type":"SearchAction","target":{"@type":"EntryPoint","urlTemplate":"https:\/\/aerovision.com.pl\/en\/?s={search_term_string}"},"query-input":{"@type":"PropertyValueSpecification","valueRequired":true,"valueName":"search_term_string"}}],"inLanguage":"en-US"},{"@type":"Organization","@id":"https:\/\/aerovision.com.pl\/en\/#organization","name":"aerovision","url":"https:\/\/aerovision.com.pl\/en\/","logo":{"@type":"ImageObject","inLanguage":"en-US","@id":"https:\/\/aerovision.com.pl\/en\/#\/schema\/logo\/image\/","url":"https:\/\/aerovision.com.pl\/wp-content\/uploads\/2025\/03\/cropped-Logo-Aerovision.png","contentUrl":"https:\/\/aerovision.com.pl\/wp-content\/uploads\/2025\/03\/cropped-Logo-Aerovision.png","width":298,"height":242,"caption":"aerovision"},"image":{"@id":"https:\/\/aerovision.com.pl\/en\/#\/schema\/logo\/image\/"}}]}},"_links":{"self":[{"href":"https:\/\/aerovision.com.pl\/en\/wp-json\/wp\/v2\/product\/9192","targetHints":{"allow":["GET"]}}],"collection":[{"href":"https:\/\/aerovision.com.pl\/en\/wp-json\/wp\/v2\/product"}],"about":[{"href":"https:\/\/aerovision.com.pl\/en\/wp-json\/wp\/v2\/types\/product"}],"wp:featuredmedia":[{"embeddable":true,"href":"https:\/\/aerovision.com.pl\/en\/wp-json\/wp\/v2\/media\/9189"}],"wp:attachment":[{"href":"https:\/\/aerovision.com.pl\/en\/wp-json\/wp\/v2\/media?parent=9192"}],"wp:term":[{"taxonomy":"product_brand","embeddable":true,"href":"https:\/\/aerovision.com.pl\/en\/wp-json\/wp\/v2\/product_brand?post=9192"},{"taxonomy":"product_cat","embeddable":true,"href":"https:\/\/aerovision.com.pl\/en\/wp-json\/wp\/v2\/product_cat?post=9192"},{"taxonomy":"product_tag","embeddable":true,"href":"https:\/\/aerovision.com.pl\/en\/wp-json\/wp\/v2\/product_tag?post=9192"}],"curies":[{"name":"wp","href":"https:\/\/api.w.org\/{rel}","templated":true}]}}