{"id":9206,"date":"2020-11-10T15:16:03","date_gmt":"2020-11-10T14:16:03","guid":{"rendered":"https:\/\/aerovision.com.pl\/produkt\/uchwyt-lifthor-mjolnir-evo-dla-autel-evo-1-2-wersja-standard\/"},"modified":"2025-01-22T11:51:45","modified_gmt":"2025-01-22T10:51:45","slug":"uchwyt-lifthor-mjolnir-evo-dla-autel-evo-1-2-wersja-standard","status":"publish","type":"product","link":"https:\/\/aerovision.com.pl\/en\/produkt\/uchwyt-lifthor-mjolnir-evo-dla-autel-evo-1-2-wersja-standard\/","title":{"rendered":"Uchwyt Lifthor Mjolnir Evo dla Autel Evo 1 &#038; 2 wersja STANDARD"},"content":{"rendered":"<p dir=\"ltr\" style=\"line-height:1.38;text-align:center;margin-top:0pt;margin-bottom:0pt;\"><strong><span style=\"font-size:12pt;font-family:Arial;color:#000000;background-color:transparent;font-style:normal;font-variant:normal;text-decoration:none;vertical-align:baseline;white-space:pre-wrap;\">Lifthor do Autel Evo II<\/span><\/strong><\/p>\n<\/p>\n<p dir=\"ltr\" style=\"line-height:1.38;margin-top:0pt;margin-bottom:0pt;\"><span style=\"font-size:12pt;font-family:Arial;color:#000000;background-color:transparent;font-weight:400;font-style:normal;font-variant:normal;text-decoration:none;vertical-align:baseline;white-space:pre-wrap;\">Lifthor Mj\u00f8lnir &#8211; profesjonalne uchwyty do dron\u00f3w nareszcie dost\u0119pna dla serii Autel Evo I oraz II.<\/span><\/p>\n<p dir=\"ltr\" style=\"line-height:1.38;margin-top:0pt;margin-bottom:0pt;\">\n<p dir=\"ltr\" style=\"line-height:1.38;margin-top:0pt;margin-bottom:0pt;\"><span style=\"font-size:12pt;font-family:Arial;color:#000000;background-color:transparent;font-weight:400;font-style:normal;font-variant:normal;text-decoration:none;vertical-align:baseline;white-space:pre-wrap;\">Baza LifThor Mj\u00f8lnir EVO wykonana jest w ca\u0142o\u015bci z aluminium wraz z \u0142\u0105cznikiem kulkowym. Uchwyt posiada wbudowany punkt monta\u017cowy pod statyw oraz jest gotowy do pracy ze wzmacniaczem sygna\u0142u 4Hawks (nale\u017cy osobno dokupi\u0107 odpowiedni monta\u017c).<\/span><\/p>\n<p dir=\"ltr\" style=\"line-height:1.38;margin-top:0pt;margin-bottom:0pt;\"><span style=\"font-size:12pt;font-family:Arial;color:#000000;background-color:transparent;font-weight:400;font-style:normal;font-variant:normal;text-decoration:none;vertical-align:baseline;white-space:pre-wrap;\">LifThor Mj\u00f8lnir EVO umo\u017cliwia monta\u017c tablet\u00f3w o rozmiarach od 7.9&#8243; (iPad mini) do 12.9&#8243; (iPad Pro)!<\/span><\/p>\n<p dir=\"ltr\" style=\"line-height:1.38;margin-top:0pt;margin-bottom:0pt;\">\n<p dir=\"ltr\" style=\"line-height:1.38;margin-top:0pt;margin-bottom:0pt;\"><span style=\"font-size:12pt;font-family:Arial;color:#000000;background-color:transparent;font-weight:400;font-style:normal;font-variant:normal;text-decoration:none;vertical-align:baseline;white-space:pre-wrap;\">W jednej chwili mo\u017cesz prze\u0142\u0105czy\u0107 si\u0119 z tabletu na monitor CrystalSky (monta\u017c pod monitor sprzedawany osobno) lub na sw\u00f3j smartfon (uchwyt na smartfon sprzedawany osobno)<\/span><\/p>\n<p dir=\"ltr\" style=\"line-height:1.38;margin-top:0pt;margin-bottom:0pt;\"><span style=\"font-size:12pt;font-family:Arial;color:#000000;background-color:transparent;font-weight:400;font-style:normal;font-variant:normal;text-decoration:none;vertical-align:baseline;white-space:pre-wrap;\">Akrylowa p\u0142ytka zapewnia lepszy chwyt w czasie lotu &#8211;  blokuj\u0105c sk\u0142adanie ramion aparatury.<\/span><\/p>\n<p dir=\"ltr\" style=\"line-height:1.38;margin-top:0pt;margin-bottom:0pt;\">\n<p dir=\"ltr\" style=\"line-height:1.38;margin-top:0pt;margin-bottom:0pt;\"><span style=\"font-size:12pt;font-family:Arial;color:#000000;background-color:transparent;font-weight:400;font-style:normal;font-variant:normal;text-decoration:none;vertical-align:baseline;white-space:pre-wrap;\"><img decoding=\"async\" class=\" size-full wp-image-9204\" src=\"https:\/\/aerovision.com.pl\/wp-content\/uploads\/2020\/11\/0cff38_fcac0b032a544ce89119fc05a276a457_mv2.jpg\" alt=\"\" width=\"50%\" srcset=\"https:\/\/aerovision.com.pl\/wp-content\/uploads\/2020\/11\/0cff38_fcac0b032a544ce89119fc05a276a457_mv2.jpg 1798w, https:\/\/aerovision.com.pl\/wp-content\/uploads\/2020\/11\/0cff38_fcac0b032a544ce89119fc05a276a457_mv2-300x240.jpg 300w, https:\/\/aerovision.com.pl\/wp-content\/uploads\/2020\/11\/0cff38_fcac0b032a544ce89119fc05a276a457_mv2-1024x820.jpg 1024w, https:\/\/aerovision.com.pl\/wp-content\/uploads\/2020\/11\/0cff38_fcac0b032a544ce89119fc05a276a457_mv2-768x615.jpg 768w, https:\/\/aerovision.com.pl\/wp-content\/uploads\/2020\/11\/0cff38_fcac0b032a544ce89119fc05a276a457_mv2-1536x1230.jpg 1536w, https:\/\/aerovision.com.pl\/wp-content\/uploads\/2020\/11\/0cff38_fcac0b032a544ce89119fc05a276a457_mv2-990x793.jpg 990w, https:\/\/aerovision.com.pl\/wp-content\/uploads\/2020\/11\/0cff38_fcac0b032a544ce89119fc05a276a457_mv2-441x353.jpg 441w, https:\/\/aerovision.com.pl\/wp-content\/uploads\/2020\/11\/0cff38_fcac0b032a544ce89119fc05a276a457_mv2-800x641.jpg 800w, https:\/\/aerovision.com.pl\/wp-content\/uploads\/2020\/11\/0cff38_fcac0b032a544ce89119fc05a276a457_mv2-150x120.jpg 150w\" sizes=\"(max-width: 1798px) 100vw, 1798px\" \/><img decoding=\"async\" class=\" size-full wp-image-9205\" src=\"https:\/\/aerovision.com.pl\/wp-content\/uploads\/2020\/11\/0cff38_90e6c68ec9674ac494257c83bb8ca473_mv2.jpg\" alt=\"\" width=\"50%\" srcset=\"https:\/\/aerovision.com.pl\/wp-content\/uploads\/2020\/11\/0cff38_90e6c68ec9674ac494257c83bb8ca473_mv2.jpg 2092w, https:\/\/aerovision.com.pl\/wp-content\/uploads\/2020\/11\/0cff38_90e6c68ec9674ac494257c83bb8ca473_mv2-300x223.jpg 300w, https:\/\/aerovision.com.pl\/wp-content\/uploads\/2020\/11\/0cff38_90e6c68ec9674ac494257c83bb8ca473_mv2-1024x761.jpg 1024w, https:\/\/aerovision.com.pl\/wp-content\/uploads\/2020\/11\/0cff38_90e6c68ec9674ac494257c83bb8ca473_mv2-768x570.jpg 768w, https:\/\/aerovision.com.pl\/wp-content\/uploads\/2020\/11\/0cff38_90e6c68ec9674ac494257c83bb8ca473_mv2-1536x1141.jpg 1536w, https:\/\/aerovision.com.pl\/wp-content\/uploads\/2020\/11\/0cff38_90e6c68ec9674ac494257c83bb8ca473_mv2-2048x1521.jpg 2048w, https:\/\/aerovision.com.pl\/wp-content\/uploads\/2020\/11\/0cff38_90e6c68ec9674ac494257c83bb8ca473_mv2-990x735.jpg 990w, https:\/\/aerovision.com.pl\/wp-content\/uploads\/2020\/11\/0cff38_90e6c68ec9674ac494257c83bb8ca473_mv2-441x328.jpg 441w, https:\/\/aerovision.com.pl\/wp-content\/uploads\/2020\/11\/0cff38_90e6c68ec9674ac494257c83bb8ca473_mv2-800x594.jpg 800w, https:\/\/aerovision.com.pl\/wp-content\/uploads\/2020\/11\/0cff38_90e6c68ec9674ac494257c83bb8ca473_mv2-150x111.jpg 150w\" sizes=\"(max-width: 2092px) 100vw, 2092px\" \/><\/span><\/p>\n<p dir=\"ltr\" style=\"line-height:1.38;margin-top:0pt;margin-bottom:0pt;\">\n<p dir=\"ltr\" style=\"line-height:1.38;text-align:center;margin-top:0pt;margin-bottom:0pt;\"><span style=\"font-size:12pt;font-family:Arial;color:#000000;background-color:transparent;font-weight:400;font-style:normal;font-variant:normal;text-decoration:none;vertical-align:baseline;white-space:pre-wrap;\">Czym jest Mj\u00f8lnir?<\/span><\/p>\n<p dir=\"ltr\" style=\"line-height:1.38;margin-top:0pt;margin-bottom:0pt;\"><span style=\"font-size:12pt;font-family:arial, helvetica, sans-serif;color:#000000;background-color:transparent;font-weight:400;font-style:normal;font-variant:normal;text-decoration:none;vertical-align:baseline;white-space:pre-wrap;\">W nordyckiej mitologii Mj\u00f8lnir jest m\u0142otem Thora, nordyckiego boga piorun\u00f3w. Mj\u00f8lnir jest postrzegana jako najpot\u0119\u017cniejsza bro\u0144 na \u015bwiecie. Innymi s\u0142owy nie b\u0119dziesz potrzebowa\u0142 innych uchwyt\u00f3w pod tablet w swoim Autel Evo II. Ten spe\u0142ni wszelkie Twoje oczekiwania.<\/span><\/p>\n<p dir=\"ltr\" style=\"line-height:1.38;margin-top:0pt;margin-bottom:0pt;\">\n<p dir=\"ltr\" style=\"line-height:1.38;margin-top:0pt;margin-bottom:0pt;\"><span style=\"font-size:12pt;font-family:arial, helvetica, sans-serif;color:#000000;background-color:transparent;font-weight:400;font-style:normal;font-variant:normal;text-decoration:none;vertical-align:baseline;white-space:pre-wrap;\">Dodatkowo mo\u017cna dokupi\u0107:<\/span><\/p>\n<ol>\n<li><span style=\"font-family:arial, helvetica, sans-serif;font-size:12pt;color:#000000;\">Zacisk telefonu,<\/span><\/li>\n<li><span style=\"font-family:arial, helvetica, sans-serif;font-size:12pt;color:#000000;\">Uchwyt monta\u017cowy dla wzmacniaczy sygna\u0142u(4Hawks lub AltenTech)<\/span><\/li>\n<li><span style=\"font-family:arial, helvetica, sans-serif;font-size:12pt;color:#000000;\">Dedykowane smycze<\/span><\/li>\n<li><span style=\"font-family:arial, helvetica, sans-serif;font-size:12pt;color:#000000;\">Dodatkowy monta\u017c dla ekran\u00f3w HDMI lub CrystalSky<\/span><\/li>\n<li><span style=\"font-family:arial, helvetica, sans-serif;font-size:12pt;color:#000000;\">Zaciski szybko montowalne pod DJI CrystalSky lub inne monitory<\/span><\/li>\n<\/ol>\n<p dir=\"ltr\" style=\"line-height:1.38;margin-top:0pt;margin-bottom:0pt;text-align:center;\"><span style=\"font-family:arial, helvetica, sans-serif;font-size:12pt;color:#000000;\">Instrukcja monta\u017cu uchwytu (uchwyt do aparatury DJI montuje si\u0119 podobnie)<\/span><\/p>\n<p dir=\"ltr\" style=\"line-height:1.38;margin-top:0pt;margin-bottom:0pt;text-align:center;\"><span style=\"font-family:arial, helvetica, sans-serif;font-size:12pt;\"><iframe width=\"560\" height=\"315\" src=\"https:\/\/www.youtube.com\/embed\/uyRn3JfY-wA\" frameborder=\"0\"><\/iframe><\/span><\/p>\n<p><span style=\"font-family:arial, helvetica, sans-serif;font-size:12pt;color:#000000;\">Kompatybilny z dronami:<\/span><\/p>\n<p dir=\"ltr\" style=\"line-height:1.38;margin-top:0pt;margin-bottom:0pt;\"><span style=\"font-size:12pt;font-family:arial, helvetica, sans-serif;color:#000000;background-color:transparent;font-weight:400;font-style:normal;font-variant:normal;text-decoration:none;vertical-align:baseline;white-space:pre-wrap;\">Autel EVO I<\/span><\/p>\n<p dir=\"ltr\" style=\"line-height:1.38;margin-top:0pt;margin-bottom:0pt;\"><span style=\"font-size:12pt;font-family:arial, helvetica, sans-serif;color:#000000;background-color:transparent;font-weight:400;font-style:normal;font-variant:normal;text-decoration:none;vertical-align:baseline;white-space:pre-wrap;\">Autel EVO II (wszystkie wersje)<\/span><\/p>\n<p dir=\"ltr\" style=\"line-height:1.38;margin-top:0pt;margin-bottom:0pt;\">\n<p dir=\"ltr\" style=\"line-height:1.38;margin-top:0pt;margin-bottom:0pt;\"><span style=\"font-size:12pt;font-family:arial, helvetica, sans-serif;color:#000000;background-color:transparent;font-weight:400;font-style:normal;font-variant:normal;text-decoration:none;vertical-align:baseline;white-space:pre-wrap;\">Gwarancja:<\/span><\/p>\n<p dir=\"ltr\" style=\"line-height:1.38;margin-top:0pt;margin-bottom:0pt;\"><span style=\"font-size:12pt;font-family:arial, helvetica, sans-serif;color:#000000;background-color:transparent;font-weight:400;font-style:normal;font-variant:normal;text-decoration:none;vertical-align:baseline;white-space:pre-wrap;\">2 lata<\/span><\/p>\n<p dir=\"ltr\" style=\"line-height:1.38;margin-top:0pt;margin-bottom:0pt;\">\n<p dir=\"ltr\" style=\"line-height:1.38;margin-top:0pt;margin-bottom:0pt;text-align:center;\"><span style=\"text-decoration:underline;\"><span style=\"color:#9b9b9b;text-decoration:underline;\"><strong><span style=\"font-size:12pt;font-family:arial, helvetica, sans-serif;background-color:transparent;font-style:normal;font-variant:normal;text-decoration:none;vertical-align:baseline;white-space:pre-wrap;\">Koszt wysy\u0142ki oko\u0142o 15 z\u0142 (kurier)<\/span><\/strong><\/span><\/span><\/p>\n<p dir=\"ltr\" style=\"line-height:1.38;margin-top:0pt;margin-bottom:0pt;text-align:center;\"><span style=\"text-decoration:underline;\"><span style=\"color:#9b9b9b;text-decoration:underline;\"><strong><span style=\"font-family:arial, helvetica, sans-serif;\"><span style=\"font-size:16px;white-space:pre-wrap;\">Mo\u017cliwy odbi\u00f3r osobisty w Warszawie<\/span><\/span><\/strong><\/span><\/span><\/p>\n<p dir=\"ltr\" style=\"line-height:1.38;margin-top:0pt;margin-bottom:0pt;\">\n<p style=\"text-align:center;\"><span style=\"text-decoration:underline;\"><span style=\"white-space:pre-wrap;font-family:arial, helvetica, sans-serif;background-color:#ffffff;color:#9b9b9b;font-size:16px;font-weight:bolder;text-align:center;text-decoration:underline;\">Zam\u00f3wienia przyjmujemy tylko za pomoc\u0105 maila &#8211; napisz do nas na adres biuro@aerovision.com.pl<\/span><\/span><\/p>\n","protected":false},"excerpt":{"rendered":"<p>Lifthor do Autel Evo II Lifthor Mj\u00f8lnir &#8211; profesjonalne uchwyty do dron\u00f3w nareszcie dost\u0119pna dla serii Autel Evo I oraz II. Baza LifThor Mj\u00f8lnir EVO wykonana jest w ca\u0142o\u015bci z aluminium wraz z \u0142\u0105cznikiem kulkowym. Uchwyt posiada wbudowany punkt monta\u017cowy pod statyw oraz jest gotowy do pracy ze wzmacniaczem sygna\u0142u 4Hawks (nale\u017cy osobno dokupi\u0107 odpowiedni [&hellip;]<\/p>\n","protected":false},"featured_media":9193,"template":"","meta":{"_acf_changed":false,"inline_featured_image":false},"product_brand":[],"product_cat":[308,138,130,312],"product_tag":[396,393,394,397,395,370,369],"class_list":{"0":"post-9206","1":"product","2":"type-product","3":"status-publish","4":"has-post-thumbnail","6":"product_cat-katalog","7":"product_cat-lifthor","8":"product_cat-marki","9":"product_cat-tdw-lifthor-katalog","10":"product_tag-aparatura","11":"product_tag-autel","12":"product_tag-evo","13":"product_tag-ipad","14":"product_tag-pro","15":"product_tag-tabletu","16":"product_tag-uchwyt","18":"first","19":"instock","20":"taxable","21":"shipping-taxable","22":"purchasable","23":"product-type-simple"},"acf":[],"yoast_head":"<!-- This site is optimized with the Yoast SEO plugin v27.4 - https:\/\/yoast.com\/product\/yoast-seo-wordpress\/ -->\n<title>Uchwyt Lifthor Mjolnir Evo dla Autel Evo 1 &amp; 2 wersja STANDARD - aerovision<\/title>\n<meta name=\"robots\" content=\"noindex, follow, max-snippet:-1, max-image-preview:large, max-video-preview:-1\" \/>\n<meta property=\"og:locale\" content=\"en_US\" \/>\n<meta property=\"og:type\" content=\"article\" \/>\n<meta property=\"og:title\" content=\"Uchwyt Lifthor Mjolnir Evo dla Autel Evo 1 &amp; 2 wersja STANDARD - aerovision\" \/>\n<meta property=\"og:description\" content=\"Lifthor do Autel Evo II Lifthor Mj\u00f8lnir &#8211; profesjonalne uchwyty do dron\u00f3w nareszcie dost\u0119pna dla serii Autel Evo I oraz II. Baza LifThor Mj\u00f8lnir EVO wykonana jest w ca\u0142o\u015bci z aluminium wraz z \u0142\u0105cznikiem kulkowym. Uchwyt posiada wbudowany punkt monta\u017cowy pod statyw oraz jest gotowy do pracy ze wzmacniaczem sygna\u0142u 4Hawks (nale\u017cy osobno dokupi\u0107 odpowiedni [&hellip;]\" \/>\n<meta property=\"og:url\" content=\"https:\/\/aerovision.com.pl\/en\/produkt\/uchwyt-lifthor-mjolnir-evo-dla-autel-evo-1-2-wersja-standard\/\" \/>\n<meta property=\"og:site_name\" content=\"aerovision\" \/>\n<meta property=\"article:modified_time\" content=\"2025-01-22T10:51:45+00:00\" \/>\n<meta property=\"og:image\" content=\"https:\/\/aerovision.com.pl\/wp-content\/uploads\/2020\/11\/1328-Uchwyt-Lifthor-Mjolnir-Evo-dla-Autel-Evo-1-2-wersja-STANDARD.jpg\" \/>\n\t<meta property=\"og:image:width\" content=\"698\" \/>\n\t<meta property=\"og:image:height\" content=\"465\" \/>\n\t<meta property=\"og:image:type\" content=\"image\/jpeg\" \/>\n<meta name=\"twitter:card\" content=\"summary_large_image\" \/>\n<meta name=\"twitter:label1\" content=\"Est. reading time\" \/>\n\t<meta name=\"twitter:data1\" content=\"1 minute\" \/>\n<script type=\"application\/ld+json\" class=\"yoast-schema-graph\">{\"@context\":\"https:\\\/\\\/schema.org\",\"@graph\":[{\"@type\":\"WebPage\",\"@id\":\"https:\\\/\\\/aerovision.com.pl\\\/en\\\/produkt\\\/uchwyt-lifthor-mjolnir-evo-dla-autel-evo-1-2-wersja-standard\\\/\",\"url\":\"https:\\\/\\\/aerovision.com.pl\\\/en\\\/produkt\\\/uchwyt-lifthor-mjolnir-evo-dla-autel-evo-1-2-wersja-standard\\\/\",\"name\":\"Uchwyt Lifthor Mjolnir Evo dla Autel Evo 1 & 2 wersja STANDARD - aerovision\",\"isPartOf\":{\"@id\":\"https:\\\/\\\/aerovision.com.pl\\\/en\\\/#website\"},\"primaryImageOfPage\":{\"@id\":\"https:\\\/\\\/aerovision.com.pl\\\/en\\\/produkt\\\/uchwyt-lifthor-mjolnir-evo-dla-autel-evo-1-2-wersja-standard\\\/#primaryimage\"},\"image\":{\"@id\":\"https:\\\/\\\/aerovision.com.pl\\\/en\\\/produkt\\\/uchwyt-lifthor-mjolnir-evo-dla-autel-evo-1-2-wersja-standard\\\/#primaryimage\"},\"thumbnailUrl\":\"https:\\\/\\\/aerovision.com.pl\\\/wp-content\\\/uploads\\\/2020\\\/11\\\/1328-Uchwyt-Lifthor-Mjolnir-Evo-dla-Autel-Evo-1-2-wersja-STANDARD.jpg\",\"datePublished\":\"2020-11-10T14:16:03+00:00\",\"dateModified\":\"2025-01-22T10:51:45+00:00\",\"breadcrumb\":{\"@id\":\"https:\\\/\\\/aerovision.com.pl\\\/en\\\/produkt\\\/uchwyt-lifthor-mjolnir-evo-dla-autel-evo-1-2-wersja-standard\\\/#breadcrumb\"},\"inLanguage\":\"en-US\",\"potentialAction\":[{\"@type\":\"ReadAction\",\"target\":[\"https:\\\/\\\/aerovision.com.pl\\\/en\\\/produkt\\\/uchwyt-lifthor-mjolnir-evo-dla-autel-evo-1-2-wersja-standard\\\/\"]}]},{\"@type\":\"ImageObject\",\"inLanguage\":\"en-US\",\"@id\":\"https:\\\/\\\/aerovision.com.pl\\\/en\\\/produkt\\\/uchwyt-lifthor-mjolnir-evo-dla-autel-evo-1-2-wersja-standard\\\/#primaryimage\",\"url\":\"https:\\\/\\\/aerovision.com.pl\\\/wp-content\\\/uploads\\\/2020\\\/11\\\/1328-Uchwyt-Lifthor-Mjolnir-Evo-dla-Autel-Evo-1-2-wersja-STANDARD.jpg\",\"contentUrl\":\"https:\\\/\\\/aerovision.com.pl\\\/wp-content\\\/uploads\\\/2020\\\/11\\\/1328-Uchwyt-Lifthor-Mjolnir-Evo-dla-Autel-Evo-1-2-wersja-STANDARD.jpg\",\"width\":698,\"height\":465,\"caption\":\"Uchwyt Lifthor Mjolnir Evo dla Autel Evo 1 & 2 wersja STANDARD\"},{\"@type\":\"BreadcrumbList\",\"@id\":\"https:\\\/\\\/aerovision.com.pl\\\/en\\\/produkt\\\/uchwyt-lifthor-mjolnir-evo-dla-autel-evo-1-2-wersja-standard\\\/#breadcrumb\",\"itemListElement\":[{\"@type\":\"ListItem\",\"position\":1,\"name\":\"Strona g\u0142\u00f3wna\",\"item\":\"https:\\\/\\\/aerovision.com.pl\\\/en\\\/home\\\/\"},{\"@type\":\"ListItem\",\"position\":2,\"name\":\"Sklep\",\"item\":\"https:\\\/\\\/aerovision.com.pl\\\/sklep\\\/\"},{\"@type\":\"ListItem\",\"position\":3,\"name\":\"Uchwyt Lifthor Mjolnir Evo dla Autel Evo 1 &#038; 2 wersja STANDARD\"}]},{\"@type\":\"WebSite\",\"@id\":\"https:\\\/\\\/aerovision.com.pl\\\/en\\\/#website\",\"url\":\"https:\\\/\\\/aerovision.com.pl\\\/en\\\/\",\"name\":\"aerovision\",\"description\":\"\",\"publisher\":{\"@id\":\"https:\\\/\\\/aerovision.com.pl\\\/en\\\/#organization\"},\"potentialAction\":[{\"@type\":\"SearchAction\",\"target\":{\"@type\":\"EntryPoint\",\"urlTemplate\":\"https:\\\/\\\/aerovision.com.pl\\\/en\\\/?s={search_term_string}\"},\"query-input\":{\"@type\":\"PropertyValueSpecification\",\"valueRequired\":true,\"valueName\":\"search_term_string\"}}],\"inLanguage\":\"en-US\"},{\"@type\":\"Organization\",\"@id\":\"https:\\\/\\\/aerovision.com.pl\\\/en\\\/#organization\",\"name\":\"aerovision\",\"url\":\"https:\\\/\\\/aerovision.com.pl\\\/en\\\/\",\"logo\":{\"@type\":\"ImageObject\",\"inLanguage\":\"en-US\",\"@id\":\"https:\\\/\\\/aerovision.com.pl\\\/en\\\/#\\\/schema\\\/logo\\\/image\\\/\",\"url\":\"https:\\\/\\\/aerovision.com.pl\\\/wp-content\\\/uploads\\\/2025\\\/03\\\/cropped-Logo-Aerovision.png\",\"contentUrl\":\"https:\\\/\\\/aerovision.com.pl\\\/wp-content\\\/uploads\\\/2025\\\/03\\\/cropped-Logo-Aerovision.png\",\"width\":298,\"height\":242,\"caption\":\"aerovision\"},\"image\":{\"@id\":\"https:\\\/\\\/aerovision.com.pl\\\/en\\\/#\\\/schema\\\/logo\\\/image\\\/\"}}]}<\/script>\n<!-- \/ Yoast SEO plugin. -->","yoast_head_json":{"title":"Uchwyt Lifthor Mjolnir Evo dla Autel Evo 1 & 2 wersja STANDARD - aerovision","robots":{"index":"noindex","follow":"follow","max-snippet":"max-snippet:-1","max-image-preview":"max-image-preview:large","max-video-preview":"max-video-preview:-1"},"og_locale":"en_US","og_type":"article","og_title":"Uchwyt Lifthor Mjolnir Evo dla Autel Evo 1 & 2 wersja STANDARD - aerovision","og_description":"Lifthor do Autel Evo II Lifthor Mj\u00f8lnir &#8211; profesjonalne uchwyty do dron\u00f3w nareszcie dost\u0119pna dla serii Autel Evo I oraz II. Baza LifThor Mj\u00f8lnir EVO wykonana jest w ca\u0142o\u015bci z aluminium wraz z \u0142\u0105cznikiem kulkowym. Uchwyt posiada wbudowany punkt monta\u017cowy pod statyw oraz jest gotowy do pracy ze wzmacniaczem sygna\u0142u 4Hawks (nale\u017cy osobno dokupi\u0107 odpowiedni [&hellip;]","og_url":"https:\/\/aerovision.com.pl\/en\/produkt\/uchwyt-lifthor-mjolnir-evo-dla-autel-evo-1-2-wersja-standard\/","og_site_name":"aerovision","article_modified_time":"2025-01-22T10:51:45+00:00","og_image":[{"width":698,"height":465,"url":"https:\/\/aerovision.com.pl\/wp-content\/uploads\/2020\/11\/1328-Uchwyt-Lifthor-Mjolnir-Evo-dla-Autel-Evo-1-2-wersja-STANDARD.jpg","type":"image\/jpeg"}],"twitter_card":"summary_large_image","twitter_misc":{"Est. reading time":"1 minute"},"schema":{"@context":"https:\/\/schema.org","@graph":[{"@type":"WebPage","@id":"https:\/\/aerovision.com.pl\/en\/produkt\/uchwyt-lifthor-mjolnir-evo-dla-autel-evo-1-2-wersja-standard\/","url":"https:\/\/aerovision.com.pl\/en\/produkt\/uchwyt-lifthor-mjolnir-evo-dla-autel-evo-1-2-wersja-standard\/","name":"Uchwyt Lifthor Mjolnir Evo dla Autel Evo 1 & 2 wersja STANDARD - aerovision","isPartOf":{"@id":"https:\/\/aerovision.com.pl\/en\/#website"},"primaryImageOfPage":{"@id":"https:\/\/aerovision.com.pl\/en\/produkt\/uchwyt-lifthor-mjolnir-evo-dla-autel-evo-1-2-wersja-standard\/#primaryimage"},"image":{"@id":"https:\/\/aerovision.com.pl\/en\/produkt\/uchwyt-lifthor-mjolnir-evo-dla-autel-evo-1-2-wersja-standard\/#primaryimage"},"thumbnailUrl":"https:\/\/aerovision.com.pl\/wp-content\/uploads\/2020\/11\/1328-Uchwyt-Lifthor-Mjolnir-Evo-dla-Autel-Evo-1-2-wersja-STANDARD.jpg","datePublished":"2020-11-10T14:16:03+00:00","dateModified":"2025-01-22T10:51:45+00:00","breadcrumb":{"@id":"https:\/\/aerovision.com.pl\/en\/produkt\/uchwyt-lifthor-mjolnir-evo-dla-autel-evo-1-2-wersja-standard\/#breadcrumb"},"inLanguage":"en-US","potentialAction":[{"@type":"ReadAction","target":["https:\/\/aerovision.com.pl\/en\/produkt\/uchwyt-lifthor-mjolnir-evo-dla-autel-evo-1-2-wersja-standard\/"]}]},{"@type":"ImageObject","inLanguage":"en-US","@id":"https:\/\/aerovision.com.pl\/en\/produkt\/uchwyt-lifthor-mjolnir-evo-dla-autel-evo-1-2-wersja-standard\/#primaryimage","url":"https:\/\/aerovision.com.pl\/wp-content\/uploads\/2020\/11\/1328-Uchwyt-Lifthor-Mjolnir-Evo-dla-Autel-Evo-1-2-wersja-STANDARD.jpg","contentUrl":"https:\/\/aerovision.com.pl\/wp-content\/uploads\/2020\/11\/1328-Uchwyt-Lifthor-Mjolnir-Evo-dla-Autel-Evo-1-2-wersja-STANDARD.jpg","width":698,"height":465,"caption":"Uchwyt Lifthor Mjolnir Evo dla Autel Evo 1 & 2 wersja STANDARD"},{"@type":"BreadcrumbList","@id":"https:\/\/aerovision.com.pl\/en\/produkt\/uchwyt-lifthor-mjolnir-evo-dla-autel-evo-1-2-wersja-standard\/#breadcrumb","itemListElement":[{"@type":"ListItem","position":1,"name":"Strona g\u0142\u00f3wna","item":"https:\/\/aerovision.com.pl\/en\/home\/"},{"@type":"ListItem","position":2,"name":"Sklep","item":"https:\/\/aerovision.com.pl\/sklep\/"},{"@type":"ListItem","position":3,"name":"Uchwyt Lifthor Mjolnir Evo dla Autel Evo 1 &#038; 2 wersja STANDARD"}]},{"@type":"WebSite","@id":"https:\/\/aerovision.com.pl\/en\/#website","url":"https:\/\/aerovision.com.pl\/en\/","name":"aerovision","description":"","publisher":{"@id":"https:\/\/aerovision.com.pl\/en\/#organization"},"potentialAction":[{"@type":"SearchAction","target":{"@type":"EntryPoint","urlTemplate":"https:\/\/aerovision.com.pl\/en\/?s={search_term_string}"},"query-input":{"@type":"PropertyValueSpecification","valueRequired":true,"valueName":"search_term_string"}}],"inLanguage":"en-US"},{"@type":"Organization","@id":"https:\/\/aerovision.com.pl\/en\/#organization","name":"aerovision","url":"https:\/\/aerovision.com.pl\/en\/","logo":{"@type":"ImageObject","inLanguage":"en-US","@id":"https:\/\/aerovision.com.pl\/en\/#\/schema\/logo\/image\/","url":"https:\/\/aerovision.com.pl\/wp-content\/uploads\/2025\/03\/cropped-Logo-Aerovision.png","contentUrl":"https:\/\/aerovision.com.pl\/wp-content\/uploads\/2025\/03\/cropped-Logo-Aerovision.png","width":298,"height":242,"caption":"aerovision"},"image":{"@id":"https:\/\/aerovision.com.pl\/en\/#\/schema\/logo\/image\/"}}]}},"_links":{"self":[{"href":"https:\/\/aerovision.com.pl\/en\/wp-json\/wp\/v2\/product\/9206","targetHints":{"allow":["GET"]}}],"collection":[{"href":"https:\/\/aerovision.com.pl\/en\/wp-json\/wp\/v2\/product"}],"about":[{"href":"https:\/\/aerovision.com.pl\/en\/wp-json\/wp\/v2\/types\/product"}],"wp:featuredmedia":[{"embeddable":true,"href":"https:\/\/aerovision.com.pl\/en\/wp-json\/wp\/v2\/media\/9193"}],"wp:attachment":[{"href":"https:\/\/aerovision.com.pl\/en\/wp-json\/wp\/v2\/media?parent=9206"}],"wp:term":[{"taxonomy":"product_brand","embeddable":true,"href":"https:\/\/aerovision.com.pl\/en\/wp-json\/wp\/v2\/product_brand?post=9206"},{"taxonomy":"product_cat","embeddable":true,"href":"https:\/\/aerovision.com.pl\/en\/wp-json\/wp\/v2\/product_cat?post=9206"},{"taxonomy":"product_tag","embeddable":true,"href":"https:\/\/aerovision.com.pl\/en\/wp-json\/wp\/v2\/product_tag?post=9206"}],"curies":[{"name":"wp","href":"https:\/\/api.w.org\/{rel}","templated":true}]}}