{"id":9227,"date":"2020-11-16T22:52:42","date_gmt":"2020-11-16T21:52:42","guid":{"rendered":"https:\/\/aerovision.com.pl\/produkt\/akumulator-autel-evo-ii\/"},"modified":"2020-11-16T22:52:42","modified_gmt":"2020-11-16T21:52:42","slug":"akumulator-autel-evo-ii","status":"publish","type":"product","link":"https:\/\/aerovision.com.pl\/en\/produkt\/akumulator-autel-evo-ii\/","title":{"rendered":"Akumulator Autel Evo II"},"content":{"rendered":"<h2 class=\"MsoNormal\" style=\"text-align:center;\">Akumulator Autel EVO II o pojemno\u015bci 7100 mAh.<\/h2>\n<p class=\"MsoNormal\" style=\"text-align:left;\">Teraz nie musisz si\u0119 martwi\u0107 podczas nagrywania uj\u0119\u0107. Du\u017ca pojemno\u015b\u0107 i technologia wykonania powoduje \u017ce na tej baterii mo\u017cesz lata\u0107 nawet do 40 min (w idealnych warunkach).<\/p>\n<p class=\"MsoNormal\" style=\"text-align:left;\">Specjalnie zaprojektowana konstrukcja zapobiegaj\u0105ca prze\u0142adowaniu, przegrzaniu, przech\u0142odzeniu oraz zwarciu. Bateria automatycznie przechodzi w tryb &#8220;storage mode&#8221; &#8211; po okre\u015blonym czasie sama si\u0119 roz\u0142adowuje do oko\u0142o 50% ca\u0142kowitej pojemno\u015bci. <\/p>\n<\/p>\n<p class=\"MsoNormal\">Typ produktu &#8211; Bateria<\/p>\n<p class=\"MsoNormal\">Technologia baterii &#8211; Litowo-jonowa (Li-Ion)<\/p>\n<p class=\"MsoNormal\">Napi\u0119cie baterii<span> <\/span> &#8211; 11,55 V<\/p>\n<p class=\"MsoNormal\">Kompatybilno\u015b\u0107 marki &#8211; Autel<\/p>\n<p class=\"MsoNormal\">Kolor produktu<span> <\/span>&#8211; Pomara\u0144czowy<\/p>\n<p class=\"MsoNormal\">Liczba baterii w\u0142\u0105czone &#8211; 1 szt.<\/p>\n<p class=\"MsoNormal\">Kompatybilno\u015b\u0107 &#8211; EVO II<\/p>\n<p class=\"MsoNormal\">Pojemno\u015b\u0107 baterii &#8211; 7100 mAh<\/p><\/p>\n","protected":false},"excerpt":{"rendered":"<p>Akumulator Autel EVO II o pojemno\u015bci 7100 mAh. Teraz nie musisz si\u0119 martwi\u0107 podczas nagrywania uj\u0119\u0107. Du\u017ca pojemno\u015b\u0107 i technologia wykonania powoduje \u017ce na tej baterii mo\u017cesz lata\u0107 nawet do 40 min (w idealnych warunkach). Specjalnie zaprojektowana konstrukcja zapobiegaj\u0105ca prze\u0142adowaniu, przegrzaniu, przech\u0142odzeniu oraz zwarciu. Bateria automatycznie przechodzi w tryb &#8220;storage mode&#8221; &#8211; po okre\u015blonym czasie [&hellip;]<\/p>\n","protected":false},"featured_media":9224,"template":"","meta":{"_acf_changed":false,"inline_featured_image":false},"product_brand":[],"product_cat":[329,308],"product_tag":[409,410,407,404,406,405,408],"class_list":{"0":"post-9227","1":"product","2":"type-product","3":"status-publish","4":"has-post-thumbnail","6":"product_cat-autel-akcesoria","7":"product_cat-katalog","8":"product_tag-3s","9":"product_tag-4s","10":"product_tag-aku","11":"product_tag-akumulator","12":"product_tag-akus","13":"product_tag-bateria","14":"product_tag-pakiet","16":"first","17":"outofstock","18":"taxable","19":"shipping-taxable","20":"purchasable","21":"product-type-simple"},"acf":[],"yoast_head":"<!-- This site is optimized with the Yoast SEO plugin v27.4 - https:\/\/yoast.com\/product\/yoast-seo-wordpress\/ -->\n<title>Akumulator Autel Evo II - aerovision<\/title>\n<meta name=\"robots\" content=\"noindex, follow, max-snippet:-1, max-image-preview:large, max-video-preview:-1\" \/>\n<meta property=\"og:locale\" content=\"en_US\" \/>\n<meta property=\"og:type\" content=\"article\" \/>\n<meta property=\"og:title\" content=\"Akumulator Autel Evo II - aerovision\" \/>\n<meta property=\"og:description\" content=\"Akumulator Autel EVO II o pojemno\u015bci 7100 mAh. Teraz nie musisz si\u0119 martwi\u0107 podczas nagrywania uj\u0119\u0107. Du\u017ca pojemno\u015b\u0107 i technologia wykonania powoduje \u017ce na tej baterii mo\u017cesz lata\u0107 nawet do 40 min (w idealnych warunkach). Specjalnie zaprojektowana konstrukcja zapobiegaj\u0105ca prze\u0142adowaniu, przegrzaniu, przech\u0142odzeniu oraz zwarciu. Bateria automatycznie przechodzi w tryb &#8220;storage mode&#8221; &#8211; po okre\u015blonym czasie [&hellip;]\" \/>\n<meta property=\"og:url\" content=\"https:\/\/aerovision.com.pl\/en\/produkt\/akumulator-autel-evo-ii\/\" \/>\n<meta property=\"og:site_name\" content=\"aerovision\" \/>\n<meta property=\"og:image\" content=\"https:\/\/aerovision.com.pl\/wp-content\/uploads\/2020\/11\/1372-Akumulator-Autel-Evo-II.jpg\" \/>\n\t<meta property=\"og:image:width\" content=\"500\" \/>\n\t<meta property=\"og:image:height\" content=\"500\" \/>\n\t<meta property=\"og:image:type\" content=\"image\/jpeg\" \/>\n<meta name=\"twitter:card\" content=\"summary_large_image\" \/>\n<meta name=\"twitter:label1\" content=\"Est. reading time\" \/>\n\t<meta name=\"twitter:data1\" content=\"1 minute\" \/>\n<script type=\"application\/ld+json\" class=\"yoast-schema-graph\">{\"@context\":\"https:\\\/\\\/schema.org\",\"@graph\":[{\"@type\":\"WebPage\",\"@id\":\"https:\\\/\\\/aerovision.com.pl\\\/en\\\/produkt\\\/akumulator-autel-evo-ii\\\/\",\"url\":\"https:\\\/\\\/aerovision.com.pl\\\/en\\\/produkt\\\/akumulator-autel-evo-ii\\\/\",\"name\":\"Akumulator Autel Evo II - aerovision\",\"isPartOf\":{\"@id\":\"https:\\\/\\\/aerovision.com.pl\\\/en\\\/#website\"},\"primaryImageOfPage\":{\"@id\":\"https:\\\/\\\/aerovision.com.pl\\\/en\\\/produkt\\\/akumulator-autel-evo-ii\\\/#primaryimage\"},\"image\":{\"@id\":\"https:\\\/\\\/aerovision.com.pl\\\/en\\\/produkt\\\/akumulator-autel-evo-ii\\\/#primaryimage\"},\"thumbnailUrl\":\"https:\\\/\\\/aerovision.com.pl\\\/wp-content\\\/uploads\\\/2020\\\/11\\\/1372-Akumulator-Autel-Evo-II.jpg\",\"datePublished\":\"2020-11-16T21:52:42+00:00\",\"breadcrumb\":{\"@id\":\"https:\\\/\\\/aerovision.com.pl\\\/en\\\/produkt\\\/akumulator-autel-evo-ii\\\/#breadcrumb\"},\"inLanguage\":\"en-US\",\"potentialAction\":[{\"@type\":\"ReadAction\",\"target\":[\"https:\\\/\\\/aerovision.com.pl\\\/en\\\/produkt\\\/akumulator-autel-evo-ii\\\/\"]}]},{\"@type\":\"ImageObject\",\"inLanguage\":\"en-US\",\"@id\":\"https:\\\/\\\/aerovision.com.pl\\\/en\\\/produkt\\\/akumulator-autel-evo-ii\\\/#primaryimage\",\"url\":\"https:\\\/\\\/aerovision.com.pl\\\/wp-content\\\/uploads\\\/2020\\\/11\\\/1372-Akumulator-Autel-Evo-II.jpg\",\"contentUrl\":\"https:\\\/\\\/aerovision.com.pl\\\/wp-content\\\/uploads\\\/2020\\\/11\\\/1372-Akumulator-Autel-Evo-II.jpg\",\"width\":500,\"height\":500,\"caption\":\"Akumulator Autel Evo II\"},{\"@type\":\"BreadcrumbList\",\"@id\":\"https:\\\/\\\/aerovision.com.pl\\\/en\\\/produkt\\\/akumulator-autel-evo-ii\\\/#breadcrumb\",\"itemListElement\":[{\"@type\":\"ListItem\",\"position\":1,\"name\":\"Strona g\u0142\u00f3wna\",\"item\":\"https:\\\/\\\/aerovision.com.pl\\\/en\\\/home\\\/\"},{\"@type\":\"ListItem\",\"position\":2,\"name\":\"Sklep\",\"item\":\"https:\\\/\\\/aerovision.com.pl\\\/sklep\\\/\"},{\"@type\":\"ListItem\",\"position\":3,\"name\":\"Akumulator Autel Evo II\"}]},{\"@type\":\"WebSite\",\"@id\":\"https:\\\/\\\/aerovision.com.pl\\\/en\\\/#website\",\"url\":\"https:\\\/\\\/aerovision.com.pl\\\/en\\\/\",\"name\":\"aerovision\",\"description\":\"\",\"publisher\":{\"@id\":\"https:\\\/\\\/aerovision.com.pl\\\/en\\\/#organization\"},\"potentialAction\":[{\"@type\":\"SearchAction\",\"target\":{\"@type\":\"EntryPoint\",\"urlTemplate\":\"https:\\\/\\\/aerovision.com.pl\\\/en\\\/?s={search_term_string}\"},\"query-input\":{\"@type\":\"PropertyValueSpecification\",\"valueRequired\":true,\"valueName\":\"search_term_string\"}}],\"inLanguage\":\"en-US\"},{\"@type\":\"Organization\",\"@id\":\"https:\\\/\\\/aerovision.com.pl\\\/en\\\/#organization\",\"name\":\"aerovision\",\"url\":\"https:\\\/\\\/aerovision.com.pl\\\/en\\\/\",\"logo\":{\"@type\":\"ImageObject\",\"inLanguage\":\"en-US\",\"@id\":\"https:\\\/\\\/aerovision.com.pl\\\/en\\\/#\\\/schema\\\/logo\\\/image\\\/\",\"url\":\"https:\\\/\\\/aerovision.com.pl\\\/wp-content\\\/uploads\\\/2025\\\/03\\\/cropped-Logo-Aerovision.png\",\"contentUrl\":\"https:\\\/\\\/aerovision.com.pl\\\/wp-content\\\/uploads\\\/2025\\\/03\\\/cropped-Logo-Aerovision.png\",\"width\":298,\"height\":242,\"caption\":\"aerovision\"},\"image\":{\"@id\":\"https:\\\/\\\/aerovision.com.pl\\\/en\\\/#\\\/schema\\\/logo\\\/image\\\/\"}}]}<\/script>\n<!-- \/ Yoast SEO plugin. -->","yoast_head_json":{"title":"Akumulator Autel Evo II - aerovision","robots":{"index":"noindex","follow":"follow","max-snippet":"max-snippet:-1","max-image-preview":"max-image-preview:large","max-video-preview":"max-video-preview:-1"},"og_locale":"en_US","og_type":"article","og_title":"Akumulator Autel Evo II - aerovision","og_description":"Akumulator Autel EVO II o pojemno\u015bci 7100 mAh. Teraz nie musisz si\u0119 martwi\u0107 podczas nagrywania uj\u0119\u0107. Du\u017ca pojemno\u015b\u0107 i technologia wykonania powoduje \u017ce na tej baterii mo\u017cesz lata\u0107 nawet do 40 min (w idealnych warunkach). Specjalnie zaprojektowana konstrukcja zapobiegaj\u0105ca prze\u0142adowaniu, przegrzaniu, przech\u0142odzeniu oraz zwarciu. Bateria automatycznie przechodzi w tryb &#8220;storage mode&#8221; &#8211; po okre\u015blonym czasie [&hellip;]","og_url":"https:\/\/aerovision.com.pl\/en\/produkt\/akumulator-autel-evo-ii\/","og_site_name":"aerovision","og_image":[{"width":500,"height":500,"url":"https:\/\/aerovision.com.pl\/wp-content\/uploads\/2020\/11\/1372-Akumulator-Autel-Evo-II.jpg","type":"image\/jpeg"}],"twitter_card":"summary_large_image","twitter_misc":{"Est. reading time":"1 minute"},"schema":{"@context":"https:\/\/schema.org","@graph":[{"@type":"WebPage","@id":"https:\/\/aerovision.com.pl\/en\/produkt\/akumulator-autel-evo-ii\/","url":"https:\/\/aerovision.com.pl\/en\/produkt\/akumulator-autel-evo-ii\/","name":"Akumulator Autel Evo II - aerovision","isPartOf":{"@id":"https:\/\/aerovision.com.pl\/en\/#website"},"primaryImageOfPage":{"@id":"https:\/\/aerovision.com.pl\/en\/produkt\/akumulator-autel-evo-ii\/#primaryimage"},"image":{"@id":"https:\/\/aerovision.com.pl\/en\/produkt\/akumulator-autel-evo-ii\/#primaryimage"},"thumbnailUrl":"https:\/\/aerovision.com.pl\/wp-content\/uploads\/2020\/11\/1372-Akumulator-Autel-Evo-II.jpg","datePublished":"2020-11-16T21:52:42+00:00","breadcrumb":{"@id":"https:\/\/aerovision.com.pl\/en\/produkt\/akumulator-autel-evo-ii\/#breadcrumb"},"inLanguage":"en-US","potentialAction":[{"@type":"ReadAction","target":["https:\/\/aerovision.com.pl\/en\/produkt\/akumulator-autel-evo-ii\/"]}]},{"@type":"ImageObject","inLanguage":"en-US","@id":"https:\/\/aerovision.com.pl\/en\/produkt\/akumulator-autel-evo-ii\/#primaryimage","url":"https:\/\/aerovision.com.pl\/wp-content\/uploads\/2020\/11\/1372-Akumulator-Autel-Evo-II.jpg","contentUrl":"https:\/\/aerovision.com.pl\/wp-content\/uploads\/2020\/11\/1372-Akumulator-Autel-Evo-II.jpg","width":500,"height":500,"caption":"Akumulator Autel Evo II"},{"@type":"BreadcrumbList","@id":"https:\/\/aerovision.com.pl\/en\/produkt\/akumulator-autel-evo-ii\/#breadcrumb","itemListElement":[{"@type":"ListItem","position":1,"name":"Strona g\u0142\u00f3wna","item":"https:\/\/aerovision.com.pl\/en\/home\/"},{"@type":"ListItem","position":2,"name":"Sklep","item":"https:\/\/aerovision.com.pl\/sklep\/"},{"@type":"ListItem","position":3,"name":"Akumulator Autel Evo II"}]},{"@type":"WebSite","@id":"https:\/\/aerovision.com.pl\/en\/#website","url":"https:\/\/aerovision.com.pl\/en\/","name":"aerovision","description":"","publisher":{"@id":"https:\/\/aerovision.com.pl\/en\/#organization"},"potentialAction":[{"@type":"SearchAction","target":{"@type":"EntryPoint","urlTemplate":"https:\/\/aerovision.com.pl\/en\/?s={search_term_string}"},"query-input":{"@type":"PropertyValueSpecification","valueRequired":true,"valueName":"search_term_string"}}],"inLanguage":"en-US"},{"@type":"Organization","@id":"https:\/\/aerovision.com.pl\/en\/#organization","name":"aerovision","url":"https:\/\/aerovision.com.pl\/en\/","logo":{"@type":"ImageObject","inLanguage":"en-US","@id":"https:\/\/aerovision.com.pl\/en\/#\/schema\/logo\/image\/","url":"https:\/\/aerovision.com.pl\/wp-content\/uploads\/2025\/03\/cropped-Logo-Aerovision.png","contentUrl":"https:\/\/aerovision.com.pl\/wp-content\/uploads\/2025\/03\/cropped-Logo-Aerovision.png","width":298,"height":242,"caption":"aerovision"},"image":{"@id":"https:\/\/aerovision.com.pl\/en\/#\/schema\/logo\/image\/"}}]}},"_links":{"self":[{"href":"https:\/\/aerovision.com.pl\/en\/wp-json\/wp\/v2\/product\/9227","targetHints":{"allow":["GET"]}}],"collection":[{"href":"https:\/\/aerovision.com.pl\/en\/wp-json\/wp\/v2\/product"}],"about":[{"href":"https:\/\/aerovision.com.pl\/en\/wp-json\/wp\/v2\/types\/product"}],"wp:featuredmedia":[{"embeddable":true,"href":"https:\/\/aerovision.com.pl\/en\/wp-json\/wp\/v2\/media\/9224"}],"wp:attachment":[{"href":"https:\/\/aerovision.com.pl\/en\/wp-json\/wp\/v2\/media?parent=9227"}],"wp:term":[{"taxonomy":"product_brand","embeddable":true,"href":"https:\/\/aerovision.com.pl\/en\/wp-json\/wp\/v2\/product_brand?post=9227"},{"taxonomy":"product_cat","embeddable":true,"href":"https:\/\/aerovision.com.pl\/en\/wp-json\/wp\/v2\/product_cat?post=9227"},{"taxonomy":"product_tag","embeddable":true,"href":"https:\/\/aerovision.com.pl\/en\/wp-json\/wp\/v2\/product_tag?post=9227"}],"curies":[{"name":"wp","href":"https:\/\/api.w.org\/{rel}","templated":true}]}}