{"id":9241,"date":"2021-01-08T21:00:50","date_gmt":"2021-01-08T20:00:50","guid":{"rendered":"https:\/\/aerovision.com.pl\/produkt\/autel-evo-ii-dual-care\/"},"modified":"2021-01-08T21:00:50","modified_gmt":"2021-01-08T20:00:50","slug":"autel-evo-ii-dual-care","status":"publish","type":"product","link":"https:\/\/aerovision.com.pl\/en\/produkt\/autel-evo-ii-dual-care\/","title":{"rendered":"Autel Evo II Dual Care"},"content":{"rendered":"<h3 style=\"text-align:center;\">Autel Robotics ma przyjemno\u015b\u0107 przedstawi\u0107 us\u0142ug\u0119 rozszerzonej Gwarancji na drony z serii Evo II. <\/h3>\n<p style=\"text-align:center;\">Wiemy \u017ce ka\u017cdy ma prawo pope\u0142nia\u0107 b\u0142\u0119dy &#8211; nawet najlepsi z najlepszych. Dlatego wychodz\u0105c na przeciw oczekiwaniom przedstawiamy Pa\u0144stwu Autel Care. Ubezpiecz si\u0119 od swoich b\u0142\u0119d\u00f3w! Miej drug\u0105 (a nawet trzeci\u0105!) szans\u0119 i nie ryzykuj drogiego sprz\u0119tu. To mo\u017ce Ci si\u0119 op\u0142aci\u0107!<\/p>\n<p style=\"text-align:center;\">\n<p style=\"text-align:center;\">\n<p><img fetchpriority=\"high\" decoding=\"async\" class=\" size-full wp-image-9231\" src=\"https:\/\/aerovision.com.pl\/wp-content\/uploads\/2021\/01\/Przechwytywanie-Przechwytywanie.PNG.PNG\" alt=\"\" width=\"1036\" height=\"761\" srcset=\"https:\/\/aerovision.com.pl\/wp-content\/uploads\/2021\/01\/Przechwytywanie-Przechwytywanie.PNG.PNG 1036w, https:\/\/aerovision.com.pl\/wp-content\/uploads\/2021\/01\/Przechwytywanie-Przechwytywanie.PNG-300x220.png 300w, https:\/\/aerovision.com.pl\/wp-content\/uploads\/2021\/01\/Przechwytywanie-Przechwytywanie.PNG-1024x752.png 1024w, https:\/\/aerovision.com.pl\/wp-content\/uploads\/2021\/01\/Przechwytywanie-Przechwytywanie.PNG-768x564.png 768w, https:\/\/aerovision.com.pl\/wp-content\/uploads\/2021\/01\/Przechwytywanie-Przechwytywanie.PNG-990x727.png 990w, https:\/\/aerovision.com.pl\/wp-content\/uploads\/2021\/01\/Przechwytywanie-Przechwytywanie.PNG-441x324.png 441w, https:\/\/aerovision.com.pl\/wp-content\/uploads\/2021\/01\/Przechwytywanie-Przechwytywanie.PNG-800x588.png 800w, https:\/\/aerovision.com.pl\/wp-content\/uploads\/2021\/01\/Przechwytywanie-Przechwytywanie.PNG-150x110.png 150w\" sizes=\"(max-width: 1036px) 100vw, 1036px\" \/><img decoding=\"async\" class=\" size-full wp-image-9232\" src=\"https:\/\/aerovision.com.pl\/wp-content\/uploads\/2021\/01\/Przechwytywanie1.PNG\" alt=\"\" width=\"100%\" srcset=\"https:\/\/aerovision.com.pl\/wp-content\/uploads\/2021\/01\/Przechwytywanie1.PNG 1080w, https:\/\/aerovision.com.pl\/wp-content\/uploads\/2021\/01\/Przechwytywanie1-300x219.png 300w, https:\/\/aerovision.com.pl\/wp-content\/uploads\/2021\/01\/Przechwytywanie1-1024x746.png 1024w, https:\/\/aerovision.com.pl\/wp-content\/uploads\/2021\/01\/Przechwytywanie1-768x560.png 768w, https:\/\/aerovision.com.pl\/wp-content\/uploads\/2021\/01\/Przechwytywanie1-990x721.png 990w, https:\/\/aerovision.com.pl\/wp-content\/uploads\/2021\/01\/Przechwytywanie1-441x321.png 441w, https:\/\/aerovision.com.pl\/wp-content\/uploads\/2021\/01\/Przechwytywanie1-800x583.png 800w, https:\/\/aerovision.com.pl\/wp-content\/uploads\/2021\/01\/Przechwytywanie1-150x109.png 150w\" sizes=\"(max-width: 1080px) 100vw, 1080px\" \/><\/p>\n<p><img decoding=\"async\" class=\" size-full wp-image-9233\" src=\"https:\/\/aerovision.com.pl\/wp-content\/uploads\/2021\/01\/Przechwytywanie3.PNG\" alt=\"\" width=\"100%\" srcset=\"https:\/\/aerovision.com.pl\/wp-content\/uploads\/2021\/01\/Przechwytywanie3.PNG 1108w, https:\/\/aerovision.com.pl\/wp-content\/uploads\/2021\/01\/Przechwytywanie3-300x221.png 300w, https:\/\/aerovision.com.pl\/wp-content\/uploads\/2021\/01\/Przechwytywanie3-1024x753.png 1024w, https:\/\/aerovision.com.pl\/wp-content\/uploads\/2021\/01\/Przechwytywanie3-768x565.png 768w, https:\/\/aerovision.com.pl\/wp-content\/uploads\/2021\/01\/Przechwytywanie3-990x728.png 990w, https:\/\/aerovision.com.pl\/wp-content\/uploads\/2021\/01\/Przechwytywanie3-441x324.png 441w, https:\/\/aerovision.com.pl\/wp-content\/uploads\/2021\/01\/Przechwytywanie3-800x588.png 800w, https:\/\/aerovision.com.pl\/wp-content\/uploads\/2021\/01\/Przechwytywanie3-150x110.png 150w\" sizes=\"(max-width: 1108px) 100vw, 1108px\" \/><\/p>\n<p><img decoding=\"async\" class=\" size-full wp-image-9234\" src=\"https:\/\/aerovision.com.pl\/wp-content\/uploads\/2021\/01\/Przechwytywanie4.PNG\" alt=\"\" width=\"100%\" srcset=\"https:\/\/aerovision.com.pl\/wp-content\/uploads\/2021\/01\/Przechwytywanie4.PNG 1120w, https:\/\/aerovision.com.pl\/wp-content\/uploads\/2021\/01\/Przechwytywanie4-300x198.png 300w, https:\/\/aerovision.com.pl\/wp-content\/uploads\/2021\/01\/Przechwytywanie4-1024x676.png 1024w, https:\/\/aerovision.com.pl\/wp-content\/uploads\/2021\/01\/Przechwytywanie4-768x507.png 768w, https:\/\/aerovision.com.pl\/wp-content\/uploads\/2021\/01\/Przechwytywanie4-990x653.png 990w, https:\/\/aerovision.com.pl\/wp-content\/uploads\/2021\/01\/Przechwytywanie4-441x291.png 441w, https:\/\/aerovision.com.pl\/wp-content\/uploads\/2021\/01\/Przechwytywanie4-800x528.png 800w, https:\/\/aerovision.com.pl\/wp-content\/uploads\/2021\/01\/Przechwytywanie4-150x99.png 150w\" sizes=\"(max-width: 1120px) 100vw, 1120px\" \/><\/p>\n<p><img decoding=\"async\" class=\" size-full wp-image-9235\" src=\"https:\/\/aerovision.com.pl\/wp-content\/uploads\/2021\/01\/Przechwytywanie5.PNG\" alt=\"\" width=\"100%\" srcset=\"https:\/\/aerovision.com.pl\/wp-content\/uploads\/2021\/01\/Przechwytywanie5.PNG 1122w, https:\/\/aerovision.com.pl\/wp-content\/uploads\/2021\/01\/Przechwytywanie5-300x114.png 300w, https:\/\/aerovision.com.pl\/wp-content\/uploads\/2021\/01\/Przechwytywanie5-1024x388.png 1024w, https:\/\/aerovision.com.pl\/wp-content\/uploads\/2021\/01\/Przechwytywanie5-768x291.png 768w, https:\/\/aerovision.com.pl\/wp-content\/uploads\/2021\/01\/Przechwytywanie5-990x375.png 990w, https:\/\/aerovision.com.pl\/wp-content\/uploads\/2021\/01\/Przechwytywanie5-441x167.png 441w, https:\/\/aerovision.com.pl\/wp-content\/uploads\/2021\/01\/Przechwytywanie5-800x303.png 800w, https:\/\/aerovision.com.pl\/wp-content\/uploads\/2021\/01\/Przechwytywanie5-150x57.png 150w\" sizes=\"(max-width: 1122px) 100vw, 1122px\" \/><\/p>\n<p><img decoding=\"async\" class=\" size-full wp-image-9236\" src=\"https:\/\/aerovision.com.pl\/wp-content\/uploads\/2021\/01\/Przechwytywanie6.PNG\" alt=\"\" width=\"100%\" srcset=\"https:\/\/aerovision.com.pl\/wp-content\/uploads\/2021\/01\/Przechwytywanie6.PNG 1029w, https:\/\/aerovision.com.pl\/wp-content\/uploads\/2021\/01\/Przechwytywanie6-300x176.png 300w, https:\/\/aerovision.com.pl\/wp-content\/uploads\/2021\/01\/Przechwytywanie6-1024x601.png 1024w, https:\/\/aerovision.com.pl\/wp-content\/uploads\/2021\/01\/Przechwytywanie6-768x451.png 768w, https:\/\/aerovision.com.pl\/wp-content\/uploads\/2021\/01\/Przechwytywanie6-990x581.png 990w, https:\/\/aerovision.com.pl\/wp-content\/uploads\/2021\/01\/Przechwytywanie6-441x259.png 441w, https:\/\/aerovision.com.pl\/wp-content\/uploads\/2021\/01\/Przechwytywanie6-800x470.png 800w, https:\/\/aerovision.com.pl\/wp-content\/uploads\/2021\/01\/Przechwytywanie6-150x88.png 150w\" sizes=\"(max-width: 1029px) 100vw, 1029px\" \/><\/p>\n","protected":false},"excerpt":{"rendered":"<p>Ubezpiecz si\u0119 od swoich b\u0142\u0119d\u00f3w &#8211; nikt nie jest doskona\u0142y i dobrze wiemy \u017ce nawet najlepszemu pilotowi zdarzy si\u0119 pope\u0142ni\u0107 b\u0142\u0105d.<\/p>\n","protected":false},"featured_media":9240,"template":"","meta":{"_acf_changed":false,"inline_featured_image":false},"product_brand":[],"product_cat":[324,329,313],"product_tag":[],"class_list":{"0":"post-9241","1":"product","2":"type-product","3":"status-publish","4":"has-post-thumbnail","6":"product_cat-autel","7":"product_cat-autel-akcesoria","8":"product_cat-uslugi-serwisowe-katalog","10":"first","11":"outofstock","12":"taxable","13":"shipping-taxable","14":"purchasable","15":"product-type-simple"},"acf":[],"yoast_head":"<!-- This site is optimized with the Yoast SEO plugin v27.4 - https:\/\/yoast.com\/product\/yoast-seo-wordpress\/ -->\n<title>Autel Evo II Dual Care - aerovision<\/title>\n<meta name=\"robots\" content=\"noindex, follow, max-snippet:-1, max-image-preview:large, max-video-preview:-1\" \/>\n<meta property=\"og:locale\" content=\"en_US\" \/>\n<meta property=\"og:type\" content=\"article\" \/>\n<meta property=\"og:title\" content=\"Autel Evo II Dual Care - aerovision\" \/>\n<meta property=\"og:description\" content=\"Ubezpiecz si\u0119 od swoich b\u0142\u0119d\u00f3w - nikt nie jest doskona\u0142y i dobrze wiemy \u017ce nawet najlepszemu pilotowi zdarzy si\u0119 pope\u0142ni\u0107 b\u0142\u0105d.\" \/>\n<meta property=\"og:url\" content=\"https:\/\/aerovision.com.pl\/en\/produkt\/autel-evo-ii-dual-care\/\" \/>\n<meta property=\"og:site_name\" content=\"aerovision\" \/>\n<meta property=\"og:image\" content=\"https:\/\/aerovision.com.pl\/wp-content\/uploads\/2021\/01\/1379-Autel-Evo-II-Dual-Care.jpg\" \/>\n\t<meta property=\"og:image:width\" content=\"744\" \/>\n\t<meta property=\"og:image:height\" content=\"395\" \/>\n\t<meta property=\"og:image:type\" content=\"image\/jpeg\" \/>\n<meta name=\"twitter:card\" content=\"summary_large_image\" \/>\n<script type=\"application\/ld+json\" class=\"yoast-schema-graph\">{\"@context\":\"https:\\\/\\\/schema.org\",\"@graph\":[{\"@type\":\"WebPage\",\"@id\":\"https:\\\/\\\/aerovision.com.pl\\\/en\\\/produkt\\\/autel-evo-ii-dual-care\\\/\",\"url\":\"https:\\\/\\\/aerovision.com.pl\\\/en\\\/produkt\\\/autel-evo-ii-dual-care\\\/\",\"name\":\"Autel Evo II Dual Care - aerovision\",\"isPartOf\":{\"@id\":\"https:\\\/\\\/aerovision.com.pl\\\/en\\\/#website\"},\"primaryImageOfPage\":{\"@id\":\"https:\\\/\\\/aerovision.com.pl\\\/en\\\/produkt\\\/autel-evo-ii-dual-care\\\/#primaryimage\"},\"image\":{\"@id\":\"https:\\\/\\\/aerovision.com.pl\\\/en\\\/produkt\\\/autel-evo-ii-dual-care\\\/#primaryimage\"},\"thumbnailUrl\":\"https:\\\/\\\/aerovision.com.pl\\\/wp-content\\\/uploads\\\/2021\\\/01\\\/1379-Autel-Evo-II-Dual-Care.jpg\",\"datePublished\":\"2021-01-08T20:00:50+00:00\",\"breadcrumb\":{\"@id\":\"https:\\\/\\\/aerovision.com.pl\\\/en\\\/produkt\\\/autel-evo-ii-dual-care\\\/#breadcrumb\"},\"inLanguage\":\"en-US\",\"potentialAction\":[{\"@type\":\"ReadAction\",\"target\":[\"https:\\\/\\\/aerovision.com.pl\\\/en\\\/produkt\\\/autel-evo-ii-dual-care\\\/\"]}]},{\"@type\":\"ImageObject\",\"inLanguage\":\"en-US\",\"@id\":\"https:\\\/\\\/aerovision.com.pl\\\/en\\\/produkt\\\/autel-evo-ii-dual-care\\\/#primaryimage\",\"url\":\"https:\\\/\\\/aerovision.com.pl\\\/wp-content\\\/uploads\\\/2021\\\/01\\\/1379-Autel-Evo-II-Dual-Care.jpg\",\"contentUrl\":\"https:\\\/\\\/aerovision.com.pl\\\/wp-content\\\/uploads\\\/2021\\\/01\\\/1379-Autel-Evo-II-Dual-Care.jpg\",\"width\":744,\"height\":395,\"caption\":\"Autel Evo II Dual Care\"},{\"@type\":\"BreadcrumbList\",\"@id\":\"https:\\\/\\\/aerovision.com.pl\\\/en\\\/produkt\\\/autel-evo-ii-dual-care\\\/#breadcrumb\",\"itemListElement\":[{\"@type\":\"ListItem\",\"position\":1,\"name\":\"Strona g\u0142\u00f3wna\",\"item\":\"https:\\\/\\\/aerovision.com.pl\\\/en\\\/home\\\/\"},{\"@type\":\"ListItem\",\"position\":2,\"name\":\"Sklep\",\"item\":\"https:\\\/\\\/aerovision.com.pl\\\/sklep\\\/\"},{\"@type\":\"ListItem\",\"position\":3,\"name\":\"Autel Evo II Dual Care\"}]},{\"@type\":\"WebSite\",\"@id\":\"https:\\\/\\\/aerovision.com.pl\\\/en\\\/#website\",\"url\":\"https:\\\/\\\/aerovision.com.pl\\\/en\\\/\",\"name\":\"aerovision\",\"description\":\"\",\"publisher\":{\"@id\":\"https:\\\/\\\/aerovision.com.pl\\\/en\\\/#organization\"},\"potentialAction\":[{\"@type\":\"SearchAction\",\"target\":{\"@type\":\"EntryPoint\",\"urlTemplate\":\"https:\\\/\\\/aerovision.com.pl\\\/en\\\/?s={search_term_string}\"},\"query-input\":{\"@type\":\"PropertyValueSpecification\",\"valueRequired\":true,\"valueName\":\"search_term_string\"}}],\"inLanguage\":\"en-US\"},{\"@type\":\"Organization\",\"@id\":\"https:\\\/\\\/aerovision.com.pl\\\/en\\\/#organization\",\"name\":\"aerovision\",\"url\":\"https:\\\/\\\/aerovision.com.pl\\\/en\\\/\",\"logo\":{\"@type\":\"ImageObject\",\"inLanguage\":\"en-US\",\"@id\":\"https:\\\/\\\/aerovision.com.pl\\\/en\\\/#\\\/schema\\\/logo\\\/image\\\/\",\"url\":\"https:\\\/\\\/aerovision.com.pl\\\/wp-content\\\/uploads\\\/2025\\\/03\\\/cropped-Logo-Aerovision.png\",\"contentUrl\":\"https:\\\/\\\/aerovision.com.pl\\\/wp-content\\\/uploads\\\/2025\\\/03\\\/cropped-Logo-Aerovision.png\",\"width\":298,\"height\":242,\"caption\":\"aerovision\"},\"image\":{\"@id\":\"https:\\\/\\\/aerovision.com.pl\\\/en\\\/#\\\/schema\\\/logo\\\/image\\\/\"}}]}<\/script>\n<!-- \/ Yoast SEO plugin. -->","yoast_head_json":{"title":"Autel Evo II Dual Care - aerovision","robots":{"index":"noindex","follow":"follow","max-snippet":"max-snippet:-1","max-image-preview":"max-image-preview:large","max-video-preview":"max-video-preview:-1"},"og_locale":"en_US","og_type":"article","og_title":"Autel Evo II Dual Care - aerovision","og_description":"Ubezpiecz si\u0119 od swoich b\u0142\u0119d\u00f3w - nikt nie jest doskona\u0142y i dobrze wiemy \u017ce nawet najlepszemu pilotowi zdarzy si\u0119 pope\u0142ni\u0107 b\u0142\u0105d.","og_url":"https:\/\/aerovision.com.pl\/en\/produkt\/autel-evo-ii-dual-care\/","og_site_name":"aerovision","og_image":[{"width":744,"height":395,"url":"https:\/\/aerovision.com.pl\/wp-content\/uploads\/2021\/01\/1379-Autel-Evo-II-Dual-Care.jpg","type":"image\/jpeg"}],"twitter_card":"summary_large_image","schema":{"@context":"https:\/\/schema.org","@graph":[{"@type":"WebPage","@id":"https:\/\/aerovision.com.pl\/en\/produkt\/autel-evo-ii-dual-care\/","url":"https:\/\/aerovision.com.pl\/en\/produkt\/autel-evo-ii-dual-care\/","name":"Autel Evo II Dual Care - aerovision","isPartOf":{"@id":"https:\/\/aerovision.com.pl\/en\/#website"},"primaryImageOfPage":{"@id":"https:\/\/aerovision.com.pl\/en\/produkt\/autel-evo-ii-dual-care\/#primaryimage"},"image":{"@id":"https:\/\/aerovision.com.pl\/en\/produkt\/autel-evo-ii-dual-care\/#primaryimage"},"thumbnailUrl":"https:\/\/aerovision.com.pl\/wp-content\/uploads\/2021\/01\/1379-Autel-Evo-II-Dual-Care.jpg","datePublished":"2021-01-08T20:00:50+00:00","breadcrumb":{"@id":"https:\/\/aerovision.com.pl\/en\/produkt\/autel-evo-ii-dual-care\/#breadcrumb"},"inLanguage":"en-US","potentialAction":[{"@type":"ReadAction","target":["https:\/\/aerovision.com.pl\/en\/produkt\/autel-evo-ii-dual-care\/"]}]},{"@type":"ImageObject","inLanguage":"en-US","@id":"https:\/\/aerovision.com.pl\/en\/produkt\/autel-evo-ii-dual-care\/#primaryimage","url":"https:\/\/aerovision.com.pl\/wp-content\/uploads\/2021\/01\/1379-Autel-Evo-II-Dual-Care.jpg","contentUrl":"https:\/\/aerovision.com.pl\/wp-content\/uploads\/2021\/01\/1379-Autel-Evo-II-Dual-Care.jpg","width":744,"height":395,"caption":"Autel Evo II Dual Care"},{"@type":"BreadcrumbList","@id":"https:\/\/aerovision.com.pl\/en\/produkt\/autel-evo-ii-dual-care\/#breadcrumb","itemListElement":[{"@type":"ListItem","position":1,"name":"Strona g\u0142\u00f3wna","item":"https:\/\/aerovision.com.pl\/en\/home\/"},{"@type":"ListItem","position":2,"name":"Sklep","item":"https:\/\/aerovision.com.pl\/sklep\/"},{"@type":"ListItem","position":3,"name":"Autel Evo II Dual Care"}]},{"@type":"WebSite","@id":"https:\/\/aerovision.com.pl\/en\/#website","url":"https:\/\/aerovision.com.pl\/en\/","name":"aerovision","description":"","publisher":{"@id":"https:\/\/aerovision.com.pl\/en\/#organization"},"potentialAction":[{"@type":"SearchAction","target":{"@type":"EntryPoint","urlTemplate":"https:\/\/aerovision.com.pl\/en\/?s={search_term_string}"},"query-input":{"@type":"PropertyValueSpecification","valueRequired":true,"valueName":"search_term_string"}}],"inLanguage":"en-US"},{"@type":"Organization","@id":"https:\/\/aerovision.com.pl\/en\/#organization","name":"aerovision","url":"https:\/\/aerovision.com.pl\/en\/","logo":{"@type":"ImageObject","inLanguage":"en-US","@id":"https:\/\/aerovision.com.pl\/en\/#\/schema\/logo\/image\/","url":"https:\/\/aerovision.com.pl\/wp-content\/uploads\/2025\/03\/cropped-Logo-Aerovision.png","contentUrl":"https:\/\/aerovision.com.pl\/wp-content\/uploads\/2025\/03\/cropped-Logo-Aerovision.png","width":298,"height":242,"caption":"aerovision"},"image":{"@id":"https:\/\/aerovision.com.pl\/en\/#\/schema\/logo\/image\/"}}]}},"_links":{"self":[{"href":"https:\/\/aerovision.com.pl\/en\/wp-json\/wp\/v2\/product\/9241","targetHints":{"allow":["GET"]}}],"collection":[{"href":"https:\/\/aerovision.com.pl\/en\/wp-json\/wp\/v2\/product"}],"about":[{"href":"https:\/\/aerovision.com.pl\/en\/wp-json\/wp\/v2\/types\/product"}],"wp:featuredmedia":[{"embeddable":true,"href":"https:\/\/aerovision.com.pl\/en\/wp-json\/wp\/v2\/media\/9240"}],"wp:attachment":[{"href":"https:\/\/aerovision.com.pl\/en\/wp-json\/wp\/v2\/media?parent=9241"}],"wp:term":[{"taxonomy":"product_brand","embeddable":true,"href":"https:\/\/aerovision.com.pl\/en\/wp-json\/wp\/v2\/product_brand?post=9241"},{"taxonomy":"product_cat","embeddable":true,"href":"https:\/\/aerovision.com.pl\/en\/wp-json\/wp\/v2\/product_cat?post=9241"},{"taxonomy":"product_tag","embeddable":true,"href":"https:\/\/aerovision.com.pl\/en\/wp-json\/wp\/v2\/product_tag?post=9241"}],"curies":[{"name":"wp","href":"https:\/\/api.w.org\/{rel}","templated":true}]}}