{"id":9276,"date":"2021-03-07T13:06:13","date_gmt":"2021-03-07T12:06:13","guid":{"rendered":"https:\/\/aerovision.com.pl\/produkt\/oslona-przeciwsloneczna-do-tabletow-lifthor\/"},"modified":"2025-03-07T14:02:27","modified_gmt":"2025-03-07T13:02:27","slug":"oslona-przeciwsloneczna-do-tabletow-lifthor","status":"publish","type":"product","link":"https:\/\/aerovision.com.pl\/en\/produkt\/oslona-przeciwsloneczna-do-tabletow-lifthor\/","title":{"rendered":"Os\u0142ona przeciws\u0142oneczna do tablet\u00f3w Lifthor"},"content":{"rendered":"<p>Nowo\u015b\u0107 w wykonaniu Thor&#8217;s Drone World!<\/p>\n<p>Przes\u0142ona przeciws\u0142oneczna do Twojego tabletu. Wykonana z wysokiej jako\u015bci wega\u0144skiej sk\u00f3ry (PU) oraz silikonu dopasowana jest do urz\u0105dze\u0144 w rozmiarach od 7,9&#8243; do 12,9&#8243;.<\/p>\n<p>Cechy:<\/p>\n<ul style=\"list-style-type:circle;\">\n<li>kompatybilny ze wszystkimi uchwytami LiThor serii Mavic\/Spark oraz Autel Evo<\/li>\n<li>wysokiej jako\u015bci sztuczna sk\u00f3ra (PU) i wykonane z wysok\u0105 precyzj\u0105 cz\u0119\u015bci silikonowe<\/li>\n<li>\u0142atwa w u\u017cyciu i wytrzyma\u0142a<\/li>\n<li>wodoodporna<\/li>\n<li>zapewni lepsze warunki podgl\u0105du<\/li>\n<li>sk\u0142adana i \u0142atwa w przenoszeniu<\/li>\n<li>zawiera haczyk i rzep aby zabezpieczy\u0107 przes\u0142on\u0119 na Twoim tablecie<\/li>\n<\/ul>\n<p>Kompatybilna z wi\u0119kszo\u015bci\u0105 tablet\u00f3w.<\/p>\n<p>Dopasowana do:<\/p>\n<ul style=\"list-style-type:circle;\">\n<li>7.9&#8243; lub urz\u0105dzenia o szeroko\u015bci (+\/-)168 mm pasuje do iPad Mini lub podobnych urz\u0105dze\u0144. <\/li>\n<li>9.7&#8243; lub urz\u0105dzenia o szeroko\u015bci (+\/-)200 mm pasuje do iPad Air lub podobnych urz\u0105dze\u0144<\/li>\n<li>10.5&#8243; lub urz\u0105dzenia o szeroko\u015bci (+\/-)220 mm pasuje do iPad PRO 10,5&#8243;\/11&#8243; lub podobnych urz\u0105dze\u0144<\/li>\n<li>12.9&#8243; lub urz\u0105dzenia o szeroko\u015bci (+\/-)270 mm pasuje do iPad PRO 12.9&#8243; lub podobnych urz\u0105dze\u0144 <\/li>\n<li>12.9&#8243; lub urz\u0105dzenia o szeroko\u015bci (+\/-)250 mm pasuje do iPad PRO 12.9&#8243; (3 i 4 generacja) lub podobnych urz\u0105dze\u0144 <\/li>\n<\/ul>\n<p>*Pomiar w calach w oparciu o przek\u0105tn\u0105 ekranu w pozycji poziomej (landscape)<\/p>\n<p>*Pomiar w mm wykonany w oparciu o szeroko\u015b\u0107 ekranu (w pozycji poziomej &#8211; landscape), a nie ca\u0142o\u015bci szeroko\u015bci urz\u0105dzenia<\/p>\n<p>Nie jeste\u015b pewny jaki rozmiar wybra\u0107?<\/p>\n<p><strong>Zmierz sw\u00f3j ekran na tablecie i wybierz ten kt\u00f3ry jest najbli\u017cej Twojego pomiaru.<\/strong><\/p>\n<p>W celu z\u0142o\u017cenia zam\u00f3wienia &#8211; napisz biuro@aerovision.com.pl &#8211; w temacie wiadomo\u015bci napisz jaki rozmiar chcesz zam\u00f3wi\u0107.<\/p>\n<p>Do ceny nale\u017cy doliczy\u0107 koszt wysy\u0142ki.<\/p>\n<p style=\"margin:0px;padding:0px;border:0px;vertical-align:baseline;background:transparent;font:inherit;white-space:normal;\">\n","protected":false},"excerpt":{"rendered":"<p>Os\u0142ona przeciws\u0142oneczna do tablet\u00f3w.<\/p>\n","protected":false},"featured_media":10847,"template":"","meta":{"_acf_changed":false,"inline_featured_image":false},"product_brand":[],"product_cat":[310,308,138,130,312],"product_tag":[372,412,413,415,414],"class_list":{"0":"post-9276","1":"product","2":"type-product","3":"status-publish","4":"has-post-thumbnail","6":"product_cat-akcesoria","7":"product_cat-katalog","8":"product_cat-lifthor","9":"product_cat-marki","10":"product_cat-tdw-lifthor-katalog","11":"product_tag-lifthor","12":"product_tag-oslona","13":"product_tag-przeciw","14":"product_tag-przeciwsloneczna","15":"product_tag-sloneczna","17":"first","18":"instock","19":"taxable","20":"shipping-taxable","21":"purchasable","22":"product-type-simple"},"acf":[],"yoast_head":"<!-- This site is optimized with the Yoast SEO plugin v27.4 - https:\/\/yoast.com\/product\/yoast-seo-wordpress\/ -->\n<title>Os\u0142ona przeciws\u0142oneczna do tablet\u00f3w Lifthor - aerovision<\/title>\n<meta name=\"robots\" content=\"noindex, follow, max-snippet:-1, max-image-preview:large, max-video-preview:-1\" \/>\n<meta property=\"og:locale\" content=\"en_US\" \/>\n<meta property=\"og:type\" content=\"article\" \/>\n<meta property=\"og:title\" content=\"Os\u0142ona przeciws\u0142oneczna do tablet\u00f3w Lifthor - aerovision\" \/>\n<meta property=\"og:description\" content=\"Os\u0142ona przeciws\u0142oneczna do tablet\u00f3w.\" \/>\n<meta property=\"og:url\" content=\"https:\/\/aerovision.com.pl\/en\/produkt\/oslona-przeciwsloneczna-do-tabletow-lifthor\/\" \/>\n<meta property=\"og:site_name\" content=\"aerovision\" \/>\n<meta property=\"article:modified_time\" content=\"2025-03-07T13:02:27+00:00\" \/>\n<meta property=\"og:image\" content=\"https:\/\/aerovision.com.pl\/wp-content\/uploads\/2021\/03\/image-27-1024x683.png\" \/>\n\t<meta property=\"og:image:width\" content=\"1024\" \/>\n\t<meta property=\"og:image:height\" content=\"683\" \/>\n\t<meta property=\"og:image:type\" content=\"image\/png\" \/>\n<meta name=\"twitter:card\" content=\"summary_large_image\" \/>\n<meta name=\"twitter:label1\" content=\"Est. reading time\" \/>\n\t<meta name=\"twitter:data1\" content=\"2 minutes\" \/>\n<script type=\"application\/ld+json\" class=\"yoast-schema-graph\">{\"@context\":\"https:\\\/\\\/schema.org\",\"@graph\":[{\"@type\":\"WebPage\",\"@id\":\"https:\\\/\\\/aerovision.com.pl\\\/en\\\/produkt\\\/oslona-przeciwsloneczna-do-tabletow-lifthor\\\/\",\"url\":\"https:\\\/\\\/aerovision.com.pl\\\/en\\\/produkt\\\/oslona-przeciwsloneczna-do-tabletow-lifthor\\\/\",\"name\":\"Os\u0142ona przeciws\u0142oneczna do tablet\u00f3w Lifthor - aerovision\",\"isPartOf\":{\"@id\":\"https:\\\/\\\/aerovision.com.pl\\\/en\\\/#website\"},\"primaryImageOfPage\":{\"@id\":\"https:\\\/\\\/aerovision.com.pl\\\/en\\\/produkt\\\/oslona-przeciwsloneczna-do-tabletow-lifthor\\\/#primaryimage\"},\"image\":{\"@id\":\"https:\\\/\\\/aerovision.com.pl\\\/en\\\/produkt\\\/oslona-przeciwsloneczna-do-tabletow-lifthor\\\/#primaryimage\"},\"thumbnailUrl\":\"https:\\\/\\\/aerovision.com.pl\\\/wp-content\\\/uploads\\\/2021\\\/03\\\/image-27.png\",\"datePublished\":\"2021-03-07T12:06:13+00:00\",\"dateModified\":\"2025-03-07T13:02:27+00:00\",\"breadcrumb\":{\"@id\":\"https:\\\/\\\/aerovision.com.pl\\\/en\\\/produkt\\\/oslona-przeciwsloneczna-do-tabletow-lifthor\\\/#breadcrumb\"},\"inLanguage\":\"en-US\",\"potentialAction\":[{\"@type\":\"ReadAction\",\"target\":[\"https:\\\/\\\/aerovision.com.pl\\\/en\\\/produkt\\\/oslona-przeciwsloneczna-do-tabletow-lifthor\\\/\"]}]},{\"@type\":\"ImageObject\",\"inLanguage\":\"en-US\",\"@id\":\"https:\\\/\\\/aerovision.com.pl\\\/en\\\/produkt\\\/oslona-przeciwsloneczna-do-tabletow-lifthor\\\/#primaryimage\",\"url\":\"https:\\\/\\\/aerovision.com.pl\\\/wp-content\\\/uploads\\\/2021\\\/03\\\/image-27.png\",\"contentUrl\":\"https:\\\/\\\/aerovision.com.pl\\\/wp-content\\\/uploads\\\/2021\\\/03\\\/image-27.png\",\"width\":3000,\"height\":2000},{\"@type\":\"BreadcrumbList\",\"@id\":\"https:\\\/\\\/aerovision.com.pl\\\/en\\\/produkt\\\/oslona-przeciwsloneczna-do-tabletow-lifthor\\\/#breadcrumb\",\"itemListElement\":[{\"@type\":\"ListItem\",\"position\":1,\"name\":\"Strona g\u0142\u00f3wna\",\"item\":\"https:\\\/\\\/aerovision.com.pl\\\/en\\\/home\\\/\"},{\"@type\":\"ListItem\",\"position\":2,\"name\":\"Sklep\",\"item\":\"https:\\\/\\\/aerovision.com.pl\\\/sklep\\\/\"},{\"@type\":\"ListItem\",\"position\":3,\"name\":\"Os\u0142ona przeciws\u0142oneczna do tablet\u00f3w Lifthor\"}]},{\"@type\":\"WebSite\",\"@id\":\"https:\\\/\\\/aerovision.com.pl\\\/en\\\/#website\",\"url\":\"https:\\\/\\\/aerovision.com.pl\\\/en\\\/\",\"name\":\"aerovision\",\"description\":\"\",\"publisher\":{\"@id\":\"https:\\\/\\\/aerovision.com.pl\\\/en\\\/#organization\"},\"potentialAction\":[{\"@type\":\"SearchAction\",\"target\":{\"@type\":\"EntryPoint\",\"urlTemplate\":\"https:\\\/\\\/aerovision.com.pl\\\/en\\\/?s={search_term_string}\"},\"query-input\":{\"@type\":\"PropertyValueSpecification\",\"valueRequired\":true,\"valueName\":\"search_term_string\"}}],\"inLanguage\":\"en-US\"},{\"@type\":\"Organization\",\"@id\":\"https:\\\/\\\/aerovision.com.pl\\\/en\\\/#organization\",\"name\":\"aerovision\",\"url\":\"https:\\\/\\\/aerovision.com.pl\\\/en\\\/\",\"logo\":{\"@type\":\"ImageObject\",\"inLanguage\":\"en-US\",\"@id\":\"https:\\\/\\\/aerovision.com.pl\\\/en\\\/#\\\/schema\\\/logo\\\/image\\\/\",\"url\":\"https:\\\/\\\/aerovision.com.pl\\\/wp-content\\\/uploads\\\/2025\\\/03\\\/cropped-Logo-Aerovision.png\",\"contentUrl\":\"https:\\\/\\\/aerovision.com.pl\\\/wp-content\\\/uploads\\\/2025\\\/03\\\/cropped-Logo-Aerovision.png\",\"width\":298,\"height\":242,\"caption\":\"aerovision\"},\"image\":{\"@id\":\"https:\\\/\\\/aerovision.com.pl\\\/en\\\/#\\\/schema\\\/logo\\\/image\\\/\"}}]}<\/script>\n<!-- \/ Yoast SEO plugin. -->","yoast_head_json":{"title":"Os\u0142ona przeciws\u0142oneczna do tablet\u00f3w Lifthor - aerovision","robots":{"index":"noindex","follow":"follow","max-snippet":"max-snippet:-1","max-image-preview":"max-image-preview:large","max-video-preview":"max-video-preview:-1"},"og_locale":"en_US","og_type":"article","og_title":"Os\u0142ona przeciws\u0142oneczna do tablet\u00f3w Lifthor - aerovision","og_description":"Os\u0142ona przeciws\u0142oneczna do tablet\u00f3w.","og_url":"https:\/\/aerovision.com.pl\/en\/produkt\/oslona-przeciwsloneczna-do-tabletow-lifthor\/","og_site_name":"aerovision","article_modified_time":"2025-03-07T13:02:27+00:00","og_image":[{"width":1024,"height":683,"url":"https:\/\/aerovision.com.pl\/wp-content\/uploads\/2021\/03\/image-27-1024x683.png","type":"image\/png"}],"twitter_card":"summary_large_image","twitter_misc":{"Est. reading time":"2 minutes"},"schema":{"@context":"https:\/\/schema.org","@graph":[{"@type":"WebPage","@id":"https:\/\/aerovision.com.pl\/en\/produkt\/oslona-przeciwsloneczna-do-tabletow-lifthor\/","url":"https:\/\/aerovision.com.pl\/en\/produkt\/oslona-przeciwsloneczna-do-tabletow-lifthor\/","name":"Os\u0142ona przeciws\u0142oneczna do tablet\u00f3w Lifthor - aerovision","isPartOf":{"@id":"https:\/\/aerovision.com.pl\/en\/#website"},"primaryImageOfPage":{"@id":"https:\/\/aerovision.com.pl\/en\/produkt\/oslona-przeciwsloneczna-do-tabletow-lifthor\/#primaryimage"},"image":{"@id":"https:\/\/aerovision.com.pl\/en\/produkt\/oslona-przeciwsloneczna-do-tabletow-lifthor\/#primaryimage"},"thumbnailUrl":"https:\/\/aerovision.com.pl\/wp-content\/uploads\/2021\/03\/image-27.png","datePublished":"2021-03-07T12:06:13+00:00","dateModified":"2025-03-07T13:02:27+00:00","breadcrumb":{"@id":"https:\/\/aerovision.com.pl\/en\/produkt\/oslona-przeciwsloneczna-do-tabletow-lifthor\/#breadcrumb"},"inLanguage":"en-US","potentialAction":[{"@type":"ReadAction","target":["https:\/\/aerovision.com.pl\/en\/produkt\/oslona-przeciwsloneczna-do-tabletow-lifthor\/"]}]},{"@type":"ImageObject","inLanguage":"en-US","@id":"https:\/\/aerovision.com.pl\/en\/produkt\/oslona-przeciwsloneczna-do-tabletow-lifthor\/#primaryimage","url":"https:\/\/aerovision.com.pl\/wp-content\/uploads\/2021\/03\/image-27.png","contentUrl":"https:\/\/aerovision.com.pl\/wp-content\/uploads\/2021\/03\/image-27.png","width":3000,"height":2000},{"@type":"BreadcrumbList","@id":"https:\/\/aerovision.com.pl\/en\/produkt\/oslona-przeciwsloneczna-do-tabletow-lifthor\/#breadcrumb","itemListElement":[{"@type":"ListItem","position":1,"name":"Strona g\u0142\u00f3wna","item":"https:\/\/aerovision.com.pl\/en\/home\/"},{"@type":"ListItem","position":2,"name":"Sklep","item":"https:\/\/aerovision.com.pl\/sklep\/"},{"@type":"ListItem","position":3,"name":"Os\u0142ona przeciws\u0142oneczna do tablet\u00f3w Lifthor"}]},{"@type":"WebSite","@id":"https:\/\/aerovision.com.pl\/en\/#website","url":"https:\/\/aerovision.com.pl\/en\/","name":"aerovision","description":"","publisher":{"@id":"https:\/\/aerovision.com.pl\/en\/#organization"},"potentialAction":[{"@type":"SearchAction","target":{"@type":"EntryPoint","urlTemplate":"https:\/\/aerovision.com.pl\/en\/?s={search_term_string}"},"query-input":{"@type":"PropertyValueSpecification","valueRequired":true,"valueName":"search_term_string"}}],"inLanguage":"en-US"},{"@type":"Organization","@id":"https:\/\/aerovision.com.pl\/en\/#organization","name":"aerovision","url":"https:\/\/aerovision.com.pl\/en\/","logo":{"@type":"ImageObject","inLanguage":"en-US","@id":"https:\/\/aerovision.com.pl\/en\/#\/schema\/logo\/image\/","url":"https:\/\/aerovision.com.pl\/wp-content\/uploads\/2025\/03\/cropped-Logo-Aerovision.png","contentUrl":"https:\/\/aerovision.com.pl\/wp-content\/uploads\/2025\/03\/cropped-Logo-Aerovision.png","width":298,"height":242,"caption":"aerovision"},"image":{"@id":"https:\/\/aerovision.com.pl\/en\/#\/schema\/logo\/image\/"}}]}},"_links":{"self":[{"href":"https:\/\/aerovision.com.pl\/en\/wp-json\/wp\/v2\/product\/9276","targetHints":{"allow":["GET"]}}],"collection":[{"href":"https:\/\/aerovision.com.pl\/en\/wp-json\/wp\/v2\/product"}],"about":[{"href":"https:\/\/aerovision.com.pl\/en\/wp-json\/wp\/v2\/types\/product"}],"wp:featuredmedia":[{"embeddable":true,"href":"https:\/\/aerovision.com.pl\/en\/wp-json\/wp\/v2\/media\/10847"}],"wp:attachment":[{"href":"https:\/\/aerovision.com.pl\/en\/wp-json\/wp\/v2\/media?parent=9276"}],"wp:term":[{"taxonomy":"product_brand","embeddable":true,"href":"https:\/\/aerovision.com.pl\/en\/wp-json\/wp\/v2\/product_brand?post=9276"},{"taxonomy":"product_cat","embeddable":true,"href":"https:\/\/aerovision.com.pl\/en\/wp-json\/wp\/v2\/product_cat?post=9276"},{"taxonomy":"product_tag","embeddable":true,"href":"https:\/\/aerovision.com.pl\/en\/wp-json\/wp\/v2\/product_tag?post=9276"}],"curies":[{"name":"wp","href":"https:\/\/api.w.org\/{rel}","templated":true}]}}