{"id":9285,"date":"2021-03-10T23:05:51","date_gmt":"2021-03-10T22:05:51","guid":{"rendered":"https:\/\/aerovision.com.pl\/produkt\/dji-matrice-300-rtk-enterprise-shield\/"},"modified":"2025-03-07T13:31:57","modified_gmt":"2025-03-07T12:31:57","slug":"dji-matrice-300-rtk-enterprise-shield","status":"publish","type":"product","link":"https:\/\/aerovision.com.pl\/en\/produkt\/dji-matrice-300-rtk-enterprise-shield\/","title":{"rendered":"DJI Matrice 300 RTK + Enterprise Shield"},"content":{"rendered":"<h1 style=\"text-align:center;\">Nowy standard dla dron\u00f3w do u\u017cytku przemys\u0142owego.<\/h1>\n<\/p>\n<p style=\"text-align:center;\">Martice 300 RTK jest dronem do zastosowa\u0144 przemys\u0142owych, kt\u00f3ry czerpie inspiracj\u0119 z nowoczesnych system\u00f3w lotniczych. Oferuje on do 55 minut lotu, maksymalny zasi\u0119g transmisji do 8 km, zaawansowane funkcje AI, 6 czujnik\u00f3w kierunkowych i pozycjonuj\u0105cych oraz wiele innych. Matrice 300 RTK wyznacza nowe standardy, \u0142\u0105cz\u0105c w sobie inteligencj\u0119 z niezr\u00f3wnan\u0105 wydajno\u015bci\u0105 i niezawodno\u015bci\u0105.<\/p>\n<p><img decoding=\"async\" src=\"\/sklep\/img\/cms\/DJI\/DJI%20matrice%20300\/pol-pl-DJI-Matrice-300-walizka-Aerovision.jpg\" alt=\"\" width=\"99%\" \/><\/p>\n<\/p>\n<h2 style=\"text-align:center;\">Ulepszony system transmisji.<\/h2>\n<\/p>\n<p>Nowy system OcuSync Enterprise umo\u017cliwia transmisj\u0119 obrazu do 8 km oraz wspiera trzykana\u0142owy podgl\u0105d wideo w rozdzielczo\u015bci 1080p. Automatyczne prze\u0142\u0105czanie pasma w czasie rzeczywistym, pomi\u0119dzy 2.4 GHz a 5.8 GHz, wp\u0142ywa na wi\u0119ksze bezpiecze\u0144stwo lot\u00f3w w miejscach wyst\u0119powania du\u017cych zak\u0142\u00f3ce\u0144, zapewniaj\u0105c jednocze\u015bnie szyfrowanie AES-256, kt\u00f3re oferuje bezpieczn\u0105 transmisj\u0119 danych.<\/p>\n<p><img decoding=\"async\" src=\"\/sklep\/img\/cms\/DJI\/DJI%20matrice%20300\/pol-pl-DJI-Matrice-300-inspekcja-Aerovision.jpg\" alt=\"\" width=\"99%\" \/><\/p>\n<\/p>\n<h2 style=\"text-align:center;\">Mocowanie wielu akcesori\u00f3w<\/h2>\n<\/p>\n<p>Udoskonalona konstrukcja ramy i uk\u0142adu nap\u0119dowego zapewnia bardziej wydajny i stabilny lot, nawet w trudnych warunkach. Skonfiguruj swojego M300 RTK dostosowuj\u0105c go do swoich potrzeb. Zamontuj do trzech akcesori\u00f3w jednocze\u015bnie, z maksymalnym obci\u0105\u017ceniem do 2.7 kg.<\/p>\n<p><img decoding=\"async\" src=\"\/sklep\/img\/cms\/DJI\/DJI%20matrice%20300\/pol-pl-DJI-Matrice-300-kamera-Aerovision.jpg\" alt=\"\" width=\"99%\" \/><\/p>\n<\/p>\n<h2 style=\"text-align:center;\">Inteligentne inspekcje<\/h2>\n<\/p>\n<p style=\"text-align:justify;\">Matrice 300 RTK posiada wiele funkcji, kt\u00f3re pozwol\u0105 Ci przeprowadzi\u0107 inteligentne inspekcje. W celu zautomatyzowania misji, mo\u017cesz stworzy\u0107 szablon lotu, w kt\u00f3rym mo\u017cna zapisa\u0107 parametry takie jak orientacja gimbala, wyzwalanie migawki czy korzystanie z funkcji Zoom. Inteligentny system przeliczeniowy AI Spot-Check rozpozna obiekt zainteresowania i identyfikuje go w kolejnych misjach zapewniaj\u0105c sp\u00f3jne dane. Z kolei funkcja Waypoints 2.0 umo\u017cliwia stworzenie a\u017c do 65 tysi\u0119cy<\/p>\n<p><img decoding=\"async\" src=\"\/sklep\/img\/cms\/DJI\/DJI%20matrice%20300\/pol-pl-DJI-Matrice-300-sluzby-Aerovision.jpg\" alt=\"\" width=\"99%\" \/><\/p>\n<\/p>\n<h2 style=\"text-align:center;\">Inteligentne \u015bledzenie<\/h2>\n<\/p>\n<p>Identyfikuj i obserwuj poruszaj\u0105ce si\u0119 obiekty takie jak: ludzie, pojazdy czy \u0142odzie, korzystaj\u0105c z funkcji automatycznego powi\u0119kszania, rejestruj\u0105c jednocze\u015bnie dynamicznie zmieniaj\u0105c\u0105 si\u0119 lokalizacj\u0119 obiektu. Dzi\u0119ki funkcji PinPoint mo\u017cesz dotkn\u0105\u0107 obiektu na ekranie, a zaawansowane algorytmy umo\u017cliwi\u0105 Ci sprawdzenie jego wsp\u00f3\u0142rz\u0119dnych geograficznych. Podczas gdy funkcja PinPoint lub Smart Track jest w\u0142\u0105czona, lokalizacja obiektu mo\u017ce zosta\u0107 odtworzona na wielu kamerach &#8211; na innej aparaturze steruj\u0105cej lub za po\u015brednictwem platform internetowych, takich jak DJI FlightHub<\/p>\n<p><img decoding=\"async\" src=\"\/sklep\/img\/cms\/DJI\/DJI%20matrice%20300\/pol-pl-DJI-Matrice-300-policja-Aerovision.jpg\" alt=\"\" width=\"99%\" \/><\/p>\n<\/p>\n<h2 style=\"text-align:center;\"> Najwa\u017cniejsze informacje w jednym miejscu<\/h2>\n<\/p>\n<p>Po\u0142o\u017cenie drona, jego wysoko\u015b\u0107, pr\u0119dko\u015b\u0107 a tak\u017ce kierunek i pr\u0119dko\u015b\u0107 wiatru s\u0105 przedstawione w intuicyjny spos\u00f3b na ekranie monitora. Operatorzy mog\u0105 te\u017c wy\u015bwietla\u0107 informacje na temat bie\u017c\u0105cego kursu, trajektorii, obiekt\u00f3w wyznaczonych funkcj\u0105 PinPoint oraz projekcj\u0105 punktu HomePoint. Matrice 300 RTK wyposa\u017cony jest w panel wy\u015bwietlaj\u0105cy podstawowe parametry pok\u0142adowe (PFD), kt\u00f3ry integruje informacje o locie, nawigacji i przeszkodach, zwi\u0119kszaj\u0105c \u015bwiadomo\u015b\u0107 otoczenia operatora. Dodatkowo operator mo\u017ce sterowa\u0107 \u0142adunkiem drona za pomoc\u0105 jednego dotkni\u0119cia. Stwarza to nowe mo\u017cliwo\u015bci strategii misji, a tak\u017ce wi\u0119ksz\u0105 elastyczno\u015b\u0107 podczas operacji.<\/p>\n<\/p>\n<p><img decoding=\"async\" src=\"\/sklep\/img\/cms\/DJI\/DJI%20matrice%20300\/pol-pl-DJI-Matrice-300-inspekcje-Aerovision.jpg\" alt=\"\" width=\"99%\" \/><\/p>\n<\/p>\n<h2 style=\"text-align:center;\">Pot\u0119\u017cny system wizyjny, na kt\u00f3rym mo\u017cna polega\u0107<\/h2>\n<\/p>\n<p>Aby zwi\u0119kszy\u0107 bezpiecze\u0144stwo i stabilno\u015b\u0107 lotu, czujniki dual-vision i TOF znajduj\u0105 si\u0119 po wszystkich sze\u015bciu stronach drona, oferuj\u0105c maksymalny zasi\u0119g wykrywania do 40 m, z mo\u017cliwo\u015bci\u0105 dostosowywania sposobu wykrywania przeszk\u00f3d za pomoc\u0105 aplikacji DJI Pilot. Nawet w trudnych \u015brodowiskach operacyjnych, 6-kierunkowy system wykrywania i pozycjonowania pomaga zachowa\u0107 bezpiecze\u0144stwo lotu i misji.<\/p>\n<\/p>\n<p><img decoding=\"async\" src=\"\/sklep\/img\/cms\/DJI\/DJI%20matrice%20300\/pol-pl-DJI-Matrice-300-most-Aerovision.jpg\" alt=\"\" width=\"99%\" \/><\/p>\n<\/p>\n<h2 style=\"text-align:center;\">Profesjonalna konserwacja floty dron\u00f3w<\/h2>\n<\/p>\n<p>Nowy zintegrowany System Zarz\u0105dzania Bezpiecze\u0144stwem wy\u015bwietla bie\u017c\u0105cy stan wszystkich urz\u0105dze\u0144 systemowych i umo\u017cliwia korzystanie z poradnika rozwi\u0105zywania problem\u00f3w. W systemie znajduj\u0105 si\u0119 r\u00f3wnie\u017c dzienniki lot\u00f3w drona, czas lotu i przebieg przez ca\u0142y cykl \u017cycia, a tak\u017ce wskaz\u00f3wki dotycz\u0105ce obs\u0142ugi i konserwacji. Natomiast wbudowane systemy redundancji pomagaj\u0105 utrzyma\u0107 sprawno\u015b\u0107 wszystkich system\u00f3w podczas wykonywania trudnych misji.<\/p>\n<p><img decoding=\"async\" src=\"\/sklep\/img\/cms\/DJI\/DJI%20matrice%20300\/pol-pl-DJI-Matrice-300-aparatura-Aerovision.jpg\" alt=\"\" width=\"99%\" \/><\/p>\n<\/p>\n<h2 style=\"text-align:center;\">Akcesoria<\/h2>\n<\/p>\n<p>Nowe akumulatory TB60 posiadaj\u0105 du\u017c\u0105 pojemno\u015b\u0107 i mo\u017cna je wymienia\u0107 podczas pracy, bez konieczno\u015bci wy\u0142\u0105czania zasilania, natomiast stacja \u0142aduj\u0105ca pozwala na szybkie \u0142adowanie maksymalnie 8 akumulator\u00f3w drona i 4 akumulator\u00f3w aparatury steruj\u0105cej. Stacja D-RTK 2 High Precision GNSS umo\u017cliwi dok\u0142adno\u015b\u0107 pomiaru i pozycjonowanie z dok\u0142adno\u015bci\u0105 do centymetra, a CSM Radar, zapewni dodatkow\u0105 skuteczno\u015b\u0107 detekcji w zakresie od 1 do 30 metr\u00f3w.<\/p>\n<p><img decoding=\"async\" src=\"\/sklep\/img\/cms\/DJI\/DJI%20matrice%20300\/pol-pl-DJI-Matrice-300-policja-2-Aerovision.jpg\" alt=\"\" width=\"99%\" \/><\/p>\n<\/p>\n<h2 style=\"text-align:center;\">Inteligentne aplikacje<\/h2>\n<\/p>\n<p>Specjalnie dla u\u017cytkownik\u00f3w komercyjnych opracowano aplikacj\u0119 DJI Pilot, kt\u00f3ra umo\u017cliwia w pe\u0142ni wykorzystywa\u0107 mo\u017cliwo\u015bci drona. Optymalizuje warunki lotu, aby uzyska\u0107 najwy\u017csz\u0105 wydajno\u015b\u0107. Drug\u0105 aplikacj\u0105 wart\u0105 uwagi jest DJI Flighthub, kt\u00f3ra umo\u017cliwia zarz\u0105dzanie operacjami dron\u00f3w i wspiera du\u017ce organizacje w efektywnym planowaniu operacji lotniczych.<\/p>\n<p><img decoding=\"async\" src=\"\/sklep\/img\/cms\/DJI\/DJI%20matrice%20300\/pol-pl-DJI-Matrice-300-krajobraz-Aerovision.jpg\" alt=\"\" width=\"99%\" \/><\/p>\n<\/p>\n<h2 style=\"text-align:center;\">Payload SDK<\/h2>\n<\/p>\n<p>Zintegruj r\u00f3\u017cnorodne modu\u0142y innych firm, takie jak: detektory gazu, g\u0142o\u015bniki, czujniki wielospektralne i inne urz\u0105dzenia. Payload SDK wspiera DJI SkyPort, DJI SkyPort V2 oraz DJI X-Port. Poprzez wsparcie tych program\u00f3w znacznie redukuje zu\u017cycie modu\u0142\u00f3w maksymalizuj\u0105c potencja\u0142 Twoich podzespo\u0142\u00f3w w bardziej zr\u00f3\u017cnicowanych scenariuszach.<\/p>\n<p><img decoding=\"async\" src=\"\/sklep\/img\/cms\/DJI\/DJI%20matrice%20300\/pol-pl-DJI-Matrice-300-inspekcje-Aerovision%20(2).jpg\" alt=\"\" width=\"99%\" \/><\/p>\n<\/p>\n<h2 style=\"text-align:center;\">Onboard i Mobile SDK<\/h2>\n<\/p>\n<p>Wbudowany zestaw SDK obs\u0142uguje niestandardowe opracowywanie szerokiej gamy funkcji, takich jak 6 kierunkowe wykrywanie przeszk\u00f3d i pozycjonowanie, system zarz\u0105dzania UAV Health, Waypoints 2.0 i inne. Dzi\u0119ki szerokiej gamie aplikacji mobilnych innych firm mo\u017cesz odblokowa\u0107 mo\u017cliwo\u015bci swojej platformy lataj\u0105cej, aby spe\u0142ni\u0107 specjalne potrzeby misji. Korzystaj\u0105c z Mobile SDK, M300 RTK obs\u0142uguje tworzenie aplikacji mobilnych o wysokim stopniu dostosowania.<\/p>\n<p><img decoding=\"async\" src=\"\/sklep\/img\/cms\/DJI\/DJI%20matrice%20300\/pol-pl-DJI-Matrice-300-loty-Aerovision.jpg\" alt=\"\" width=\"99%\" \/><\/p>\n<\/p>\n<p>Specyfikacja techniczna (Dron):<\/p>\n<p>Wymiary             Roz\u0142o\u017cony, bez \u015bmigie\u0142, 810x670x430 mm (DxSzxW), Z\u0142o\u017cony, ze \u015bmig\u0142ami, 430x420x430 mm (DxSzxW)<\/p>\n<p>Przek\u0105tna            895 mm<\/p>\n<p>Waga (z jednym gimbalem na dole)          Oko\u0142o 3.6 kg (bez akumulator\u00f3w) Oko\u0142o 6.3 kg (z dwoma akumulatorami TB60)<\/p>\n<p>Maksymalny ud\u017awig        2.7 kg<\/p>\n<p>Maksymalna masa startowa        9 kg<\/p>\n<p>Cz\u0119stotliwo\u015bci pracy       2.4000-2.4835 GHz<\/p>\n<p>5.725-5.850 GHz<\/p>\n<p>Moc sygna\u0142u       2.4000-2.4835 GHz:<\/p>\n<p>29.5 dBm (FCC); 18.5dBm (CE)<\/p>\n<p>18.5 dBm (SRRC); 18.5dBm (MIC)<\/p>\n<p>5.725-5.850 GHz:<\/p>\n<p>28.5 dBm (FCC); 12.5dBm (CE)<\/p>\n<p>28.5 dBm (SRRC)<\/p>\n<p>Dok\u0142adno\u015b\u0107 zawisu (Tryb P- z GPS)            Pionowo:<\/p>\n<p>\u00b10.1 m\uff08Z systemem wizyjnym\uff09<\/p>\n<p>\u00b10.5 m\uff08GPS w\u0142\u0105czony\uff09<\/p>\n<p>\u00b10.1 m\uff08RTK w\u0142\u0105czony\uff09<\/p>\n<p>Poziomo:<\/p>\n<p>\u00b10.3 m\uff08Z systemem wizyjnym\uff09<\/p>\n<p>\u00b11.5 m\uff08GPS w\u0142\u0105czony\uff09<\/p>\n<p>\u00b10.1 m\uff08RTK w\u0142\u0105czony\uff09<\/p>\n<p>Dok\u0142adno\u015b\u0107 pozycjonowania RTK              Z w\u0142\u0105czonym i ustanowionym sygna\u0142em RTK<\/p>\n<p>1 cm+1 ppm (poziomo)<\/p>\n<p>1.5 cm + 1 ppm (pionowo)<\/p>\n<p>Maksymalna pr\u0119dko\u015bc k\u0105towa    Prz\u00f3d\/ty\u0142: 300\u00b0\/s, Obr\u00f3t: 100\u00b0\/s<\/p>\n<p>Maksymalny k\u0105t nachylenia         30\u00b0 (Tryb- P, Przedni system wizyjny w\u0142\u0105czony: 25\u00b0)<\/p>\n<p>Maksymalna pr\u0119dko\u015b\u0107 wznoszenia           Tryb S\uff1a6 m\/s<\/p>\n<p>Tryb P\uff1a5 m\/s<\/p>\n<p>Maksymalna pr\u0119dko\u015b\u0107 opadania (pionowa)           Tryb S\uff1a5 m\/s<\/p>\n<p>Tryb P\uff1a3 m\/s<\/p>\n<p>Maksymalna pr\u0119dko\u015b\u0107 opadania (w przechyle)     Tryb S\uff1a7 m\/s<\/p>\n<p>Maksymalna pr\u0119dko\u015b\u0107    Tryb S\uff1a23 m\/s<\/p>\n<p>Tryb P\uff1a17 m\/s<\/p>\n<p>Maksymalny pu\u0142ap (m n.p.m.)      5000 m (ze \u015bmig\u0142ami 2110, przy masie startowej \u2264 7 kg) \/ 7000 m (ze \u015bmig\u0142ami 2195, przy masie startowej \u2264 7 kg)<\/p>\n<p>Odporno\u015b\u0107 na wiatr        15 m\/s<\/p>\n<p>Maksymalny czas lotu     55 minut<\/p>\n<p>Wspierane kamery DJI    Zenmuse XT2 \/Z30 \/H20 \/H20T<\/p>\n<p>Wspierane kombinacje gimbali   Pojedynczy gimbal na dole, Podw\u00f3jny gimbal na dole, Pojedynczy gimbal na g\u00f3rze, Gimbal na g\u00f3rze i na dole, Potr\u00f3jny gimbal)<\/p>\n<p>Stopie\u0144 ochrony               IP45<\/p>\n<p>GNSS     GPS+GLONASS+BeiDou+Galileo<\/p>\n<p>Temperatura robocza     -20\u00b0C do 50\u00b0C (-4\u00b0F do 122\u00b0 F)<\/p>\n<\/p>\n<p>Zakres wykrywania przeszk\u00f3d      Prz\u00f3d\/ty\u0142\/lewo\/prawo: 0.7-40m G\u00f3ra\/ d\u00f3\u0142: 0.6-30m<\/p>\n<p>Pole widzenia     Prz\u00f3d\/ ty\u0142\/ d\u00f3\u0142\uff1a65\u00b0\uff08poziomo\uff09\uff0c50\u00b0\uff08pionowo\uff09<\/p>\n<p>Lewo\/ prawo\/ g\u00f3ra\uff1a75\u00b0\uff08pionowo\uff09\uff0c60\u00b0\uff08poziomo\uff09<\/p>\n<p>Warunki pracy   Powierzchnie z widoczn\u0105 tesktur\u0105 i odpowiednim o\u015bwietleniem (&gt; 15 lux)<\/p>\n<p>Zasi\u0119g wykrywania przeszk\u00f3d      0.1-8m<\/p>\n<p>Pole widzenia     30\u00b0 (\u00b115\u00b0)<\/p>\n<p>Warunki pracy   du\u017ce, rozpraszaj\u0105ce, odbijaj\u0105ce powierzchnie (odbijalno\u015b\u0107 &gt;10%)<\/p>\n<p>Skuteczny zasi\u0119g              5m<\/p>\n<p>Rozdzielczo\u015b\u0107 kamery FPV            960p<\/p>\n<p>Pole widzenia kamery FPV            145\u00b0<\/p>\n<p>Klatkarz kamery FPV        30fps<\/p>\n<\/p>\n<p>Specyfikacja techniczna (aparatura steruj\u0105ca DJI Enterprise Smart Controller):<\/p>\n<\/p>\n<p>Cz\u0119stotliwo\u015bci pracy       2.4000-2.4835 GHz<\/p>\n<p>5.725-5.850 GHz<\/p>\n<p>Maksymalny zasi\u0119g transmisji (bez przeszk\u00f3d i zak\u0142\u00f3ce\u0144)  8 km<\/p>\n<p>Moc sygna\u0142u       2.4000-2.4835 GHz:18.5dBm<\/p>\n<p>5.725-5.850 GHz\uff1a12.5dBm<\/p>\n<p>Akumulator wymienny    Nazwa: WB 37<\/p>\n<p>Pojemno\u015b\u0107\uff1a4920 mAh<\/p>\n<p>Napi\u0119cie\uff1a7.6V<\/p>\n<p>Ogniwo\uff1aLiPo<\/p>\n<p>Moc\uff1a37.39Wh<\/p>\n<p>Czas \u0142adowania (u\u017cywaj\u0105c stacji \u0142auj\u0105cej BS60\uff1a70 minut (15\u00b0C do 45\u00b0C\uff09\uff1b130 minut (0\u00b0C do 15\u00b0C\uff09<\/p>\n<p>Wbudowany akumulator              Pojemno\u015b\u0107\uff1a5000 mAh<\/p>\n<p>Napi\u0119cie\uff1a7.2V<\/p>\n<p>Ogniwo\uff1aLiIon<\/p>\n<p>Czas \u0142adowania: 2 godziny 50 minut (U\u017cywaj\u0105c \u0142adowarki ze z\u0142\u0105czem USB spe\u0142niaj\u0105cej parametry 12V\/2A)<\/p>\n<p>Zywotno\u015b\u0107 baterii            Wbudowana\uff1aoko\u0142o 2.5h<\/p>\n<p>Wbudowana + WB37\uff1aoko\u0142o. 4.5h<\/p>\n<p>Z\u0142\u0105cze USB          5 V \/ 1.5 A<\/p>\n<p>Temperatura robocza     -20\u00b0C do 40\u00b0C (-4 \u00b0F do 104 \u00b0F)<\/p>\n<\/p>\n<p>Zawarto\u015b\u0107 zestawu:<\/p>\n<\/p>\n<p>dron Matrice 300 RTK<\/p>\n<p>kod aktywuj\u0105cy ochron\u0119 Enterprise Shield na rok<\/p>\n<p>aparatura steruj\u0105ca DJI Smart Controller<\/p>\n<p>\u0142adowarka usb<\/p>\n<p>kabel USB-C<\/p>\n<p>akumulator WB37<\/p>\n<p>2x \u015bmig\u0142a CW (zapasowe)<\/p>\n<p>2x \u015bmig\u0142a CCW (zapasowe)<\/p>\n<p>2x noga podwozia<\/p>\n<p>2x os\u0142ona gimbali aparatury<\/p>\n<p>2x zapasowe uchwyty \u015bmigie\u0142<\/p>\n<p>4x zapasowe wibroizolatory gimbala<\/p>\n<p>kabel USB-USB<\/p>\n<p>mata kalibracyjna czujnik\u00f3w wizyjnych<\/p>\n<p>walizka transportowa na k\u00f3\u0142kach<\/p>\n<p>smycz do aparatury steruj\u0105cej<\/p>\n<p>zestaw za\u015blepek port\u00f3w<\/p>\n<p>zestaw \u015brub i kluczy<\/p>\n","protected":false},"excerpt":{"rendered":"<p>Nowy standard dla dron\u00f3w do u\u017cytku przemys\u0142owego. Martice 300 RTK jest dronem do zastosowa\u0144 przemys\u0142owych, kt\u00f3ry czerpie inspiracj\u0119 z nowoczesnych system\u00f3w lotniczych. Oferuje on do 55 minut lotu, maksymalny zasi\u0119g transmisji do 8 km, zaawansowane funkcje AI, 6 czujnik\u00f3w kierunkowych i pozycjonuj\u0105cych oraz wiele innych. Matrice 300 RTK wyznacza nowe standardy, \u0142\u0105cz\u0105c w sobie inteligencj\u0119 [&hellip;]<\/p>\n","protected":false},"featured_media":10820,"template":"","meta":{"_acf_changed":false,"inline_featured_image":false},"product_brand":[],"product_cat":[309,333],"product_tag":[418,373,417,416,365],"class_list":{"0":"post-9285","1":"product","2":"type-product","3":"status-publish","4":"has-post-thumbnail","6":"product_cat-drony","7":"product_cat-drony-specjalistyczne","8":"product_tag-418","9":"product_tag-dji","10":"product_tag-matric","11":"product_tag-matrice","12":"product_tag-rtk","14":"first","15":"outofstock","16":"taxable","17":"shipping-taxable","18":"purchasable","19":"product-type-simple"},"acf":[],"yoast_head":"<!-- This site is optimized with the Yoast SEO plugin v27.4 - https:\/\/yoast.com\/product\/yoast-seo-wordpress\/ -->\n<title>DJI Matrice 300 RTK + Enterprise Shield - aerovision<\/title>\n<meta name=\"robots\" content=\"noindex, follow, max-snippet:-1, max-image-preview:large, max-video-preview:-1\" \/>\n<meta property=\"og:locale\" content=\"en_US\" \/>\n<meta property=\"og:type\" content=\"article\" \/>\n<meta property=\"og:title\" content=\"DJI Matrice 300 RTK + Enterprise Shield - aerovision\" \/>\n<meta property=\"og:description\" content=\"Nowy standard dla dron\u00f3w do u\u017cytku przemys\u0142owego. Martice 300 RTK jest dronem do zastosowa\u0144 przemys\u0142owych, kt\u00f3ry czerpie inspiracj\u0119 z nowoczesnych system\u00f3w lotniczych. Oferuje on do 55 minut lotu, maksymalny zasi\u0119g transmisji do 8 km, zaawansowane funkcje AI, 6 czujnik\u00f3w kierunkowych i pozycjonuj\u0105cych oraz wiele innych. Matrice 300 RTK wyznacza nowe standardy, \u0142\u0105cz\u0105c w sobie inteligencj\u0119 [&hellip;]\" \/>\n<meta property=\"og:url\" content=\"https:\/\/aerovision.com.pl\/en\/produkt\/dji-matrice-300-rtk-enterprise-shield\/\" \/>\n<meta property=\"og:site_name\" content=\"aerovision\" \/>\n<meta property=\"article:modified_time\" content=\"2025-03-07T12:31:57+00:00\" \/>\n<meta property=\"og:image\" content=\"https:\/\/aerovision.com.pl\/wp-content\/uploads\/2021\/03\/image-11.png\" \/>\n\t<meta property=\"og:image:width\" content=\"1500\" \/>\n\t<meta property=\"og:image:height\" content=\"844\" \/>\n\t<meta property=\"og:image:type\" content=\"image\/png\" \/>\n<meta name=\"twitter:card\" content=\"summary_large_image\" \/>\n<meta name=\"twitter:label1\" content=\"Est. reading time\" \/>\n\t<meta name=\"twitter:data1\" content=\"10 minutes\" \/>\n<script type=\"application\/ld+json\" class=\"yoast-schema-graph\">{\"@context\":\"https:\\\/\\\/schema.org\",\"@graph\":[{\"@type\":\"WebPage\",\"@id\":\"https:\\\/\\\/aerovision.com.pl\\\/en\\\/produkt\\\/dji-matrice-300-rtk-enterprise-shield\\\/\",\"url\":\"https:\\\/\\\/aerovision.com.pl\\\/en\\\/produkt\\\/dji-matrice-300-rtk-enterprise-shield\\\/\",\"name\":\"DJI Matrice 300 RTK + Enterprise Shield - aerovision\",\"isPartOf\":{\"@id\":\"https:\\\/\\\/aerovision.com.pl\\\/en\\\/#website\"},\"primaryImageOfPage\":{\"@id\":\"https:\\\/\\\/aerovision.com.pl\\\/en\\\/produkt\\\/dji-matrice-300-rtk-enterprise-shield\\\/#primaryimage\"},\"image\":{\"@id\":\"https:\\\/\\\/aerovision.com.pl\\\/en\\\/produkt\\\/dji-matrice-300-rtk-enterprise-shield\\\/#primaryimage\"},\"thumbnailUrl\":\"https:\\\/\\\/aerovision.com.pl\\\/wp-content\\\/uploads\\\/2021\\\/03\\\/image-11.png\",\"datePublished\":\"2021-03-10T22:05:51+00:00\",\"dateModified\":\"2025-03-07T12:31:57+00:00\",\"breadcrumb\":{\"@id\":\"https:\\\/\\\/aerovision.com.pl\\\/en\\\/produkt\\\/dji-matrice-300-rtk-enterprise-shield\\\/#breadcrumb\"},\"inLanguage\":\"en-US\",\"potentialAction\":[{\"@type\":\"ReadAction\",\"target\":[\"https:\\\/\\\/aerovision.com.pl\\\/en\\\/produkt\\\/dji-matrice-300-rtk-enterprise-shield\\\/\"]}]},{\"@type\":\"ImageObject\",\"inLanguage\":\"en-US\",\"@id\":\"https:\\\/\\\/aerovision.com.pl\\\/en\\\/produkt\\\/dji-matrice-300-rtk-enterprise-shield\\\/#primaryimage\",\"url\":\"https:\\\/\\\/aerovision.com.pl\\\/wp-content\\\/uploads\\\/2021\\\/03\\\/image-11.png\",\"contentUrl\":\"https:\\\/\\\/aerovision.com.pl\\\/wp-content\\\/uploads\\\/2021\\\/03\\\/image-11.png\",\"width\":1500,\"height\":844},{\"@type\":\"BreadcrumbList\",\"@id\":\"https:\\\/\\\/aerovision.com.pl\\\/en\\\/produkt\\\/dji-matrice-300-rtk-enterprise-shield\\\/#breadcrumb\",\"itemListElement\":[{\"@type\":\"ListItem\",\"position\":1,\"name\":\"Strona g\u0142\u00f3wna\",\"item\":\"https:\\\/\\\/aerovision.com.pl\\\/en\\\/home\\\/\"},{\"@type\":\"ListItem\",\"position\":2,\"name\":\"Sklep\",\"item\":\"https:\\\/\\\/aerovision.com.pl\\\/sklep\\\/\"},{\"@type\":\"ListItem\",\"position\":3,\"name\":\"DJI Matrice 300 RTK + Enterprise Shield\"}]},{\"@type\":\"WebSite\",\"@id\":\"https:\\\/\\\/aerovision.com.pl\\\/en\\\/#website\",\"url\":\"https:\\\/\\\/aerovision.com.pl\\\/en\\\/\",\"name\":\"aerovision\",\"description\":\"\",\"publisher\":{\"@id\":\"https:\\\/\\\/aerovision.com.pl\\\/en\\\/#organization\"},\"potentialAction\":[{\"@type\":\"SearchAction\",\"target\":{\"@type\":\"EntryPoint\",\"urlTemplate\":\"https:\\\/\\\/aerovision.com.pl\\\/en\\\/?s={search_term_string}\"},\"query-input\":{\"@type\":\"PropertyValueSpecification\",\"valueRequired\":true,\"valueName\":\"search_term_string\"}}],\"inLanguage\":\"en-US\"},{\"@type\":\"Organization\",\"@id\":\"https:\\\/\\\/aerovision.com.pl\\\/en\\\/#organization\",\"name\":\"aerovision\",\"url\":\"https:\\\/\\\/aerovision.com.pl\\\/en\\\/\",\"logo\":{\"@type\":\"ImageObject\",\"inLanguage\":\"en-US\",\"@id\":\"https:\\\/\\\/aerovision.com.pl\\\/en\\\/#\\\/schema\\\/logo\\\/image\\\/\",\"url\":\"https:\\\/\\\/aerovision.com.pl\\\/wp-content\\\/uploads\\\/2025\\\/03\\\/cropped-Logo-Aerovision.png\",\"contentUrl\":\"https:\\\/\\\/aerovision.com.pl\\\/wp-content\\\/uploads\\\/2025\\\/03\\\/cropped-Logo-Aerovision.png\",\"width\":298,\"height\":242,\"caption\":\"aerovision\"},\"image\":{\"@id\":\"https:\\\/\\\/aerovision.com.pl\\\/en\\\/#\\\/schema\\\/logo\\\/image\\\/\"}}]}<\/script>\n<!-- \/ Yoast SEO plugin. -->","yoast_head_json":{"title":"DJI Matrice 300 RTK + Enterprise Shield - aerovision","robots":{"index":"noindex","follow":"follow","max-snippet":"max-snippet:-1","max-image-preview":"max-image-preview:large","max-video-preview":"max-video-preview:-1"},"og_locale":"en_US","og_type":"article","og_title":"DJI Matrice 300 RTK + Enterprise Shield - aerovision","og_description":"Nowy standard dla dron\u00f3w do u\u017cytku przemys\u0142owego. Martice 300 RTK jest dronem do zastosowa\u0144 przemys\u0142owych, kt\u00f3ry czerpie inspiracj\u0119 z nowoczesnych system\u00f3w lotniczych. Oferuje on do 55 minut lotu, maksymalny zasi\u0119g transmisji do 8 km, zaawansowane funkcje AI, 6 czujnik\u00f3w kierunkowych i pozycjonuj\u0105cych oraz wiele innych. Matrice 300 RTK wyznacza nowe standardy, \u0142\u0105cz\u0105c w sobie inteligencj\u0119 [&hellip;]","og_url":"https:\/\/aerovision.com.pl\/en\/produkt\/dji-matrice-300-rtk-enterprise-shield\/","og_site_name":"aerovision","article_modified_time":"2025-03-07T12:31:57+00:00","og_image":[{"width":1500,"height":844,"url":"https:\/\/aerovision.com.pl\/wp-content\/uploads\/2021\/03\/image-11.png","type":"image\/png"}],"twitter_card":"summary_large_image","twitter_misc":{"Est. reading time":"10 minutes"},"schema":{"@context":"https:\/\/schema.org","@graph":[{"@type":"WebPage","@id":"https:\/\/aerovision.com.pl\/en\/produkt\/dji-matrice-300-rtk-enterprise-shield\/","url":"https:\/\/aerovision.com.pl\/en\/produkt\/dji-matrice-300-rtk-enterprise-shield\/","name":"DJI Matrice 300 RTK + Enterprise Shield - aerovision","isPartOf":{"@id":"https:\/\/aerovision.com.pl\/en\/#website"},"primaryImageOfPage":{"@id":"https:\/\/aerovision.com.pl\/en\/produkt\/dji-matrice-300-rtk-enterprise-shield\/#primaryimage"},"image":{"@id":"https:\/\/aerovision.com.pl\/en\/produkt\/dji-matrice-300-rtk-enterprise-shield\/#primaryimage"},"thumbnailUrl":"https:\/\/aerovision.com.pl\/wp-content\/uploads\/2021\/03\/image-11.png","datePublished":"2021-03-10T22:05:51+00:00","dateModified":"2025-03-07T12:31:57+00:00","breadcrumb":{"@id":"https:\/\/aerovision.com.pl\/en\/produkt\/dji-matrice-300-rtk-enterprise-shield\/#breadcrumb"},"inLanguage":"en-US","potentialAction":[{"@type":"ReadAction","target":["https:\/\/aerovision.com.pl\/en\/produkt\/dji-matrice-300-rtk-enterprise-shield\/"]}]},{"@type":"ImageObject","inLanguage":"en-US","@id":"https:\/\/aerovision.com.pl\/en\/produkt\/dji-matrice-300-rtk-enterprise-shield\/#primaryimage","url":"https:\/\/aerovision.com.pl\/wp-content\/uploads\/2021\/03\/image-11.png","contentUrl":"https:\/\/aerovision.com.pl\/wp-content\/uploads\/2021\/03\/image-11.png","width":1500,"height":844},{"@type":"BreadcrumbList","@id":"https:\/\/aerovision.com.pl\/en\/produkt\/dji-matrice-300-rtk-enterprise-shield\/#breadcrumb","itemListElement":[{"@type":"ListItem","position":1,"name":"Strona g\u0142\u00f3wna","item":"https:\/\/aerovision.com.pl\/en\/home\/"},{"@type":"ListItem","position":2,"name":"Sklep","item":"https:\/\/aerovision.com.pl\/sklep\/"},{"@type":"ListItem","position":3,"name":"DJI Matrice 300 RTK + Enterprise Shield"}]},{"@type":"WebSite","@id":"https:\/\/aerovision.com.pl\/en\/#website","url":"https:\/\/aerovision.com.pl\/en\/","name":"aerovision","description":"","publisher":{"@id":"https:\/\/aerovision.com.pl\/en\/#organization"},"potentialAction":[{"@type":"SearchAction","target":{"@type":"EntryPoint","urlTemplate":"https:\/\/aerovision.com.pl\/en\/?s={search_term_string}"},"query-input":{"@type":"PropertyValueSpecification","valueRequired":true,"valueName":"search_term_string"}}],"inLanguage":"en-US"},{"@type":"Organization","@id":"https:\/\/aerovision.com.pl\/en\/#organization","name":"aerovision","url":"https:\/\/aerovision.com.pl\/en\/","logo":{"@type":"ImageObject","inLanguage":"en-US","@id":"https:\/\/aerovision.com.pl\/en\/#\/schema\/logo\/image\/","url":"https:\/\/aerovision.com.pl\/wp-content\/uploads\/2025\/03\/cropped-Logo-Aerovision.png","contentUrl":"https:\/\/aerovision.com.pl\/wp-content\/uploads\/2025\/03\/cropped-Logo-Aerovision.png","width":298,"height":242,"caption":"aerovision"},"image":{"@id":"https:\/\/aerovision.com.pl\/en\/#\/schema\/logo\/image\/"}}]}},"_links":{"self":[{"href":"https:\/\/aerovision.com.pl\/en\/wp-json\/wp\/v2\/product\/9285","targetHints":{"allow":["GET"]}}],"collection":[{"href":"https:\/\/aerovision.com.pl\/en\/wp-json\/wp\/v2\/product"}],"about":[{"href":"https:\/\/aerovision.com.pl\/en\/wp-json\/wp\/v2\/types\/product"}],"wp:featuredmedia":[{"embeddable":true,"href":"https:\/\/aerovision.com.pl\/en\/wp-json\/wp\/v2\/media\/10820"}],"wp:attachment":[{"href":"https:\/\/aerovision.com.pl\/en\/wp-json\/wp\/v2\/media?parent=9285"}],"wp:term":[{"taxonomy":"product_brand","embeddable":true,"href":"https:\/\/aerovision.com.pl\/en\/wp-json\/wp\/v2\/product_brand?post=9285"},{"taxonomy":"product_cat","embeddable":true,"href":"https:\/\/aerovision.com.pl\/en\/wp-json\/wp\/v2\/product_cat?post=9285"},{"taxonomy":"product_tag","embeddable":true,"href":"https:\/\/aerovision.com.pl\/en\/wp-json\/wp\/v2\/product_tag?post=9285"}],"curies":[{"name":"wp","href":"https:\/\/api.w.org\/{rel}","templated":true}]}}