{"id":9327,"date":"2021-04-27T22:27:19","date_gmt":"2021-04-27T20:27:19","guid":{"rendered":"https:\/\/aerovision.com.pl\/produkt\/uchwyt-do-tabletu-lifthor-baldur-dla-dji-mavic-air-2-wersja-combo\/"},"modified":"2025-01-22T11:51:45","modified_gmt":"2025-01-22T10:51:45","slug":"uchwyt-do-tabletu-lifthor-baldur-dla-dji-mavic-air-2-wersja-combo","status":"publish","type":"product","link":"https:\/\/aerovision.com.pl\/en\/produkt\/uchwyt-do-tabletu-lifthor-baldur-dla-dji-mavic-air-2-wersja-combo\/","title":{"rendered":"Uchwyt do tabletu LifThor Baldur dla DJI Mavic Air 2 &#8211; wersja COMBO"},"content":{"rendered":"<p><strong>Powitajmy kolejnego cz\u0142onka rodziny Lifthor &#8211; Lifthor Baldur dla DJI Mavic Air 2!<br \/><\/strong><\/p>\n<p>Wykonany w 100% z aluminium (po za uchwytem na tablet, kt\u00f3ry wykonany jest z plastiku). <br \/>Uchwyt pomie\u015bci wszystkie rozmiary tablet\u00f3w: od 7.9&#8243; do 12.9&#8243;<\/p>\n<p>Posiada mocowanie na smycz oraz zintegrowany punkt do monta\u017cu statywu.<\/p>\n<p>W zestawie:<\/p>\n<p>1. kable:<\/p>\n<ul style=\"list-style-type:circle;\">\n<li>USB typu C do USB typu C<\/li>\n<li>USB typu C do Micro USB<\/li>\n<li>USB typu C do z\u0142\u0105cza Lightning<\/li>\n<\/ul>\n<p>2. Regulowana smycz<br \/>3. Woreczek do przechowywania uchwytu<\/p>\n<\/p>\n<p><b>To jest w\u0142a\u015bnie uchwyt dla Twojego DJI Mavic Air 2, kt\u00f3ry spe\u0142ni naj\u015bmielsze oczekiwania!<br \/>Satysfakcja z u\u017cytkowania gwarantowana!<\/b><\/p>\n","protected":false},"excerpt":{"rendered":"<p><strong>Powitajmy kolejnego cz\u0142onka rodziny Lifthor &#8211; Lifthor Baldur dla DJI Mavic Air 2!<\/strong><\/p>\n","protected":false},"featured_media":9319,"template":"","meta":{"_acf_changed":false,"inline_featured_image":false},"product_brand":[],"product_cat":[308,138,130,312],"product_tag":[379,373,371,372,378,374,375,370,376,369,377],"class_list":{"0":"post-9327","1":"product","2":"type-product","3":"status-publish","4":"has-post-thumbnail","6":"product_cat-katalog","7":"product_cat-lifthor","8":"product_cat-marki","9":"product_cat-tdw-lifthor-katalog","10":"product_tag-air","11":"product_tag-dji","12":"product_tag-drone","13":"product_tag-lifthor","14":"product_tag-mavic","15":"product_tag-mjolnir","16":"product_tag-tablet","17":"product_tag-tabletu","18":"product_tag-thor","19":"product_tag-uchwyt","20":"product_tag-world","22":"first","23":"outofstock","24":"taxable","25":"shipping-taxable","26":"purchasable","27":"product-type-simple"},"acf":[],"yoast_head":"<!-- This site is optimized with the Yoast SEO plugin v27.4 - https:\/\/yoast.com\/product\/yoast-seo-wordpress\/ -->\n<title>Uchwyt do tabletu LifThor Baldur dla DJI Mavic Air 2 - wersja COMBO - aerovision<\/title>\n<meta name=\"robots\" content=\"noindex, follow, max-snippet:-1, max-image-preview:large, max-video-preview:-1\" \/>\n<meta property=\"og:locale\" content=\"en_US\" \/>\n<meta property=\"og:type\" content=\"article\" \/>\n<meta property=\"og:title\" content=\"Uchwyt do tabletu LifThor Baldur dla DJI Mavic Air 2 - wersja COMBO - aerovision\" \/>\n<meta property=\"og:description\" content=\"Powitajmy kolejnego cz\u0142onka rodziny Lifthor - Lifthor Baldur dla DJI Mavic Air 2!\" \/>\n<meta property=\"og:url\" content=\"https:\/\/aerovision.com.pl\/en\/produkt\/uchwyt-do-tabletu-lifthor-baldur-dla-dji-mavic-air-2-wersja-combo\/\" \/>\n<meta property=\"og:site_name\" content=\"aerovision\" \/>\n<meta property=\"article:modified_time\" content=\"2025-01-22T10:51:45+00:00\" \/>\n<meta property=\"og:image\" content=\"https:\/\/aerovision.com.pl\/wp-content\/uploads\/2021\/04\/1461-Uchwyt-do-tabletu-LifThor-Baldur-dla-DJI-Mavic-Air-2-wersja-COMBO.jpg\" \/>\n\t<meta property=\"og:image:width\" content=\"478\" \/>\n\t<meta property=\"og:image:height\" content=\"465\" \/>\n\t<meta property=\"og:image:type\" content=\"image\/jpeg\" \/>\n<meta name=\"twitter:card\" content=\"summary_large_image\" \/>\n<meta name=\"twitter:label1\" content=\"Est. reading time\" \/>\n\t<meta name=\"twitter:data1\" content=\"1 minute\" \/>\n<script type=\"application\/ld+json\" class=\"yoast-schema-graph\">{\"@context\":\"https:\\\/\\\/schema.org\",\"@graph\":[{\"@type\":\"WebPage\",\"@id\":\"https:\\\/\\\/aerovision.com.pl\\\/en\\\/produkt\\\/uchwyt-do-tabletu-lifthor-baldur-dla-dji-mavic-air-2-wersja-combo\\\/\",\"url\":\"https:\\\/\\\/aerovision.com.pl\\\/en\\\/produkt\\\/uchwyt-do-tabletu-lifthor-baldur-dla-dji-mavic-air-2-wersja-combo\\\/\",\"name\":\"Uchwyt do tabletu LifThor Baldur dla DJI Mavic Air 2 - wersja COMBO - aerovision\",\"isPartOf\":{\"@id\":\"https:\\\/\\\/aerovision.com.pl\\\/en\\\/#website\"},\"primaryImageOfPage\":{\"@id\":\"https:\\\/\\\/aerovision.com.pl\\\/en\\\/produkt\\\/uchwyt-do-tabletu-lifthor-baldur-dla-dji-mavic-air-2-wersja-combo\\\/#primaryimage\"},\"image\":{\"@id\":\"https:\\\/\\\/aerovision.com.pl\\\/en\\\/produkt\\\/uchwyt-do-tabletu-lifthor-baldur-dla-dji-mavic-air-2-wersja-combo\\\/#primaryimage\"},\"thumbnailUrl\":\"https:\\\/\\\/aerovision.com.pl\\\/wp-content\\\/uploads\\\/2021\\\/04\\\/1461-Uchwyt-do-tabletu-LifThor-Baldur-dla-DJI-Mavic-Air-2-wersja-COMBO.jpg\",\"datePublished\":\"2021-04-27T20:27:19+00:00\",\"dateModified\":\"2025-01-22T10:51:45+00:00\",\"breadcrumb\":{\"@id\":\"https:\\\/\\\/aerovision.com.pl\\\/en\\\/produkt\\\/uchwyt-do-tabletu-lifthor-baldur-dla-dji-mavic-air-2-wersja-combo\\\/#breadcrumb\"},\"inLanguage\":\"en-US\",\"potentialAction\":[{\"@type\":\"ReadAction\",\"target\":[\"https:\\\/\\\/aerovision.com.pl\\\/en\\\/produkt\\\/uchwyt-do-tabletu-lifthor-baldur-dla-dji-mavic-air-2-wersja-combo\\\/\"]}]},{\"@type\":\"ImageObject\",\"inLanguage\":\"en-US\",\"@id\":\"https:\\\/\\\/aerovision.com.pl\\\/en\\\/produkt\\\/uchwyt-do-tabletu-lifthor-baldur-dla-dji-mavic-air-2-wersja-combo\\\/#primaryimage\",\"url\":\"https:\\\/\\\/aerovision.com.pl\\\/wp-content\\\/uploads\\\/2021\\\/04\\\/1461-Uchwyt-do-tabletu-LifThor-Baldur-dla-DJI-Mavic-Air-2-wersja-COMBO.jpg\",\"contentUrl\":\"https:\\\/\\\/aerovision.com.pl\\\/wp-content\\\/uploads\\\/2021\\\/04\\\/1461-Uchwyt-do-tabletu-LifThor-Baldur-dla-DJI-Mavic-Air-2-wersja-COMBO.jpg\",\"width\":478,\"height\":465,\"caption\":\"Uchwyt do tabletu LifThor Baldur dla DJI Mavic Air 2 - wersja COMBO\"},{\"@type\":\"BreadcrumbList\",\"@id\":\"https:\\\/\\\/aerovision.com.pl\\\/en\\\/produkt\\\/uchwyt-do-tabletu-lifthor-baldur-dla-dji-mavic-air-2-wersja-combo\\\/#breadcrumb\",\"itemListElement\":[{\"@type\":\"ListItem\",\"position\":1,\"name\":\"Strona g\u0142\u00f3wna\",\"item\":\"https:\\\/\\\/aerovision.com.pl\\\/en\\\/home\\\/\"},{\"@type\":\"ListItem\",\"position\":2,\"name\":\"Sklep\",\"item\":\"https:\\\/\\\/aerovision.com.pl\\\/sklep\\\/\"},{\"@type\":\"ListItem\",\"position\":3,\"name\":\"Uchwyt do tabletu LifThor Baldur dla DJI Mavic Air 2 &#8211; wersja COMBO\"}]},{\"@type\":\"WebSite\",\"@id\":\"https:\\\/\\\/aerovision.com.pl\\\/en\\\/#website\",\"url\":\"https:\\\/\\\/aerovision.com.pl\\\/en\\\/\",\"name\":\"aerovision\",\"description\":\"\",\"publisher\":{\"@id\":\"https:\\\/\\\/aerovision.com.pl\\\/en\\\/#organization\"},\"potentialAction\":[{\"@type\":\"SearchAction\",\"target\":{\"@type\":\"EntryPoint\",\"urlTemplate\":\"https:\\\/\\\/aerovision.com.pl\\\/en\\\/?s={search_term_string}\"},\"query-input\":{\"@type\":\"PropertyValueSpecification\",\"valueRequired\":true,\"valueName\":\"search_term_string\"}}],\"inLanguage\":\"en-US\"},{\"@type\":\"Organization\",\"@id\":\"https:\\\/\\\/aerovision.com.pl\\\/en\\\/#organization\",\"name\":\"aerovision\",\"url\":\"https:\\\/\\\/aerovision.com.pl\\\/en\\\/\",\"logo\":{\"@type\":\"ImageObject\",\"inLanguage\":\"en-US\",\"@id\":\"https:\\\/\\\/aerovision.com.pl\\\/en\\\/#\\\/schema\\\/logo\\\/image\\\/\",\"url\":\"https:\\\/\\\/aerovision.com.pl\\\/wp-content\\\/uploads\\\/2025\\\/03\\\/cropped-Logo-Aerovision.png\",\"contentUrl\":\"https:\\\/\\\/aerovision.com.pl\\\/wp-content\\\/uploads\\\/2025\\\/03\\\/cropped-Logo-Aerovision.png\",\"width\":298,\"height\":242,\"caption\":\"aerovision\"},\"image\":{\"@id\":\"https:\\\/\\\/aerovision.com.pl\\\/en\\\/#\\\/schema\\\/logo\\\/image\\\/\"}}]}<\/script>\n<!-- \/ Yoast SEO plugin. -->","yoast_head_json":{"title":"Uchwyt do tabletu LifThor Baldur dla DJI Mavic Air 2 - wersja COMBO - aerovision","robots":{"index":"noindex","follow":"follow","max-snippet":"max-snippet:-1","max-image-preview":"max-image-preview:large","max-video-preview":"max-video-preview:-1"},"og_locale":"en_US","og_type":"article","og_title":"Uchwyt do tabletu LifThor Baldur dla DJI Mavic Air 2 - wersja COMBO - aerovision","og_description":"Powitajmy kolejnego cz\u0142onka rodziny Lifthor - Lifthor Baldur dla DJI Mavic Air 2!","og_url":"https:\/\/aerovision.com.pl\/en\/produkt\/uchwyt-do-tabletu-lifthor-baldur-dla-dji-mavic-air-2-wersja-combo\/","og_site_name":"aerovision","article_modified_time":"2025-01-22T10:51:45+00:00","og_image":[{"width":478,"height":465,"url":"https:\/\/aerovision.com.pl\/wp-content\/uploads\/2021\/04\/1461-Uchwyt-do-tabletu-LifThor-Baldur-dla-DJI-Mavic-Air-2-wersja-COMBO.jpg","type":"image\/jpeg"}],"twitter_card":"summary_large_image","twitter_misc":{"Est. reading time":"1 minute"},"schema":{"@context":"https:\/\/schema.org","@graph":[{"@type":"WebPage","@id":"https:\/\/aerovision.com.pl\/en\/produkt\/uchwyt-do-tabletu-lifthor-baldur-dla-dji-mavic-air-2-wersja-combo\/","url":"https:\/\/aerovision.com.pl\/en\/produkt\/uchwyt-do-tabletu-lifthor-baldur-dla-dji-mavic-air-2-wersja-combo\/","name":"Uchwyt do tabletu LifThor Baldur dla DJI Mavic Air 2 - wersja COMBO - aerovision","isPartOf":{"@id":"https:\/\/aerovision.com.pl\/en\/#website"},"primaryImageOfPage":{"@id":"https:\/\/aerovision.com.pl\/en\/produkt\/uchwyt-do-tabletu-lifthor-baldur-dla-dji-mavic-air-2-wersja-combo\/#primaryimage"},"image":{"@id":"https:\/\/aerovision.com.pl\/en\/produkt\/uchwyt-do-tabletu-lifthor-baldur-dla-dji-mavic-air-2-wersja-combo\/#primaryimage"},"thumbnailUrl":"https:\/\/aerovision.com.pl\/wp-content\/uploads\/2021\/04\/1461-Uchwyt-do-tabletu-LifThor-Baldur-dla-DJI-Mavic-Air-2-wersja-COMBO.jpg","datePublished":"2021-04-27T20:27:19+00:00","dateModified":"2025-01-22T10:51:45+00:00","breadcrumb":{"@id":"https:\/\/aerovision.com.pl\/en\/produkt\/uchwyt-do-tabletu-lifthor-baldur-dla-dji-mavic-air-2-wersja-combo\/#breadcrumb"},"inLanguage":"en-US","potentialAction":[{"@type":"ReadAction","target":["https:\/\/aerovision.com.pl\/en\/produkt\/uchwyt-do-tabletu-lifthor-baldur-dla-dji-mavic-air-2-wersja-combo\/"]}]},{"@type":"ImageObject","inLanguage":"en-US","@id":"https:\/\/aerovision.com.pl\/en\/produkt\/uchwyt-do-tabletu-lifthor-baldur-dla-dji-mavic-air-2-wersja-combo\/#primaryimage","url":"https:\/\/aerovision.com.pl\/wp-content\/uploads\/2021\/04\/1461-Uchwyt-do-tabletu-LifThor-Baldur-dla-DJI-Mavic-Air-2-wersja-COMBO.jpg","contentUrl":"https:\/\/aerovision.com.pl\/wp-content\/uploads\/2021\/04\/1461-Uchwyt-do-tabletu-LifThor-Baldur-dla-DJI-Mavic-Air-2-wersja-COMBO.jpg","width":478,"height":465,"caption":"Uchwyt do tabletu LifThor Baldur dla DJI Mavic Air 2 - wersja COMBO"},{"@type":"BreadcrumbList","@id":"https:\/\/aerovision.com.pl\/en\/produkt\/uchwyt-do-tabletu-lifthor-baldur-dla-dji-mavic-air-2-wersja-combo\/#breadcrumb","itemListElement":[{"@type":"ListItem","position":1,"name":"Strona g\u0142\u00f3wna","item":"https:\/\/aerovision.com.pl\/en\/home\/"},{"@type":"ListItem","position":2,"name":"Sklep","item":"https:\/\/aerovision.com.pl\/sklep\/"},{"@type":"ListItem","position":3,"name":"Uchwyt do tabletu LifThor Baldur dla DJI Mavic Air 2 &#8211; wersja COMBO"}]},{"@type":"WebSite","@id":"https:\/\/aerovision.com.pl\/en\/#website","url":"https:\/\/aerovision.com.pl\/en\/","name":"aerovision","description":"","publisher":{"@id":"https:\/\/aerovision.com.pl\/en\/#organization"},"potentialAction":[{"@type":"SearchAction","target":{"@type":"EntryPoint","urlTemplate":"https:\/\/aerovision.com.pl\/en\/?s={search_term_string}"},"query-input":{"@type":"PropertyValueSpecification","valueRequired":true,"valueName":"search_term_string"}}],"inLanguage":"en-US"},{"@type":"Organization","@id":"https:\/\/aerovision.com.pl\/en\/#organization","name":"aerovision","url":"https:\/\/aerovision.com.pl\/en\/","logo":{"@type":"ImageObject","inLanguage":"en-US","@id":"https:\/\/aerovision.com.pl\/en\/#\/schema\/logo\/image\/","url":"https:\/\/aerovision.com.pl\/wp-content\/uploads\/2025\/03\/cropped-Logo-Aerovision.png","contentUrl":"https:\/\/aerovision.com.pl\/wp-content\/uploads\/2025\/03\/cropped-Logo-Aerovision.png","width":298,"height":242,"caption":"aerovision"},"image":{"@id":"https:\/\/aerovision.com.pl\/en\/#\/schema\/logo\/image\/"}}]}},"_links":{"self":[{"href":"https:\/\/aerovision.com.pl\/en\/wp-json\/wp\/v2\/product\/9327","targetHints":{"allow":["GET"]}}],"collection":[{"href":"https:\/\/aerovision.com.pl\/en\/wp-json\/wp\/v2\/product"}],"about":[{"href":"https:\/\/aerovision.com.pl\/en\/wp-json\/wp\/v2\/types\/product"}],"wp:featuredmedia":[{"embeddable":true,"href":"https:\/\/aerovision.com.pl\/en\/wp-json\/wp\/v2\/media\/9319"}],"wp:attachment":[{"href":"https:\/\/aerovision.com.pl\/en\/wp-json\/wp\/v2\/media?parent=9327"}],"wp:term":[{"taxonomy":"product_brand","embeddable":true,"href":"https:\/\/aerovision.com.pl\/en\/wp-json\/wp\/v2\/product_brand?post=9327"},{"taxonomy":"product_cat","embeddable":true,"href":"https:\/\/aerovision.com.pl\/en\/wp-json\/wp\/v2\/product_cat?post=9327"},{"taxonomy":"product_tag","embeddable":true,"href":"https:\/\/aerovision.com.pl\/en\/wp-json\/wp\/v2\/product_tag?post=9327"}],"curies":[{"name":"wp","href":"https:\/\/api.w.org\/{rel}","templated":true}]}}