{"id":9339,"date":"2021-05-12T23:02:19","date_gmt":"2021-05-12T21:02:19","guid":{"rendered":"https:\/\/aerovision.com.pl\/produkt\/strapthor-pro-tripod-do-montazu-na-ciele\/"},"modified":"2025-03-07T13:40:08","modified_gmt":"2025-03-07T12:40:08","slug":"strapthor-pro-tripod-do-montazu-na-ciele","status":"publish","type":"product","link":"https:\/\/aerovision.com.pl\/en\/produkt\/strapthor-pro-tripod-do-montazu-na-ciele\/","title":{"rendered":"StrapThor Pro &#8211; tripod do monta\u017cu na ciele"},"content":{"rendered":"<p>Uwolnij swoje r\u0119ce. B\u0105d\u017a zawsze gotowy do dzia\u0142ania! Poczuj si\u0119 niezale\u017cny od swojej aparatury, a jednocze\u015bnie miej sytuacj\u0119 pod kontrol\u0105. Prezentujemy uniwersalny monta\u017c pod aparatury dron\u00f3w, uchwyty lifthor, kamery typu GoPro czy aparaty DSLR z obiektywami, kt\u00f3ry wieszasz na swoim ciele. <\/p>\n<\/p>\n<p><img decoding=\"async\" class=\" size-full wp-image-9336\" src=\"https:\/\/aerovision.com.pl\/wp-content\/uploads\/2021\/05\/DSC06899l.jpg\" alt=\"\" width=\"100%\" srcset=\"https:\/\/aerovision.com.pl\/wp-content\/uploads\/2021\/05\/DSC06899l.jpg 1947w, https:\/\/aerovision.com.pl\/wp-content\/uploads\/2021\/05\/DSC06899l-292x300.jpg 292w, https:\/\/aerovision.com.pl\/wp-content\/uploads\/2021\/05\/DSC06899l-997x1024.jpg 997w, https:\/\/aerovision.com.pl\/wp-content\/uploads\/2021\/05\/DSC06899l-768x789.jpg 768w, https:\/\/aerovision.com.pl\/wp-content\/uploads\/2021\/05\/DSC06899l-1495x1536.jpg 1495w, https:\/\/aerovision.com.pl\/wp-content\/uploads\/2021\/05\/DSC06899l-990x1017.jpg 990w, https:\/\/aerovision.com.pl\/wp-content\/uploads\/2021\/05\/DSC06899l-441x453.jpg 441w, https:\/\/aerovision.com.pl\/wp-content\/uploads\/2021\/05\/DSC06899l-300x308.jpg 300w, https:\/\/aerovision.com.pl\/wp-content\/uploads\/2021\/05\/DSC06899l-800x822.jpg 800w, https:\/\/aerovision.com.pl\/wp-content\/uploads\/2021\/05\/DSC06899l-150x154.jpg 150w\" sizes=\"(max-width: 1947px) 100vw, 1947px\" \/><\/p>\n<\/p>\n<p>Innowacyjny produkt znanej z wysokiej jako\u015bci produkt\u00f3w marki Thor&#8217;s Drone World pozwala Ci na d\u0142ugotrwa\u0142e loty, bez obawy o ci\u0105g\u0142e odk\u0142adanie aparatury czy zabrudzenia w trakcie wymiany akumulator\u00f3w. <\/p>\n<p><img decoding=\"async\" class=\" size-full wp-image-9337\" src=\"https:\/\/aerovision.com.pl\/wp-content\/uploads\/2021\/05\/First-presentation-StrapThor-PRO-Aerovision-scaled.jpg\" alt=\"\" width=\"100%\" srcset=\"https:\/\/aerovision.com.pl\/wp-content\/uploads\/2021\/05\/First-presentation-StrapThor-PRO-Aerovision-scaled.jpg 2560w, https:\/\/aerovision.com.pl\/wp-content\/uploads\/2021\/05\/First-presentation-StrapThor-PRO-Aerovision-300x217.jpg 300w, https:\/\/aerovision.com.pl\/wp-content\/uploads\/2021\/05\/First-presentation-StrapThor-PRO-Aerovision-1024x740.jpg 1024w, https:\/\/aerovision.com.pl\/wp-content\/uploads\/2021\/05\/First-presentation-StrapThor-PRO-Aerovision-768x555.jpg 768w, https:\/\/aerovision.com.pl\/wp-content\/uploads\/2021\/05\/First-presentation-StrapThor-PRO-Aerovision-1536x1109.jpg 1536w, https:\/\/aerovision.com.pl\/wp-content\/uploads\/2021\/05\/First-presentation-StrapThor-PRO-Aerovision-2048x1479.jpg 2048w, https:\/\/aerovision.com.pl\/wp-content\/uploads\/2021\/05\/First-presentation-StrapThor-PRO-Aerovision-990x715.jpg 990w, https:\/\/aerovision.com.pl\/wp-content\/uploads\/2021\/05\/First-presentation-StrapThor-PRO-Aerovision-441x319.jpg 441w, https:\/\/aerovision.com.pl\/wp-content\/uploads\/2021\/05\/First-presentation-StrapThor-PRO-Aerovision-800x578.jpg 800w, https:\/\/aerovision.com.pl\/wp-content\/uploads\/2021\/05\/First-presentation-StrapThor-PRO-Aerovision-150x108.jpg 150w\" sizes=\"(max-width: 2560px) 100vw, 2560px\" \/><\/p>\n<p>Jest w stanie ud\u017awign\u0105\u0107 sprz\u0119t o wadze do 10 kilo! Mo\u017cesz zamocowa\u0107 gimbal wraz kamerk\u0105 lub wysokiej jako\u015bci aparatem do film\u00f3w na YouTube lub film\u00f3w instrukta\u017cowych. Mo\u017cliwo\u015bci s\u0105 nieograniczone.<\/p>\n<p><iframe width=\"560\" height=\"315\" src=\"https:\/\/www.youtube.com\/embed\/jn1jMLfAcYM\" title=\"YouTube video player\" frameborder=\"0\"><\/iframe><\/p>\n<\/p>\n<p>StrapThor Pro Body Tripod jest kompatybilny ze wszystkimi produktami marki TDW. A w po\u0142\u0105czeniu ze z\u0142\u0105czem Quick Release (do zakupienia oddzielnie) spowoduje, \u017ce obs\u0142uga i demonta\u017c zestawu stanie si\u0119 jeszcze prostsza.<\/p>\n<p><img decoding=\"async\" class=\" size-full wp-image-9338\" src=\"https:\/\/aerovision.com.pl\/wp-content\/uploads\/2021\/05\/StrapThor-PRO-Aerovision_low.jpg\" alt=\"\" width=\"100%\" srcset=\"https:\/\/aerovision.com.pl\/wp-content\/uploads\/2021\/05\/StrapThor-PRO-Aerovision_low.jpg 1863w, https:\/\/aerovision.com.pl\/wp-content\/uploads\/2021\/05\/StrapThor-PRO-Aerovision_low-300x300.jpg 300w, https:\/\/aerovision.com.pl\/wp-content\/uploads\/2021\/05\/StrapThor-PRO-Aerovision_low-1024x1024.jpg 1024w, https:\/\/aerovision.com.pl\/wp-content\/uploads\/2021\/05\/StrapThor-PRO-Aerovision_low-150x150.jpg 150w, https:\/\/aerovision.com.pl\/wp-content\/uploads\/2021\/05\/StrapThor-PRO-Aerovision_low-768x768.jpg 768w, https:\/\/aerovision.com.pl\/wp-content\/uploads\/2021\/05\/StrapThor-PRO-Aerovision_low-1536x1536.jpg 1536w, https:\/\/aerovision.com.pl\/wp-content\/uploads\/2021\/05\/StrapThor-PRO-Aerovision_low-990x989.jpg 990w, https:\/\/aerovision.com.pl\/wp-content\/uploads\/2021\/05\/StrapThor-PRO-Aerovision_low-441x441.jpg 441w, https:\/\/aerovision.com.pl\/wp-content\/uploads\/2021\/05\/StrapThor-PRO-Aerovision_low-100x100.jpg 100w, https:\/\/aerovision.com.pl\/wp-content\/uploads\/2021\/05\/StrapThor-PRO-Aerovision_low-800x800.jpg 800w\" sizes=\"(max-width: 1863px) 100vw, 1863px\" \/><\/p>\n","protected":false},"excerpt":{"rendered":"<p>Pierwszy na \u015bwiecie uniwersalny monta\u017c pod aparatury dron\u00f3w, uchwyty, kamery, aparaty DSLR zak\u0142adany na cia\u0142o.<\/p>\n","protected":false},"featured_media":10833,"template":"","meta":{"_acf_changed":false,"inline_featured_image":false},"product_brand":[],"product_cat":[339,308,138,130,312],"product_tag":[],"class_list":{"0":"post-9339","1":"product","2":"type-product","3":"status-publish","4":"has-post-thumbnail","6":"product_cat-inne","7":"product_cat-katalog","8":"product_cat-lifthor","9":"product_cat-marki","10":"product_cat-tdw-lifthor-katalog","12":"first","13":"instock","14":"taxable","15":"shipping-taxable","16":"purchasable","17":"product-type-simple"},"acf":[],"yoast_head":"<!-- This site is optimized with the Yoast SEO plugin v27.4 - https:\/\/yoast.com\/product\/yoast-seo-wordpress\/ -->\n<title>StrapThor Pro - tripod do monta\u017cu na ciele - aerovision<\/title>\n<meta name=\"robots\" content=\"noindex, follow, max-snippet:-1, max-image-preview:large, max-video-preview:-1\" \/>\n<meta property=\"og:locale\" content=\"en_US\" \/>\n<meta property=\"og:type\" content=\"article\" \/>\n<meta property=\"og:title\" content=\"StrapThor Pro - tripod do monta\u017cu na ciele - aerovision\" \/>\n<meta property=\"og:description\" content=\"Pierwszy na \u015bwiecie uniwersalny monta\u017c pod aparatury dron\u00f3w, uchwyty, kamery, aparaty DSLR zak\u0142adany na cia\u0142o.\" \/>\n<meta property=\"og:url\" content=\"https:\/\/aerovision.com.pl\/en\/produkt\/strapthor-pro-tripod-do-montazu-na-ciele\/\" \/>\n<meta property=\"og:site_name\" content=\"aerovision\" \/>\n<meta property=\"article:modified_time\" content=\"2025-03-07T12:40:08+00:00\" \/>\n<meta property=\"og:image\" content=\"https:\/\/aerovision.com.pl\/wp-content\/uploads\/2021\/05\/image-18-750x1024.png\" \/>\n\t<meta property=\"og:image:width\" content=\"750\" \/>\n\t<meta property=\"og:image:height\" content=\"1024\" \/>\n\t<meta property=\"og:image:type\" content=\"image\/png\" \/>\n<meta name=\"twitter:card\" content=\"summary_large_image\" \/>\n<meta name=\"twitter:label1\" content=\"Est. reading time\" \/>\n\t<meta name=\"twitter:data1\" content=\"2 minutes\" \/>\n<script type=\"application\/ld+json\" class=\"yoast-schema-graph\">{\"@context\":\"https:\\\/\\\/schema.org\",\"@graph\":[{\"@type\":\"WebPage\",\"@id\":\"https:\\\/\\\/aerovision.com.pl\\\/en\\\/produkt\\\/strapthor-pro-tripod-do-montazu-na-ciele\\\/\",\"url\":\"https:\\\/\\\/aerovision.com.pl\\\/en\\\/produkt\\\/strapthor-pro-tripod-do-montazu-na-ciele\\\/\",\"name\":\"StrapThor Pro - tripod do monta\u017cu na ciele - aerovision\",\"isPartOf\":{\"@id\":\"https:\\\/\\\/aerovision.com.pl\\\/en\\\/#website\"},\"primaryImageOfPage\":{\"@id\":\"https:\\\/\\\/aerovision.com.pl\\\/en\\\/produkt\\\/strapthor-pro-tripod-do-montazu-na-ciele\\\/#primaryimage\"},\"image\":{\"@id\":\"https:\\\/\\\/aerovision.com.pl\\\/en\\\/produkt\\\/strapthor-pro-tripod-do-montazu-na-ciele\\\/#primaryimage\"},\"thumbnailUrl\":\"https:\\\/\\\/aerovision.com.pl\\\/wp-content\\\/uploads\\\/2021\\\/05\\\/image-18.png\",\"datePublished\":\"2021-05-12T21:02:19+00:00\",\"dateModified\":\"2025-03-07T12:40:08+00:00\",\"breadcrumb\":{\"@id\":\"https:\\\/\\\/aerovision.com.pl\\\/en\\\/produkt\\\/strapthor-pro-tripod-do-montazu-na-ciele\\\/#breadcrumb\"},\"inLanguage\":\"en-US\",\"potentialAction\":[{\"@type\":\"ReadAction\",\"target\":[\"https:\\\/\\\/aerovision.com.pl\\\/en\\\/produkt\\\/strapthor-pro-tripod-do-montazu-na-ciele\\\/\"]}]},{\"@type\":\"ImageObject\",\"inLanguage\":\"en-US\",\"@id\":\"https:\\\/\\\/aerovision.com.pl\\\/en\\\/produkt\\\/strapthor-pro-tripod-do-montazu-na-ciele\\\/#primaryimage\",\"url\":\"https:\\\/\\\/aerovision.com.pl\\\/wp-content\\\/uploads\\\/2021\\\/05\\\/image-18.png\",\"contentUrl\":\"https:\\\/\\\/aerovision.com.pl\\\/wp-content\\\/uploads\\\/2021\\\/05\\\/image-18.png\",\"width\":2619,\"height\":3576},{\"@type\":\"BreadcrumbList\",\"@id\":\"https:\\\/\\\/aerovision.com.pl\\\/en\\\/produkt\\\/strapthor-pro-tripod-do-montazu-na-ciele\\\/#breadcrumb\",\"itemListElement\":[{\"@type\":\"ListItem\",\"position\":1,\"name\":\"Strona g\u0142\u00f3wna\",\"item\":\"https:\\\/\\\/aerovision.com.pl\\\/en\\\/home\\\/\"},{\"@type\":\"ListItem\",\"position\":2,\"name\":\"Sklep\",\"item\":\"https:\\\/\\\/aerovision.com.pl\\\/sklep\\\/\"},{\"@type\":\"ListItem\",\"position\":3,\"name\":\"StrapThor Pro &#8211; tripod do monta\u017cu na ciele\"}]},{\"@type\":\"WebSite\",\"@id\":\"https:\\\/\\\/aerovision.com.pl\\\/en\\\/#website\",\"url\":\"https:\\\/\\\/aerovision.com.pl\\\/en\\\/\",\"name\":\"aerovision\",\"description\":\"\",\"publisher\":{\"@id\":\"https:\\\/\\\/aerovision.com.pl\\\/en\\\/#organization\"},\"potentialAction\":[{\"@type\":\"SearchAction\",\"target\":{\"@type\":\"EntryPoint\",\"urlTemplate\":\"https:\\\/\\\/aerovision.com.pl\\\/en\\\/?s={search_term_string}\"},\"query-input\":{\"@type\":\"PropertyValueSpecification\",\"valueRequired\":true,\"valueName\":\"search_term_string\"}}],\"inLanguage\":\"en-US\"},{\"@type\":\"Organization\",\"@id\":\"https:\\\/\\\/aerovision.com.pl\\\/en\\\/#organization\",\"name\":\"aerovision\",\"url\":\"https:\\\/\\\/aerovision.com.pl\\\/en\\\/\",\"logo\":{\"@type\":\"ImageObject\",\"inLanguage\":\"en-US\",\"@id\":\"https:\\\/\\\/aerovision.com.pl\\\/en\\\/#\\\/schema\\\/logo\\\/image\\\/\",\"url\":\"https:\\\/\\\/aerovision.com.pl\\\/wp-content\\\/uploads\\\/2025\\\/03\\\/cropped-Logo-Aerovision.png\",\"contentUrl\":\"https:\\\/\\\/aerovision.com.pl\\\/wp-content\\\/uploads\\\/2025\\\/03\\\/cropped-Logo-Aerovision.png\",\"width\":298,\"height\":242,\"caption\":\"aerovision\"},\"image\":{\"@id\":\"https:\\\/\\\/aerovision.com.pl\\\/en\\\/#\\\/schema\\\/logo\\\/image\\\/\"}}]}<\/script>\n<!-- \/ Yoast SEO plugin. -->","yoast_head_json":{"title":"StrapThor Pro - tripod do monta\u017cu na ciele - aerovision","robots":{"index":"noindex","follow":"follow","max-snippet":"max-snippet:-1","max-image-preview":"max-image-preview:large","max-video-preview":"max-video-preview:-1"},"og_locale":"en_US","og_type":"article","og_title":"StrapThor Pro - tripod do monta\u017cu na ciele - aerovision","og_description":"Pierwszy na \u015bwiecie uniwersalny monta\u017c pod aparatury dron\u00f3w, uchwyty, kamery, aparaty DSLR zak\u0142adany na cia\u0142o.","og_url":"https:\/\/aerovision.com.pl\/en\/produkt\/strapthor-pro-tripod-do-montazu-na-ciele\/","og_site_name":"aerovision","article_modified_time":"2025-03-07T12:40:08+00:00","og_image":[{"width":750,"height":1024,"url":"https:\/\/aerovision.com.pl\/wp-content\/uploads\/2021\/05\/image-18-750x1024.png","type":"image\/png"}],"twitter_card":"summary_large_image","twitter_misc":{"Est. reading time":"2 minutes"},"schema":{"@context":"https:\/\/schema.org","@graph":[{"@type":"WebPage","@id":"https:\/\/aerovision.com.pl\/en\/produkt\/strapthor-pro-tripod-do-montazu-na-ciele\/","url":"https:\/\/aerovision.com.pl\/en\/produkt\/strapthor-pro-tripod-do-montazu-na-ciele\/","name":"StrapThor Pro - tripod do monta\u017cu na ciele - aerovision","isPartOf":{"@id":"https:\/\/aerovision.com.pl\/en\/#website"},"primaryImageOfPage":{"@id":"https:\/\/aerovision.com.pl\/en\/produkt\/strapthor-pro-tripod-do-montazu-na-ciele\/#primaryimage"},"image":{"@id":"https:\/\/aerovision.com.pl\/en\/produkt\/strapthor-pro-tripod-do-montazu-na-ciele\/#primaryimage"},"thumbnailUrl":"https:\/\/aerovision.com.pl\/wp-content\/uploads\/2021\/05\/image-18.png","datePublished":"2021-05-12T21:02:19+00:00","dateModified":"2025-03-07T12:40:08+00:00","breadcrumb":{"@id":"https:\/\/aerovision.com.pl\/en\/produkt\/strapthor-pro-tripod-do-montazu-na-ciele\/#breadcrumb"},"inLanguage":"en-US","potentialAction":[{"@type":"ReadAction","target":["https:\/\/aerovision.com.pl\/en\/produkt\/strapthor-pro-tripod-do-montazu-na-ciele\/"]}]},{"@type":"ImageObject","inLanguage":"en-US","@id":"https:\/\/aerovision.com.pl\/en\/produkt\/strapthor-pro-tripod-do-montazu-na-ciele\/#primaryimage","url":"https:\/\/aerovision.com.pl\/wp-content\/uploads\/2021\/05\/image-18.png","contentUrl":"https:\/\/aerovision.com.pl\/wp-content\/uploads\/2021\/05\/image-18.png","width":2619,"height":3576},{"@type":"BreadcrumbList","@id":"https:\/\/aerovision.com.pl\/en\/produkt\/strapthor-pro-tripod-do-montazu-na-ciele\/#breadcrumb","itemListElement":[{"@type":"ListItem","position":1,"name":"Strona g\u0142\u00f3wna","item":"https:\/\/aerovision.com.pl\/en\/home\/"},{"@type":"ListItem","position":2,"name":"Sklep","item":"https:\/\/aerovision.com.pl\/sklep\/"},{"@type":"ListItem","position":3,"name":"StrapThor Pro &#8211; tripod do monta\u017cu na ciele"}]},{"@type":"WebSite","@id":"https:\/\/aerovision.com.pl\/en\/#website","url":"https:\/\/aerovision.com.pl\/en\/","name":"aerovision","description":"","publisher":{"@id":"https:\/\/aerovision.com.pl\/en\/#organization"},"potentialAction":[{"@type":"SearchAction","target":{"@type":"EntryPoint","urlTemplate":"https:\/\/aerovision.com.pl\/en\/?s={search_term_string}"},"query-input":{"@type":"PropertyValueSpecification","valueRequired":true,"valueName":"search_term_string"}}],"inLanguage":"en-US"},{"@type":"Organization","@id":"https:\/\/aerovision.com.pl\/en\/#organization","name":"aerovision","url":"https:\/\/aerovision.com.pl\/en\/","logo":{"@type":"ImageObject","inLanguage":"en-US","@id":"https:\/\/aerovision.com.pl\/en\/#\/schema\/logo\/image\/","url":"https:\/\/aerovision.com.pl\/wp-content\/uploads\/2025\/03\/cropped-Logo-Aerovision.png","contentUrl":"https:\/\/aerovision.com.pl\/wp-content\/uploads\/2025\/03\/cropped-Logo-Aerovision.png","width":298,"height":242,"caption":"aerovision"},"image":{"@id":"https:\/\/aerovision.com.pl\/en\/#\/schema\/logo\/image\/"}}]}},"_links":{"self":[{"href":"https:\/\/aerovision.com.pl\/en\/wp-json\/wp\/v2\/product\/9339","targetHints":{"allow":["GET"]}}],"collection":[{"href":"https:\/\/aerovision.com.pl\/en\/wp-json\/wp\/v2\/product"}],"about":[{"href":"https:\/\/aerovision.com.pl\/en\/wp-json\/wp\/v2\/types\/product"}],"wp:featuredmedia":[{"embeddable":true,"href":"https:\/\/aerovision.com.pl\/en\/wp-json\/wp\/v2\/media\/10833"}],"wp:attachment":[{"href":"https:\/\/aerovision.com.pl\/en\/wp-json\/wp\/v2\/media?parent=9339"}],"wp:term":[{"taxonomy":"product_brand","embeddable":true,"href":"https:\/\/aerovision.com.pl\/en\/wp-json\/wp\/v2\/product_brand?post=9339"},{"taxonomy":"product_cat","embeddable":true,"href":"https:\/\/aerovision.com.pl\/en\/wp-json\/wp\/v2\/product_cat?post=9339"},{"taxonomy":"product_tag","embeddable":true,"href":"https:\/\/aerovision.com.pl\/en\/wp-json\/wp\/v2\/product_tag?post=9339"}],"curies":[{"name":"wp","href":"https:\/\/api.w.org\/{rel}","templated":true}]}}