{"id":9356,"date":"2021-05-17T13:14:51","date_gmt":"2021-05-17T11:14:51","guid":{"rendered":"https:\/\/aerovision.com.pl\/produkt\/tablet-tripltek-7-pro-8gb-ram\/"},"modified":"2025-03-07T14:05:11","modified_gmt":"2025-03-07T13:05:11","slug":"tablet-tripltek-7-pro-8gb-ram","status":"publish","type":"product","link":"https:\/\/aerovision.com.pl\/en\/produkt\/tablet-tripltek-7-pro-8gb-ram\/","title":{"rendered":"Tablet Tripltek 7&#8243; PRO 8Gb RAM"},"content":{"rendered":"<p><\/p>\n<p style=\"margin:0px;padding:0px;border:0px;vertical-align:baseline;background:transparent;font:inherit;white-space:normal;\">Profesjonalny, wzmocniony tablet o jasno\u015bci a\u017c 1200 nit\u00f3w do zada\u0144 specjalnych w kt\u00f3rych wymagana jest wysoka wydajno\u015b\u0107 w aplikacjach takich jak <span style=\"background-color:transparent;font-family:inherit;white-space:pre-wrap;\">Drone Deploy, Drone Harmony, UAVenture, Kittyhawk.<\/span><\/p>\n<p style=\"margin:0px;padding:0px;border:0px;vertical-align:baseline;background:transparent;font:inherit;white-space:normal;\">Wersja PRO. <\/p>\n<p style=\"margin:0px;padding:0px;border:0px;vertical-align:baseline;background:transparent;font:inherit;white-space:normal;\">Specyfikacja:<\/p>\n<ul>\n<li><strong>RAM:<\/strong> 8GB RAM <\/li>\n<li><strong>Pami\u0119\u0107 wewn\u0119trzna:<\/strong> 128GB,<\/li>\n<li><strong>Procesor:<\/strong> Mali G72MP3 GPU(900Mhz)<span style=\"background-color:transparent;font-family:inherit;white-space:pre-wrap;\">ARM 2.1Ghz FinFET (12FFC) 8 rdzeni 64 bits<\/span><span style=\"background-color:transparent;font-family:inherit;font-size:inherit;font-style:inherit;font-weight:inherit;\"> .<\/span><\/li>\n<li><strong>Wersja Androida:<\/strong> 9.0 <\/li>\n<li><strong>\u0141\u0105czno\u015b\u0107:<\/strong> 4G LTE (B38\/39\/40\/41) oraz (B1\/2\/3\/4\/5\/7\/8\/12\/17\/20\/28) GSM \/WCDMA\/TD-SCDMA\/CDMA 1X\/VoLTE GSM\/CDMA 1X\/EDGE\/GPRS\/WAP GSM\uff08B2\/3\/5\/8\uff09WCDMA 3.75G (HSDPA+ 42.2Mbps, HSUPA+ 11.5Mbps) WCDMA\uff08B1\/2\/5\/8\uff09,Evdo: BC0\/BC1 CDMA: BC0\/BC1 FDD: 150Mbps down, 50Mbps UP TDD: 150Mbps , 50Mbps TD-LTE B38\/39\/40\/41\uff1bFDD LTE B1\/2\/3\/4\/5\/7\/8\/12\/17\/20\/28 <\/li>\n<li><strong>Wi-fi:<\/strong> Dual-band (2.4GHz\/5Ghz) 802.11 a\/b\/g\/n\/ac MAC\/BB\/RF<\/li>\n<li><strong>Bluetooth:<\/strong> v4.2 Low Energy (LE)<\/li>\n<li><strong>Obs\u0142uga kart pami\u0119ci:<\/strong> tak (max. 256 GB)<\/li>\n<li><strong>Aparat<\/strong>:13.0MP (AF) with flash led<\/li>\n<li><strong>Aparat z przodu:<\/strong> 5.0MP<\/li>\n<li><strong>Akumulator:<\/strong> 10000mAh<\/li>\n<li><strong>Ekran:<\/strong> 7 inch 1280*720 FHD industrial 1200 nits Touch Panel Capacitive toughened glass 9H &#8211;  Glove touch\/ water spray\/Active capacitance pen<\/li>\n<li><strong>Sensory:<\/strong> Direction Sensor, Gravity sensor, Magnetic Field Sensor, Motion sensor, Rotation Vector, Light sensor, Acceleration sensor, <\/li>\n<li><strong>Systemy pozycjonowania<\/strong>: GPS+Glonass<\/li>\n<li><strong>Standard wykonania:<\/strong> MIL-STD-810G\/Method516.6\/Procedure IV &amp; Touch Panel IK05<\/li>\n<li>MA \/3C \/FCC\/CE\/ROHS\/ATEX<\/li>\n<li><strong>J\u0119zyki:<\/strong> English, Spanish, Portuguese (Brazil), Portuguese (Portugal), Italian, German, Dutch, French, Polish, Romanian, Turkish, Russian, Arabic, Indonesian, Malay, Thai, Vietnamese, Hindi, Hebrew, etc.<\/li>\n<\/ul>\n<p><img decoding=\"async\" class=\" size-full wp-image-9351\" src=\"https:\/\/aerovision.com.pl\/wp-content\/uploads\/2021\/05\/amaIMG_8531022821_1.jpg\" alt=\"\" width=\"100%\" srcset=\"https:\/\/aerovision.com.pl\/wp-content\/uploads\/2021\/05\/amaIMG_8531022821_1.jpg 2247w, https:\/\/aerovision.com.pl\/wp-content\/uploads\/2021\/05\/amaIMG_8531022821_1-300x200.jpg 300w, https:\/\/aerovision.com.pl\/wp-content\/uploads\/2021\/05\/amaIMG_8531022821_1-1024x683.jpg 1024w, https:\/\/aerovision.com.pl\/wp-content\/uploads\/2021\/05\/amaIMG_8531022821_1-768x512.jpg 768w, https:\/\/aerovision.com.pl\/wp-content\/uploads\/2021\/05\/amaIMG_8531022821_1-1536x1024.jpg 1536w, https:\/\/aerovision.com.pl\/wp-content\/uploads\/2021\/05\/amaIMG_8531022821_1-2048x1365.jpg 2048w, https:\/\/aerovision.com.pl\/wp-content\/uploads\/2021\/05\/amaIMG_8531022821_1-990x660.jpg 990w, https:\/\/aerovision.com.pl\/wp-content\/uploads\/2021\/05\/amaIMG_8531022821_1-441x294.jpg 441w, https:\/\/aerovision.com.pl\/wp-content\/uploads\/2021\/05\/amaIMG_8531022821_1-800x533.jpg 800w, https:\/\/aerovision.com.pl\/wp-content\/uploads\/2021\/05\/amaIMG_8531022821_1-150x100.jpg 150w\" sizes=\"(max-width: 2247px) 100vw, 2247px\" \/><\/p>\n<p><img decoding=\"async\" class=\" size-full wp-image-9352\" src=\"https:\/\/aerovision.com.pl\/wp-content\/uploads\/2021\/05\/amaIMG_8418.jpg\" alt=\"\" width=\"100%\" srcset=\"https:\/\/aerovision.com.pl\/wp-content\/uploads\/2021\/05\/amaIMG_8418.jpg 2247w, https:\/\/aerovision.com.pl\/wp-content\/uploads\/2021\/05\/amaIMG_8418-300x200.jpg 300w, https:\/\/aerovision.com.pl\/wp-content\/uploads\/2021\/05\/amaIMG_8418-1024x683.jpg 1024w, https:\/\/aerovision.com.pl\/wp-content\/uploads\/2021\/05\/amaIMG_8418-768x512.jpg 768w, https:\/\/aerovision.com.pl\/wp-content\/uploads\/2021\/05\/amaIMG_8418-1536x1024.jpg 1536w, https:\/\/aerovision.com.pl\/wp-content\/uploads\/2021\/05\/amaIMG_8418-2048x1365.jpg 2048w, https:\/\/aerovision.com.pl\/wp-content\/uploads\/2021\/05\/amaIMG_8418-990x660.jpg 990w, https:\/\/aerovision.com.pl\/wp-content\/uploads\/2021\/05\/amaIMG_8418-441x294.jpg 441w, https:\/\/aerovision.com.pl\/wp-content\/uploads\/2021\/05\/amaIMG_8418-800x533.jpg 800w, https:\/\/aerovision.com.pl\/wp-content\/uploads\/2021\/05\/amaIMG_8418-150x100.jpg 150w\" sizes=\"(max-width: 2247px) 100vw, 2247px\" \/><\/p>\n<p><img decoding=\"async\" class=\" size-full wp-image-9353\" src=\"https:\/\/aerovision.com.pl\/wp-content\/uploads\/2021\/05\/20201014_170926.jpg\" alt=\"\" width=\"100%\" srcset=\"https:\/\/aerovision.com.pl\/wp-content\/uploads\/2021\/05\/20201014_170926.jpg 2268w, https:\/\/aerovision.com.pl\/wp-content\/uploads\/2021\/05\/20201014_170926-281x300.jpg 281w, https:\/\/aerovision.com.pl\/wp-content\/uploads\/2021\/05\/20201014_170926-958x1024.jpg 958w, https:\/\/aerovision.com.pl\/wp-content\/uploads\/2021\/05\/20201014_170926-768x821.jpg 768w, https:\/\/aerovision.com.pl\/wp-content\/uploads\/2021\/05\/20201014_170926-1437x1536.jpg 1437w, https:\/\/aerovision.com.pl\/wp-content\/uploads\/2021\/05\/20201014_170926-1916x2048.jpg 1916w, https:\/\/aerovision.com.pl\/wp-content\/uploads\/2021\/05\/20201014_170926-990x1058.jpg 990w, https:\/\/aerovision.com.pl\/wp-content\/uploads\/2021\/05\/20201014_170926-441x471.jpg 441w, https:\/\/aerovision.com.pl\/wp-content\/uploads\/2021\/05\/20201014_170926-300x321.jpg 300w, https:\/\/aerovision.com.pl\/wp-content\/uploads\/2021\/05\/20201014_170926-800x855.jpg 800w, https:\/\/aerovision.com.pl\/wp-content\/uploads\/2021\/05\/20201014_170926-150x160.jpg 150w\" sizes=\"(max-width: 2268px) 100vw, 2268px\" \/><\/p>\n<p><img decoding=\"async\" class=\" size-full wp-image-9354\" src=\"https:\/\/aerovision.com.pl\/wp-content\/uploads\/2021\/05\/231CAAA7F96DDC9328CB20E970633A08.jpg\" alt=\"\" width=\"100%\" srcset=\"https:\/\/aerovision.com.pl\/wp-content\/uploads\/2021\/05\/231CAAA7F96DDC9328CB20E970633A08.jpg 750w, https:\/\/aerovision.com.pl\/wp-content\/uploads\/2021\/05\/231CAAA7F96DDC9328CB20E970633A08-300x241.jpg 300w, https:\/\/aerovision.com.pl\/wp-content\/uploads\/2021\/05\/231CAAA7F96DDC9328CB20E970633A08-441x355.jpg 441w, https:\/\/aerovision.com.pl\/wp-content\/uploads\/2021\/05\/231CAAA7F96DDC9328CB20E970633A08-150x121.jpg 150w\" sizes=\"(max-width: 750px) 100vw, 750px\" \/><\/p>\n<p><img decoding=\"async\" class=\" size-full wp-image-9355\" src=\"https:\/\/aerovision.com.pl\/wp-content\/uploads\/2021\/05\/Detailsports21.png\" alt=\"\" width=\"100%\" srcset=\"https:\/\/aerovision.com.pl\/wp-content\/uploads\/2021\/05\/Detailsports21.png 1134w, https:\/\/aerovision.com.pl\/wp-content\/uploads\/2021\/05\/Detailsports21-300x293.png 300w, https:\/\/aerovision.com.pl\/wp-content\/uploads\/2021\/05\/Detailsports21-1024x1001.png 1024w, https:\/\/aerovision.com.pl\/wp-content\/uploads\/2021\/05\/Detailsports21-768x751.png 768w, https:\/\/aerovision.com.pl\/wp-content\/uploads\/2021\/05\/Detailsports21-990x968.png 990w, https:\/\/aerovision.com.pl\/wp-content\/uploads\/2021\/05\/Detailsports21-441x431.png 441w, https:\/\/aerovision.com.pl\/wp-content\/uploads\/2021\/05\/Detailsports21-800x782.png 800w, https:\/\/aerovision.com.pl\/wp-content\/uploads\/2021\/05\/Detailsports21-150x147.png 150w\" sizes=\"(max-width: 1134px) 100vw, 1134px\" \/><\/p>\n<p>Gwarancja 24 miesi\u0105ce. <\/p>\n<p>Towar dost\u0119pny na zam\u00f3wienie. <\/p>\n<p>Czas realizacji do 2 tygodni od op\u0142acenia zam\u00f3wienia.<\/p>\n","protected":false},"excerpt":{"rendered":"<p>Profesjonalny, wzmocniony tablet o jasno\u015bci a\u017c 1200 nit\u00f3w do zada\u0144 specjalnych w kt\u00f3rych wymagana jest wysoka wydajno\u015b\u0107 w aplikacjach takich jak Drone Deploy, Drone Harmony, UAVenture, Kittyhawk. Wersja PRO. Specyfikacja: RAM: 8GB RAM Pami\u0119\u0107 wewn\u0119trzna: 128GB, Procesor: Mali G72MP3 GPU(900Mhz)ARM 2.1Ghz FinFET (12FFC) 8 rdzeni 64 bits . Wersja Androida: 9.0 \u0141\u0105czno\u015b\u0107: 4G LTE (B38\/39\/40\/41) [&hellip;]<\/p>\n","protected":false},"featured_media":10849,"template":"","meta":{"_acf_changed":false,"inline_featured_image":false},"product_brand":[],"product_cat":[310,339],"product_tag":[],"class_list":{"0":"post-9356","1":"product","2":"type-product","3":"status-publish","4":"has-post-thumbnail","6":"product_cat-akcesoria","7":"product_cat-inne","9":"first","10":"outofstock","11":"taxable","12":"shipping-taxable","13":"purchasable","14":"product-type-simple"},"acf":[],"yoast_head":"<!-- This site is optimized with the Yoast SEO plugin v27.4 - https:\/\/yoast.com\/product\/yoast-seo-wordpress\/ -->\n<title>Tablet Tripltek 7&quot; PRO 8Gb RAM - aerovision<\/title>\n<meta name=\"robots\" content=\"noindex, follow, max-snippet:-1, max-image-preview:large, max-video-preview:-1\" \/>\n<meta property=\"og:locale\" content=\"en_US\" \/>\n<meta property=\"og:type\" content=\"article\" \/>\n<meta property=\"og:title\" content=\"Tablet Tripltek 7&quot; PRO 8Gb RAM - aerovision\" \/>\n<meta property=\"og:description\" content=\"Profesjonalny, wzmocniony tablet o jasno\u015bci a\u017c 1200 nit\u00f3w do zada\u0144 specjalnych w kt\u00f3rych wymagana jest wysoka wydajno\u015b\u0107 w aplikacjach takich jak Drone Deploy, Drone Harmony, UAVenture, Kittyhawk. Wersja PRO. Specyfikacja: RAM: 8GB RAM Pami\u0119\u0107 wewn\u0119trzna: 128GB, Procesor: Mali G72MP3 GPU(900Mhz)ARM 2.1Ghz FinFET (12FFC) 8 rdzeni 64 bits . Wersja Androida: 9.0 \u0141\u0105czno\u015b\u0107: 4G LTE (B38\/39\/40\/41) [&hellip;]\" \/>\n<meta property=\"og:url\" content=\"https:\/\/aerovision.com.pl\/en\/produkt\/tablet-tripltek-7-pro-8gb-ram\/\" \/>\n<meta property=\"og:site_name\" content=\"aerovision\" \/>\n<meta property=\"article:modified_time\" content=\"2025-03-07T13:05:11+00:00\" \/>\n<meta property=\"og:image\" content=\"https:\/\/aerovision.com.pl\/wp-content\/uploads\/2021\/05\/image-28.png\" \/>\n\t<meta property=\"og:image:width\" content=\"1514\" \/>\n\t<meta property=\"og:image:height\" content=\"1610\" \/>\n\t<meta property=\"og:image:type\" content=\"image\/png\" \/>\n<meta name=\"twitter:card\" content=\"summary_large_image\" \/>\n<meta name=\"twitter:label1\" content=\"Est. reading time\" \/>\n\t<meta name=\"twitter:data1\" content=\"3 minutes\" \/>\n<script type=\"application\/ld+json\" class=\"yoast-schema-graph\">{\"@context\":\"https:\\\/\\\/schema.org\",\"@graph\":[{\"@type\":\"WebPage\",\"@id\":\"https:\\\/\\\/aerovision.com.pl\\\/en\\\/produkt\\\/tablet-tripltek-7-pro-8gb-ram\\\/\",\"url\":\"https:\\\/\\\/aerovision.com.pl\\\/en\\\/produkt\\\/tablet-tripltek-7-pro-8gb-ram\\\/\",\"name\":\"Tablet Tripltek 7\\\" PRO 8Gb RAM - aerovision\",\"isPartOf\":{\"@id\":\"https:\\\/\\\/aerovision.com.pl\\\/en\\\/#website\"},\"primaryImageOfPage\":{\"@id\":\"https:\\\/\\\/aerovision.com.pl\\\/en\\\/produkt\\\/tablet-tripltek-7-pro-8gb-ram\\\/#primaryimage\"},\"image\":{\"@id\":\"https:\\\/\\\/aerovision.com.pl\\\/en\\\/produkt\\\/tablet-tripltek-7-pro-8gb-ram\\\/#primaryimage\"},\"thumbnailUrl\":\"https:\\\/\\\/aerovision.com.pl\\\/wp-content\\\/uploads\\\/2021\\\/05\\\/image-28.png\",\"datePublished\":\"2021-05-17T11:14:51+00:00\",\"dateModified\":\"2025-03-07T13:05:11+00:00\",\"breadcrumb\":{\"@id\":\"https:\\\/\\\/aerovision.com.pl\\\/en\\\/produkt\\\/tablet-tripltek-7-pro-8gb-ram\\\/#breadcrumb\"},\"inLanguage\":\"en-US\",\"potentialAction\":[{\"@type\":\"ReadAction\",\"target\":[\"https:\\\/\\\/aerovision.com.pl\\\/en\\\/produkt\\\/tablet-tripltek-7-pro-8gb-ram\\\/\"]}]},{\"@type\":\"ImageObject\",\"inLanguage\":\"en-US\",\"@id\":\"https:\\\/\\\/aerovision.com.pl\\\/en\\\/produkt\\\/tablet-tripltek-7-pro-8gb-ram\\\/#primaryimage\",\"url\":\"https:\\\/\\\/aerovision.com.pl\\\/wp-content\\\/uploads\\\/2021\\\/05\\\/image-28.png\",\"contentUrl\":\"https:\\\/\\\/aerovision.com.pl\\\/wp-content\\\/uploads\\\/2021\\\/05\\\/image-28.png\",\"width\":1514,\"height\":1610},{\"@type\":\"BreadcrumbList\",\"@id\":\"https:\\\/\\\/aerovision.com.pl\\\/en\\\/produkt\\\/tablet-tripltek-7-pro-8gb-ram\\\/#breadcrumb\",\"itemListElement\":[{\"@type\":\"ListItem\",\"position\":1,\"name\":\"Strona g\u0142\u00f3wna\",\"item\":\"https:\\\/\\\/aerovision.com.pl\\\/en\\\/home\\\/\"},{\"@type\":\"ListItem\",\"position\":2,\"name\":\"Sklep\",\"item\":\"https:\\\/\\\/aerovision.com.pl\\\/sklep\\\/\"},{\"@type\":\"ListItem\",\"position\":3,\"name\":\"Tablet Tripltek 7&#8243; PRO 8Gb RAM\"}]},{\"@type\":\"WebSite\",\"@id\":\"https:\\\/\\\/aerovision.com.pl\\\/en\\\/#website\",\"url\":\"https:\\\/\\\/aerovision.com.pl\\\/en\\\/\",\"name\":\"aerovision\",\"description\":\"\",\"publisher\":{\"@id\":\"https:\\\/\\\/aerovision.com.pl\\\/en\\\/#organization\"},\"potentialAction\":[{\"@type\":\"SearchAction\",\"target\":{\"@type\":\"EntryPoint\",\"urlTemplate\":\"https:\\\/\\\/aerovision.com.pl\\\/en\\\/?s={search_term_string}\"},\"query-input\":{\"@type\":\"PropertyValueSpecification\",\"valueRequired\":true,\"valueName\":\"search_term_string\"}}],\"inLanguage\":\"en-US\"},{\"@type\":\"Organization\",\"@id\":\"https:\\\/\\\/aerovision.com.pl\\\/en\\\/#organization\",\"name\":\"aerovision\",\"url\":\"https:\\\/\\\/aerovision.com.pl\\\/en\\\/\",\"logo\":{\"@type\":\"ImageObject\",\"inLanguage\":\"en-US\",\"@id\":\"https:\\\/\\\/aerovision.com.pl\\\/en\\\/#\\\/schema\\\/logo\\\/image\\\/\",\"url\":\"https:\\\/\\\/aerovision.com.pl\\\/wp-content\\\/uploads\\\/2025\\\/03\\\/cropped-Logo-Aerovision.png\",\"contentUrl\":\"https:\\\/\\\/aerovision.com.pl\\\/wp-content\\\/uploads\\\/2025\\\/03\\\/cropped-Logo-Aerovision.png\",\"width\":298,\"height\":242,\"caption\":\"aerovision\"},\"image\":{\"@id\":\"https:\\\/\\\/aerovision.com.pl\\\/en\\\/#\\\/schema\\\/logo\\\/image\\\/\"}}]}<\/script>\n<!-- \/ Yoast SEO plugin. -->","yoast_head_json":{"title":"Tablet Tripltek 7\" PRO 8Gb RAM - aerovision","robots":{"index":"noindex","follow":"follow","max-snippet":"max-snippet:-1","max-image-preview":"max-image-preview:large","max-video-preview":"max-video-preview:-1"},"og_locale":"en_US","og_type":"article","og_title":"Tablet Tripltek 7\" PRO 8Gb RAM - aerovision","og_description":"Profesjonalny, wzmocniony tablet o jasno\u015bci a\u017c 1200 nit\u00f3w do zada\u0144 specjalnych w kt\u00f3rych wymagana jest wysoka wydajno\u015b\u0107 w aplikacjach takich jak Drone Deploy, Drone Harmony, UAVenture, Kittyhawk. Wersja PRO. Specyfikacja: RAM: 8GB RAM Pami\u0119\u0107 wewn\u0119trzna: 128GB, Procesor: Mali G72MP3 GPU(900Mhz)ARM 2.1Ghz FinFET (12FFC) 8 rdzeni 64 bits . Wersja Androida: 9.0 \u0141\u0105czno\u015b\u0107: 4G LTE (B38\/39\/40\/41) [&hellip;]","og_url":"https:\/\/aerovision.com.pl\/en\/produkt\/tablet-tripltek-7-pro-8gb-ram\/","og_site_name":"aerovision","article_modified_time":"2025-03-07T13:05:11+00:00","og_image":[{"width":1514,"height":1610,"url":"https:\/\/aerovision.com.pl\/wp-content\/uploads\/2021\/05\/image-28.png","type":"image\/png"}],"twitter_card":"summary_large_image","twitter_misc":{"Est. reading time":"3 minutes"},"schema":{"@context":"https:\/\/schema.org","@graph":[{"@type":"WebPage","@id":"https:\/\/aerovision.com.pl\/en\/produkt\/tablet-tripltek-7-pro-8gb-ram\/","url":"https:\/\/aerovision.com.pl\/en\/produkt\/tablet-tripltek-7-pro-8gb-ram\/","name":"Tablet Tripltek 7\" PRO 8Gb RAM - aerovision","isPartOf":{"@id":"https:\/\/aerovision.com.pl\/en\/#website"},"primaryImageOfPage":{"@id":"https:\/\/aerovision.com.pl\/en\/produkt\/tablet-tripltek-7-pro-8gb-ram\/#primaryimage"},"image":{"@id":"https:\/\/aerovision.com.pl\/en\/produkt\/tablet-tripltek-7-pro-8gb-ram\/#primaryimage"},"thumbnailUrl":"https:\/\/aerovision.com.pl\/wp-content\/uploads\/2021\/05\/image-28.png","datePublished":"2021-05-17T11:14:51+00:00","dateModified":"2025-03-07T13:05:11+00:00","breadcrumb":{"@id":"https:\/\/aerovision.com.pl\/en\/produkt\/tablet-tripltek-7-pro-8gb-ram\/#breadcrumb"},"inLanguage":"en-US","potentialAction":[{"@type":"ReadAction","target":["https:\/\/aerovision.com.pl\/en\/produkt\/tablet-tripltek-7-pro-8gb-ram\/"]}]},{"@type":"ImageObject","inLanguage":"en-US","@id":"https:\/\/aerovision.com.pl\/en\/produkt\/tablet-tripltek-7-pro-8gb-ram\/#primaryimage","url":"https:\/\/aerovision.com.pl\/wp-content\/uploads\/2021\/05\/image-28.png","contentUrl":"https:\/\/aerovision.com.pl\/wp-content\/uploads\/2021\/05\/image-28.png","width":1514,"height":1610},{"@type":"BreadcrumbList","@id":"https:\/\/aerovision.com.pl\/en\/produkt\/tablet-tripltek-7-pro-8gb-ram\/#breadcrumb","itemListElement":[{"@type":"ListItem","position":1,"name":"Strona g\u0142\u00f3wna","item":"https:\/\/aerovision.com.pl\/en\/home\/"},{"@type":"ListItem","position":2,"name":"Sklep","item":"https:\/\/aerovision.com.pl\/sklep\/"},{"@type":"ListItem","position":3,"name":"Tablet Tripltek 7&#8243; PRO 8Gb RAM"}]},{"@type":"WebSite","@id":"https:\/\/aerovision.com.pl\/en\/#website","url":"https:\/\/aerovision.com.pl\/en\/","name":"aerovision","description":"","publisher":{"@id":"https:\/\/aerovision.com.pl\/en\/#organization"},"potentialAction":[{"@type":"SearchAction","target":{"@type":"EntryPoint","urlTemplate":"https:\/\/aerovision.com.pl\/en\/?s={search_term_string}"},"query-input":{"@type":"PropertyValueSpecification","valueRequired":true,"valueName":"search_term_string"}}],"inLanguage":"en-US"},{"@type":"Organization","@id":"https:\/\/aerovision.com.pl\/en\/#organization","name":"aerovision","url":"https:\/\/aerovision.com.pl\/en\/","logo":{"@type":"ImageObject","inLanguage":"en-US","@id":"https:\/\/aerovision.com.pl\/en\/#\/schema\/logo\/image\/","url":"https:\/\/aerovision.com.pl\/wp-content\/uploads\/2025\/03\/cropped-Logo-Aerovision.png","contentUrl":"https:\/\/aerovision.com.pl\/wp-content\/uploads\/2025\/03\/cropped-Logo-Aerovision.png","width":298,"height":242,"caption":"aerovision"},"image":{"@id":"https:\/\/aerovision.com.pl\/en\/#\/schema\/logo\/image\/"}}]}},"_links":{"self":[{"href":"https:\/\/aerovision.com.pl\/en\/wp-json\/wp\/v2\/product\/9356","targetHints":{"allow":["GET"]}}],"collection":[{"href":"https:\/\/aerovision.com.pl\/en\/wp-json\/wp\/v2\/product"}],"about":[{"href":"https:\/\/aerovision.com.pl\/en\/wp-json\/wp\/v2\/types\/product"}],"wp:featuredmedia":[{"embeddable":true,"href":"https:\/\/aerovision.com.pl\/en\/wp-json\/wp\/v2\/media\/10849"}],"wp:attachment":[{"href":"https:\/\/aerovision.com.pl\/en\/wp-json\/wp\/v2\/media?parent=9356"}],"wp:term":[{"taxonomy":"product_brand","embeddable":true,"href":"https:\/\/aerovision.com.pl\/en\/wp-json\/wp\/v2\/product_brand?post=9356"},{"taxonomy":"product_cat","embeddable":true,"href":"https:\/\/aerovision.com.pl\/en\/wp-json\/wp\/v2\/product_cat?post=9356"},{"taxonomy":"product_tag","embeddable":true,"href":"https:\/\/aerovision.com.pl\/en\/wp-json\/wp\/v2\/product_tag?post=9356"}],"curies":[{"name":"wp","href":"https:\/\/api.w.org\/{rel}","templated":true}]}}