{"id":9380,"date":"2021-08-27T21:10:42","date_gmt":"2021-08-27T19:10:42","guid":{"rendered":"https:\/\/aerovision.com.pl\/produkt\/autel-evo-ii-pro-v3-rugged-bundle-enterprise\/"},"modified":"2025-03-07T13:33:16","modified_gmt":"2025-03-07T12:33:16","slug":"autel-evo-ii-pro-v3-rugged-bundle-enterprise","status":"publish","type":"product","link":"https:\/\/aerovision.com.pl\/en\/produkt\/autel-evo-ii-pro-v3-rugged-bundle-enterprise\/","title":{"rendered":"Autel Evo II Pro V3 Rugged Bundle Enterprise"},"content":{"rendered":"<h2 style=\"margin-top:0px;font-size:15px;margin-bottom:0.7em;color:#3d3d3c;font-family:'Open Sans', sans-serif;background-color:#ffffff;text-align:center;\"><span style=\"font-weight:bold;\">Autel EVO II Pro 6K Enterprise Rugged Bundle<\/span><\/h2>\n<p style=\"margin-top:0px;font-size:15px;margin-bottom:0.7em;color:#3d3d3c;font-family:'Open Sans', sans-serif;background-color:#ffffff;\">Najnowszy model drona od Autel Robotics do\u0142\u0105cza do rodziny EVO II. EVO II Enterprise jest zdolny do lotu przez prawie 42 minuty, a tak\u017ce umo\u017cliwia instalacj\u0119 dodatkowych modu\u0142\u00f3w &#8211; mikrofonu, reflektor, lampy strobo lub RTK (do zakupu oddzielnie). EVO II Pro Enterprise dostarczany jest wraz z Autel Smart Controller, trzema akumulatorami, hubem do \u0142adowania akumulator\u00f3w, \u0142adowarka samochodow\u0105 oraz walizk\u0105. <\/p>\n<p style=\"margin-top:0px;font-size:15px;margin-bottom:0.7em;color:#3d3d3c;font-family:'Open Sans', sans-serif;background-color:#ffffff;\">EVO II Enterprise posiada lekko zmodyfikowan\u0105 budow\u0119 w stosunku do serii EVO II. Ramiona s\u0105 wykonane z w\u0142\u00f3kna w\u0119glowego, posiada wi\u0119ksze silniki oraz d\u0142u\u017csze \u015bmig\u0142a, a wszystko to razem powoduje \u017ce dron jest w stanie unosi\u0107 si\u0119 5 do 7 minut d\u0142u\u017cej. EVO II Enterprise ma wbudowany modu\u0142 ADS-B, dzi\u0119ki kt\u00f3remu operacje powietrzne mog\u0105 by\u0107 wykonywane z zachowaniem najsurowszych regu\u0142 bezpiecze\u0144stwa, a szyfrowanie AES-256 zwane r\u00f3wnie\u017c &#8220;Autel DataSecure Encryption&#8221; zapobiega przechwytywaniu danych przez nieuprawnione osoby.<\/p>\n<p style=\"margin-top:0px;font-size:15px;margin-bottom:0px;color:#3d3d3c;font-family:'Open Sans', sans-serif;background-color:#ffffff;\">\n<p style=\"margin-top:0px;font-size:15px;margin-bottom:0px;color:#3d3d3c;font-family:'Open Sans', sans-serif;background-color:#ffffff;\">20MP 1&#8243; 6K CMOS sensor z 3x bezstratnym zoomem oraz 16X cyfrowym zoomem wraz z regulowan\u0105 przes\u0142on\u0105 w zakresie f\/2.8 to f\/11.<\/p>\n<p style=\"margin-top:0px;font-size:15px;margin-bottom:0px;color:#3d3d3c;font-family:'Open Sans', sans-serif;background-color:#ffffff;\">Kamera EVO II Pro posiada elektroniczny rolling shutter.<\/p>\n<p><img decoding=\"async\" class=\" size-full wp-image-9373\" src=\"https:\/\/aerovision.com.pl\/wp-content\/uploads\/2021\/08\/1_bab732c6-8b1e-4be9-96f4-aae94b68db9f_1.jpg\" alt=\"\" width=\"100%\" srcset=\"https:\/\/aerovision.com.pl\/wp-content\/uploads\/2021\/08\/1_bab732c6-8b1e-4be9-96f4-aae94b68db9f_1.jpg 1920w, https:\/\/aerovision.com.pl\/wp-content\/uploads\/2021\/08\/1_bab732c6-8b1e-4be9-96f4-aae94b68db9f_1-300x144.jpg 300w, https:\/\/aerovision.com.pl\/wp-content\/uploads\/2021\/08\/1_bab732c6-8b1e-4be9-96f4-aae94b68db9f_1-1024x492.jpg 1024w, https:\/\/aerovision.com.pl\/wp-content\/uploads\/2021\/08\/1_bab732c6-8b1e-4be9-96f4-aae94b68db9f_1-768x369.jpg 768w, https:\/\/aerovision.com.pl\/wp-content\/uploads\/2021\/08\/1_bab732c6-8b1e-4be9-96f4-aae94b68db9f_1-1536x738.jpg 1536w, https:\/\/aerovision.com.pl\/wp-content\/uploads\/2021\/08\/1_bab732c6-8b1e-4be9-96f4-aae94b68db9f_1-990x475.jpg 990w, https:\/\/aerovision.com.pl\/wp-content\/uploads\/2021\/08\/1_bab732c6-8b1e-4be9-96f4-aae94b68db9f_1-441x212.jpg 441w, https:\/\/aerovision.com.pl\/wp-content\/uploads\/2021\/08\/1_bab732c6-8b1e-4be9-96f4-aae94b68db9f_1-800x384.jpg 800w, https:\/\/aerovision.com.pl\/wp-content\/uploads\/2021\/08\/1_bab732c6-8b1e-4be9-96f4-aae94b68db9f_1-150x72.jpg 150w\" sizes=\"(max-width: 1920px) 100vw, 1920px\" \/><\/p>\n<p><img decoding=\"async\" class=\" size-full wp-image-9374\" src=\"https:\/\/aerovision.com.pl\/wp-content\/uploads\/2021\/08\/8_1.jpg\" alt=\"\" width=\"100%\" srcset=\"https:\/\/aerovision.com.pl\/wp-content\/uploads\/2021\/08\/8_1.jpg 1920w, https:\/\/aerovision.com.pl\/wp-content\/uploads\/2021\/08\/8_1-300x165.jpg 300w, https:\/\/aerovision.com.pl\/wp-content\/uploads\/2021\/08\/8_1-1024x563.jpg 1024w, https:\/\/aerovision.com.pl\/wp-content\/uploads\/2021\/08\/8_1-768x422.jpg 768w, https:\/\/aerovision.com.pl\/wp-content\/uploads\/2021\/08\/8_1-1536x844.jpg 1536w, https:\/\/aerovision.com.pl\/wp-content\/uploads\/2021\/08\/8_1-990x544.jpg 990w, https:\/\/aerovision.com.pl\/wp-content\/uploads\/2021\/08\/8_1-441x242.jpg 441w, https:\/\/aerovision.com.pl\/wp-content\/uploads\/2021\/08\/8_1-800x440.jpg 800w, https:\/\/aerovision.com.pl\/wp-content\/uploads\/2021\/08\/8_1-150x82.jpg 150w\" sizes=\"(max-width: 1920px) 100vw, 1920px\" \/><\/p>\n<p><img decoding=\"async\" class=\" size-full wp-image-9375\" src=\"https:\/\/aerovision.com.pl\/wp-content\/uploads\/2021\/08\/3_44f84a7f-759b-40f8-aed1-37c826c4666c_1.jpg\" alt=\"\" width=\"100%\" srcset=\"https:\/\/aerovision.com.pl\/wp-content\/uploads\/2021\/08\/3_44f84a7f-759b-40f8-aed1-37c826c4666c_1.jpg 1920w, https:\/\/aerovision.com.pl\/wp-content\/uploads\/2021\/08\/3_44f84a7f-759b-40f8-aed1-37c826c4666c_1-300x159.jpg 300w, https:\/\/aerovision.com.pl\/wp-content\/uploads\/2021\/08\/3_44f84a7f-759b-40f8-aed1-37c826c4666c_1-1024x543.jpg 1024w, https:\/\/aerovision.com.pl\/wp-content\/uploads\/2021\/08\/3_44f84a7f-759b-40f8-aed1-37c826c4666c_1-768x408.jpg 768w, https:\/\/aerovision.com.pl\/wp-content\/uploads\/2021\/08\/3_44f84a7f-759b-40f8-aed1-37c826c4666c_1-1536x815.jpg 1536w, https:\/\/aerovision.com.pl\/wp-content\/uploads\/2021\/08\/3_44f84a7f-759b-40f8-aed1-37c826c4666c_1-990x525.jpg 990w, https:\/\/aerovision.com.pl\/wp-content\/uploads\/2021\/08\/3_44f84a7f-759b-40f8-aed1-37c826c4666c_1-441x234.jpg 441w, https:\/\/aerovision.com.pl\/wp-content\/uploads\/2021\/08\/3_44f84a7f-759b-40f8-aed1-37c826c4666c_1-800x425.jpg 800w, https:\/\/aerovision.com.pl\/wp-content\/uploads\/2021\/08\/3_44f84a7f-759b-40f8-aed1-37c826c4666c_1-150x80.jpg 150w\" sizes=\"(max-width: 1920px) 100vw, 1920px\" \/><\/p>\n<p><img decoding=\"async\" class=\" size-full wp-image-9376\" src=\"https:\/\/aerovision.com.pl\/wp-content\/uploads\/2021\/08\/13_390c4b4a-3b04-4d34-89fc-49b23e9a5618_1.jpg\" alt=\"\" width=\"100%\" srcset=\"https:\/\/aerovision.com.pl\/wp-content\/uploads\/2021\/08\/13_390c4b4a-3b04-4d34-89fc-49b23e9a5618_1.jpg 1920w, https:\/\/aerovision.com.pl\/wp-content\/uploads\/2021\/08\/13_390c4b4a-3b04-4d34-89fc-49b23e9a5618_1-300x155.jpg 300w, https:\/\/aerovision.com.pl\/wp-content\/uploads\/2021\/08\/13_390c4b4a-3b04-4d34-89fc-49b23e9a5618_1-1024x527.jpg 1024w, https:\/\/aerovision.com.pl\/wp-content\/uploads\/2021\/08\/13_390c4b4a-3b04-4d34-89fc-49b23e9a5618_1-768x396.jpg 768w, https:\/\/aerovision.com.pl\/wp-content\/uploads\/2021\/08\/13_390c4b4a-3b04-4d34-89fc-49b23e9a5618_1-1536x791.jpg 1536w, https:\/\/aerovision.com.pl\/wp-content\/uploads\/2021\/08\/13_390c4b4a-3b04-4d34-89fc-49b23e9a5618_1-990x510.jpg 990w, https:\/\/aerovision.com.pl\/wp-content\/uploads\/2021\/08\/13_390c4b4a-3b04-4d34-89fc-49b23e9a5618_1-441x227.jpg 441w, https:\/\/aerovision.com.pl\/wp-content\/uploads\/2021\/08\/13_390c4b4a-3b04-4d34-89fc-49b23e9a5618_1-800x412.jpg 800w, https:\/\/aerovision.com.pl\/wp-content\/uploads\/2021\/08\/13_390c4b4a-3b04-4d34-89fc-49b23e9a5618_1-150x77.jpg 150w\" sizes=\"(max-width: 1920px) 100vw, 1920px\" \/><\/p>\n<p><img decoding=\"async\" class=\" size-full wp-image-9377\" src=\"https:\/\/aerovision.com.pl\/wp-content\/uploads\/2021\/08\/11_2b7905ac-fef1-4637-88e2-78be4cfb28d3_1.jpg\" alt=\"\" width=\"100%\" srcset=\"https:\/\/aerovision.com.pl\/wp-content\/uploads\/2021\/08\/11_2b7905ac-fef1-4637-88e2-78be4cfb28d3_1.jpg 1920w, https:\/\/aerovision.com.pl\/wp-content\/uploads\/2021\/08\/11_2b7905ac-fef1-4637-88e2-78be4cfb28d3_1-300x162.jpg 300w, https:\/\/aerovision.com.pl\/wp-content\/uploads\/2021\/08\/11_2b7905ac-fef1-4637-88e2-78be4cfb28d3_1-1024x553.jpg 1024w, https:\/\/aerovision.com.pl\/wp-content\/uploads\/2021\/08\/11_2b7905ac-fef1-4637-88e2-78be4cfb28d3_1-768x415.jpg 768w, https:\/\/aerovision.com.pl\/wp-content\/uploads\/2021\/08\/11_2b7905ac-fef1-4637-88e2-78be4cfb28d3_1-1536x830.jpg 1536w, https:\/\/aerovision.com.pl\/wp-content\/uploads\/2021\/08\/11_2b7905ac-fef1-4637-88e2-78be4cfb28d3_1-990x535.jpg 990w, https:\/\/aerovision.com.pl\/wp-content\/uploads\/2021\/08\/11_2b7905ac-fef1-4637-88e2-78be4cfb28d3_1-441x238.jpg 441w, https:\/\/aerovision.com.pl\/wp-content\/uploads\/2021\/08\/11_2b7905ac-fef1-4637-88e2-78be4cfb28d3_1-800x432.jpg 800w, https:\/\/aerovision.com.pl\/wp-content\/uploads\/2021\/08\/11_2b7905ac-fef1-4637-88e2-78be4cfb28d3_1-150x81.jpg 150w\" sizes=\"(max-width: 1920px) 100vw, 1920px\" \/><\/p>\n<p><img decoding=\"async\" class=\" size-full wp-image-9378\" src=\"https:\/\/aerovision.com.pl\/wp-content\/uploads\/2021\/08\/10_c2cc0d7a-216c-4f5a-a7de-9117db443b96_1.jpg\" alt=\"\" width=\"100%\" srcset=\"https:\/\/aerovision.com.pl\/wp-content\/uploads\/2021\/08\/10_c2cc0d7a-216c-4f5a-a7de-9117db443b96_1.jpg 1920w, https:\/\/aerovision.com.pl\/wp-content\/uploads\/2021\/08\/10_c2cc0d7a-216c-4f5a-a7de-9117db443b96_1-300x166.jpg 300w, https:\/\/aerovision.com.pl\/wp-content\/uploads\/2021\/08\/10_c2cc0d7a-216c-4f5a-a7de-9117db443b96_1-1024x567.jpg 1024w, https:\/\/aerovision.com.pl\/wp-content\/uploads\/2021\/08\/10_c2cc0d7a-216c-4f5a-a7de-9117db443b96_1-768x426.jpg 768w, https:\/\/aerovision.com.pl\/wp-content\/uploads\/2021\/08\/10_c2cc0d7a-216c-4f5a-a7de-9117db443b96_1-1536x851.jpg 1536w, https:\/\/aerovision.com.pl\/wp-content\/uploads\/2021\/08\/10_c2cc0d7a-216c-4f5a-a7de-9117db443b96_1-990x549.jpg 990w, https:\/\/aerovision.com.pl\/wp-content\/uploads\/2021\/08\/10_c2cc0d7a-216c-4f5a-a7de-9117db443b96_1-441x244.jpg 441w, https:\/\/aerovision.com.pl\/wp-content\/uploads\/2021\/08\/10_c2cc0d7a-216c-4f5a-a7de-9117db443b96_1-800x443.jpg 800w, https:\/\/aerovision.com.pl\/wp-content\/uploads\/2021\/08\/10_c2cc0d7a-216c-4f5a-a7de-9117db443b96_1-150x83.jpg 150w\" sizes=\"(max-width: 1920px) 100vw, 1920px\" \/><\/p>\n<\/p>\n<p><img decoding=\"async\" class=\" size-full wp-image-9379\" src=\"https:\/\/aerovision.com.pl\/wp-content\/uploads\/2021\/08\/Autel_Evo_Enterprise_Aerovision-Autel_Evo_Enterprise_Aerovision.png.png\" width=\"100%\" alt=\"Autel_Evo_Enterprise_Aerovision.png\" srcset=\"https:\/\/aerovision.com.pl\/wp-content\/uploads\/2021\/08\/Autel_Evo_Enterprise_Aerovision-Autel_Evo_Enterprise_Aerovision.png.png 3000w, https:\/\/aerovision.com.pl\/wp-content\/uploads\/2021\/08\/Autel_Evo_Enterprise_Aerovision-Autel_Evo_Enterprise_Aerovision.png-300x200.png 300w, https:\/\/aerovision.com.pl\/wp-content\/uploads\/2021\/08\/Autel_Evo_Enterprise_Aerovision-Autel_Evo_Enterprise_Aerovision.png-1024x683.png 1024w, https:\/\/aerovision.com.pl\/wp-content\/uploads\/2021\/08\/Autel_Evo_Enterprise_Aerovision-Autel_Evo_Enterprise_Aerovision.png-768x512.png 768w, https:\/\/aerovision.com.pl\/wp-content\/uploads\/2021\/08\/Autel_Evo_Enterprise_Aerovision-Autel_Evo_Enterprise_Aerovision.png-1536x1024.png 1536w, https:\/\/aerovision.com.pl\/wp-content\/uploads\/2021\/08\/Autel_Evo_Enterprise_Aerovision-Autel_Evo_Enterprise_Aerovision.png-2048x1365.png 2048w, https:\/\/aerovision.com.pl\/wp-content\/uploads\/2021\/08\/Autel_Evo_Enterprise_Aerovision-Autel_Evo_Enterprise_Aerovision.png-990x660.png 990w, https:\/\/aerovision.com.pl\/wp-content\/uploads\/2021\/08\/Autel_Evo_Enterprise_Aerovision-Autel_Evo_Enterprise_Aerovision.png-441x294.png 441w, https:\/\/aerovision.com.pl\/wp-content\/uploads\/2021\/08\/Autel_Evo_Enterprise_Aerovision-Autel_Evo_Enterprise_Aerovision.png-800x533.png 800w, https:\/\/aerovision.com.pl\/wp-content\/uploads\/2021\/08\/Autel_Evo_Enterprise_Aerovision-Autel_Evo_Enterprise_Aerovision.png-150x100.png 150w\" sizes=\"(max-width: 3000px) 100vw, 3000px\" \/><\/p>\n","protected":false},"excerpt":{"rendered":"<p>Autel EVO II Pro 6K Enterprise Rugged Bundle Najnowszy model drona od Autel Robotics do\u0142\u0105cza do rodziny EVO II. EVO II Enterprise jest zdolny do lotu przez prawie 42 minuty, a tak\u017ce umo\u017cliwia instalacj\u0119 dodatkowych modu\u0142\u00f3w &#8211; mikrofonu, reflektor, lampy strobo lub RTK (do zakupu oddzielnie). EVO II Pro Enterprise dostarczany jest wraz z Autel [&hellip;]<\/p>\n","protected":false},"featured_media":10823,"template":"","meta":{"_acf_changed":false,"inline_featured_image":false},"product_brand":[],"product_cat":[309,333],"product_tag":[393,432,430,394,395,429,431],"class_list":{"0":"post-9380","1":"product","2":"type-product","3":"status-publish","4":"has-post-thumbnail","6":"product_cat-drony","7":"product_cat-drony-specjalistyczne","8":"product_tag-autel","9":"product_tag-bundle","10":"product_tag-enterprise","11":"product_tag-evo","12":"product_tag-pro","13":"product_tag-robotics","14":"product_tag-rugged","16":"first","17":"outofstock","18":"taxable","19":"shipping-taxable","20":"purchasable","21":"product-type-simple"},"acf":[],"yoast_head":"<!-- This site is optimized with the Yoast SEO plugin v27.4 - https:\/\/yoast.com\/product\/yoast-seo-wordpress\/ -->\n<title>Autel Evo II Pro V3 Rugged Bundle Enterprise - aerovision<\/title>\n<meta name=\"robots\" content=\"noindex, follow, max-snippet:-1, max-image-preview:large, max-video-preview:-1\" \/>\n<meta property=\"og:locale\" content=\"en_US\" \/>\n<meta property=\"og:type\" content=\"article\" \/>\n<meta property=\"og:title\" content=\"Autel Evo II Pro V3 Rugged Bundle Enterprise - aerovision\" \/>\n<meta property=\"og:description\" content=\"Autel EVO II Pro 6K Enterprise Rugged Bundle Najnowszy model drona od Autel Robotics do\u0142\u0105cza do rodziny EVO II. EVO II Enterprise jest zdolny do lotu przez prawie 42 minuty, a tak\u017ce umo\u017cliwia instalacj\u0119 dodatkowych modu\u0142\u00f3w &#8211; mikrofonu, reflektor, lampy strobo lub RTK (do zakupu oddzielnie). EVO II Pro Enterprise dostarczany jest wraz z Autel [&hellip;]\" \/>\n<meta property=\"og:url\" content=\"https:\/\/aerovision.com.pl\/en\/produkt\/autel-evo-ii-pro-v3-rugged-bundle-enterprise\/\" \/>\n<meta property=\"og:site_name\" content=\"aerovision\" \/>\n<meta property=\"article:modified_time\" content=\"2025-03-07T12:33:16+00:00\" \/>\n<meta property=\"og:image\" content=\"https:\/\/aerovision.com.pl\/wp-content\/uploads\/2021\/08\/image-12.png\" \/>\n\t<meta property=\"og:image:width\" content=\"1738\" \/>\n\t<meta property=\"og:image:height\" content=\"1158\" \/>\n\t<meta property=\"og:image:type\" content=\"image\/png\" \/>\n<meta name=\"twitter:card\" content=\"summary_large_image\" \/>\n<meta name=\"twitter:label1\" content=\"Est. reading time\" \/>\n\t<meta name=\"twitter:data1\" content=\"3 minutes\" \/>\n<script type=\"application\/ld+json\" class=\"yoast-schema-graph\">{\"@context\":\"https:\\\/\\\/schema.org\",\"@graph\":[{\"@type\":\"WebPage\",\"@id\":\"https:\\\/\\\/aerovision.com.pl\\\/en\\\/produkt\\\/autel-evo-ii-pro-v3-rugged-bundle-enterprise\\\/\",\"url\":\"https:\\\/\\\/aerovision.com.pl\\\/en\\\/produkt\\\/autel-evo-ii-pro-v3-rugged-bundle-enterprise\\\/\",\"name\":\"Autel Evo II Pro V3 Rugged Bundle Enterprise - aerovision\",\"isPartOf\":{\"@id\":\"https:\\\/\\\/aerovision.com.pl\\\/en\\\/#website\"},\"primaryImageOfPage\":{\"@id\":\"https:\\\/\\\/aerovision.com.pl\\\/en\\\/produkt\\\/autel-evo-ii-pro-v3-rugged-bundle-enterprise\\\/#primaryimage\"},\"image\":{\"@id\":\"https:\\\/\\\/aerovision.com.pl\\\/en\\\/produkt\\\/autel-evo-ii-pro-v3-rugged-bundle-enterprise\\\/#primaryimage\"},\"thumbnailUrl\":\"https:\\\/\\\/aerovision.com.pl\\\/wp-content\\\/uploads\\\/2021\\\/08\\\/image-12.png\",\"datePublished\":\"2021-08-27T19:10:42+00:00\",\"dateModified\":\"2025-03-07T12:33:16+00:00\",\"breadcrumb\":{\"@id\":\"https:\\\/\\\/aerovision.com.pl\\\/en\\\/produkt\\\/autel-evo-ii-pro-v3-rugged-bundle-enterprise\\\/#breadcrumb\"},\"inLanguage\":\"en-US\",\"potentialAction\":[{\"@type\":\"ReadAction\",\"target\":[\"https:\\\/\\\/aerovision.com.pl\\\/en\\\/produkt\\\/autel-evo-ii-pro-v3-rugged-bundle-enterprise\\\/\"]}]},{\"@type\":\"ImageObject\",\"inLanguage\":\"en-US\",\"@id\":\"https:\\\/\\\/aerovision.com.pl\\\/en\\\/produkt\\\/autel-evo-ii-pro-v3-rugged-bundle-enterprise\\\/#primaryimage\",\"url\":\"https:\\\/\\\/aerovision.com.pl\\\/wp-content\\\/uploads\\\/2021\\\/08\\\/image-12.png\",\"contentUrl\":\"https:\\\/\\\/aerovision.com.pl\\\/wp-content\\\/uploads\\\/2021\\\/08\\\/image-12.png\",\"width\":1738,\"height\":1158},{\"@type\":\"BreadcrumbList\",\"@id\":\"https:\\\/\\\/aerovision.com.pl\\\/en\\\/produkt\\\/autel-evo-ii-pro-v3-rugged-bundle-enterprise\\\/#breadcrumb\",\"itemListElement\":[{\"@type\":\"ListItem\",\"position\":1,\"name\":\"Strona g\u0142\u00f3wna\",\"item\":\"https:\\\/\\\/aerovision.com.pl\\\/en\\\/home\\\/\"},{\"@type\":\"ListItem\",\"position\":2,\"name\":\"Sklep\",\"item\":\"https:\\\/\\\/aerovision.com.pl\\\/sklep\\\/\"},{\"@type\":\"ListItem\",\"position\":3,\"name\":\"Autel Evo II Pro V3 Rugged Bundle Enterprise\"}]},{\"@type\":\"WebSite\",\"@id\":\"https:\\\/\\\/aerovision.com.pl\\\/en\\\/#website\",\"url\":\"https:\\\/\\\/aerovision.com.pl\\\/en\\\/\",\"name\":\"aerovision\",\"description\":\"\",\"publisher\":{\"@id\":\"https:\\\/\\\/aerovision.com.pl\\\/en\\\/#organization\"},\"potentialAction\":[{\"@type\":\"SearchAction\",\"target\":{\"@type\":\"EntryPoint\",\"urlTemplate\":\"https:\\\/\\\/aerovision.com.pl\\\/en\\\/?s={search_term_string}\"},\"query-input\":{\"@type\":\"PropertyValueSpecification\",\"valueRequired\":true,\"valueName\":\"search_term_string\"}}],\"inLanguage\":\"en-US\"},{\"@type\":\"Organization\",\"@id\":\"https:\\\/\\\/aerovision.com.pl\\\/en\\\/#organization\",\"name\":\"aerovision\",\"url\":\"https:\\\/\\\/aerovision.com.pl\\\/en\\\/\",\"logo\":{\"@type\":\"ImageObject\",\"inLanguage\":\"en-US\",\"@id\":\"https:\\\/\\\/aerovision.com.pl\\\/en\\\/#\\\/schema\\\/logo\\\/image\\\/\",\"url\":\"https:\\\/\\\/aerovision.com.pl\\\/wp-content\\\/uploads\\\/2025\\\/03\\\/cropped-Logo-Aerovision.png\",\"contentUrl\":\"https:\\\/\\\/aerovision.com.pl\\\/wp-content\\\/uploads\\\/2025\\\/03\\\/cropped-Logo-Aerovision.png\",\"width\":298,\"height\":242,\"caption\":\"aerovision\"},\"image\":{\"@id\":\"https:\\\/\\\/aerovision.com.pl\\\/en\\\/#\\\/schema\\\/logo\\\/image\\\/\"}}]}<\/script>\n<!-- \/ Yoast SEO plugin. -->","yoast_head_json":{"title":"Autel Evo II Pro V3 Rugged Bundle Enterprise - aerovision","robots":{"index":"noindex","follow":"follow","max-snippet":"max-snippet:-1","max-image-preview":"max-image-preview:large","max-video-preview":"max-video-preview:-1"},"og_locale":"en_US","og_type":"article","og_title":"Autel Evo II Pro V3 Rugged Bundle Enterprise - aerovision","og_description":"Autel EVO II Pro 6K Enterprise Rugged Bundle Najnowszy model drona od Autel Robotics do\u0142\u0105cza do rodziny EVO II. EVO II Enterprise jest zdolny do lotu przez prawie 42 minuty, a tak\u017ce umo\u017cliwia instalacj\u0119 dodatkowych modu\u0142\u00f3w &#8211; mikrofonu, reflektor, lampy strobo lub RTK (do zakupu oddzielnie). EVO II Pro Enterprise dostarczany jest wraz z Autel [&hellip;]","og_url":"https:\/\/aerovision.com.pl\/en\/produkt\/autel-evo-ii-pro-v3-rugged-bundle-enterprise\/","og_site_name":"aerovision","article_modified_time":"2025-03-07T12:33:16+00:00","og_image":[{"width":1738,"height":1158,"url":"https:\/\/aerovision.com.pl\/wp-content\/uploads\/2021\/08\/image-12.png","type":"image\/png"}],"twitter_card":"summary_large_image","twitter_misc":{"Est. reading time":"3 minutes"},"schema":{"@context":"https:\/\/schema.org","@graph":[{"@type":"WebPage","@id":"https:\/\/aerovision.com.pl\/en\/produkt\/autel-evo-ii-pro-v3-rugged-bundle-enterprise\/","url":"https:\/\/aerovision.com.pl\/en\/produkt\/autel-evo-ii-pro-v3-rugged-bundle-enterprise\/","name":"Autel Evo II Pro V3 Rugged Bundle Enterprise - aerovision","isPartOf":{"@id":"https:\/\/aerovision.com.pl\/en\/#website"},"primaryImageOfPage":{"@id":"https:\/\/aerovision.com.pl\/en\/produkt\/autel-evo-ii-pro-v3-rugged-bundle-enterprise\/#primaryimage"},"image":{"@id":"https:\/\/aerovision.com.pl\/en\/produkt\/autel-evo-ii-pro-v3-rugged-bundle-enterprise\/#primaryimage"},"thumbnailUrl":"https:\/\/aerovision.com.pl\/wp-content\/uploads\/2021\/08\/image-12.png","datePublished":"2021-08-27T19:10:42+00:00","dateModified":"2025-03-07T12:33:16+00:00","breadcrumb":{"@id":"https:\/\/aerovision.com.pl\/en\/produkt\/autel-evo-ii-pro-v3-rugged-bundle-enterprise\/#breadcrumb"},"inLanguage":"en-US","potentialAction":[{"@type":"ReadAction","target":["https:\/\/aerovision.com.pl\/en\/produkt\/autel-evo-ii-pro-v3-rugged-bundle-enterprise\/"]}]},{"@type":"ImageObject","inLanguage":"en-US","@id":"https:\/\/aerovision.com.pl\/en\/produkt\/autel-evo-ii-pro-v3-rugged-bundle-enterprise\/#primaryimage","url":"https:\/\/aerovision.com.pl\/wp-content\/uploads\/2021\/08\/image-12.png","contentUrl":"https:\/\/aerovision.com.pl\/wp-content\/uploads\/2021\/08\/image-12.png","width":1738,"height":1158},{"@type":"BreadcrumbList","@id":"https:\/\/aerovision.com.pl\/en\/produkt\/autel-evo-ii-pro-v3-rugged-bundle-enterprise\/#breadcrumb","itemListElement":[{"@type":"ListItem","position":1,"name":"Strona g\u0142\u00f3wna","item":"https:\/\/aerovision.com.pl\/en\/home\/"},{"@type":"ListItem","position":2,"name":"Sklep","item":"https:\/\/aerovision.com.pl\/sklep\/"},{"@type":"ListItem","position":3,"name":"Autel Evo II Pro V3 Rugged Bundle Enterprise"}]},{"@type":"WebSite","@id":"https:\/\/aerovision.com.pl\/en\/#website","url":"https:\/\/aerovision.com.pl\/en\/","name":"aerovision","description":"","publisher":{"@id":"https:\/\/aerovision.com.pl\/en\/#organization"},"potentialAction":[{"@type":"SearchAction","target":{"@type":"EntryPoint","urlTemplate":"https:\/\/aerovision.com.pl\/en\/?s={search_term_string}"},"query-input":{"@type":"PropertyValueSpecification","valueRequired":true,"valueName":"search_term_string"}}],"inLanguage":"en-US"},{"@type":"Organization","@id":"https:\/\/aerovision.com.pl\/en\/#organization","name":"aerovision","url":"https:\/\/aerovision.com.pl\/en\/","logo":{"@type":"ImageObject","inLanguage":"en-US","@id":"https:\/\/aerovision.com.pl\/en\/#\/schema\/logo\/image\/","url":"https:\/\/aerovision.com.pl\/wp-content\/uploads\/2025\/03\/cropped-Logo-Aerovision.png","contentUrl":"https:\/\/aerovision.com.pl\/wp-content\/uploads\/2025\/03\/cropped-Logo-Aerovision.png","width":298,"height":242,"caption":"aerovision"},"image":{"@id":"https:\/\/aerovision.com.pl\/en\/#\/schema\/logo\/image\/"}}]}},"_links":{"self":[{"href":"https:\/\/aerovision.com.pl\/en\/wp-json\/wp\/v2\/product\/9380","targetHints":{"allow":["GET"]}}],"collection":[{"href":"https:\/\/aerovision.com.pl\/en\/wp-json\/wp\/v2\/product"}],"about":[{"href":"https:\/\/aerovision.com.pl\/en\/wp-json\/wp\/v2\/types\/product"}],"wp:featuredmedia":[{"embeddable":true,"href":"https:\/\/aerovision.com.pl\/en\/wp-json\/wp\/v2\/media\/10823"}],"wp:attachment":[{"href":"https:\/\/aerovision.com.pl\/en\/wp-json\/wp\/v2\/media?parent=9380"}],"wp:term":[{"taxonomy":"product_brand","embeddable":true,"href":"https:\/\/aerovision.com.pl\/en\/wp-json\/wp\/v2\/product_brand?post=9380"},{"taxonomy":"product_cat","embeddable":true,"href":"https:\/\/aerovision.com.pl\/en\/wp-json\/wp\/v2\/product_cat?post=9380"},{"taxonomy":"product_tag","embeddable":true,"href":"https:\/\/aerovision.com.pl\/en\/wp-json\/wp\/v2\/product_tag?post=9380"}],"curies":[{"name":"wp","href":"https:\/\/api.w.org\/{rel}","templated":true}]}}